{"id":114444,"date":"2026-03-20T23:37:12","date_gmt":"2026-03-20T23:37:12","guid":{"rendered":"https:\/\/soydeaqui.ddns.net\/pachuca\/index.php\/producto\/camara-ip-domo-con-calefactor-5mp-h265-lente-varifocal-motorizado-3-3-10mm-exterior-ir-30m-entrada-salida-de-audio-y-alarma\/"},"modified":"2026-03-20T23:37:33","modified_gmt":"2026-03-20T23:37:33","slug":"camara-ip-domo-con-calefactor-5mp-h265-lente-varifocal-motorizado-3-3-10mm-exterior-ir-30m-entrada-salida-de-audio-y-alarma","status":"publish","type":"product","link":"https:\/\/soydeaqui.ddns.net\/pachuca\/index.php\/producto\/camara-ip-domo-con-calefactor-5mp-h265-lente-varifocal-motorizado-3-3-10mm-exterior-ir-30m-entrada-salida-de-audio-y-alarma\/","title":{"rendered":"C\u00e1mara IP Domo con Calefactor | 5MP (H265)|  Lente Varifocal MOTORIZADO 3.3-10mm | Exterior |  IR 30m | Entrada\/Salida de Audio y Alarma"},"content":{"rendered":"<div style='width: 100%; max-width: 1200px; margin: 0 auto; font-family: sans-serif; line-height: 1.6; color: inherit; background-color: transparent;'>\n<div style='display: flex; flex-wrap: wrap; gap: 30px; margin-bottom: 30px;'>\n<div style='flex: 1 1 300px; min-width: 280px;'>\n<h3 style='font-size: 22px; border-bottom: 2px solid currentColor; padding-bottom: 5px; margin-top: 0; color: inherit; opacity: 0.8;'>Caracter\u00edsticas Generales<\/h3>\n<ul style='padding-left: 20px; font-size: 15px; color: inherit;'>\n<li style='margin-bottom: 5px;'>F\u00e1cil instalaci\u00f3n con DirectIP NVR<\/li>\n<li style='margin-bottom: 5px;'>Resoluci\u00f3n de 5MP (2592 x 1944)<\/li>\n<li style='margin-bottom: 5px;'>Lente Vari-focal motorizada (f = 3.6 &#8211; 10mm)<\/li>\n<li style='margin-bottom: 5px;'>Micro SD \/ SDHC \/ SDXC&comma; conmutaci\u00f3n por error inteligente<\/li>\n<li style='margin-bottom: 5px;'>Audio bidireccional<\/li>\n<li style='margin-bottom: 5px;'>Alarma de entrada \/ salida<\/li>\n<li style='margin-bottom: 5px;'>IK10 \/ IP67 soporta<\/li>\n<li style='margin-bottom: 5px;'>Calefactor incorporado<\/li>\n<li style='margin-bottom: 5px;'>PoE (IEEE 802.3af Clase 3)&comma; 12V DC<\/li>\n<li style='margin-bottom: 5px;'>D\u00eda y noche (ICR)<\/li>\n<li style='margin-bottom: 5px;'>Verdadero rango din\u00e1mico amplio (WDR)<\/li>\n<li style='margin-bottom: 5px;'>IR LED (Distancia: 30m \/ 98.4ft)<\/li>\n<li style='margin-bottom: 5px;'>Dise\u00f1o mec\u00e1nico de 3 ejes para instalaci\u00f3n.<\/li>\n<li style='margin-bottom: 5px;'>Soporta ONVIF<\/li>\n<li style='margin-bottom: 5px;'>Dimensiones (\u00d8 x H): \u00d8160mm x 128.5mm (\u00d86.30&#8242; x 5.06&#8242;)<\/li>\n<li style='margin-bottom: 5px;'>Peso: 1.21 kg<\/li>\n<\/ul><\/div>\n<div style='flex: 1 1 300px; min-width: 280px;'>\n<h3 style='font-size: 22px; border-bottom: 2px solid currentColor; padding-bottom: 5px; margin-top: 0; color: inherit; opacity: 0.8;'>Video<\/h3>\n<ul style='padding-left: 20px; font-size: 15px; color: inherit;'>\n<li style='margin-bottom: 5px;'><strong>Sensor de imagen:<\/strong> 1 \/ 1.8 &#8216;CMOS<\/li>\n<li style='margin-bottom: 5px;'><strong>Max. Resoluci\u00f3n:<\/strong> 2592 x 1944<\/li>\n<li style='margin-bottom: 5px;'><strong>Modo de escaneo:<\/strong> Exploraci\u00f3n progresiva<\/li>\n<li style='margin-bottom: 5px;'><strong>Tipo de lente:<\/strong> Motorizado Vari-focal<\/li>\n<li style='margin-bottom: 5px;'><strong>Longitud focal:<\/strong> f = 3.6 &#8211; 10 mm<\/li>\n<li style='margin-bottom: 5px;'><strong>Abertura:<\/strong> F1.8 &#8211; 2.8<\/li>\n<li style='margin-bottom: 5px;'><strong>Control de iris:<\/strong> P-Iris<\/li>\n<li style='margin-bottom: 5px;'><strong>Campo de visi\u00f3n angular:<\/strong>\n<ul style='padding-left: 20px; margin: 5px 0; font-size: 14px; color: inherit;'>\n<li style='margin-bottom: 5px;'>Ancho: 90\u00ba (H)&comma; 67\u00ba (V)&comma; 116\u00ba (D)<\/li>\n<li style='margin-bottom: 5px;'>Tele: 37\u00ba (H)&comma; 27\u00ba (V)&comma; 46\u00ba (D)<\/li>\n<\/ul>\n<\/li>\n<li style='margin-bottom: 5px;'><strong>Rango Pan \/ Tilt:<\/strong> Pan: -176\u00b0 ~ 176\u00b0&comma; inclinaci\u00f3n: 0\u00b0 ~ 65\u00b0&comma; girar: -90\u00b0 ~ 90\u00b0<\/li>\n<li style='margin-bottom: 5px;'><strong>Min. Iluminaci\u00f3n:<\/strong>\n<ul style='padding-left: 20px; margin: 5px 0; font-size: 14px; color: inherit;'>\n<li style='margin-bottom: 5px;'>COLOR: 0.2 lux @ F1.8<\/li>\n<li style='margin-bottom: 5px;'>B \/ W: 0 lux (IR LED ENCENDIDO)<\/li>\n<\/ul>\n<\/li>\n<li style='margin-bottom: 5px;'><strong>Gama din\u00e1mica:<\/strong> 120dB (WDR verdadero)<\/li>\n<li style='margin-bottom: 5px;'><strong>Velocidad de obturador electr\u00f3nico:<\/strong> Autom\u00e1tico \/ Manual (1\/30 ~ 1\/10000)&comma; Anti-parpadeo&comma; Obturador lento (1 ~ 1\/5&comma; 1 \/ 7.5&comma; 1\/15)<\/li>\n<li style='margin-bottom: 5px;'><strong>D\u00eda y noche:<\/strong> Filtro de corte IR con interruptor autom\u00e1tico<\/li>\n<li style='margin-bottom: 5px;'><strong>Distancia IR (LEDs):<\/strong> 30 m \/ 98.4 ft (6 ea)<\/li>\n<li style='margin-bottom: 5px;'><strong>Ajuste de imagen:<\/strong> Exposici\u00f3n configurable&comma; balance de blancos&comma; nitidez<\/li>\n<li style='margin-bottom: 5px;'><strong>Reducci\u00f3n de ruido digital:<\/strong> Configurable 2DNR \/ 3DNR<\/li>\n<li style='margin-bottom: 5px;'><strong>Compensaci\u00f3n de contraluz:<\/strong> Encendido \/ apagado \/ HSBLC<\/li>\n<li style='margin-bottom: 5px;'><strong>Reflejo \/ Pivote:<\/strong> Horizontal \/ Vertical \/ Pivote<\/li>\n<li style='margin-bottom: 5px;'><strong>De niebla:<\/strong> Encendido apagado<\/li>\n<li style='margin-bottom: 5px;'><strong>M\u00e1scara de privacidad:<\/strong> 8 zonas<\/li>\n<li style='margin-bottom: 5px;'><strong>Video inteligente:<\/strong> Video detecci\u00f3n de movimiento&comma; alarma de manipulaci\u00f3n activa&comma; zona de disparo<\/li>\n<li style='margin-bottom: 5px;'><strong>Salida de video:<\/strong> 1 BNC (Accesorio)<\/li>\n<\/ul><\/div>\n<div style='flex: 1 1 300px; min-width: 280px;'>\n<h3 style='font-size: 22px; border-bottom: 2px solid currentColor; padding-bottom: 5px; margin-top: 0; color: inherit; opacity: 0.8;'>Red<\/h3>\n<ul style='padding-left: 20px; font-size: 15px; color: inherit;'>\n<li style='margin-bottom: 5px;'><strong>Compresi\u00f3n de video:<\/strong> H.265&comma; H.264 (MP)&comma; M-JPEG<\/li>\n<li style='margin-bottom: 5px;'><strong>Codec inteligente:<\/strong> Soportado<\/li>\n<li style='margin-bottom: 5px;'><strong>Control de Bitrate:<\/strong> H.264 &#8211; CBR \/ VBR&comma; H.265 &#8211; CBR \/ VBR<\/li>\n<li style='margin-bottom: 5px;'><strong>Compresion de audio:<\/strong> ADPCM 16K&comma; G.726&comma; G.711 u-Law&comma; G.711 a-Law<\/li>\n<li style='margin-bottom: 5px;'><strong>Audio bidireccional:<\/strong> S\u00ed<\/li>\n<li style='margin-bottom: 5px;'><strong>Protocolo de c\u00e1mara IP:<\/strong>\n<ul style='padding-left: 20px; margin: 5px 0; font-size: 14px; color: inherit;'>\n<li style='margin-bottom: 5px;'>Modo DirectIP \u2122: DirectIP<\/li>\n<li style='margin-bottom: 5px;'>Modo de compatibilidad: IDIS<\/li>\n<li style='margin-bottom: 5px;'>ONVIF perfil S<\/li>\n<\/ul>\n<\/li>\n<li style='margin-bottom: 5px;'><strong>Max. Cuadros por segundo:<\/strong>\n<ul style='padding-left: 20px; margin: 5px 0; font-size: 14px; color: inherit;'>\n<li style='margin-bottom: 5px;'>Modo DirectIP \u2122: 30ips: 2592&#215;1944<\/li>\n<li style='margin-bottom: 5px;'>15ips: 2592&#215;1944 (WDR)<\/li>\n<li style='margin-bottom: 5px;'>Modo de compatibilidad: 30ips: 2592&#215;1944<\/li>\n<li style='margin-bottom: 5px;'>15ips: 2592&#215;1944 (WDR)<\/li>\n<\/ul>\n<\/li>\n<li style='margin-bottom: 5px;'><strong>Resoluci\u00f3n de soportes:<\/strong>\n<ul style='padding-left: 20px; margin: 5px 0; font-size: 14px; color: inherit;'>\n<li style='margin-bottom: 5px;'>Modo DirectIP \u2122: 2592&#215;1944&comma; 1280&#215;960&comma; 640&#215;480&comma; 320&#215;240<\/li>\n<li style='margin-bottom: 5px;'>Modo de compatibilidad: 2592&#215;1944&comma; 1280&#215;960&comma; 640&#215;480&comma; 320&#215;240<\/li>\n<\/ul>\n<\/li>\n<li style='margin-bottom: 5px;'><strong>Streaming Multi-Video:<\/strong>\n<ul style='padding-left: 20px; margin: 5px 0; font-size: 14px; color: inherit;'>\n<li style='margin-bottom: 5px;'>Modo DirectIP \u2122: transmisi\u00f3n cu\u00e1druple<\/li>\n<li style='margin-bottom: 5px;'>Modo de compatibilidad: Cuadruple Streaming<\/li>\n<\/ul>\n<\/li>\n<li style='margin-bottom: 5px;'><strong>Protocolos de red:<\/strong>\n<ul style='padding-left: 20px; margin: 5px 0; font-size: 14px; color: inherit;'>\n<li style='margin-bottom: 5px;'>Modo DirectIP \u2122: Protocolo DirectIP<\/li>\n<li style='margin-bottom: 5px;'>Modo de compatibilidad: RTP \/ RTSP \/ TCP&comma; RTP \/ RTSP \/ HTTP \/ TCP<\/li>\n<li style='margin-bottom: 5px;'>RTP \/ UDP RTSP \/ TCP&comma; HTTP&comma; HTTPS&comma; FTP&comma; SNTP&comma; SMTP&comma; FEN&comma; mDNS&comma; uPNP<\/li>\n<\/ul>\n<\/li>\n<li style='margin-bottom: 5px;'><strong>Seguridad:<\/strong>\n<ul style='padding-left: 20px; margin: 5px 0; font-size: 14px; color: inherit;'>\n<li style='margin-bottom: 5px;'>Modo DirectIP \u2122: cifrado SSL<\/li>\n<li style='margin-bottom: 5px;'>Modo de compatibilidad: Autoridad multiusuario&comma; IEEE 802.1x<\/li>\n<li style='margin-bottom: 5px;'>Filtrado de IP&comma; HTTPS&comma; cifrado SSL<\/li>\n<\/ul>\n<\/li>\n<li style='margin-bottom: 5px;'><strong>Cliente de acceso remoto:<\/strong>\n<ul style='padding-left: 20px; margin: 5px 0; font-size: 14px; color: inherit;'>\n<li style='margin-bottom: 5px;'>Modo DirectIP \u2122: Conexi\u00f3n DirectIP NVR<\/li>\n<li style='margin-bottom: 5px;'>Modo de compatibilidad: IDIS Web&comma; IDIS Mobile&comma; IDIS Solution Suite<\/li>\n<\/ul>\n<\/li>\n<li style='margin-bottom: 5px;'><strong>Ethernet:<\/strong> RJ45 (10\/100 \/ 1000BASE-T)<\/li>\n<li style='margin-bottom: 5px;'><strong>Grabaci\u00f3n de b\u00fafer de sesi\u00f3n (NLTSrec):<\/strong> S\u00ed (hasta 60MB)<\/li>\n<li style='margin-bottom: 5px;'><strong>Almacenamiento de borde:<\/strong> Micro SD \/ SDHC \/ SDXC&comma; conmutaci\u00f3n por error inteligente (hasta 128 GB)<\/li>\n<\/ul><\/div>\n<\/p><\/div>\n<div style='display: flex; flex-wrap: wrap; gap: 30px; margin-bottom: 30px;'>\n<div style='flex: 1 1 300px; min-width: 280px;'>\n<h3 style='font-size: 22px; border-bottom: 2px solid currentColor; padding-bottom: 5px; margin-top: 0; color: inherit; opacity: 0.8;'>Garant\u00eda<\/h3>\n<p style='font-size: 15px; color: inherit;'>Garant\u00eda 3 a\u00f1os&comma; para obtener la garant\u00eda de 7 a\u00f1os registra el producto enviando el archivo:<\/p>\n<p style='font-size: 15px; color: inherit;'><a href='https:\/\/drive.google.com\/file\/d\/1OVydNSZsN1TN9W9UWlRuYBhNrUyfAWiB\/view?usp=sharing' target='_blank' rel='nofollow noreferrer noopener' style='color: inherit; text-decoration: underline;'>https:\/\/drive.google.com\/file\/d\/1OVydNSZsN1TN9W9UWlRuYBhNrUyfAWiB\/view?usp=sharing<\/a><\/p>\n<p style='font-size: 15px; color: inherit; margin-bottom: 0;'><strong>Enviar a Correo:<\/strong> <a href='mailto:perla.nunez@syscom.mx' target='_blank' rel='nofollow noreferrer noopener' style='color: inherit; text-decoration: underline;'>perla.nunez@syscom.mx<\/a><\/p>\n<\/p><\/div>\n<\/p><\/div>\n<div style='position: relative; padding-bottom: 56.25%; height: 0; overflow: hidden; margin-bottom: 30px;'>   <\/div>\n<div style='display: flex; flex-wrap: wrap; gap: 20px; margin-bottom: 30px;'>\n<div style='flex: 1 1 100%;'> <img style='width: 100%; height: auto; border: 1px solid rgba(150&comma;150&comma;150&comma;0.3); border-radius: 8px;' src='https:\/\/ftp3.syscom.mx\/usuarios\/fotos\/DCT4831HRXA\/196150-baner-proyectos.jpg' alt='Banner de proyecto' \/> <\/div>\n<div style='flex: 1 1 100%; max-width: 550px;'> <img style='width: 100%; height: auto; border: 1px solid rgba(150&comma;150&comma;150&comma;0.3); border-radius: 8px;' src='https:\/\/ftp3.syscom.mx\/usuarios\/adelatorre\/FTP\/CAMARASIP\/DCD3533HRX\/Screen.png' alt='Pantalla de configuraci\u00f3n' \/> <\/div>\n<div style='flex: 1 1 100%; max-width: 440px;'> <img style='width: 100%; height: auto; border: 1px solid rgba(150&comma;150&comma;150&comma;0.3); border-radius: 8px;' src='http:\/\/ftp3.syscom.mx\/usuarios\/adelatorre\/Banners\/IDIS-Home-Page-Banner.png' alt='Banner IDIS' \/> <\/div>\n<\/p><\/div>\n<hr style='border: 0; border-top: 1px solid rgba(150&comma; 150&comma; 150&comma; 0.3); margin: 30px 0;'> <\/div>\n","protected":false},"excerpt":{"rendered":"<p>C\u00e1mara IP Domo con Calefactor | 5MP (H265)|  Lente Varifocal MOTORIZADO 3.3-10mm | Exterior |  IR 30m | Entrada\/Salida de Audio y Alarma<\/p>\n","protected":false},"featured_media":114443,"comment_status":"open","ping_status":"closed","template":"","meta":[],"product_brand":[],"product_cat":[2056],"product_tag":[122,2057,2276],"class_list":{"0":"post-114444","1":"product","2":"type-product","3":"status-publish","4":"has-post-thumbnail","6":"product_cat-domo-eyeball-turret","7":"product_tag-camaras-ip-y-nvrs","8":"product_tag-domo-eyeball-turret","9":"product_tag-idis","11":"first","12":"outofstock","13":"sale","14":"shipping-taxable","15":"purchasable","16":"product-type-simple"},"_links":{"self":[{"href":"https:\/\/soydeaqui.ddns.net\/pachuca\/index.php\/wp-json\/wp\/v2\/product\/114444","targetHints":{"allow":["GET"]}}],"collection":[{"href":"https:\/\/soydeaqui.ddns.net\/pachuca\/index.php\/wp-json\/wp\/v2\/product"}],"about":[{"href":"https:\/\/soydeaqui.ddns.net\/pachuca\/index.php\/wp-json\/wp\/v2\/types\/product"}],"replies":[{"embeddable":true,"href":"https:\/\/soydeaqui.ddns.net\/pachuca\/index.php\/wp-json\/wp\/v2\/comments?post=114444"}],"wp:featuredmedia":[{"embeddable":true,"href":"https:\/\/soydeaqui.ddns.net\/pachuca\/index.php\/wp-json\/wp\/v2\/media\/114443"}],"wp:attachment":[{"href":"https:\/\/soydeaqui.ddns.net\/pachuca\/index.php\/wp-json\/wp\/v2\/media?parent=114444"}],"wp:term":[{"taxonomy":"product_brand","embeddable":true,"href":"https:\/\/soydeaqui.ddns.net\/pachuca\/index.php\/wp-json\/wp\/v2\/product_brand?post=114444"},{"taxonomy":"product_cat","embeddable":true,"href":"https:\/\/soydeaqui.ddns.net\/pachuca\/index.php\/wp-json\/wp\/v2\/product_cat?post=114444"},{"taxonomy":"product_tag","embeddable":true,"href":"https:\/\/soydeaqui.ddns.net\/pachuca\/index.php\/wp-json\/wp\/v2\/product_tag?post=114444"}],"curies":[{"name":"wp","href":"https:\/\/api.w.org\/{rel}","templated":true}]}}