{"id":11442,"date":"2026-03-18T07:49:50","date_gmt":"2026-03-18T07:49:50","guid":{"rendered":"https:\/\/soydeaqui.ddns.net\/pachuca\/index.php\/producto\/herramienta-de-terminacin-repuesto-para-kit-de-herramientas-ft-lb-kit-para-conectores-lightbow-de-siemon\/"},"modified":"2026-03-18T07:49:56","modified_gmt":"2026-03-18T07:49:56","slug":"herramienta-de-terminacin-repuesto-para-kit-de-herramientas-ft-lb-kit-para-conectores-lightbow-de-siemon","status":"publish","type":"product","link":"https:\/\/soydeaqui.ddns.net\/pachuca\/index.php\/producto\/herramienta-de-terminacin-repuesto-para-kit-de-herramientas-ft-lb-kit-para-conectores-lightbow-de-siemon\/","title":{"rendered":"Herramienta de Terminaci?n Repuesto, para Kit de Herramientas FT-LB-KIT, para Conectores Lightbow de Siemon"},"content":{"rendered":"<div style='width: 100%; max-width: 1200px; margin: 0 auto; font-family: sans-serif; line-height: 1.6; color: inherit; background-color: transparent;'>\n<div style='display: flex; flex-direction: column; gap: 30px;'>\n<div style='width: 100%;'> <img style='width: 100%; height: auto; border: 1px solid rgba(150&comma;150&comma;150&comma;0.3); border-radius: 8px;' src='https:\/\/ftp3.syscom.mx\/usuarios\/fotos\/FC1LBLC59AQ\/89138-siemonarriba.jpg' alt=''> <\/div>\n<div style='width: 100%;'>\n<p>El Kit de Terminaci\u00f3n de empalme mec\u00e1nico de f\u00e1cil terminaci\u00f3n reduce dr\u00e1sticamente el tiempo de terminaci\u00f3n en campo. Con compatibilidad universal para conectores LC y SC.<\/p>\n<ul style='padding-left: 20px; font-size: 15px; color: inherit;'>\n<li style='margin-bottom: 5px;'>Alineamiento \u00f3ptimo: Los canales de alineaci\u00f3n simplifican la inserci\u00f3n de fibra para evitar da\u00f1os<\/li>\n<li style='margin-bottom: 5px;'>Proceso robusto: Combina la activaci\u00f3n de empalme y crimpado significativo con reducci\u00f3n de tiempo<\/li>\n<\/ul>\n<p>La l\u00ednea de productos LightBow\u2122 es la sustituci\u00f3n de la l\u00ednea de productos XLR8\u2122.<\/p>\n<\/p><\/div>\n<div style='width: 100%; display: flex; justify-content: center;'> <img style='width: 100%; max-width: 400px; height: auto; border: 1px solid rgba(150&comma;150&comma;150&comma;0.3); border-radius: 8px;' src='http:\/\/ftp3.syscom.mx\/usuarios\/fotos\/FTLBKIT\/89135-28896545680_e30d067b39_z.jpg' alt=''> <\/div>\n<div style='width: 100%; display: flex; justify-content: center;'> <img style='width: 100%; max-width: 500px; height: auto; border: 1px solid rgba(150&comma;150&comma;150&comma;0.3); border-radius: 8px;' src='https:\/\/ftp3.syscom.mx\/usuarios\/fotos\/FC1LBLC59AQ\/89138-lc_conector_siemon.png' alt=''> <\/div>\n<div style='width: 100%;'>\n<div style='text-align: center; font-size: 12pt; font-family: tahoma&comma; arial&comma; helvetica&comma; sans-serif; margin-bottom: 20px;'> <strong>Terminaci\u00f3n de Conectores Lightbow:<\/strong> <\/div>\n<div style='position: relative; padding-bottom: 56.25%; height: 0; overflow: hidden; margin-bottom: 30px;'>   <\/div>\n<\/p><\/div>\n<div style='width: 100%;'> <img style='width: 100%; height: auto; border: 1px solid rgba(150&comma;150&comma;150&comma;0.3); border-radius: 8px;' src='https:\/\/ftp3.syscom.mx\/usuarios\/fotos\/FC1LBLC59AQ\/89138-siemonabajo.png' alt=''> <\/div>\n<\/p><\/div>\n<\/p><\/div>\n","protected":false},"excerpt":{"rendered":"<p>Herramienta de Terminaci?n Repuesto, para Kit de Herramientas FT-LB-KIT, para Conectores Lightbow de Siemon<\/p>\n","protected":false},"featured_media":11441,"comment_status":"open","ping_status":"closed","template":"","meta":[],"product_brand":[],"product_cat":[636],"product_tag":[611,25,600],"class_list":{"0":"post-11442","1":"product","2":"type-product","3":"status-publish","4":"has-post-thumbnail","6":"product_cat-herramientas-fibra-optica","7":"product_tag-fibra-optica","8":"product_tag-herramientas","9":"product_tag-siemon","11":"first","12":"instock","13":"sale","14":"shipping-taxable","15":"purchasable","16":"product-type-simple"},"_links":{"self":[{"href":"https:\/\/soydeaqui.ddns.net\/pachuca\/index.php\/wp-json\/wp\/v2\/product\/11442","targetHints":{"allow":["GET"]}}],"collection":[{"href":"https:\/\/soydeaqui.ddns.net\/pachuca\/index.php\/wp-json\/wp\/v2\/product"}],"about":[{"href":"https:\/\/soydeaqui.ddns.net\/pachuca\/index.php\/wp-json\/wp\/v2\/types\/product"}],"replies":[{"embeddable":true,"href":"https:\/\/soydeaqui.ddns.net\/pachuca\/index.php\/wp-json\/wp\/v2\/comments?post=11442"}],"wp:featuredmedia":[{"embeddable":true,"href":"https:\/\/soydeaqui.ddns.net\/pachuca\/index.php\/wp-json\/wp\/v2\/media\/11441"}],"wp:attachment":[{"href":"https:\/\/soydeaqui.ddns.net\/pachuca\/index.php\/wp-json\/wp\/v2\/media?parent=11442"}],"wp:term":[{"taxonomy":"product_brand","embeddable":true,"href":"https:\/\/soydeaqui.ddns.net\/pachuca\/index.php\/wp-json\/wp\/v2\/product_brand?post=11442"},{"taxonomy":"product_cat","embeddable":true,"href":"https:\/\/soydeaqui.ddns.net\/pachuca\/index.php\/wp-json\/wp\/v2\/product_cat?post=11442"},{"taxonomy":"product_tag","embeddable":true,"href":"https:\/\/soydeaqui.ddns.net\/pachuca\/index.php\/wp-json\/wp\/v2\/product_tag?post=11442"}],"curies":[{"name":"wp","href":"https:\/\/api.w.org\/{rel}","templated":true}]}}