{"id":114416,"date":"2026-03-20T23:35:27","date_gmt":"2026-03-20T23:35:27","guid":{"rendered":"https:\/\/soydeaqui.ddns.net\/pachuca\/index.php\/producto\/servidor-nas-de-escritorio-con-4-bahias-expandible-a-9-bahias-hasta-108-tb-soporta-hasta-40-camaras\/"},"modified":"2026-03-20T23:35:29","modified_gmt":"2026-03-20T23:35:29","slug":"servidor-nas-de-escritorio-con-4-bahias-expandible-a-9-bahias-hasta-108-tb-soporta-hasta-40-camaras","status":"publish","type":"product","link":"https:\/\/soydeaqui.ddns.net\/pachuca\/index.php\/producto\/servidor-nas-de-escritorio-con-4-bahias-expandible-a-9-bahias-hasta-108-tb-soporta-hasta-40-camaras\/","title":{"rendered":"Servidor NAS de escritorio con 4 bah\u00edas \/ Expandible a 9 bah\u00edas \/ Hasta 108 TB \/ Soporta Hasta 40 C\u00e1maras"},"content":{"rendered":"<div style='width: 100%; max-width: 1200px; margin: 0 auto; font-family: sans-serif; line-height: 1.6; color: inherit; background-color: transparent;'> <!-- Banner de garant\u00eda --> <\/p>\n<div style='margin-bottom: 30px;'> <a href='https:\/\/ftp3.syscom.mx\/usuarios\/ftp\/2018\/10\/17\/be9cb\/PROCEDIMIENTO%20GARANTIA%20SYNOLOGY.pdf' style='display: block;'> <img style='width: 100%; height: auto; border: 1px solid rgba(150&comma;150&comma;150&comma;0.3); border-radius: 8px;' src='https:\/\/ftp3.syscom.mx\/usuarios\/nortega\/synology\/imagenes\/cintillo%20garantia.jpg' alt='Garant\u00eda Synology'> <\/a> <\/div>\n<p> <!-- Descripci\u00f3n principal --> <\/p>\n<div style='margin-bottom: 30px;'>\n<p>Synology DS918PLUS se dise\u00f1\u00f3 para peque\u00f1as y medianas empresas&comma; y aficionados de TI. DS918PLUS proporciona una transmisi\u00f3n excepcional de archivos cifrados con un potente motor de cifrado de hardware AES-NI integrado. DS918PLUS tambi\u00e9n es capaz de transcodificar hasta dos canales de videos 4K H.265\/H.264 al mismo tiempo&comma; por lo que es ideal para compartir y almacenar contenido multimedia en ultra alta definici\u00f3n.<\/p>\n<\/p><\/div>\n<p> <!-- Secciones de especificaciones --> <\/p>\n<div style='display: flex; flex-wrap: wrap; gap: 30px; margin-bottom: 30px;'>\n<div style='flex: 1 1 300px; min-width: 280px;'>\n<h3 style='font-size: 22px; border-bottom: 2px solid currentColor; padding-bottom: 5px; margin-top: 0; color: inherit; opacity: 0.8;'>Procesador<\/h3>\n<ul style='padding-left: 20px; font-size: 15px; color: inherit;'>\n<li style='margin-bottom: 5px;'><strong>Modelo:<\/strong> Intel Celeron J3455<\/li>\n<li style='margin-bottom: 5px;'><strong>Arquitectura:<\/strong> 64-bit<\/li>\n<li style='margin-bottom: 5px;'><strong>Frecuencia:<\/strong> N\u00facleo cu\u00e1druple 1.5GHz<\/li>\n<li style='margin-bottom: 5px;'><strong>Motor de cifrado de hardware:<\/strong> AES-NI<\/li>\n<li style='margin-bottom: 5px;'><strong>Memoria RAM:<\/strong> 4GB (expandible hasta 8GB)<\/li>\n<\/ul><\/div>\n<div style='flex: 1 1 300px; min-width: 280px;'>\n<h3 style='font-size: 22px; border-bottom: 2px solid currentColor; padding-bottom: 5px; margin-top: 0; color: inherit; opacity: 0.8;'>Almacenamiento<\/h3>\n<ul style='padding-left: 20px; font-size: 15px; color: inherit;'>\n<li style='margin-bottom: 5px;'><strong>Bah\u00edas internas:<\/strong> 4 (No incluidos)<\/li>\n<li style='margin-bottom: 5px;'><strong>Expandible hasta:<\/strong> 9 Bah\u00edas con Unidad de Expansi\u00f3n DX517<\/li>\n<li style='margin-bottom: 5px;'><strong>Soporte de discos:<\/strong> HDD\/SSD de 3.5\u201d&comma; 2.5\u201d SATA III y SATA II<\/li>\n<li style='margin-bottom: 5px;'><strong>Tama\u00f1o m\u00e1ximo por disco:<\/strong> 12TB<\/li>\n<li style='margin-bottom: 5px;'><strong>Hot Swap:<\/strong> S\u00ed<\/li>\n<\/ul><\/div>\n<div style='flex: 1 1 300px; min-width: 280px;'>\n<h3 style='font-size: 22px; border-bottom: 2px solid currentColor; padding-bottom: 5px; margin-top: 0; color: inherit; opacity: 0.8;'>Videovigilancia<\/h3>\n<ul style='padding-left: 20px; font-size: 15px; color: inherit;'>\n<li style='margin-bottom: 5px;'><strong>C\u00e1maras soportadas:<\/strong> Hasta 40 (incluye 2 licencias)<\/li>\n<li style='margin-bottom: 5px;'><strong>Requisito:<\/strong> Aumentar memoria RAM<\/li>\n<li style='margin-bottom: 5px;'><strong>Resoluci\u00f3n m\u00e1xima:<\/strong> 4K<\/li>\n<li style='margin-bottom: 5px;'><a style='color: inherit; text-decoration: none; border-bottom: 1px dotted currentColor;' href='https:\/\/www.synology.com\/es-mx\/compatibility\/camera' target='_blank' rel='noopener'>Listado de compatibilidad<\/a><\/li>\n<\/ul><\/div>\n<div style='flex: 1 1 300px; min-width: 280px;'>\n<h3 style='font-size: 22px; border-bottom: 2px solid currentColor; padding-bottom: 5px; margin-top: 0; color: inherit; opacity: 0.8;'>Rendimiento de C\u00e1maras<\/h3>\n<div style='margin-bottom: 15px;'> <strong style='display: block; margin-bottom: 5px;'>H.264<\/strong> <\/p>\n<ul style='padding-left: 20px; font-size: 14px; color: inherit;'>\n<li style='margin-bottom: 5px;'>1200 FPS @ 720p (1280&#215;720)<\/li>\n<li style='margin-bottom: 5px;'>840 FPS @ 1080p (1920\u00d71080)<\/li>\n<li style='margin-bottom: 5px;'>550 FPS @ 3M (2048&#215;1536)<\/li>\n<li style='margin-bottom: 5px;'>300 FPS @ 5M (2591&#215;1944)<\/li>\n<li style='margin-bottom: 5px;'>180 FPS @ 4K (3840&#215;2160)<\/li>\n<\/ul><\/div>\n<div style='margin-bottom: 15px;'> <strong style='display: block; margin-bottom: 5px;'>H.265<\/strong> <\/p>\n<ul style='padding-left: 20px; font-size: 14px; color: inherit;'>\n<li style='margin-bottom: 5px;'>1200 FPS @ 720p (1280&#215;720)<\/li>\n<li style='margin-bottom: 5px;'>1200 FPS @ 1080p (1920\u00d71080)<\/li>\n<li style='margin-bottom: 5px;'>900 FPS @ 3M (2048&#215;1536)<\/li>\n<li style='margin-bottom: 5px;'>550 FPS @ 5M (2591&#215;1944)<\/li>\n<li style='margin-bottom: 5px;'>300 FPS @ 4K (3840&#215;2160)<\/li>\n<\/ul><\/div>\n<div> <strong style='display: block; margin-bottom: 5px;'>MJPEG<\/strong> <\/p>\n<ul style='padding-left: 20px; font-size: 14px; color: inherit;'>\n<li style='margin-bottom: 5px;'>720 FPS @ 720p (1280&#215;720)<\/li>\n<li style='margin-bottom: 5px;'>500 FPS @ 1080p (1920\u00d71080)<\/li>\n<li style='margin-bottom: 5px;'>330 FPS @ 3M (2048&#215;1536)<\/li>\n<li style='margin-bottom: 5px;'>200 FPS @ 5M (2591&#215;1944)<\/li>\n<\/ul><\/div>\n<\/p><\/div>\n<\/p><\/div>\n<p> <!-- Imagen de videovigilancia --> <\/p>\n<div style='margin-bottom: 30px;'> <img style='width: 100%; height: auto; border: 1px solid rgba(150&comma;150&comma;150&comma;0.3); border-radius: 8px;' src='https:\/\/ftp3.syscom.mx\/usuarios\/nortega\/synology\/imagenes\/surveillance\/livecam.jpg' alt='Videovigilancia'> <\/div>\n<p> <!-- Secci\u00f3n de conectividad --> <\/p>\n<div style='display: flex; flex-wrap: wrap; gap: 30px; margin-bottom: 30px;'>\n<div style='flex: 1 1 300px; min-width: 280px;'>\n<h3 style='font-size: 22px; border-bottom: 2px solid currentColor; padding-bottom: 5px; margin-top: 0; color: inherit; opacity: 0.8;'>Puertos<\/h3>\n<ul style='padding-left: 20px; font-size: 15px; color: inherit;'>\n<li style='margin-bottom: 5px;'><strong>RJ45 Gigabit:<\/strong> 2 puertos (Con Link Aggregation \/ Failover support)<\/li>\n<li style='margin-bottom: 5px;'><strong>USB 3.0 (SuperSpeed):<\/strong> 2 puertos<\/li>\n<li style='margin-bottom: 5px;'><strong>eSATA:<\/strong> 1 puerto<\/li>\n<\/ul><\/div>\n<div style='flex: 1 1 300px; min-width: 280px;'>\n<h3 style='font-size: 22px; border-bottom: 2px solid currentColor; padding-bottom: 5px; margin-top: 0; color: inherit; opacity: 0.8;'>RAID Compatible<\/h3>\n<ul style='padding-left: 20px; font-size: 15px; color: inherit;'>\n<li style='margin-bottom: 5px;'>Synology Hybrid RAID<\/li>\n<li style='margin-bottom: 5px;'>JBOD<\/li>\n<li style='margin-bottom: 5px;'>RAID 0<\/li>\n<li style='margin-bottom: 5px;'>RAID 1<\/li>\n<li style='margin-bottom: 5px;'>RAID 5<\/li>\n<li style='margin-bottom: 5px;'>RAID 6<\/li>\n<li style='margin-bottom: 5px;'>RAID 10<\/li>\n<\/ul><\/div>\n<div style='flex: 1 1 300px; min-width: 280px;'>\n<h3 style='font-size: 22px; border-bottom: 2px solid currentColor; padding-bottom: 5px; margin-top: 0; color: inherit; opacity: 0.8;'>Software<\/h3>\n<ul style='padding-left: 20px; font-size: 15px; color: inherit;'>\n<li style='margin-bottom: 5px;'>Synology DiskStation Manager (DSM) es un elegante sistema operativo basado en navegador&comma; lo que hace que Synology NAS sea muy f\u00e1cil de utilizar.<\/li>\n<li style='margin-bottom: 5px;'>Soporta aplicaciones adicionales (Add-Ons) como Servidor de Archivos&comma; de correo&comma; FTP&comma; impresi\u00f3n&comma; fotos&comma; videos y muchos m\u00e1s.<\/li>\n<\/ul><\/div>\n<div style='flex: 1 1 300px; min-width: 280px;'>\n<h3 style='font-size: 22px; border-bottom: 2px solid currentColor; padding-bottom: 5px; margin-top: 0; color: inherit; opacity: 0.8;'>Gesti\u00f3n de Almacenamiento<\/h3>\n<ul style='padding-left: 20px; font-size: 15px; color: inherit;'>\n<li style='margin-bottom: 5px;'><strong>Tama\u00f1o m\u00e1ximo de volumen individual:<\/strong> 108TB<\/li>\n<li style='margin-bottom: 5px;'><strong>N\u00famero m\u00e1ximo de ISCSI Target:<\/strong> 32<\/li>\n<li style='margin-bottom: 5px;'><strong>N\u00famero m\u00e1ximo de iSCSI LUN:<\/strong> 256<\/li>\n<\/ul><\/div>\n<div style='flex: 1 1 300px; min-width: 280px;'>\n<h3 style='font-size: 22px; border-bottom: 2px solid currentColor; padding-bottom: 5px; margin-top: 0; color: inherit; opacity: 0.8;'>Caracter\u00edsticas F\u00edsicas y El\u00e9ctricas<\/h3>\n<ul style='padding-left: 20px; font-size: 15px; color: inherit;'>\n<li style='margin-bottom: 5px;'><strong>Alimentaci\u00f3n:<\/strong> 100 a 240VCA (Incluye fuente de alimentaci\u00f3n)<\/li>\n<li style='margin-bottom: 5px;'><strong>Consumo:<\/strong> 28.8W<\/li>\n<li style='margin-bottom: 5px;'><strong>Temperatura de operaci\u00f3n:<\/strong> 5 a 40 \u00b0C<\/li>\n<li style='margin-bottom: 5px;'><strong>Dimensiones:<\/strong> 166 x 199 x 223 mm<\/li>\n<li style='margin-bottom: 5px;'><strong>Peso:<\/strong> 2.28Kg<\/li>\n<\/ul><\/div>\n<div style='flex: 1 1 300px; min-width: 280px;'>\n<h3 style='font-size: 22px; border-bottom: 2px solid currentColor; padding-bottom: 5px; margin-top: 0; color: inherit; opacity: 0.8;'>Informaci\u00f3n Adicional<\/h3>\n<ul style='padding-left: 20px; font-size: 15px; color: inherit;'>\n<li style='margin-bottom: 5px;'>En conformidad con RoHS<\/li>\n<li style='margin-bottom: 5px;'><a style='color: inherit; text-decoration: none; border-bottom: 1px dotted currentColor;' href='https:\/\/www.synology.com\/es-mx\/support\/nas_selector' target='_blank' rel='noopener'>\u00bfQu\u00e9 servidor NAS es el m\u00e1s adecuado para usted?<\/a><\/li>\n<\/ul><\/div>\n<\/p><\/div>\n<p> <!-- Separador final --> <\/p>\n<hr style='border: 0; border-top: 1px solid rgba(150&comma; 150&comma; 150&comma; 0.3); margin: 30px 0;'> <\/div>\n","protected":false},"excerpt":{"rendered":"<p>Servidor NAS de escritorio con 4 bah\u00edas \/ Expandible a 9 bah\u00edas \/ Hasta 108 TB \/ Soporta Hasta 40 C\u00e1maras<\/p>\n","protected":false},"featured_media":114415,"comment_status":"open","ping_status":"closed","template":"","meta":[],"product_brand":[],"product_cat":[2064],"product_tag":[2066,2065,1976],"class_list":{"0":"post-114416","1":"product","2":"type-product","3":"status-publish","4":"has-post-thumbnail","6":"product_cat-almacenamiento-nas-san-esata","7":"product_tag-almacenamiento-nas-san-esata","8":"product_tag-servidores-almacenamiento","9":"product_tag-synology","11":"first","12":"outofstock","13":"sale","14":"shipping-taxable","15":"purchasable","16":"product-type-simple"},"_links":{"self":[{"href":"https:\/\/soydeaqui.ddns.net\/pachuca\/index.php\/wp-json\/wp\/v2\/product\/114416","targetHints":{"allow":["GET"]}}],"collection":[{"href":"https:\/\/soydeaqui.ddns.net\/pachuca\/index.php\/wp-json\/wp\/v2\/product"}],"about":[{"href":"https:\/\/soydeaqui.ddns.net\/pachuca\/index.php\/wp-json\/wp\/v2\/types\/product"}],"replies":[{"embeddable":true,"href":"https:\/\/soydeaqui.ddns.net\/pachuca\/index.php\/wp-json\/wp\/v2\/comments?post=114416"}],"wp:featuredmedia":[{"embeddable":true,"href":"https:\/\/soydeaqui.ddns.net\/pachuca\/index.php\/wp-json\/wp\/v2\/media\/114415"}],"wp:attachment":[{"href":"https:\/\/soydeaqui.ddns.net\/pachuca\/index.php\/wp-json\/wp\/v2\/media?parent=114416"}],"wp:term":[{"taxonomy":"product_brand","embeddable":true,"href":"https:\/\/soydeaqui.ddns.net\/pachuca\/index.php\/wp-json\/wp\/v2\/product_brand?post=114416"},{"taxonomy":"product_cat","embeddable":true,"href":"https:\/\/soydeaqui.ddns.net\/pachuca\/index.php\/wp-json\/wp\/v2\/product_cat?post=114416"},{"taxonomy":"product_tag","embeddable":true,"href":"https:\/\/soydeaqui.ddns.net\/pachuca\/index.php\/wp-json\/wp\/v2\/product_tag?post=114416"}],"curies":[{"name":"wp","href":"https:\/\/api.w.org\/{rel}","templated":true}]}}