{"id":114392,"date":"2026-03-20T23:34:06","date_gmt":"2026-03-20T23:34:06","guid":{"rendered":"https:\/\/soydeaqui.ddns.net\/pachuca\/index.php\/producto\/soporte-de-seguridad-en-cinturon-para-tablets-universales\/"},"modified":"2026-03-20T23:34:09","modified_gmt":"2026-03-20T23:34:09","slug":"soporte-de-seguridad-en-cinturon-para-tablets-universales","status":"publish","type":"product","link":"https:\/\/soydeaqui.ddns.net\/pachuca\/index.php\/producto\/soporte-de-seguridad-en-cinturon-para-tablets-universales\/","title":{"rendered":"Soporte de Seguridad en Cintur\u00f3n para Tablets Universales."},"content":{"rendered":"<div style='width: 100%; max-width: 1200px; margin: 0 auto; font-family: sans-serif; line-height: 1.6; color: inherit; background-color: transparent;'>\n<div style='display: flex; flex-wrap: wrap; gap: 30px; margin-bottom: 30px;'>\n<div style='flex: 1 1 300px; min-width: 280px;'>\n<h3 style='font-size: 22px; border-bottom: 2px solid currentColor; padding-bottom: 5px; margin-top: 0; color: inherit; opacity: 0.8;'>Descripci\u00f3n<\/h3>\n<ul style='padding-left: 20px; font-size: 15px; color: inherit;'>\n<li style='margin-bottom: 5px;'>El Clip de cintur\u00f3n de Tablet es el primer y \u00fanico producto de este tipo.<\/li>\n<li style='margin-bottom: 5px;'>Le permitir\u00e1 bloquear y transportar cualquier dispositivo est\u00e1ndar en el lado de su cadera&comma; y luego acceder a \u00e9l en un segundo cuando sea necesario.<\/li>\n<li style='margin-bottom: 5px;'>Simplemente adhiera la placa de montaje y la placa de sujeci\u00f3n a la parte posterior de la carcasa del dispositivo (Estuche no incluido)&comma; luego&comma; inserte el accesorio de la hebilla.<\/li>\n<li style='margin-bottom: 5px;'>Cuando est\u00e9 listo para usarlo&comma; simplemente coloque la almohadilla para la cadera en su cintur\u00f3n y sujete el cable de seguridad a la placa de sujeci\u00f3n.<\/li>\n<li style='margin-bottom: 5px;'>Tenga en cuenta que los dispositivos m\u00e1s grandes&comma; como Surface o iPad Pro&comma; probablemente necesiten la correa de la Tablet Tool ya que son mucho m\u00e1s pesados.<\/li>\n<\/ul><\/div>\n<\/p><\/div>\n<div style='display: flex; flex-wrap: wrap; gap: 20px; margin-bottom: 30px;'>\n<div style='flex: 1 1 250px; border: 1px solid rgba(150&comma; 150&comma; 150&comma; 0.4); border-radius: 8px; overflow: hidden; display: flex; flex-direction: column;'>\n<div style='padding: 15px; border-bottom: 1px solid rgba(150&comma; 150&comma; 150&comma; 0.2); font-weight: bold; font-size: 18px; color: inherit;'>Beneficios<\/div>\n<div style='padding: 15px; color: inherit;'>\n<ul style='padding-left: 20px; margin: 0; font-size: 14px; list-style-type: disc;'>\n<li style='margin-bottom: 5px;'>El clip de cintur\u00f3n de Tablet le permite llevar f\u00e1cilmente una tabla en su cintur\u00f3n como cualquier otra herramienta<\/li>\n<li style='margin-bottom: 5px;'>F\u00e1cil de montar Placa de montaje asegurada con adhesivo VHB \u2122 y adhesivo de uni\u00f3n [Resistencia a la tracci\u00f3n 90 libras sq \/ in]<\/li>\n<li style='margin-bottom: 5px;'>El mecanismo de hebilla bloquea la tableta contra la cadera cuando no est\u00e1 en uso<\/li>\n<li style='margin-bottom: 5px;'>El bot\u00f3n de liberaci\u00f3n de prensa r\u00e1pida permite el acceso instant\u00e1neo a la tableta en menos de 1 segundo<\/li>\n<li style='margin-bottom: 5px;'>El cable de seguridad [incluido] evita que se caiga para evitar costosas demoras en la reparaci\u00f3n<\/li>\n<li style='margin-bottom: 5px;'>Reduce la probabilidad de p\u00e9rdida y robo<\/li>\n<li style='margin-bottom: 5px;'>Perfecto para trabajos que requieren dos manos al liberar una &#8216;mano adicional<\/li>\n<\/ul><\/div>\n<\/p><\/div>\n<div style='flex: 1 1 250px; border: 1px solid rgba(150&comma; 150&comma; 150&comma; 0.4); border-radius: 8px; overflow: hidden; display: flex; flex-direction: column;'>\n<div style='padding: 15px; border-bottom: 1px solid rgba(150&comma; 150&comma; 150&comma; 0.2); font-weight: bold; font-size: 18px; color: inherit;'>Aplicaciones<\/div>\n<div style='padding: 15px; color: inherit;'>\n<ul style='padding-left: 20px; margin: 0; font-size: 14px; list-style-type: disc;'>\n<li style='margin-bottom: 5px;'>Constructores<\/li>\n<li style='margin-bottom: 5px;'>Ajustadores<\/li>\n<li style='margin-bottom: 5px;'>Inspectores<\/li>\n<li style='margin-bottom: 5px;'>Techadores<\/li>\n<li style='margin-bottom: 5px;'>Electricistas<\/li>\n<li style='margin-bottom: 5px;'>HVAC<\/li>\n<li style='margin-bottom: 5px;'>Tecnolog\u00eda de servicio<\/li>\n<li style='margin-bottom: 5px;'>Paisajistas<\/li>\n<li style='margin-bottom: 5px;'>Arquitectos<\/li>\n<li style='margin-bottom: 5px;'>Minoristas<\/li>\n<li style='margin-bottom: 5px;'>Trabajadores de campo<\/li>\n<li style='margin-bottom: 5px;'>Granjeros<\/li>\n<li style='margin-bottom: 5px;'>Profesionales<\/li>\n<li style='margin-bottom: 5px;'>M\u00e9dicos<\/li>\n<\/ul><\/div>\n<\/p><\/div>\n<\/p><\/div>\n<hr style='border: 0; border-top: 1px solid rgba(150&comma; 150&comma; 150&comma; 0.3); margin: 30px 0;'> <\/div>\n","protected":false},"excerpt":{"rendered":"<p>Soporte de Seguridad en Cintur\u00f3n para Tablets Universales.<\/p>\n","protected":false},"featured_media":114391,"comment_status":"open","ping_status":"closed","template":"","meta":[],"product_brand":[],"product_cat":[24],"product_tag":[26,25,63],"class_list":{"0":"post-114392","1":"product","2":"type-product","3":"status-publish","4":"has-post-thumbnail","6":"product_cat-accesorios-de-instalacion","7":"product_tag-accesorios-de-instalacion","8":"product_tag-herramientas","9":"product_tag-syscom","11":"first","12":"outofstock","13":"sale","14":"shipping-taxable","15":"purchasable","16":"product-type-simple"},"_links":{"self":[{"href":"https:\/\/soydeaqui.ddns.net\/pachuca\/index.php\/wp-json\/wp\/v2\/product\/114392","targetHints":{"allow":["GET"]}}],"collection":[{"href":"https:\/\/soydeaqui.ddns.net\/pachuca\/index.php\/wp-json\/wp\/v2\/product"}],"about":[{"href":"https:\/\/soydeaqui.ddns.net\/pachuca\/index.php\/wp-json\/wp\/v2\/types\/product"}],"replies":[{"embeddable":true,"href":"https:\/\/soydeaqui.ddns.net\/pachuca\/index.php\/wp-json\/wp\/v2\/comments?post=114392"}],"wp:featuredmedia":[{"embeddable":true,"href":"https:\/\/soydeaqui.ddns.net\/pachuca\/index.php\/wp-json\/wp\/v2\/media\/114391"}],"wp:attachment":[{"href":"https:\/\/soydeaqui.ddns.net\/pachuca\/index.php\/wp-json\/wp\/v2\/media?parent=114392"}],"wp:term":[{"taxonomy":"product_brand","embeddable":true,"href":"https:\/\/soydeaqui.ddns.net\/pachuca\/index.php\/wp-json\/wp\/v2\/product_brand?post=114392"},{"taxonomy":"product_cat","embeddable":true,"href":"https:\/\/soydeaqui.ddns.net\/pachuca\/index.php\/wp-json\/wp\/v2\/product_cat?post=114392"},{"taxonomy":"product_tag","embeddable":true,"href":"https:\/\/soydeaqui.ddns.net\/pachuca\/index.php\/wp-json\/wp\/v2\/product_tag?post=114392"}],"curies":[{"name":"wp","href":"https:\/\/api.w.org\/{rel}","templated":true}]}}