{"id":114385,"date":"2026-03-20T23:33:42","date_gmt":"2026-03-20T23:33:42","guid":{"rendered":"https:\/\/soydeaqui.ddns.net\/pachuca\/index.php\/producto\/switch-poe-administrable-centrecom-gs970m-capa-3-de-16-puertos-10-100-1000-mbps-2-sfp-gigabit-247-w\/"},"modified":"2026-03-20T23:33:44","modified_gmt":"2026-03-20T23:33:44","slug":"switch-poe-administrable-centrecom-gs970m-capa-3-de-16-puertos-10-100-1000-mbps-2-sfp-gigabit-247-w","status":"publish","type":"product","link":"https:\/\/soydeaqui.ddns.net\/pachuca\/index.php\/producto\/switch-poe-administrable-centrecom-gs970m-capa-3-de-16-puertos-10-100-1000-mbps-2-sfp-gigabit-247-w\/","title":{"rendered":"Switch PoE+ Administrable CentreCOM GS970M, Capa 3 de 16 Puertos 10\/100\/1000 Mbps + 2 SFP Gigabit, 247 W"},"content":{"rendered":"<div style='width: 100%; max-width: 1200px; margin: 0 auto; font-family: sans-serif; line-height: 1.6; color: inherit; background-color: transparent;'> <!-- Secci\u00f3n de caracter\u00edsticas con flex --> <\/p>\n<div style='display: flex; flex-wrap: wrap; gap: 30px; margin-bottom: 30px;'>\n<div style='flex: 1 1 300px; min-width: 280px;'>\n<h3 style='font-size: 22px; border-bottom: 2px solid currentColor; padding-bottom: 5px; margin-top: 0; color: inherit; opacity: 0.8;'>Puertos<\/h3>\n<ul style='padding-left: 20px; font-size: 15px; color: inherit;'>\n<li style='margin-bottom: 5px;'>16 puertos 10\/100\/1000 Mbps<\/li>\n<li style='margin-bottom: 5px;'>2 puertos SFP Gigabit<\/li>\n<li style='margin-bottom: 5px;'>Forwarding rate: 26.8 Millones de paquetes por segundo (Mpps)<\/li>\n<li style='margin-bottom: 5px;'>Switching fabric: 36 Gbps<\/li>\n<\/ul><\/div>\n<div style='flex: 1 1 300px; min-width: 280px;'>\n<h3 style='font-size: 22px; border-bottom: 2px solid currentColor; padding-bottom: 5px; margin-top: 0; color: inherit; opacity: 0.8;'>PoE<\/h3>\n<ul style='padding-left: 20px; font-size: 15px; color: inherit;'>\n<li style='margin-bottom: 5px;'>IEEE 802.3af Power Over Ethernet (PoE) hasta 15.4 W por puerto<\/li>\n<li style='margin-bottom: 5px;'>IEEE 802.3at Power Over Ethernet plus (PoE+) hasta 30 W por puerto<\/li>\n<li style='margin-bottom: 5px;'>Potencia total: 247 W<\/li>\n<\/ul><\/div>\n<div style='flex: 1 1 300px; min-width: 280px;'>\n<h3 style='font-size: 22px; border-bottom: 2px solid currentColor; padding-bottom: 5px; margin-top: 0; color: inherit; opacity: 0.8;'>Sistema Operativo<\/h3>\n<ul style='padding-left: 20px; font-size: 15px; color: inherit;'>\n<li style='margin-bottom: 5px;'>AlliedWare Plus\u2122<\/li>\n<\/ul><\/div>\n<div style='flex: 1 1 300px; min-width: 280px;'>\n<h3 style='font-size: 22px; border-bottom: 2px solid currentColor; padding-bottom: 5px; margin-top: 0; color: inherit; opacity: 0.8;'>Administraci\u00f3n<\/h3>\n<ul style='padding-left: 20px; font-size: 15px; color: inherit;'>\n<li style='margin-bottom: 5px;'>Interfaz de l\u00ednea de comandos (CLI)<\/li>\n<li style='margin-bottom: 5px;'>Interfaz gr\u00e1fica de usuario (GUI)<\/li>\n<li style='margin-bottom: 5px;'>Telnet<\/li>\n<li style='margin-bottom: 5px;'>SSH<\/li>\n<li style='margin-bottom: 5px;'>Monitoreo SNMP v1&comma; v2c &#038; v3<\/li>\n<\/ul><\/div>\n<div style='flex: 1 1 300px; min-width: 280px;'>\n<h3 style='font-size: 22px; border-bottom: 2px solid currentColor; padding-bottom: 5px; margin-top: 0; color: inherit; opacity: 0.8;'>Caracter\u00edsticas<\/h3>\n<ul style='padding-left: 20px; font-size: 15px; color: inherit;'>\n<li style='margin-bottom: 5px;'>Access Control Lists (ACLs) basadas en Capa 2&comma; 3 y 4<\/li>\n<li style='margin-bottom: 5px;'>Caracter\u00edsticas de IPv6<\/li>\n<li style='margin-bottom: 5px;'>Eco-friendly con el medio ambiente<\/li>\n<li style='margin-bottom: 5px;'>Soporte de autenticaci\u00f3n IEEE 802.1x \/ MAC \/ Web<\/li>\n<li style='margin-bottom: 5px;'>Soporte de Multicast &#8211; IGMP snooping (IGMPv1&comma; v2 and v3)<\/li>\n<li style='margin-bottom: 5px;'>Storm protection<\/li>\n<li style='margin-bottom: 5px;'>Bridge Protocol Data Unit (BPDU) protection<\/li>\n<li style='margin-bottom: 5px;'>Tri-authentication<\/li>\n<\/ul><\/div>\n<div style='flex: 1 1 300px; min-width: 280px;'>\n<h3 style='font-size: 22px; border-bottom: 2px solid currentColor; padding-bottom: 5px; margin-top: 0; color: inherit; opacity: 0.8;'>QoS (Quality of Service)<\/h3>\n<ul style='padding-left: 20px; font-size: 15px; color: inherit;'>\n<li style='margin-bottom: 5px;'>Ocho colas de prioridad<\/li>\n<li style='margin-bottom: 5px;'>Limite de ancho de banda por puerto<\/li>\n<li style='margin-bottom: 5px;'>Clasificaci\u00f3n de tr\u00e1fico con baja latencia<\/li>\n<\/ul><\/div>\n<div style='flex: 1 1 300px; min-width: 280px;'>\n<h3 style='font-size: 22px; border-bottom: 2px solid currentColor; padding-bottom: 5px; margin-top: 0; color: inherit; opacity: 0.8;'>Caracter\u00edsticas de redundancia<\/h3>\n<ul style='padding-left: 20px; font-size: 15px; color: inherit;'>\n<li style='margin-bottom: 5px;'>Ethernet Protection Switched Ring (EPSRing)<\/li>\n<li style='margin-bottom: 5px;'>Loop protection<\/li>\n<li style='margin-bottom: 5px;'>Link Aggregation<\/li>\n<li style='margin-bottom: 5px;'>Spanning Tree Protocol (STP)<\/li>\n<li style='margin-bottom: 5px;'>Multiple Spanning Tree Protocol (MSTP)<\/li>\n<li style='margin-bottom: 5px;'>Rapid Spanning Tree Protocol (RSTP)<\/li>\n<\/ul><\/div>\n<div style='flex: 1 1 300px; min-width: 280px;'>\n<h3 style='font-size: 22px; border-bottom: 2px solid currentColor; padding-bottom: 5px; margin-top: 0; color: inherit; opacity: 0.8;'>Funciones de capa 3 soportadas<\/h3>\n<ul style='padding-left: 20px; font-size: 15px; color: inherit;'>\n<li style='margin-bottom: 5px;'>Ruteo est\u00e1tico<\/li>\n<li style='margin-bottom: 5px;'>RIP<\/li>\n<\/ul><\/div>\n<div style='flex: 1 1 300px; min-width: 280px;'>\n<h3 style='font-size: 22px; border-bottom: 2px solid currentColor; padding-bottom: 5px; margin-top: 0; color: inherit; opacity: 0.8;'>Caracter\u00edsticas f\u00edsicas y el\u00e9ctricas<\/h3>\n<ul style='padding-left: 20px; font-size: 15px; color: inherit;'>\n<li style='margin-bottom: 5px;'>Alimentaci\u00f3n: 100-240 VAC&comma; 50-60 Hz&comma; 2.4 A<\/li>\n<li style='margin-bottom: 5px;'>Dimensiones: 1 U Rack&comma; 44 x 231 x 341 mm<\/li>\n<li style='margin-bottom: 5px;'>Peso: 3.0 kg<\/li>\n<li style='margin-bottom: 5px;'>Temperatura de operaci\u00f3n: 0 a 50\u00b0 C<\/li>\n<\/ul><\/div>\n<div style='flex: 1 1 300px; min-width: 280px;'>\n<h3 style='font-size: 22px; border-bottom: 2px solid currentColor; padding-bottom: 5px; margin-top: 0; color: inherit; opacity: 0.8;'>Garant\u00eda<\/h3>\n<ul style='padding-left: 20px; font-size: 15px; color: inherit;'>\n<li style='margin-bottom: 5px;'>1 A\u00f1o<\/li>\n<\/ul><\/div>\n<\/p><\/div>\n<p> <!-- Panel Frontal --> <\/p>\n<div style='text-align: center; margin: 30px 0;'>\n<h3 style='font-size: 18px; margin-bottom: 15px; color: inherit; opacity: 0.8;'>Panel Frontal del switch GS970M\/18PS<\/h3>\n<p> <img style='width: 100%; max-width: 825px; height: auto; border: 1px solid rgba(150&comma;150&comma;150&comma;0.3); border-radius: 8px;' src='https:\/\/ftp3.syscom.mx\/usuarios\/adiaz\/AlliedTelesis\/GS970M\/GS970M18PS.png' alt='Panel Frontal del switch GS970M\/18PS'> <\/div>\n<p> <!-- Separador final --> <\/p>\n<hr style='border: 0; border-top: 1px solid rgba(150&comma; 150&comma; 150&comma; 0.3); margin: 30px 0;'> <\/div>\n","protected":false},"excerpt":{"rendered":"<p>Switch PoE+ Administrable CentreCOM GS970M, Capa 3 de 16 Puertos 10\/100\/1000 Mbps + 2 SFP Gigabit, 247 W<\/p>\n","protected":false},"featured_media":114384,"comment_status":"open","ping_status":"closed","template":"","meta":[],"product_brand":[],"product_cat":[1986],"product_tag":[1995,664,1987],"class_list":{"0":"post-114385","1":"product","2":"type-product","3":"status-publish","4":"has-post-thumbnail","6":"product_cat-switches-poe","7":"product_tag-allied-telesis","8":"product_tag-networking","9":"product_tag-switches-poe","11":"first","12":"instock","13":"sale","14":"shipping-taxable","15":"purchasable","16":"product-type-simple"},"_links":{"self":[{"href":"https:\/\/soydeaqui.ddns.net\/pachuca\/index.php\/wp-json\/wp\/v2\/product\/114385","targetHints":{"allow":["GET"]}}],"collection":[{"href":"https:\/\/soydeaqui.ddns.net\/pachuca\/index.php\/wp-json\/wp\/v2\/product"}],"about":[{"href":"https:\/\/soydeaqui.ddns.net\/pachuca\/index.php\/wp-json\/wp\/v2\/types\/product"}],"replies":[{"embeddable":true,"href":"https:\/\/soydeaqui.ddns.net\/pachuca\/index.php\/wp-json\/wp\/v2\/comments?post=114385"}],"wp:featuredmedia":[{"embeddable":true,"href":"https:\/\/soydeaqui.ddns.net\/pachuca\/index.php\/wp-json\/wp\/v2\/media\/114384"}],"wp:attachment":[{"href":"https:\/\/soydeaqui.ddns.net\/pachuca\/index.php\/wp-json\/wp\/v2\/media?parent=114385"}],"wp:term":[{"taxonomy":"product_brand","embeddable":true,"href":"https:\/\/soydeaqui.ddns.net\/pachuca\/index.php\/wp-json\/wp\/v2\/product_brand?post=114385"},{"taxonomy":"product_cat","embeddable":true,"href":"https:\/\/soydeaqui.ddns.net\/pachuca\/index.php\/wp-json\/wp\/v2\/product_cat?post=114385"},{"taxonomy":"product_tag","embeddable":true,"href":"https:\/\/soydeaqui.ddns.net\/pachuca\/index.php\/wp-json\/wp\/v2\/product_tag?post=114385"}],"curies":[{"name":"wp","href":"https:\/\/api.w.org\/{rel}","templated":true}]}}