{"id":11437,"date":"2026-03-18T07:49:45","date_gmt":"2026-03-18T07:49:45","guid":{"rendered":"https:\/\/soydeaqui.ddns.net\/pachuca\/index.php\/producto\/kit-de-herramienta-lightbow-para-terminacin-de-conectores-de-fibra-ptica-pre-pulidos-lc-sc-monomodo-o-multimodo\/"},"modified":"2026-03-18T07:49:48","modified_gmt":"2026-03-18T07:49:48","slug":"kit-de-herramienta-lightbow-para-terminacin-de-conectores-de-fibra-ptica-pre-pulidos-lc-sc-monomodo-o-multimodo","status":"publish","type":"product","link":"https:\/\/soydeaqui.ddns.net\/pachuca\/index.php\/producto\/kit-de-herramienta-lightbow-para-terminacin-de-conectores-de-fibra-ptica-pre-pulidos-lc-sc-monomodo-o-multimodo\/","title":{"rendered":"Kit de Herramienta LightBow para Terminaci?n de Conectores de Fibra ?ptica Pre-Pulidos LC\/SC, Monomodo o Multimodo"},"content":{"rendered":"<div style='width: 100%; max-width: 1200px; margin: 0 auto; font-family: sans-serif; line-height: 1.6; color: inherit; background-color: transparent;'>\n<div style='display: flex; flex-wrap: wrap; gap: 30px; margin-bottom: 30px;'>\n<div style='flex: 1 1 300px; min-width: 280px;'>\n<h3 style='font-size: 22px; border-bottom: 2px solid currentColor; padding-bottom: 5px; margin-top: 0; color: inherit; opacity: 0.8;'>Sistema de Conectores Pre-Pulidos SC \/ LC<\/h3>\n<p style='font-size: 15px; color: inherit;'>El sistema de conectores de empalme mec\u00e1nico mas rentable del mercado&comma; reduce la mitad del tiempo de terminaci\u00f3n con un proceso r\u00e1pido y efectivo. Rendimiento y confiabilidad mejorado para conectores LC\/SC en fibra \u00f3ptica Monomodo y Multimodo.<\/p>\n<div style='margin: 30px 0;'> <img style='width: 100%; height: auto; border: 1px solid rgba(150&comma;150&comma;150&comma;0.3); border-radius: 8px;' src='https:\/\/ftp3.syscom.mx\/usuarios\/fotos\/FTLBKIT\/89135-foto1.jpeg' alt='' \/> <\/div>\n<div style='margin: 30px 0;'> <img style='width: 100%; height: auto; border: 1px solid rgba(150&comma;150&comma;150&comma;0.3); border-radius: 8px;' src='https:\/\/ftp3.syscom.mx\/usuarios\/ftp\/single_page\/conectores-lightbow\/Conectores-LightBow.png' alt='' \/> <\/div>\n<\/p><\/div>\n<div style='flex: 1 1 300px; min-width: 280px;'>\n<div style='display: flex; flex-direction: column; gap: 20px;'>\n<div style='border: 1px solid rgba(150&comma; 150&comma; 150&comma; 0.4); border-radius: 8px; overflow: hidden;'>\n<div style='padding: 15px; border-bottom: 1px solid rgba(150&comma; 150&comma; 150&comma; 0.2); font-weight: bold; font-size: 18px; color: inherit;'>Rendimiento \u00d3ptico de Conectores<\/div>\n<div style='padding: 15px; color: inherit;'>\n<h4 style='margin-top: 0; font-size: 16px; color: inherit;'>P\u00e9rdida de Inserci\u00f3n (t\u00edpico):<\/h4>\n<ul style='padding-left: 20px; margin: 0; font-size: 14px; list-style-type: disc;'>\n<li style='margin-bottom: 5px;'>MM: 0.20dB<\/li>\n<li style='margin-bottom: 5px;'>SM: UPC 0.20dB<\/li>\n<li style='margin-bottom: 5px;'>SM: APC 0.30dB<\/li>\n<\/ul>\n<h4 style='margin-top: 20px; font-size: 16px; color: inherit;'>P\u00e9rdida de Retorno (t\u00edpico):<\/h4>\n<ul style='padding-left: 20px; margin: 0; font-size: 14px; list-style-type: disc;'>\n<li style='margin-bottom: 5px;'>MM: -37 dB<\/li>\n<li style='margin-bottom: 5px;'>SM: UPC -55dB<\/li>\n<li style='margin-bottom: 5px;'>SM: APC<\/li>\n<li style='margin-bottom: 5px;'>60 DB para 1310 nm<\/li>\n<li style='margin-bottom: 5px;'>65dB Para 1550 nm<\/li>\n<\/ul><\/div>\n<\/p><\/div>\n<div style='border: 1px solid rgba(150&comma; 150&comma; 150&comma; 0.4); border-radius: 8px; overflow: hidden;'>\n<div style='padding: 15px; border-bottom: 1px solid rgba(150&comma; 150&comma; 150&comma; 0.2); font-weight: bold; font-size: 18px; color: inherit;'>Informaci\u00f3n Adicional<\/div>\n<div style='padding: 15px; color: inherit;'>\n<p style='margin: 0; font-size: 14px; color: inherit;'><strong>*La l\u00ednea de productos LightBow\u2122 es la sustituci\u00f3n de la l\u00ednea de productos XLR8\u2122.<\/strong><\/p>\n<\/p><\/div>\n<\/p><\/div>\n<\/p><\/div>\n<\/p><\/div>\n<\/p><\/div>\n<div style='margin: 30px 0;'>\n<div style='position: relative; padding-bottom: 56.25%; height: 0; overflow: hidden; margin-bottom: 30px;'>   <\/div>\n<\/p><\/div>\n<hr style='border: 0; border-top: 1px solid rgba(150&comma; 150&comma; 150&comma; 0.3); margin: 30px 0;'> <\/div>\n","protected":false},"excerpt":{"rendered":"<p>Kit de Herramienta LightBow para Terminaci?n de Conectores de Fibra ?ptica Pre-Pulidos LC\/SC, Monomodo o Multimodo<\/p>\n","protected":false},"featured_media":11436,"comment_status":"open","ping_status":"closed","template":"","meta":[],"product_brand":[],"product_cat":[636],"product_tag":[611,25,600],"class_list":{"0":"post-11437","1":"product","2":"type-product","3":"status-publish","4":"has-post-thumbnail","6":"product_cat-herramientas-fibra-optica","7":"product_tag-fibra-optica","8":"product_tag-herramientas","9":"product_tag-siemon","11":"first","12":"outofstock","13":"sale","14":"shipping-taxable","15":"purchasable","16":"product-type-simple"},"_links":{"self":[{"href":"https:\/\/soydeaqui.ddns.net\/pachuca\/index.php\/wp-json\/wp\/v2\/product\/11437","targetHints":{"allow":["GET"]}}],"collection":[{"href":"https:\/\/soydeaqui.ddns.net\/pachuca\/index.php\/wp-json\/wp\/v2\/product"}],"about":[{"href":"https:\/\/soydeaqui.ddns.net\/pachuca\/index.php\/wp-json\/wp\/v2\/types\/product"}],"replies":[{"embeddable":true,"href":"https:\/\/soydeaqui.ddns.net\/pachuca\/index.php\/wp-json\/wp\/v2\/comments?post=11437"}],"wp:featuredmedia":[{"embeddable":true,"href":"https:\/\/soydeaqui.ddns.net\/pachuca\/index.php\/wp-json\/wp\/v2\/media\/11436"}],"wp:attachment":[{"href":"https:\/\/soydeaqui.ddns.net\/pachuca\/index.php\/wp-json\/wp\/v2\/media?parent=11437"}],"wp:term":[{"taxonomy":"product_brand","embeddable":true,"href":"https:\/\/soydeaqui.ddns.net\/pachuca\/index.php\/wp-json\/wp\/v2\/product_brand?post=11437"},{"taxonomy":"product_cat","embeddable":true,"href":"https:\/\/soydeaqui.ddns.net\/pachuca\/index.php\/wp-json\/wp\/v2\/product_cat?post=11437"},{"taxonomy":"product_tag","embeddable":true,"href":"https:\/\/soydeaqui.ddns.net\/pachuca\/index.php\/wp-json\/wp\/v2\/product_tag?post=11437"}],"curies":[{"name":"wp","href":"https:\/\/api.w.org\/{rel}","templated":true}]}}