{"id":114337,"date":"2026-03-20T23:30:50","date_gmt":"2026-03-20T23:30:50","guid":{"rendered":"https:\/\/soydeaqui.ddns.net\/pachuca\/index.php\/producto\/adaptador-mini-displayport-a-hdmi-soporta-resolucion-4k\/"},"modified":"2026-03-20T23:30:52","modified_gmt":"2026-03-20T23:30:52","slug":"adaptador-mini-displayport-a-hdmi-soporta-resolucion-4k","status":"publish","type":"product","link":"https:\/\/soydeaqui.ddns.net\/pachuca\/index.php\/producto\/adaptador-mini-displayport-a-hdmi-soporta-resolucion-4k\/","title":{"rendered":"Adaptador Mini DisplayPort a HDMI \/ Soporta Resoluci\u00f3n 4K"},"content":{"rendered":"<div style='width: 100%; max-width: 1200px; margin: 0 auto; font-family: sans-serif; line-height: 1.6; color: inherit; background-color: transparent;'> <!-- Secci\u00f3n de descripci\u00f3n principal --> <\/p>\n<div style='margin-bottom: 30px;'>\n<p style='font-size: 15px; color: inherit; margin-bottom: 15px;'>Adaptador Mini DisplayPort a HDMI&comma; soporta 4K a 60Hz.<\/p>\n<p style='font-size: 15px; color: inherit; margin-bottom: 15px;'>El adaptador Mini DisplayPort a HDMI le permite enviar video y audio HDMI desde un dispositivo con salida Mini DisplayPort&comma; compatible con Ultra HD 4k a 60HZ.<\/p>\n<p style='font-size: 15px; color: inherit; margin-bottom: 15px;'>Aproveche al m\u00e1ximo las capacidades de video integradas en su conexi\u00f3n Mini DisplayPort&comma; a fin de ofrecer la asombrosa calidad de im\u00e1genes UHD a su pantalla 4K 60Hz&comma; esto facilita el trabajo multitarea&comma; ya que se utilizan varios monitores para trabajar con aplicaciones que requieren un uso intensivo de recurso.<\/p>\n<p style='font-size: 15px; color: inherit; margin-bottom: 15px;'>A diferencia de muchos adaptadores 4K Mini DisplayPort a HDMI que son compatibles solo con frecuencias de barrido de 30Hz&comma; este adaptador funciona con pantallas HDMI 2.0 que ofrecen resoluciones de salida de hasta 3840 x 2160p a 60Hz. La compatibilidad con HDMI 2.0 significa que este adaptador es compatible con un ancho de banda de hasta 18Gbps&comma; lo cual lo convierte en la soluci\u00f3n ideal para tareas de alta resoluci\u00f3n&comma; como la edici\u00f3n de video 4K.<\/p>\n<\/p><\/div>\n<p> <!-- Secci\u00f3n de especificaciones --> <\/p>\n<div style='display: flex; flex-wrap: wrap; gap: 20px;'>\n<div style='flex: 1 1 250px; border: 1px solid rgba(150&comma; 150&comma; 150&comma; 0.4); border-radius: 8px; overflow: hidden; display: flex; flex-direction: column;'>\n<div style='padding: 15px; border-bottom: 1px solid rgba(150&comma; 150&comma; 150&comma; 0.2); font-weight: bold; font-size: 18px; color: inherit;'>Especificaciones T\u00e9cnicas<\/div>\n<div style='padding: 15px; color: inherit;'>\n<ul style='padding-left: 20px; margin: 0; font-size: 14px; list-style-type: disc;'>\n<li style='margin-bottom: 5px;'>Adaptador activo<\/li>\n<li style='margin-bottom: 5px;'>Env\u00edo de audio<\/li>\n<li style='margin-bottom: 5px;'><strong>Est\u00e1ndares:<\/strong>\n<ul style='padding-left: 20px; margin: 5px 0;'>\n<li style='margin-bottom: 3px;'>DPCP<\/li>\n<li style='margin-bottom: 3px;'>HDCP 2.2<\/li>\n<li style='margin-bottom: 3px;'>DisplayPort 1.2<\/li>\n<li style='margin-bottom: 3px;'>HDMI 2.0<\/li>\n<\/ul>\n<\/li>\n<li style='margin-bottom: 5px;'>Resoluci\u00f3n m\u00e1xima 4K x 2K a 60Hz<\/li>\n<li style='margin-bottom: 5px;'><strong>Conectores:<\/strong>\n<ul style='padding-left: 20px; margin: 5px 0;'>\n<li style='margin-bottom: 3px;'>1 Mini DisplayPort macho<\/li>\n<li style='margin-bottom: 3px;'>1 HDMI hembra<\/li>\n<\/ul>\n<\/li>\n<li style='margin-bottom: 5px;'>Temperatura de operaci\u00f3n 5\u00b0 a 32\u00b0C<\/li>\n<li style='margin-bottom: 5px;'>Longitud del cable 148mm<\/li>\n<\/ul><\/div>\n<\/p><\/div>\n<\/p><\/div>\n<p> <!-- Separador --> <\/p>\n<hr style='border: 0; border-top: 1px solid rgba(150&comma; 150&comma; 150&comma; 0.3); margin: 30px 0;'> <\/div>\n","protected":false},"excerpt":{"rendered":"<p>Adaptador Mini DisplayPort a HDMI \/ Soporta Resoluci\u00f3n 4K<\/p>\n","protected":false},"featured_media":114336,"comment_status":"open","ping_status":"closed","template":"","meta":[],"product_brand":[],"product_cat":[2130],"product_tag":[488,63,2131],"class_list":{"0":"post-114337","1":"product","2":"type-product","3":"status-publish","4":"has-post-thumbnail","6":"product_cat-vga-dvi-hdmi","7":"product_tag-cables-y-conectores","8":"product_tag-syscom","9":"product_tag-vga-dvi-hdmi","11":"first","12":"outofstock","13":"sale","14":"shipping-taxable","15":"purchasable","16":"product-type-simple"},"_links":{"self":[{"href":"https:\/\/soydeaqui.ddns.net\/pachuca\/index.php\/wp-json\/wp\/v2\/product\/114337","targetHints":{"allow":["GET"]}}],"collection":[{"href":"https:\/\/soydeaqui.ddns.net\/pachuca\/index.php\/wp-json\/wp\/v2\/product"}],"about":[{"href":"https:\/\/soydeaqui.ddns.net\/pachuca\/index.php\/wp-json\/wp\/v2\/types\/product"}],"replies":[{"embeddable":true,"href":"https:\/\/soydeaqui.ddns.net\/pachuca\/index.php\/wp-json\/wp\/v2\/comments?post=114337"}],"wp:featuredmedia":[{"embeddable":true,"href":"https:\/\/soydeaqui.ddns.net\/pachuca\/index.php\/wp-json\/wp\/v2\/media\/114336"}],"wp:attachment":[{"href":"https:\/\/soydeaqui.ddns.net\/pachuca\/index.php\/wp-json\/wp\/v2\/media?parent=114337"}],"wp:term":[{"taxonomy":"product_brand","embeddable":true,"href":"https:\/\/soydeaqui.ddns.net\/pachuca\/index.php\/wp-json\/wp\/v2\/product_brand?post=114337"},{"taxonomy":"product_cat","embeddable":true,"href":"https:\/\/soydeaqui.ddns.net\/pachuca\/index.php\/wp-json\/wp\/v2\/product_cat?post=114337"},{"taxonomy":"product_tag","embeddable":true,"href":"https:\/\/soydeaqui.ddns.net\/pachuca\/index.php\/wp-json\/wp\/v2\/product_tag?post=114337"}],"curies":[{"name":"wp","href":"https:\/\/api.w.org\/{rel}","templated":true}]}}