{"id":114313,"date":"2026-03-20T23:29:30","date_gmt":"2026-03-20T23:29:30","guid":{"rendered":"https:\/\/soydeaqui.ddns.net\/pachuca\/index.php\/producto\/servidor-nas-de-escritorio-con-2-bahias-hasta-24-tb-hasta-6gb-ram-hasta-25-camaras\/"},"modified":"2026-03-20T23:29:44","modified_gmt":"2026-03-20T23:29:44","slug":"servidor-nas-de-escritorio-con-2-bahias-hasta-24-tb-hasta-6gb-ram-hasta-25-camaras","status":"publish","type":"product","link":"https:\/\/soydeaqui.ddns.net\/pachuca\/index.php\/producto\/servidor-nas-de-escritorio-con-2-bahias-hasta-24-tb-hasta-6gb-ram-hasta-25-camaras\/","title":{"rendered":"Servidor NAS de escritorio con 2 bah\u00edas \/ Hasta 24 TB \/ Hasta 6GB RAM \/ Hasta 25 c\u00e1maras"},"content":{"rendered":"<div style='width: 100%; max-width: 1200px; margin: 0 auto; font-family: sans-serif; line-height: 1.6; color: inherit; background-color: transparent;'> <!-- Banner de garant\u00eda --> <\/p>\n<div style='margin-bottom: 30px;'> <a href='https:\/\/ftp3.syscom.mx\/usuarios\/ftp\/2018\/10\/17\/be9cb\/PROCEDIMIENTO%20GARANTIA%20SYNOLOGY.pdf' style='text-decoration: none;'> <img style='width: 100%; height: auto; border: 1px solid rgba(150&comma;150&comma;150&comma;0.3); border-radius: 8px;' src='https:\/\/ftp3.syscom.mx\/usuarios\/nortega\/synology\/imagenes\/cintillo%20garantia.jpg' alt=''> <\/a> <\/div>\n<p> <!-- Descripci\u00f3n principal --> <\/p>\n<div style='margin-bottom: 30px;'>\n<p style='font-size: 16px; margin-bottom: 15px;'>Un vers\u00e1til NAS de 2 bah\u00edas de nivel b\u00e1sico para almacenamiento dom\u00e9stico y personal en la nube<\/p>\n<p style='font-size: 16px; margin-bottom: 15px;'><strong>Un servidor de almacenamiento dom\u00e9stico econ\u00f3mico<\/strong><\/p>\n<p style='font-size: 16px; margin-bottom: 15px;'>Realice una copia de seguridad de todos sus activos digitales con Synology DS218PLUS&comma; un potente NAS de 2 bah\u00edas con transmisi\u00f3n de datos r\u00e1pida y bajo consumo de energ\u00eda&comma; dise\u00f1ado para usuarios dom\u00e9sticos.<\/p>\n<\/p><\/div>\n<p> <!-- Secciones de especificaciones --> <\/p>\n<div style='display: flex; flex-wrap: wrap; gap: 30px; margin-bottom: 30px;'> <!-- Procesador --> <\/p>\n<div style='flex: 1 1 300px; min-width: 280px;'>\n<h3 style='font-size: 22px; border-bottom: 2px solid currentColor; padding-bottom: 5px; margin-top: 0; color: inherit; opacity: 0.8;'>Procesador<\/h3>\n<ul style='padding-left: 20px; font-size: 15px; color: inherit;'>\n<li style='margin-bottom: 5px;'><strong>Modelo:<\/strong> Intel Celeron j3355<\/li>\n<li style='margin-bottom: 5px;'><strong>Arquitectura:<\/strong> 64-bit<\/li>\n<li style='margin-bottom: 5px;'><strong>Frecuencia:<\/strong> Dual Core 2.5 GHz<\/li>\n<li style='margin-bottom: 5px;'><strong>Memoria RAM:<\/strong> 2 GB DDR3L (hasta 6 GB)<\/li>\n<\/ul><\/div>\n<p> <!-- Almacenamiento --> <\/p>\n<div style='flex: 1 1 300px; min-width: 280px;'>\n<h3 style='font-size: 22px; border-bottom: 2px solid currentColor; padding-bottom: 5px; margin-top: 0; color: inherit; opacity: 0.8;'>Almacenamiento<\/h3>\n<ul style='padding-left: 20px; font-size: 15px; color: inherit;'>\n<li style='margin-bottom: 5px;'>2 Bah\u00edas para Discos Duros*<\/li>\n<li style='margin-bottom: 5px;'>Soporta discos duros HDD\/SSD de 3.5\u201d&comma; (Opcional) 2.5\u201d. SATA III y SATA II<\/li>\n<li style='margin-bottom: 5px;'>Soporta discos duros de hasta 12TB<\/li>\n<\/ul><\/div>\n<p> <!-- Videovigilancia --> <\/p>\n<div style='flex: 1 1 300px; min-width: 280px;'>\n<h3 style='font-size: 22px; border-bottom: 2px solid currentColor; padding-bottom: 5px; margin-top: 0; color: inherit; opacity: 0.8;'>Videovigilancia<\/h3>\n<ul style='padding-left: 20px; font-size: 15px; color: inherit;'>\n<li style='margin-bottom: 5px;'>Soporta hasta 25 c\u00e1maras (incluye 2 licencias)<\/li>\n<li style='margin-bottom: 5px;'>Soporta c\u00e1maras hasta 4K <a href='https:\/\/www.synology.com\/es-mx\/compatibility\/camera' target='_blank' rel='noopener' style='color: inherit; text-decoration: underline;'>(ver listado de compatibilidad)<\/a><\/li>\n<\/ul><\/div>\n<p> <!-- Cuadros por segundo H.264 --> <\/p>\n<div style='flex: 1 1 300px; min-width: 280px;'>\n<h4 style='font-size: 18px; margin-top: 0; color: inherit; opacity: 0.8;'>Cuadros por segundo totales con H.264<\/h4>\n<ul style='padding-left: 20px; font-size: 15px; color: inherit;'>\n<li style='margin-bottom: 5px;'>750 FPS @ 720p (1280&#215;720)<\/li>\n<li style='margin-bottom: 5px;'>600 FPS @ 1080p (1920\u00d71080)<\/li>\n<li style='margin-bottom: 5px;'>350 FPS @ 3M (2048&#215;1536)<\/li>\n<li style='margin-bottom: 5px;'>250 FPS @ 5M (2591&#215;1944)<\/li>\n<li style='margin-bottom: 5px;'>120 FPS @ 4K (3840&#215;2160)<\/li>\n<\/ul><\/div>\n<p> <!-- Cuadros por segundo H.265 --> <\/p>\n<div style='flex: 1 1 300px; min-width: 280px;'>\n<h4 style='font-size: 18px; margin-top: 0; color: inherit; opacity: 0.8;'>Cuadros por segundo totales con H.265<\/h4>\n<ul style='padding-left: 20px; font-size: 15px; color: inherit;'>\n<li style='margin-bottom: 5px;'>750 FPS @ 720p (1280&#215;720)<\/li>\n<li style='margin-bottom: 5px;'>750 FPS @ 1080p (1920\u00d71080)<\/li>\n<li style='margin-bottom: 5px;'>450 FPS @ 3M (2048&#215;1536)<\/li>\n<li style='margin-bottom: 5px;'>250 FPS @ 5M (2591&#215;1944)<\/li>\n<li style='margin-bottom: 5px;'>200 FPS @ 4K (3840&#215;2160)<\/li>\n<\/ul><\/div>\n<p> <!-- Cuadros por segundo MJPEG --> <\/p>\n<div style='flex: 1 1 300px; min-width: 280px;'>\n<h4 style='font-size: 18px; margin-top: 0; color: inherit; opacity: 0.8;'>Cuadros por segundo totales con MJPEG<\/h4>\n<ul style='padding-left: 20px; font-size: 15px; color: inherit;'>\n<li style='margin-bottom: 5px;'>450 FPS @ 720p (1280&#215;720)<\/li>\n<li style='margin-bottom: 5px;'>250 FPS @ 1080p (1920\u00d71080)<\/li>\n<li style='margin-bottom: 5px;'>160 FPS @ 3M (2048&#215;1536)<\/li>\n<li style='margin-bottom: 5px;'>130 FPS @ 5M (2591&#215;1944)<\/li>\n<\/ul><\/div>\n<p> <!-- Caracter\u00edsticas adicionales --> <\/p>\n<div style='flex: 1 1 300px; min-width: 280px;'>\n<h3 style='font-size: 22px; border-bottom: 2px solid currentColor; padding-bottom: 5px; margin-top: 0; color: inherit; opacity: 0.8;'>Caracter\u00edsticas adicionales<\/h3>\n<ul style='padding-left: 20px; font-size: 15px; color: inherit;'>\n<li style='margin-bottom: 5px;'>Grabe directamente desde su celular (iOS) con la aplicaci\u00f3n LiveCam&comma; sin necesidad de abrir puertos ni tener IP P\u00fablica Fija<\/li>\n<li style='margin-bottom: 5px;'><strong>Puertos:<\/strong><\/li>\n<ul style='padding-left: 20px; margin-top: 5px; margin-bottom: 5px; font-size: 15px; color: inherit;'>\n<li style='margin-bottom: 5px;'>1 Puerto RJ45 Gigabit<\/li>\n<li style='margin-bottom: 5px;'>2 Puertos USB 3.0<\/li>\n<\/ul>\n<li style='margin-bottom: 5px;'><strong>RAID Compatible:<\/strong><\/li>\n<ul style='padding-left: 20px; margin-top: 5px; margin-bottom: 5px; font-size: 15px; color: inherit;'>\n<li style='margin-bottom: 5px;'>Synology Hybrid RAID<\/li>\n<li style='margin-bottom: 5px;'>JBOD<\/li>\n<li style='margin-bottom: 5px;'>RAID 0<\/li>\n<li style='margin-bottom: 5px;'>RAID 1<\/li>\n<\/ul>\n<li style='margin-bottom: 5px;'><strong>Software:<\/strong><\/li>\n<ul style='padding-left: 20px; margin-top: 5px; margin-bottom: 5px; font-size: 15px; color: inherit;'>\n<li style='margin-bottom: 5px;'>Synology DiskStation Manager (DSM) es un elegante sistema operativo basado en navegador&comma; lo que hace que Synology NAS sea muy f\u00e1cil de utilizar<\/li>\n<li style='margin-bottom: 5px;'>Para conocer todas las aplicaciones adicionales (Add-Ons)&comma; como Servidor de Archivos&comma; de correo&comma; FTP&comma; impresi\u00f3n&comma; fotos&comma; videos y muchos m\u00e1s&comma; consulte la Hoja de Especificaciones<\/li>\n<\/ul>\n<\/ul><\/div>\n<p> <!-- Caracter\u00edsticas f\u00edsicas y el\u00e9ctricas --> <\/p>\n<div style='flex: 1 1 300px; min-width: 280px;'>\n<h3 style='font-size: 22px; border-bottom: 2px solid currentColor; padding-bottom: 5px; margin-top: 0; color: inherit; opacity: 0.8;'>Caracter\u00edsticas F\u00edsicas y El\u00e9ctricas<\/h3>\n<ul style='padding-left: 20px; font-size: 15px; color: inherit;'>\n<li style='margin-bottom: 5px;'><strong>Alimentaci\u00f3n:<\/strong> 100 a 240VCA (Incluye fuente de alimentaci\u00f3n)<\/li>\n<li style='margin-bottom: 5px;'><strong>Consumo:<\/strong> 17.57W<\/li>\n<li style='margin-bottom: 5px;'><strong>Temperatura de operaci\u00f3n:<\/strong> 5 a 35 \u00b0C<\/li>\n<li style='margin-bottom: 5px;'><strong>Dimensiones:<\/strong> 165 x 108 x 232.2 mm<\/li>\n<li style='margin-bottom: 5px;'><strong>Peso:<\/strong> 1.3 Kg<\/li>\n<li style='margin-bottom: 5px;'><strong>2 a\u00f1os de Garant\u00eda<\/strong><\/li>\n<\/ul><\/div>\n<p> <!-- Imagen de LiveCam --> <\/p>\n<div style='flex: 1 1 500px; min-width: 300px;'> <img style='width: 100%; height: auto; border: 1px solid rgba(150&comma;150&comma;150&comma;0.3); border-radius: 8px;' src='https:\/\/ftp3.syscom.mx\/usuarios\/nortega\/synology\/imagenes\/surveillance\/livecam.jpg' alt=''> <\/div>\n<p> <!-- Selector de NAS --> <\/p>\n<div style='flex: 1 1 100%;'>\n<p style='font-size: 16px; margin-bottom: 15px;'><strong>\u00bfQu\u00e9 servidor NAS es el m\u00e1s adecuado para usted?<\/strong><\/p>\n<p style='font-size: 16px; margin-bottom: 15px;'><a href='https:\/\/www.synology.com\/es-mx\/support\/nas_selector' target='_blank' rel='noopener' style='color: inherit; text-decoration: underline;'>https:\/\/www.synology.com\/es-mx\/support\/nas_selector<\/a><\/p>\n<\/p><\/div>\n<\/p><\/div>\n<p> <!-- Separador final --> <\/p>\n<hr style='border: 0; border-top: 1px solid rgba(150&comma; 150&comma; 150&comma; 0.3); margin: 30px 0;'> <\/div>\n","protected":false},"excerpt":{"rendered":"<p>Servidor NAS de escritorio con 2 bah\u00edas \/ Hasta 24 TB \/ Hasta 6GB RAM \/ Hasta 25 c\u00e1maras<\/p>\n","protected":false},"featured_media":114312,"comment_status":"open","ping_status":"closed","template":"","meta":[],"product_brand":[],"product_cat":[2234],"product_tag":[122,2235,1976],"class_list":{"0":"post-114313","1":"product","2":"type-product","3":"status-publish","4":"has-post-thumbnail","6":"product_cat-nvrs-network-video-recorders","7":"product_tag-camaras-ip-y-nvrs","8":"product_tag-nvrs-network-video-recorders","9":"product_tag-synology","11":"first","12":"outofstock","13":"sale","14":"shipping-taxable","15":"purchasable","16":"product-type-simple"},"_links":{"self":[{"href":"https:\/\/soydeaqui.ddns.net\/pachuca\/index.php\/wp-json\/wp\/v2\/product\/114313","targetHints":{"allow":["GET"]}}],"collection":[{"href":"https:\/\/soydeaqui.ddns.net\/pachuca\/index.php\/wp-json\/wp\/v2\/product"}],"about":[{"href":"https:\/\/soydeaqui.ddns.net\/pachuca\/index.php\/wp-json\/wp\/v2\/types\/product"}],"replies":[{"embeddable":true,"href":"https:\/\/soydeaqui.ddns.net\/pachuca\/index.php\/wp-json\/wp\/v2\/comments?post=114313"}],"wp:featuredmedia":[{"embeddable":true,"href":"https:\/\/soydeaqui.ddns.net\/pachuca\/index.php\/wp-json\/wp\/v2\/media\/114312"}],"wp:attachment":[{"href":"https:\/\/soydeaqui.ddns.net\/pachuca\/index.php\/wp-json\/wp\/v2\/media?parent=114313"}],"wp:term":[{"taxonomy":"product_brand","embeddable":true,"href":"https:\/\/soydeaqui.ddns.net\/pachuca\/index.php\/wp-json\/wp\/v2\/product_brand?post=114313"},{"taxonomy":"product_cat","embeddable":true,"href":"https:\/\/soydeaqui.ddns.net\/pachuca\/index.php\/wp-json\/wp\/v2\/product_cat?post=114313"},{"taxonomy":"product_tag","embeddable":true,"href":"https:\/\/soydeaqui.ddns.net\/pachuca\/index.php\/wp-json\/wp\/v2\/product_tag?post=114313"}],"curies":[{"name":"wp","href":"https:\/\/api.w.org\/{rel}","templated":true}]}}