{"id":114299,"date":"2026-03-20T23:28:39","date_gmt":"2026-03-20T23:28:39","guid":{"rendered":"https:\/\/soydeaqui.ddns.net\/pachuca\/index.php\/producto\/software-de-administracion-para-soluciones-de-videovigilancia-movil-linea-xmr-sere-all-in-one\/"},"modified":"2026-03-20T23:28:41","modified_gmt":"2026-03-20T23:28:41","slug":"software-de-administracion-para-soluciones-de-videovigilancia-movil-linea-xmr-sere-all-in-one","status":"publish","type":"product","link":"https:\/\/soydeaqui.ddns.net\/pachuca\/index.php\/producto\/software-de-administracion-para-soluciones-de-videovigilancia-movil-linea-xmr-sere-all-in-one\/","title":{"rendered":"Software de administraci\u00f3n para soluciones de videovigilancia m\u00f3vil linea XMR sere All in one"},"content":{"rendered":"<div style='width: 100%; max-width: 1200px; margin: 0 auto; font-family: sans-serif; line-height: 1.6; color: inherit; background-color: transparent;'>\n<div style='display: flex; flex-wrap: wrap; gap: 30px; margin-bottom: 30px;'>\n<div style='flex: 1 1 300px; min-width: 280px;'>\n<h3 style='font-size: 22px; border-bottom: 2px solid currentColor; padding-bottom: 5px; margin-top: 0; color: inherit; opacity: 0.8;'>Plataforma Kapok<\/h3>\n<ul style='padding-left: 20px; font-size: 15px; color: inherit;'>\n<li style='margin-bottom: 5px;'>Software de administraci\u00f3n para soluciones de videovigilancia m\u00f3vil l\u00ednea XMR Serie All in one<\/li>\n<li style='margin-bottom: 5px;'>Marca: EPCOM<\/li>\n<li style='margin-bottom: 5px;'>Modelo: KAPOK<\/li>\n<\/ul><\/div>\n<\/p><\/div>\n<div style='display: flex; flex-wrap: wrap; gap: 30px; margin-bottom: 30px;'>\n<div style='flex: 1 1 300px; min-width: 280px;'>\n<h3 style='font-size: 22px; border-bottom: 2px solid currentColor; padding-bottom: 5px; margin-top: 0; color: inherit; opacity: 0.8;'>Caracter\u00edsticas principales<\/h3>\n<ul style='padding-left: 20px; font-size: 15px; color: inherit;'>\n<li style='margin-bottom: 5px;'>Dise\u00f1ado espec\u00edficamente para el sector de monitoreo m\u00f3vil<\/li>\n<li style='margin-bottom: 5px;'>Permite la administraci\u00f3n total de flotillas de veh\u00edculos<\/li>\n<li style='margin-bottom: 5px;'>Ofrece informaci\u00f3n en tiempo real de v\u00eddeo y GPS<\/li>\n<li style='margin-bottom: 5px;'>Notificaciones de eventos mediante entradas de alarma<\/li>\n<li style='margin-bottom: 5px;'>Posibilidad de verificar grabaciones<\/li>\n<\/ul><\/div>\n<div style='flex: 1 1 300px; min-width: 280px;'> <img style='width: 100%; height: auto; border: 1px solid rgba(150&comma;150&comma;150&comma;0.3); border-radius: 8px;' src='http:\/\/ftp3.syscom.mx\/usuarios\/aberumen\/Plataforma%20Kapok.png' alt='Plataforma Kapok'> <\/div>\n<div style='flex: 1 1 300px; min-width: 280px;'> <img style='width: 100%; height: auto; border: 1px solid rgba(150&comma;150&comma;150&comma;0.3); border-radius: 8px;' src='https:\/\/ftp3.syscom.mx\/usuarios\/aberumen\/aberumen\/VideoVigilanciaMovil\/25-09-2017%2010-34-06%20a-%20m-.png' alt='Administraci\u00f3n Kapok'> <\/div>\n<\/p><\/div>\n<div style='display: flex; flex-wrap: wrap; gap: 20px; margin-bottom: 30px;'>\n<div style='flex: 1 1 250px; border: 1px solid rgba(150&comma; 150&comma; 150&comma; 0.4); border-radius: 8px; overflow: hidden; display: flex; flex-direction: column;'>\n<div style='padding: 15px; border-bottom: 1px solid rgba(150&comma; 150&comma; 150&comma; 0.2); font-weight: bold; font-size: 18px; color: inherit;'>Funcionalidades<\/div>\n<div style='padding: 15px; color: inherit;'>\n<ul style='padding-left: 20px; margin: 0; font-size: 14px; list-style-type: disc;'>\n<li style='margin-bottom: 5px;'>Administraci\u00f3n de flotillas vehiculares<\/li>\n<li style='margin-bottom: 5px;'>Monitoreo en tiempo real<\/li>\n<li style='margin-bottom: 5px;'>Sistema integrado de videovigilancia<\/li>\n<li style='margin-bottom: 5px;'>Notificaciones de eventos<\/li>\n<li style='margin-bottom: 5px;'>Verificaci\u00f3n de grabaciones<\/li>\n<\/ul><\/div>\n<\/p><\/div>\n<\/p><\/div>\n<hr style='border: 0; border-top: 1px solid rgba(150&comma; 150&comma; 150&comma; 0.3); margin: 30px 0;'> <\/div>\n","protected":false},"excerpt":{"rendered":"<p>Software de administraci\u00f3n para soluciones de videovigilancia m\u00f3vil linea XMR sere All in one<\/p>\n","protected":false},"featured_media":114298,"comment_status":"open","ping_status":"closed","template":"","meta":[],"product_brand":[],"product_cat":[2333],"product_tag":[935,2263,2334],"class_list":{"0":"post-114299","1":"product","2":"type-product","3":"status-publish","4":"has-post-thumbnail","6":"product_cat-xmr-ceibaii-kapok","7":"product_tag-epcom","8":"product_tag-software-vms-y-analiticas","9":"product_tag-xmr-ceibaii-kapok","11":"first","12":"outofstock","13":"sale","14":"shipping-taxable","15":"purchasable","16":"product-type-simple"},"_links":{"self":[{"href":"https:\/\/soydeaqui.ddns.net\/pachuca\/index.php\/wp-json\/wp\/v2\/product\/114299","targetHints":{"allow":["GET"]}}],"collection":[{"href":"https:\/\/soydeaqui.ddns.net\/pachuca\/index.php\/wp-json\/wp\/v2\/product"}],"about":[{"href":"https:\/\/soydeaqui.ddns.net\/pachuca\/index.php\/wp-json\/wp\/v2\/types\/product"}],"replies":[{"embeddable":true,"href":"https:\/\/soydeaqui.ddns.net\/pachuca\/index.php\/wp-json\/wp\/v2\/comments?post=114299"}],"wp:featuredmedia":[{"embeddable":true,"href":"https:\/\/soydeaqui.ddns.net\/pachuca\/index.php\/wp-json\/wp\/v2\/media\/114298"}],"wp:attachment":[{"href":"https:\/\/soydeaqui.ddns.net\/pachuca\/index.php\/wp-json\/wp\/v2\/media?parent=114299"}],"wp:term":[{"taxonomy":"product_brand","embeddable":true,"href":"https:\/\/soydeaqui.ddns.net\/pachuca\/index.php\/wp-json\/wp\/v2\/product_brand?post=114299"},{"taxonomy":"product_cat","embeddable":true,"href":"https:\/\/soydeaqui.ddns.net\/pachuca\/index.php\/wp-json\/wp\/v2\/product_cat?post=114299"},{"taxonomy":"product_tag","embeddable":true,"href":"https:\/\/soydeaqui.ddns.net\/pachuca\/index.php\/wp-json\/wp\/v2\/product_tag?post=114299"}],"curies":[{"name":"wp","href":"https:\/\/api.w.org\/{rel}","templated":true}]}}