{"id":114288,"date":"2026-03-20T23:28:00","date_gmt":"2026-03-20T23:28:00","guid":{"rendered":"https:\/\/soydeaqui.ddns.net\/pachuca\/index.php\/producto\/gabinete-anti-explosion-ip68-de-acero-inoxidable\/"},"modified":"2026-03-20T23:28:17","modified_gmt":"2026-03-20T23:28:17","slug":"gabinete-anti-explosion-ip68-de-acero-inoxidable","status":"publish","type":"product","link":"https:\/\/soydeaqui.ddns.net\/pachuca\/index.php\/producto\/gabinete-anti-explosion-ip68-de-acero-inoxidable\/","title":{"rendered":"Gabinete Anti-Explosi\u00f3n IP68 de Acero Inoxidable"},"content":{"rendered":"<div style='width: 100%; max-width: 1200px; margin: 0 auto; font-family: sans-serif; line-height: 1.6; color: inherit; background-color: transparent;'>\n<div style='display: flex; flex-wrap: wrap; gap: 30px; margin-bottom: 30px;'>\n<div style='flex: 1 1 300px; min-width: 280px;'>\n<h3 style='font-size: 22px; border-bottom: 2px solid currentColor; padding-bottom: 5px; margin-top: 0; color: inherit; opacity: 0.8;'>Especificaciones mec\u00e1nicas<\/h3>\n<ul style='padding-left: 20px; font-size: 15px; color: inherit;'>\n<li style='margin-bottom: 5px;'>Protecci\u00f3n Anti-Explosi\u00f3n<\/li>\n<li style='margin-bottom: 5px;'><strong>Material:<\/strong> Acero Inoxidable 304<\/li>\n<li style='margin-bottom: 5px;'><strong>Tratamiento de superficie:<\/strong> fluoruro de carbono<\/li>\n<li style='margin-bottom: 5px;'><strong>IP68<\/strong><\/li>\n<li style='margin-bottom: 5px;'><strong>Conexiones<\/strong> G-3\/4\u201d<\/li>\n<li style='margin-bottom: 5px;'><strong>Peso:<\/strong> \u22646kg<\/li>\n<li style='margin-bottom: 5px;'><strong>Dimensiones exteriores:<\/strong> 390mm(L)*140mm(W)145mm(H)<\/li>\n<li style='margin-bottom: 5px;'><strong>Dimensiones interiores:<\/strong> 260mm(L)*75mm(W)75mm(H)<\/li>\n<li style='margin-bottom: 5px;'><strong>Tama\u00f1o de la ventana:<\/strong> \u00f860mm * 8mm (H)<\/li>\n<\/ul><\/div>\n<div style='flex: 1 1 300px; min-width: 280px;'>\n<h3 style='font-size: 22px; border-bottom: 2px solid currentColor; padding-bottom: 5px; margin-top: 0; color: inherit; opacity: 0.8;'>Condiciones de instalaci\u00f3n<\/h3>\n<ul style='padding-left: 20px; font-size: 15px; color: inherit;'>\n<li style='margin-bottom: 5px;'><strong>Rango de temperatura:<\/strong> -30\u00b0C ~ 70\u00b0C<\/li>\n<li style='margin-bottom: 5px;'><strong>Presi\u00f3n atmosf\u00e9rica:<\/strong> 86 ~ 106 kpa<\/li>\n<li style='margin-bottom: 5px;'><strong>Humedad relativa:<\/strong> \u226495%RH(\u00b125\u00b0C)<\/li>\n<\/ul><\/div>\n<\/p><\/div>\n<div style='margin-bottom: 30px;'>\n<h3 style='font-size: 22px; border-bottom: 2px solid currentColor; padding-bottom: 5px; margin-top: 0; color: inherit; opacity: 0.8;'>Instalaci\u00f3n<\/h3>\n<p style='font-size: 15px; color: inherit; margin-bottom: 15px;'> Im\u00e1genes demostrativas de la instalaci\u00f3n con c\u00e1mara <a href='https:\/\/www.syscom.mx\/principal\/searchcont?route=DS-2CD4C36FWD-HIKVISION-137151&#038;autodetect=DS2CD4C36FWD' style='color: inherit; text-decoration: underline;' target='_blank'>DS2CD4C36FWD<\/a> y con el lente <a href='https:\/\/www.syscom.mx\/principal\/searchcont?route=M118VP413IRCS-TAMRON-143716&#038;autodetect=M118VP413IRCS' style='color: inherit; text-decoration: underline;' target='_blank'>M118VP413IRCS<\/a> (No se incluye c\u00e1mara y lente con este producto). <\/p>\n<\/p><\/div>\n<div style='display: flex; flex-wrap: wrap; gap: 20px; justify-content: center;'>\n<div style='flex: 1 1 300px; min-width: 280px;'> <img style='width: 100%; height: auto; border: 1px solid rgba(150&comma;150&comma;150&comma;0.3); border-radius: 8px;' src='https:\/\/ftp3.syscom.mx\/usuarios\/jmolinar\/JonathanMolinar\/Antiexplosion\/SYE901-1.JPG' alt=''> <\/div>\n<div style='flex: 1 1 300px; min-width: 280px;'> <img style='width: 100%; height: auto; border: 1px solid rgba(150&comma;150&comma;150&comma;0.3); border-radius: 8px;' src='https:\/\/ftp3.syscom.mx\/usuarios\/jmolinar\/JonathanMolinar\/Antiexplosion\/SYE901-2.JPG' alt=''> <\/div>\n<div style='flex: 1 1 300px; min-width: 280px;'> <img style='width: 100%; height: auto; border: 1px solid rgba(150&comma;150&comma;150&comma;0.3); border-radius: 8px;' src='https:\/\/ftp3.syscom.mx\/usuarios\/jmolinar\/JonathanMolinar\/Antiexplosion\/SYE901-3.JPG' alt=''> <\/div>\n<div style='flex: 1 1 300px; min-width: 280px;'> <img style='width: 100%; height: auto; border: 1px solid rgba(150&comma;150&comma;150&comma;0.3); border-radius: 8px;' src='https:\/\/ftp3.syscom.mx\/usuarios\/jmolinar\/JonathanMolinar\/Antiexplosion\/SYE901-4.JPG' alt=''> <\/div>\n<div style='flex: 1 1 300px; min-width: 280px;'> <img style='width: 100%; height: auto; border: 1px solid rgba(150&comma;150&comma;150&comma;0.3); border-radius: 8px;' src='https:\/\/ftp3.syscom.mx\/usuarios\/jmolinar\/JonathanMolinar\/Antiexplosion\/SYE901-5.JPG' alt=''> <\/div>\n<div style='flex: 1 1 300px; min-width: 280px;'> <img style='width: 100%; height: auto; border: 1px solid rgba(150&comma;150&comma;150&comma;0.3); border-radius: 8px;' src='https:\/\/ftp3.syscom.mx\/usuarios\/jmolinar\/JonathanMolinar\/Antiexplosion\/SYE901-6.JPG' alt=''> <\/div>\n<\/p><\/div>\n<hr style='border: 0; border-top: 1px solid rgba(150&comma; 150&comma; 150&comma; 0.3); margin: 30px 0;'> <\/div>\n","protected":false},"excerpt":{"rendered":"<p>Gabinete Anti-Explosi\u00f3n IP68 de Acero Inoxidable<\/p>\n","protected":false},"featured_media":114287,"comment_status":"open","ping_status":"closed","template":"","meta":[],"product_brand":[],"product_cat":[2309],"product_tag":[417,2310,939],"class_list":{"0":"post-114288","1":"product","2":"type-product","3":"status-publish","4":"has-post-thumbnail","6":"product_cat-gabinetes-para-camaras","7":"product_tag-accesorios-generales","8":"product_tag-gabinetes-para-camaras","9":"product_tag-syscom-video","11":"first","12":"outofstock","13":"sale","14":"shipping-taxable","15":"purchasable","16":"product-type-simple"},"_links":{"self":[{"href":"https:\/\/soydeaqui.ddns.net\/pachuca\/index.php\/wp-json\/wp\/v2\/product\/114288","targetHints":{"allow":["GET"]}}],"collection":[{"href":"https:\/\/soydeaqui.ddns.net\/pachuca\/index.php\/wp-json\/wp\/v2\/product"}],"about":[{"href":"https:\/\/soydeaqui.ddns.net\/pachuca\/index.php\/wp-json\/wp\/v2\/types\/product"}],"replies":[{"embeddable":true,"href":"https:\/\/soydeaqui.ddns.net\/pachuca\/index.php\/wp-json\/wp\/v2\/comments?post=114288"}],"wp:featuredmedia":[{"embeddable":true,"href":"https:\/\/soydeaqui.ddns.net\/pachuca\/index.php\/wp-json\/wp\/v2\/media\/114287"}],"wp:attachment":[{"href":"https:\/\/soydeaqui.ddns.net\/pachuca\/index.php\/wp-json\/wp\/v2\/media?parent=114288"}],"wp:term":[{"taxonomy":"product_brand","embeddable":true,"href":"https:\/\/soydeaqui.ddns.net\/pachuca\/index.php\/wp-json\/wp\/v2\/product_brand?post=114288"},{"taxonomy":"product_cat","embeddable":true,"href":"https:\/\/soydeaqui.ddns.net\/pachuca\/index.php\/wp-json\/wp\/v2\/product_cat?post=114288"},{"taxonomy":"product_tag","embeddable":true,"href":"https:\/\/soydeaqui.ddns.net\/pachuca\/index.php\/wp-json\/wp\/v2\/product_tag?post=114288"}],"curies":[{"name":"wp","href":"https:\/\/api.w.org\/{rel}","templated":true}]}}