{"id":114265,"date":"2026-03-20T23:26:43","date_gmt":"2026-03-20T23:26:43","guid":{"rendered":"https:\/\/soydeaqui.ddns.net\/pachuca\/index.php\/producto\/dvr-8-canales-4k-turbohd-8-canales-ip-8-megapixel-1-bahia-de-disco-duro-4-canales-de-audio-4-entradas-de-alarma-videoanalisis\/"},"modified":"2026-03-20T23:27:06","modified_gmt":"2026-03-20T23:27:06","slug":"dvr-8-canales-4k-turbohd-8-canales-ip-8-megapixel-1-bahia-de-disco-duro-4-canales-de-audio-4-entradas-de-alarma-videoanalisis","status":"publish","type":"product","link":"https:\/\/soydeaqui.ddns.net\/pachuca\/index.php\/producto\/dvr-8-canales-4k-turbohd-8-canales-ip-8-megapixel-1-bahia-de-disco-duro-4-canales-de-audio-4-entradas-de-alarma-videoanalisis\/","title":{"rendered":"DVR 8 Canales 4K TurboHD + 8 Canales IP\/ 8 Megapixel\/ \/ 1 Bah\u00eda de Disco Duro \/ 4 Canales de Audio \/ 4 Entradas de alarma \/ Videoan\u00e1lisis"},"content":{"rendered":"<div style='width: 100%; max-width: 1200px; margin: 0 auto; font-family: sans-serif; line-height: 1.6; color: inherit; background-color: transparent;'>\n<div style='display: flex; flex-wrap: wrap; gap: 15px; margin-bottom: 30px;'> <img style='width: 100%; height: auto; border: 1px solid rgba(150&comma;150&comma;150&comma;0.3); border-radius: 8px;' src='https:\/\/ftp3.syscom.mx\/usuarios\/fotos\/DS7208HQHIK1\/97560-pentahi.jpg' alt=''> <img style='width: 100%; height: auto; border: 1px solid rgba(150&comma;150&comma;150&comma;0.3); border-radius: 8px;' src='https:\/\/ftp3.syscom.mx\/usuarios\/jsosa\/josesosa\/Imagenes\/menosconsumoh.jpg' alt=''> <\/div>\n<div style='display: grid; grid-template-columns: repeat(auto-fill&comma; minmax(200px&comma; 1fr)); gap: 15px; margin-bottom: 30px;'> <img style='width: 100%; height: auto; border: 1px solid rgba(150&comma;150&comma;150&comma;0.3); border-radius: 8px;' src='https:\/\/ftp3.syscom.mx\/usuarios\/paginaweb\/Gifs\/primero.jpg' alt=''> <img style='width: 100%; height: auto; border: 1px solid rgba(150&comma;150&comma;150&comma;0.3); border-radius: 8px;' src='https:\/\/ftp3.syscom.mx\/usuarios\/paginaweb\/Gifs\/tercero.jpg' alt=''> <img style='width: 100%; height: auto; border: 1px solid rgba(150&comma;150&comma;150&comma;0.3); border-radius: 8px;' src='https:\/\/ftp3.syscom.mx\/usuarios\/jsosa\/GIF\/-H265%2B.gif' alt=''> <img style='width: 100%; height: auto; border: 1px solid rgba(150&comma;150&comma;150&comma;0.3); border-radius: 8px;' src='https:\/\/ftp3.syscom.mx\/usuarios\/paginaweb\/Gifs\/Zi7LTq5.gif' alt=''> <img style='width: 100%; height: auto; border: 1px solid rgba(150&comma;150&comma;150&comma;0.3); border-radius: 8px;' src='https:\/\/ftp3.syscom.mx\/usuarios\/paginaweb\/Gifs\/tq5yYz4.gif' alt=''> <img style='width: 100%; height: auto; border: 1px solid rgba(150&comma;150&comma;150&comma;0.3); border-radius: 8px;' src='https:\/\/s3-us-west-2.amazonaws.com\/syscomftp\/usuarios\/paginaweb\/Gifs\/HIK-CONNECT.gif' alt=''> <\/div>\n<div style='display: flex; flex-wrap: wrap; gap: 30px; margin-bottom: 30px;'>\n<div style='flex: 1 1 300px; min-width: 280px;'>\n<h3 style='font-size: 22px; border-bottom: 2px solid currentColor; padding-bottom: 5px; margin-top: 0; color: inherit; opacity: 0.8;'>Caracter\u00edsticas principales<\/h3>\n<ul style='padding-left: 20px; font-size: 15px; color: inherit;'>\n<li style='margin-bottom: 5px;'>Tecnolog\u00eda TURBO HD 8 Megapixel (4K) Ver 4.0<\/li>\n<li style='margin-bottom: 5px;'>Permite apagar canales anal\u00f3gicos TURBOHD y poder colocar c\u00e1maras IP en todos sus canales&comma; podemos colocar hasta 16 c\u00e1maras IP en total. Por cada canal anal\u00f3gico TURBOHD que se apague se genera una canal IP adicional.<\/li>\n<li style='margin-bottom: 5px;'>Grabador PENTAH\u00cdBRIDO: HD-TVI \/ HD-CVI \/ Anal\u00f3gico \/ IP \/ AHD.<\/li>\n<li style='margin-bottom: 5px;'>Acceso remoto: PC&comma; Smart phone (iPhone&comma; iPad&comma; Android)<\/li>\n<li style='margin-bottom: 5px;'>Compatibilidad con navegadores Internet Explorer \/ Chrome (ietab) \/ Safari.<\/li>\n<li style='margin-bottom: 5px;'>Visualizaci\u00f3n remota f\u00e1cil y r\u00e1pida con Hik-Connect.<\/li>\n<li style='margin-bottom: 5px;'>Funciones avanzadas: Detecci\u00f3n por cruce de l\u00ednea&comma; Intrusi\u00f3n<\/li>\n<\/ul><\/div>\n<\/p><\/div>\n<div style='display: flex; flex-wrap: wrap; gap: 20px; margin-bottom: 30px;'>\n<div style='flex: 1 1 250px; border: 1px solid rgba(150&comma; 150&comma; 150&comma; 0.4); border-radius: 8px; overflow: hidden; display: flex; flex-direction: column;'>\n<div style='padding: 15px; border-bottom: 1px solid rgba(150&comma; 150&comma; 150&comma; 0.2); font-weight: bold; font-size: 18px; color: inherit;'>Compresi\u00f3n y resoluci\u00f3n<\/div>\n<div style='padding: 15px; color: inherit;'>\n<ul style='padding-left: 20px; margin: 0; font-size: 14px; list-style-type: disc;'>\n<li style='margin-bottom: 5px;'>H.264 \/ H.264+ \/ H.265 \/ H.265+<\/li>\n<li style='margin-bottom: 5px;'>Soporta 8 Canales TurboHD \/ Anal\u00f3gicos + 8 IP = 16 canales en total.<\/li>\n<li style='margin-bottom: 5px;'>Permite apagar canales anal\u00f3gicos TURBOHD y poder colocar c\u00e1maras IP en todos sus canales&comma; podemos colocar hasta 16 c\u00e1maras IP en total. Por cada canal anal\u00f3gico TURBOHD que se apague se genera una canal IP adicional.<\/li>\n<li style='margin-bottom: 5px;'>HD-TVI: 8 Megapixel @ 8 fps \/ 5 Megapixel @ 12 fps<\/li>\n<li style='margin-bottom: 5px;'>HD-CVI: 4 Megapixel @ 15 IPS \/ 1080p @ 30 fps<\/li>\n<li style='margin-bottom: 5px;'>ANALOGICO: 1200 TVL @ 30 fps<\/li>\n<li style='margin-bottom: 5px;'>AHD: 4 Megapixel @ 15 IPS \/ 1080p @ 30 fps<\/li>\n<li style='margin-bottom: 5px;'>IP: 8 Megapixel @ 12 fps<\/li>\n<li style='margin-bottom: 5px;'>Audio: G711<\/li>\n<\/ul><\/div>\n<\/p><\/div>\n<div style='flex: 1 1 250px; border: 1px solid rgba(150&comma; 150&comma; 150&comma; 0.4); border-radius: 8px; overflow: hidden; display: flex; flex-direction: column;'>\n<div style='padding: 15px; border-bottom: 1px solid rgba(150&comma; 150&comma; 150&comma; 0.2); font-weight: bold; font-size: 18px; color: inherit;'>Funciones de Grabaci\u00f3n y Visualizaci\u00f3n<\/div>\n<div style='padding: 15px; color: inherit;'>\n<ul style='padding-left: 20px; margin: 0; font-size: 14px; list-style-type: disc;'>\n<li style='margin-bottom: 5px;'>Detecci\u00f3n de movimiento multi zona<\/li>\n<li style='margin-bottom: 5px;'>Zoom digital en visualizaci\u00f3n y grabaci\u00f3n<\/li>\n<li style='margin-bottom: 5px;'>Soporta m\u00faltiples tipos de grabaci\u00f3n<\/li>\n<ul style='padding-left: 20px; margin: 0; font-size: 14px; list-style-type: disc;'>\n<li style='margin-bottom: 5px;'>Tiempo real<\/li>\n<li style='margin-bottom: 5px;'>Grabaci\u00f3n por alarma<\/li>\n<li style='margin-bottom: 5px;'>Movimiento<\/li>\n<li style='margin-bottom: 5px;'>Movimiento &#038; Alarma<\/li>\n<li style='margin-bottom: 5px;'>Movimiento \/ Alarma<\/li>\n<\/ul>\n<li style='margin-bottom: 5px;'>B\u00fasquedas de evidencia inteligente<\/li>\n<li style='margin-bottom: 5px;'>Grabaci\u00f3n con sobre-escritura<\/li>\n<li style='margin-bottom: 5px;'>Main stream: 8MP@8fps \/ 5MP@12fps \/ 4MP@15fps \/ 3MP@18fps \/ 1080P@30fps<\/li>\n<li style='margin-bottom: 5px;'>Sub: stream: WD1 \/ 4CIF \/ CIF<\/li>\n<\/ul><\/div>\n<\/p><\/div>\n<div style='flex: 1 1 250px; border: 1px solid rgba(150&comma; 150&comma; 150&comma; 0.4); border-radius: 8px; overflow: hidden; display: flex; flex-direction: column;'>\n<div style='padding: 15px; border-bottom: 1px solid rgba(150&comma; 150&comma; 150&comma; 0.2); font-weight: bold; font-size: 18px; color: inherit;'>Interfaces Entrada \/ Salidas<\/div>\n<div style='padding: 15px; color: inherit;'>\n<ul style='padding-left: 20px; margin: 0; font-size: 14px; list-style-type: disc;'>\n<li style='margin-bottom: 5px;'>Entrada de video 8 ch<\/li>\n<li style='margin-bottom: 5px;'>Salida de video: HDMI@4K \/ VGA \/ CVBS aux<\/li>\n<li style='margin-bottom: 5px;'>Entrada de audio: 4(RCA&comma; 2.0 Vp-p 1K\u03a9)<\/li>\n<li style='margin-bottom: 5px;'>Salida de audio: 1(RCA&comma; 2.0 Vp-p 1K\u03a9)<\/li>\n<li style='margin-bottom: 5px;'>Entrada de Alarma: 8 (Block de terminales)<\/li>\n<li style='margin-bottom: 5px;'>Salida de Alarma: 4 (Block de terminales)<\/li>\n<li style='margin-bottom: 5px;'>Interfaz serial: RS-485 (HIKVISION C COAXITRON&comma; PELCO-D&comma; PELCO-P&comma; etc.)<\/li>\n<li style='margin-bottom: 5px;'>Interfaz USB: 1 puerto 2.0 adelante \/ 1 puerto 3.0 atras<\/li>\n<li style='margin-bottom: 5px;'>Interfaz red: 1 puerto RJ45 10M\/100M\/1000M<\/li>\n<li style='margin-bottom: 5px;'>Capacidad de almacenamiento HDD: 1 @ 10 TB<\/li>\n<\/ul><\/div>\n<\/p><\/div>\n<div style='flex: 1 1 250px; border: 1px solid rgba(150&comma; 150&comma; 150&comma; 0.4); border-radius: 8px; overflow: hidden; display: flex; flex-direction: column;'>\n<div style='padding: 15px; border-bottom: 1px solid rgba(150&comma; 150&comma; 150&comma; 0.2); font-weight: bold; font-size: 18px; color: inherit;'>Funciones de red<\/div>\n<div style='padding: 15px; color: inherit;'>\n<ul style='padding-left: 20px; margin: 0; font-size: 14px; list-style-type: disc;'>\n<li style='margin-bottom: 5px;'>Protocolos: TCP\/IP&comma; PPPoE&comma; DHCP&comma; Hik-Connect&comma; DNS&comma; DDNS&comma; NTP&comma; SADP&comma; NFS&comma; iSCSI&comma; UPnP&comma; HTTPS&comma; ONVIF<\/li>\n<li style='margin-bottom: 5px;'>Soporta 2 streams<\/li>\n<\/ul><\/div>\n<\/p><\/div>\n<div style='flex: 1 1 250px; border: 1px solid rgba(150&comma; 150&comma; 150&comma; 0.4); border-radius: 8px; overflow: hidden; display: flex; flex-direction: column;'>\n<div style='padding: 15px; border-bottom: 1px solid rgba(150&comma; 150&comma; 150&comma; 0.2); font-weight: bold; font-size: 18px; color: inherit;'>Caracter\u00edsticas f\u00edsicas y el\u00e9ctricas<\/div>\n<div style='padding: 15px; color: inherit;'>\n<ul style='padding-left: 20px; margin: 0; font-size: 14px; list-style-type: disc;'>\n<li style='margin-bottom: 5px;'>Alimentaci\u00f3n: 12 Vcc (Fuente incluida pines)<\/li>\n<li style='margin-bottom: 5px;'>Consumo sin HDD 20 W<\/li>\n<li style='margin-bottom: 5px;'>Temperatura de operaci\u00f3n -10\u00b0C a 55\u00b0C<\/li>\n<li style='margin-bottom: 5px;'>Dimensiones: 315 x 242 x 45 mm (W x D x H)<\/li>\n<li style='margin-bottom: 5px;'>Peso: 2 Kg sin HDD<\/li>\n<\/ul><\/div>\n<\/p><\/div>\n<div style='flex: 1 1 250px; border: 1px solid rgba(150&comma; 150&comma; 150&comma; 0.4); border-radius: 8px; overflow: hidden; display: flex; flex-direction: column;'>\n<div style='padding: 15px; border-bottom: 1px solid rgba(150&comma; 150&comma; 150&comma; 0.2); font-weight: bold; font-size: 18px; color: inherit;'>\u00bfQu\u00e9 es H.265?<\/div>\n<div style='padding: 15px; color: inherit;'>\n<p style='margin-bottom: 10px;'>H.265+ es el m\u00e9todo de compresi\u00f3n de DVRs&comma; C\u00e1maras IP y NVRs Hikvision \/ EPCOM&comma; permite ahorrar hasta 80% de almacenamiento y ancho de banda<\/p>\n<p style='margin-bottom: 10px;'>Permiten reemplazar DVRs convencionales y aumentar el almacenamiento:<\/p>\n<ul style='padding-left: 20px; margin: 0; font-size: 14px; list-style-type: disc;'>\n<li style='margin-bottom: 5px;'>Ocupar 1 disco duro donde antes se ocupaban 10 discos<\/li>\n<li style='margin-bottom: 5px;'>Agregar c\u00e1maras TurboHD 3 y 5 Megapixel<\/li>\n<li style='margin-bottom: 5px;'>Agregar c\u00e1maras IP 4K y 5 Megapixel H.265+<\/li>\n<\/ul>\n<p style='margin-top: 15px; margin-bottom: 0;'><a style='color: inherit; text-decoration: underline;' href='http:\/\/syscom.us1.list-manage1.com\/track\/click?u=2b3e9128678b450bb748bf973&#038;id=963d566a70&#038;e=bc82a6439b' target='_blank' rel='noopener'>Ver presentaci\u00f3n de H.265+<\/a><\/p>\n<\/p><\/div>\n<\/p><\/div>\n<\/p><\/div>\n<div style='display: flex; flex-wrap: wrap; gap: 30px; margin-bottom: 30px;'>\n<div style='flex: 1 1 300px; min-width: 280px;'>\n<h3 style='font-size: 22px; border-bottom: 2px solid currentColor; padding-bottom: 5px; margin-top: 0; color: inherit; opacity: 0.8;'>Recomendaciones de alimentaci\u00f3n<\/h3>\n<ul style='padding-left: 20px; font-size: 15px; color: inherit;'>\n<li style='margin-bottom: 5px;'>Se recomienda el uso de fuente independiente como recomendaci\u00f3n el modelo PLK12DC6CH<\/li>\n<li style='margin-bottom: 5px;'>Esto solo en 8MP para aplicaci\u00f3n en 4MP se recomienda el uso de fuente de poder profesional<\/li>\n<\/ul><\/div>\n<\/p><\/div>\n<hr style='border: 0; border-top: 1px solid rgba(150&comma; 150&comma; 150&comma; 0.3); margin: 30px 0;'> <\/div>\n","protected":false},"excerpt":{"rendered":"<p>DVR 8 Canales 4K TurboHD + 8 Canales IP\/ 8 Megapixel\/ \/ 1 Bah\u00eda de Disco Duro \/ 4 Canales de Audio \/ 4 Entradas de alarma \/ Videoan\u00e1lisis<\/p>\n","protected":false},"featured_media":114264,"comment_status":"open","ping_status":"closed","template":"","meta":[],"product_brand":[],"product_cat":[2254],"product_tag":[2255,54,2256],"class_list":{"0":"post-114265","1":"product","2":"type-product","3":"status-publish","4":"has-post-thumbnail","6":"product_cat-videograbadoras-analogicas-turbohd-tvi-ahd-cvi","7":"product_tag-camaras-y-dvrs-hd-turbohd-ahd-hd-tvi","8":"product_tag-hikvision","9":"product_tag-videograbadoras-analogicas-turbohd-tvi-ahd-cvi","11":"first","12":"outofstock","13":"sale","14":"shipping-taxable","15":"purchasable","16":"product-type-simple"},"_links":{"self":[{"href":"https:\/\/soydeaqui.ddns.net\/pachuca\/index.php\/wp-json\/wp\/v2\/product\/114265","targetHints":{"allow":["GET"]}}],"collection":[{"href":"https:\/\/soydeaqui.ddns.net\/pachuca\/index.php\/wp-json\/wp\/v2\/product"}],"about":[{"href":"https:\/\/soydeaqui.ddns.net\/pachuca\/index.php\/wp-json\/wp\/v2\/types\/product"}],"replies":[{"embeddable":true,"href":"https:\/\/soydeaqui.ddns.net\/pachuca\/index.php\/wp-json\/wp\/v2\/comments?post=114265"}],"wp:featuredmedia":[{"embeddable":true,"href":"https:\/\/soydeaqui.ddns.net\/pachuca\/index.php\/wp-json\/wp\/v2\/media\/114264"}],"wp:attachment":[{"href":"https:\/\/soydeaqui.ddns.net\/pachuca\/index.php\/wp-json\/wp\/v2\/media?parent=114265"}],"wp:term":[{"taxonomy":"product_brand","embeddable":true,"href":"https:\/\/soydeaqui.ddns.net\/pachuca\/index.php\/wp-json\/wp\/v2\/product_brand?post=114265"},{"taxonomy":"product_cat","embeddable":true,"href":"https:\/\/soydeaqui.ddns.net\/pachuca\/index.php\/wp-json\/wp\/v2\/product_cat?post=114265"},{"taxonomy":"product_tag","embeddable":true,"href":"https:\/\/soydeaqui.ddns.net\/pachuca\/index.php\/wp-json\/wp\/v2\/product_tag?post=114265"}],"curies":[{"name":"wp","href":"https:\/\/api.w.org\/{rel}","templated":true}]}}