{"id":114250,"date":"2026-03-20T23:25:51","date_gmt":"2026-03-20T23:25:51","guid":{"rendered":"https:\/\/soydeaqui.ddns.net\/pachuca\/index.php\/producto\/nvr-12-megapixel-4k-256-canales-ip-16-bahias-de-disco-duro-4-puertos-de-red-soporta-raid-con-hot-swap-nvr-de-alto-desempeno\/"},"modified":"2026-03-20T23:26:10","modified_gmt":"2026-03-20T23:26:10","slug":"nvr-12-megapixel-4k-256-canales-ip-16-bahias-de-disco-duro-4-puertos-de-red-soporta-raid-con-hot-swap-nvr-de-alto-desempeno","status":"publish","type":"product","link":"https:\/\/soydeaqui.ddns.net\/pachuca\/index.php\/producto\/nvr-12-megapixel-4k-256-canales-ip-16-bahias-de-disco-duro-4-puertos-de-red-soporta-raid-con-hot-swap-nvr-de-alto-desempeno\/","title":{"rendered":"NVR 12 Megapixel (4K) \/ 256 canales IP \/ 16 Bah\u00edas de Disco Duro \/ 4 Puertos de Red \/ Soporta RAID con Hot Swap \/ NVR de Alto Desempe\u00f1o"},"content":{"rendered":"<div style='width: 100%; max-width: 1200px; margin: 0 auto; font-family: sans-serif; line-height: 1.6; color: inherit; background-color: transparent;'> <!-- Logo Hikvision --> <\/p>\n<div style='text-align: center; margin: 20px 0;'> <img style='width: 45%; height: auto; border: 1px solid rgba(150&comma;150&comma;150&comma;0.3); border-radius: 8px;' src='https:\/\/ftp3.syscom.mx\/usuarios\/jsosa\/HIKVISION\/imagenes\/logo\/hikvision%20see%20far.png' alt='Logo Hikvision'> <\/div>\n<p> <!-- Grid de caracter\u00edsticas --> <\/p>\n<div style='display: flex; flex-wrap: wrap; gap: 30px; margin-top: 40px;'> <!-- Columna izquierda --> <\/p>\n<div style='flex: 1 1 400px; min-width: 300px;'> <!-- Caracter\u00edsticas Principales --> <\/p>\n<div style='border: 1px solid rgba(150&comma;150&comma;150&comma;0.4); border-radius: 8px; overflow: hidden; margin-bottom: 20px;'>\n<div style='padding: 15px; background-color: #df001e; color: #ffffff; font-size: 16px; font-weight: bold; border-bottom: 1px solid #a80000;'> Caracter\u00edsticas Principales <\/div>\n<div style='padding: 15px;'>\n<ul style='padding-left: 20px; font-size: 14px; list-style-type: disc; color: inherit;'>\n<li style='margin-bottom: 5px;'><span style='font-family: verdana&comma; geneva&comma; sans-serif;'>Compresi\u00f3n: H.265+ \/ H.265 \/ H.264+ \/ H.264.<\/span><\/li>\n<li style='margin-bottom: 5px;'><span style='font-family: verdana&comma; geneva&comma; sans-serif;'>Soporta mouse USB para operar el NVR (Incluido).<\/span><\/li>\n<li style='margin-bottom: 5px;'><span style='font-family: verdana&comma; geneva&comma; sans-serif;'>Soporta b\u00fasqueda de agenda en forma local o remota.<\/span><\/li>\n<li style='margin-bottom: 5px;'><span style='font-family: verdana&comma; geneva&comma; sans-serif;'>Soporta Hot Swap con RAID: 0&comma;1&comma;5&comma;6&comma;10. (Capacidad de disco duro m\u00ednima de 4 TB para RAID).<\/span><\/li>\n<li style='margin-bottom: 5px;'><span style='font-family: verdana&comma; geneva&comma; sans-serif;'>Soporta acceso remoto v\u00eda tel\u00e9fono: Android&comma; iphone&comma; ipad (app IVMS-4500 \/ Hik-Connect).<\/span><\/li>\n<li style='margin-bottom: 5px;'><span style='font-family: verdana&comma; geneva&comma; sans-serif;'>Software cliente multi sitio IVMS-4200 (gratuito).<\/span><\/li>\n<li style='margin-bottom: 5px;'><span style='font-family: verdana&comma; geneva&comma; sans-serif;'>Cuanta con sistema DAS de 16 bah\u00edas internas de hasta 10 TB<\/span><\/li>\n<li style='margin-bottom: 5px;'><span style='font-family: verdana&comma; geneva&comma; sans-serif;'>Soporta ONVIF (Versi\u00f3n 2.5).<\/span><\/li>\n<li style='margin-bottom: 5px;'><span style='font-family: verdana&comma; geneva&comma; sans-serif;'>Soporta m\u00faltiples marcas como: HIKVISION&comma; ACTi&comma; ARECONT&comma; AXIS&comma; BOSCH&comma; BRICKCOM&comma; CANON&comma; HUNT&comma; PANASONIC&comma; PELCO&comma; PSIA&comma; RTSP&comma; SAMSUNG&comma; SONY&comma; VIVOTEK&comma; ZAVIO.<\/span><\/li>\n<\/ul><\/div>\n<\/p><\/div>\n<p> <!-- Interfaces Entradas y Salidas --> <\/p>\n<div style='border: 1px solid rgba(150&comma;150&comma;150&comma;0.4); border-radius: 8px; overflow: hidden; margin-bottom: 20px;'>\n<div style='padding: 15px; background-color: #df001e; color: #ffffff; font-size: 16px; font-weight: bold; border-bottom: 1px solid #a80000;'> Interfaces Entradas y Salidas <\/div>\n<div style='padding: 15px;'>\n<ul style='padding-left: 20px; font-size: 14px; list-style-type: disc; color: inherit;'>\n<li style='margin-bottom: 5px;'><span style='font-family: verdana&comma; geneva&comma; sans-serif;'>HDMI 1 y HDMI 2 (salidas independientes): 4K \/ 1080p \/ 720p.<\/span><\/li>\n<li style='margin-bottom: 5px;'><span style='font-family: verdana&comma; geneva&comma; sans-serif;'>VGA: 1080p \/ 720p.<\/span><\/li>\n<li style='margin-bottom: 5px;'><span style='font-family: verdana&comma; geneva&comma; sans-serif;'>Entradas de alarma: 16<\/span><\/li>\n<li style='margin-bottom: 5px;'><span style='font-family: verdana&comma; geneva&comma; sans-serif;'>Salidas de alarma: 8<\/span><\/li>\n<li style='margin-bottom: 5px;'><span style='font-family: verdana&comma; geneva&comma; sans-serif;'>Soporta entrada y salida de audio en RCA (audio bidireccional).<\/span><\/li>\n<\/ul><\/div>\n<\/p><\/div>\n<p> <!-- Capacidad de procesamiento y funciones de red --> <\/p>\n<div style='border: 1px solid rgba(150&comma;150&comma;150&comma;0.4); border-radius: 8px; overflow: hidden; margin-bottom: 20px;'>\n<div style='padding: 15px; background-color: #df001e; color: #ffffff; font-size: 16px; font-weight: bold; border-bottom: 1px solid #a80000;'> Capacidad de procesamiento y funciones de red <\/div>\n<div style='padding: 15px;'>\n<ul style='padding-left: 20px; font-size: 14px; list-style-type: disc; color: inherit;'>\n<li style='margin-bottom: 5px;'><span style='font-family: verdana&comma; geneva&comma; sans-serif;'>Throughput entrada: 768 Mbps (768 Mbps en modo RAID)<\/span><\/li>\n<li style='margin-bottom: 5px;'><span style='font-family: verdana&comma; geneva&comma; sans-serif;'>Throughput salida: 768 Mbps (768 Mbps en modo RAID)<\/span><\/li>\n<li style='margin-bottom: 5px;'><span style='font-family: verdana&comma; geneva&comma; sans-serif;'>Soporta 4 tarjetas de red 10 \/100\/1000 Mbps.<\/span><\/li>\n<li style='margin-bottom: 5px;'><span style='font-family: verdana&comma; geneva&comma; sans-serif;'>Soporta Fail lover (tolerancia a fallos)&comma; Multi address y Balanceo de cargas.<\/span><\/li>\n<li style='margin-bottom: 5px;'><span style='font-family: verdana&comma; geneva&comma; sans-serif;'>Protocolos: IPv6&comma; HTTPS&comma; UPnP&comma; SNMP&comma; NTP&comma; SADP&comma; SMTP&comma; NFS&comma; iSCSI&comma; PPPoE.<\/span><\/li>\n<li style='margin-bottom: 5px;'><span style='font-family: verdana&comma; geneva&comma; sans-serif;'>Soporta DDNS: DynDNS&comma; No-IP.<\/span><\/li>\n<\/ul><\/div>\n<\/p><\/div>\n<\/p><\/div>\n<p> <!-- Columna derecha --> <\/p>\n<div style='flex: 1 1 400px; min-width: 300px;'> <!-- Caracter\u00edsticas F\u00edsicas y El\u00e9ctricas --> <\/p>\n<div style='border: 1px solid rgba(150&comma;150&comma;150&comma;0.4); border-radius: 8px; overflow: hidden; margin-bottom: 20px;'>\n<div style='padding: 15px; background-color: #df001e; color: #ffffff; font-size: 16px; font-weight: bold; border-bottom: 1px solid #a80000;'> Caracter\u00edsticas F\u00edsicas y El\u00e9ctricas <\/div>\n<div style='padding: 15px;'>\n<ul style='padding-left: 20px; font-size: 14px; list-style-type: disc; color: inherit;'>\n<li style='margin-bottom: 5px;'><span style='font-family: verdana&comma; geneva&comma; sans-serif;'>Soporta fuentes redundante y ventilador para enfriamiento (incluidos).<\/span><\/li>\n<li style='margin-bottom: 5px;'><span style='font-family: verdana&comma; geneva&comma; sans-serif;'>Dimensiones: 442 \u00d7 494 \u00d7 146 mm (3U rack).<\/span><\/li>\n<li style='margin-bottom: 5px;'><span style='font-family: verdana&comma; geneva&comma; sans-serif;'>Consumo: 140 W sin discos duros.<\/span><\/li>\n<li style='margin-bottom: 5px;'><span style='font-family: verdana&comma; geneva&comma; sans-serif;'>Alimentaci\u00f3n: 100 a 240 Vca&comma; 550 W.<\/span><\/li>\n<li style='margin-bottom: 5px;'><span style='font-family: verdana&comma; geneva&comma; sans-serif;'>Temperatura de operaci\u00f3n: 0 a 50 \u00b0C.<\/span><\/li>\n<li style='margin-bottom: 5px;'><span style='font-family: verdana&comma; geneva&comma; sans-serif;'>Peso: 16 Kg sin discos duros.<\/span><\/li>\n<\/ul><\/div>\n<\/p><\/div>\n<p> <!-- Funci\u00f3n de Grabaci\u00f3n y Visualizaci\u00f3n --> <\/p>\n<div style='border: 1px solid rgba(150&comma;150&comma;150&comma;0.4); border-radius: 8px; overflow: hidden; margin-bottom: 20px;'>\n<div style='padding: 15px; background-color: #df001e; color: #ffffff; font-size: 16px; font-weight: bold; border-bottom: 1px solid #a80000;'> Funci\u00f3n de Grabaci\u00f3n y Visualizaci\u00f3n <\/div>\n<div style='padding: 15px;'>\n<ul style='padding-left: 20px; font-size: 14px; list-style-type: disc; color: inherit;'>\n<li style='margin-bottom: 5px;'><span style='font-family: verdana&comma; geneva&comma; sans-serif;'>Detecci\u00f3n de movimiento multizona.<\/span><\/li>\n<li style='margin-bottom: 5px;'><span style='font-family: verdana&comma; geneva&comma; sans-serif;'>Zoom digital en visualizaci\u00f3n y grabaci\u00f3n.<\/span><\/li>\n<li style='margin-bottom: 5px;'><span style='font-family: verdana&comma; geneva&comma; sans-serif;'>Soporta m\u00faltiples tipos de grabaci\u00f3n&comma; incluyendo tiempo real&comma; grabaci\u00f3n manual&comma; video sensor&comma; alarma externa&comma; video sensor y alarma&comma; video sensor o alarma.<\/span><\/li>\n<li style='margin-bottom: 5px;'><span style='font-family: verdana&comma; geneva&comma; sans-serif;'>Reproducci\u00f3n de grabacion hasta 16 canales simult\u00e1neos.<\/span><\/li>\n<li style='margin-bottom: 5px;'><span style='font-family: verdana&comma; geneva&comma; sans-serif;'>Soporta grabaci\u00f3n de hasta 12 MP por canal.<\/span><\/li>\n<\/ul><\/div>\n<\/p><\/div>\n<p> <!-- Resoluci\u00f3n de Grabaci\u00f3n por Canal --> <\/p>\n<div style='border: 1px solid rgba(150&comma;150&comma;150&comma;0.4); border-radius: 8px; overflow: hidden; margin-bottom: 20px;'>\n<div style='padding: 15px; background-color: #df001e; color: #ffffff; font-size: 16px; font-weight: bold; border-bottom: 1px solid #a80000;'> Resoluci\u00f3n de Grabaci\u00f3n por Canal (recomendado con H.265) <\/div>\n<div style='padding: 15px;'>\n<ul style='padding-left: 20px; font-size: 14px; list-style-type: disc; color: inherit;'>\n<li style='margin-bottom: 5px;'><span style='font-family: verdana&comma; geneva&comma; sans-serif;'>1 Megapixel: 256 canales @ 30 IPS.<\/span><\/li>\n<li style='margin-bottom: 5px;'><span style='font-family: verdana&comma; geneva&comma; sans-serif;'>2 Megapixel: 256 canales @ 30 IPS.<\/span><\/li>\n<li style='margin-bottom: 5px;'><span style='font-family: verdana&comma; geneva&comma; sans-serif;'>5 Megapixel: 256 canales @ 15 IPS.<\/span><\/li>\n<li style='margin-bottom: 5px;'><span style='font-family: verdana&comma; geneva&comma; sans-serif;'>8 Megapixel (4K): 200 canales @ 10IPS.<\/span><\/li>\n<li style='margin-bottom: 5px;'><strong style='font-family: verdana&comma; geneva&comma; sans-serif;'>Nota:<\/strong> <span style='font-family: verdana&comma; geneva&comma; sans-serif;'>El n\u00famero de canales en grabaci\u00f3n puede variar dependiendo de la resoluci\u00f3n de las c\u00e1maras&comma; IPS y bit rate&comma; para mayor informaci\u00f3n consulte con el departamento de Ingenier\u00eda SYSCOM.<\/span><\/li>\n<\/ul><\/div>\n<\/p><\/div>\n<\/p><\/div>\n<\/p><\/div>\n<p> <!-- Banner final --> <\/p>\n<div style='margin-top: 40px;'> <img style='width: 100%; height: auto; border: 1px solid rgba(150&comma;150&comma;150&comma;0.3); border-radius: 8px;' src='https:\/\/ftp3.syscom.mx\/usuarios\/jsosa\/HIKVISION\/imagenes\/banners\/solution%20complete.png' alt='Banner Soluci\u00f3n Completa'> <\/div>\n<\/p><\/div>\n","protected":false},"excerpt":{"rendered":"<p>NVR 12 Megapixel (4K) \/ 256 canales IP \/ 16 Bah\u00edas de Disco Duro \/ 4 Puertos de Red \/ Soporta RAID con Hot Swap \/ NVR de Alto Desempe\u00f1o<\/p>\n","protected":false},"featured_media":114249,"comment_status":"open","ping_status":"closed","template":"","meta":[],"product_brand":[],"product_cat":[2234],"product_tag":[122,54,2235],"class_list":{"0":"post-114250","1":"product","2":"type-product","3":"status-publish","4":"has-post-thumbnail","6":"product_cat-nvrs-network-video-recorders","7":"product_tag-camaras-ip-y-nvrs","8":"product_tag-hikvision","9":"product_tag-nvrs-network-video-recorders","11":"first","12":"outofstock","13":"sale","14":"shipping-taxable","15":"purchasable","16":"product-type-simple"},"_links":{"self":[{"href":"https:\/\/soydeaqui.ddns.net\/pachuca\/index.php\/wp-json\/wp\/v2\/product\/114250","targetHints":{"allow":["GET"]}}],"collection":[{"href":"https:\/\/soydeaqui.ddns.net\/pachuca\/index.php\/wp-json\/wp\/v2\/product"}],"about":[{"href":"https:\/\/soydeaqui.ddns.net\/pachuca\/index.php\/wp-json\/wp\/v2\/types\/product"}],"replies":[{"embeddable":true,"href":"https:\/\/soydeaqui.ddns.net\/pachuca\/index.php\/wp-json\/wp\/v2\/comments?post=114250"}],"wp:featuredmedia":[{"embeddable":true,"href":"https:\/\/soydeaqui.ddns.net\/pachuca\/index.php\/wp-json\/wp\/v2\/media\/114249"}],"wp:attachment":[{"href":"https:\/\/soydeaqui.ddns.net\/pachuca\/index.php\/wp-json\/wp\/v2\/media?parent=114250"}],"wp:term":[{"taxonomy":"product_brand","embeddable":true,"href":"https:\/\/soydeaqui.ddns.net\/pachuca\/index.php\/wp-json\/wp\/v2\/product_brand?post=114250"},{"taxonomy":"product_cat","embeddable":true,"href":"https:\/\/soydeaqui.ddns.net\/pachuca\/index.php\/wp-json\/wp\/v2\/product_cat?post=114250"},{"taxonomy":"product_tag","embeddable":true,"href":"https:\/\/soydeaqui.ddns.net\/pachuca\/index.php\/wp-json\/wp\/v2\/product_tag?post=114250"}],"curies":[{"name":"wp","href":"https:\/\/api.w.org\/{rel}","templated":true}]}}