{"id":114248,"date":"2026-03-20T23:25:45","date_gmt":"2026-03-20T23:25:45","guid":{"rendered":"https:\/\/soydeaqui.ddns.net\/pachuca\/index.php\/producto\/servidor-nas-para-rack-de-12-bahias-expandible-a-36-bahias-hasta-432-tb\/"},"modified":"2026-03-20T23:25:47","modified_gmt":"2026-03-20T23:25:47","slug":"servidor-nas-para-rack-de-12-bahias-expandible-a-36-bahias-hasta-432-tb","status":"publish","type":"product","link":"https:\/\/soydeaqui.ddns.net\/pachuca\/index.php\/producto\/servidor-nas-para-rack-de-12-bahias-expandible-a-36-bahias-hasta-432-tb\/","title":{"rendered":"Servidor NAS para rack de 12 bah\u00edas \/ Expandible a 36 bah\u00edas \/ Hasta 432 TB"},"content":{"rendered":"<div style='width: 100%; max-width: 1200px; margin: 0 auto; font-family: sans-serif; line-height: 1.6; color: inherit; background-color: transparent;'>\n<div style='margin-bottom: 30px;'> <a href='https:\/\/ftp3.syscom.mx\/usuarios\/ftp\/2018\/10\/17\/be9cb\/PROCEDIMIENTO%20GARANTIA%20SYNOLOGY.pdf' style='text-decoration: none; display: block; width: 100%;'> <img style='width: 100%; height: auto; border: 1px solid rgba(150&comma;150&comma;150&comma;0.3); border-radius: 8px;' src='https:\/\/ftp3.syscom.mx\/usuarios\/nortega\/synology\/imagenes\/cintillo%20garantia.jpg' alt=''> <\/a> <\/div>\n<div style='display: flex; flex-wrap: wrap; gap: 30px; margin-bottom: 30px;'>\n<div style='flex: 1 1 300px; min-width: 280px;'>\n<h3 style='font-size: 22px; border-bottom: 2px solid currentColor; padding-bottom: 5px; margin-top: 0; color: inherit; opacity: 0.8;'>Descripci\u00f3n General<\/h3>\n<p style='font-size: 15px; color: inherit;'> Transforme su empresa con RS-3617-XSPLUS&comma; una soluci\u00f3n de almacenamiento conectado a la red de nivel superior que ofrece un excelente rendimiento de procesamiento de datos&comma; gesti\u00f3n de datos simplificada&comma; entornos de virtualizaci\u00f3n optimizados y capacidad de almacenamiento ampliable. <\/p>\n<\/p><\/div>\n<\/p><\/div>\n<div style='display: flex; flex-wrap: wrap; gap: 20px; margin-bottom: 30px;'>\n<div style='flex: 1 1 250px; border: 1px solid rgba(150&comma; 150&comma; 150&comma; 0.4); border-radius: 8px; overflow: hidden; display: flex; flex-direction: column;'>\n<div style='padding: 15px; border-bottom: 1px solid rgba(150&comma; 150&comma; 150&comma; 0.2); font-weight: bold; font-size: 18px; color: inherit;'>Procesador<\/div>\n<div style='padding: 15px; color: inherit;'>\n<ul style='padding-left: 20px; margin: 0; font-size: 14px; list-style-type: disc;'>\n<li style='margin-bottom: 5px;'>Intel Xeon D-1531<\/li>\n<li style='margin-bottom: 5px;'>64-bit<\/li>\n<li style='margin-bottom: 5px;'>Six Core 2.2GHz<\/li>\n<\/ul><\/div>\n<\/p><\/div>\n<div style='flex: 1 1 250px; border: 1px solid rgba(150&comma; 150&comma; 150&comma; 0.4); border-radius: 8px; overflow: hidden; display: flex; flex-direction: column;'>\n<div style='padding: 15px; border-bottom: 1px solid rgba(150&comma; 150&comma; 150&comma; 0.2); font-weight: bold; font-size: 18px; color: inherit;'>Almacenamiento<\/div>\n<div style='padding: 15px; color: inherit;'>\n<ul style='padding-left: 20px; margin: 0; font-size: 14px; list-style-type: disc;'>\n<li style='margin-bottom: 5px;'>12 Bah\u00edas para Disco Duros (no incluidos)<\/li>\n<li style='margin-bottom: 5px;'>Expandible hasta 36 Bah\u00edas con Unidad de Expansi\u00f3n RX1217<\/li>\n<li style='margin-bottom: 5px;'>Soporta discos duros HDD\/SSD de 3.5\u201d&comma; 2.5\u201d. SATA III y SATA II<\/li>\n<li style='margin-bottom: 5px;'>Soporta discos duros de hasta 10TB<\/li>\n<li style='margin-bottom: 5px;'>Capacidad de hasta 120TB internos y 360TB usando la Unidad de Expansi\u00f3n RX1217 (Usando discos de 10TB)<\/li>\n<li style='margin-bottom: 5px;'>Hot Swap<\/li>\n<\/ul><\/div>\n<\/p><\/div>\n<div style='flex: 1 1 250px; border: 1px solid rgba(150&comma; 150&comma; 150&comma; 0.4); border-radius: 8px; overflow: hidden; display: flex; flex-direction: column;'>\n<div style='padding: 15px; border-bottom: 1px solid rgba(150&comma; 150&comma; 150&comma; 0.2); font-weight: bold; font-size: 18px; color: inherit;'>Puertos<\/div>\n<div style='padding: 15px; color: inherit;'>\n<ul style='padding-left: 20px; margin: 0; font-size: 14px; list-style-type: disc;'>\n<li style='margin-bottom: 5px;'>4 Puertos RJ45 Gigabit<\/li>\n<li style='margin-bottom: 5px;'>2 Puerto USB 2.0<\/li>\n<li style='margin-bottom: 5px;'>2 Puertos USB 3.0<\/li>\n<li style='margin-bottom: 5px;'>2 Puertos infiniband<\/li>\n<\/ul><\/div>\n<\/p><\/div>\n<div style='flex: 1 1 250px; border: 1px solid rgba(150&comma; 150&comma; 150&comma; 0.4); border-radius: 8px; overflow: hidden; display: flex; flex-direction: column;'>\n<div style='padding: 15px; border-bottom: 1px solid rgba(150&comma; 150&comma; 150&comma; 0.2); font-weight: bold; font-size: 18px; color: inherit;'>RAID Compatible<\/div>\n<div style='padding: 15px; color: inherit;'>\n<ul style='padding-left: 20px; margin: 0; font-size: 14px; list-style-type: disc;'>\n<li style='margin-bottom: 5px;'>Synology Hybrid RAID<\/li>\n<li style='margin-bottom: 5px;'>JBOD<\/li>\n<li style='margin-bottom: 5px;'>RAID 0<\/li>\n<li style='margin-bottom: 5px;'>RAID 1<\/li>\n<li style='margin-bottom: 5px;'>RAID 5<\/li>\n<li style='margin-bottom: 5px;'>RAID 6<\/li>\n<li style='margin-bottom: 5px;'>RAID 10<\/li>\n<\/ul><\/div>\n<\/p><\/div>\n<div style='flex: 1 1 250px; border: 1px solid rgba(150&comma; 150&comma; 150&comma; 0.4); border-radius: 8px; overflow: hidden; display: flex; flex-direction: column;'>\n<div style='padding: 15px; border-bottom: 1px solid rgba(150&comma; 150&comma; 150&comma; 0.2); font-weight: bold; font-size: 18px; color: inherit;'>Software<\/div>\n<div style='padding: 15px; color: inherit;'>\n<p style='margin: 0 0 10px; font-size: 14px;'>Synology DiskStation Manager (DSM) es un elegante sistema operativo basado en navegador&comma; lo que hace que Synology NAS sea muy f\u00e1cil de utilizar.<\/p>\n<p style='margin: 0 0 10px; font-size: 14px;'>Para conocer todas las aplicaciones adicionales (Add-Ons)&comma; como Servidor de Archivos&comma; de correo&comma; FTP&comma; impresi\u00f3n&comma; fotos&comma; videos y muchos m\u00e1s&comma; consulte la Hoja de Especificaciones.<\/p>\n<\/p><\/div>\n<\/p><\/div>\n<div style='flex: 1 1 250px; border: 1px solid rgba(150&comma; 150&comma; 150&comma; 0.4); border-radius: 8px; overflow: hidden; display: flex; flex-direction: column;'>\n<div style='padding: 15px; border-bottom: 1px solid rgba(150&comma; 150&comma; 150&comma; 0.2); font-weight: bold; font-size: 18px; color: inherit;'>Caracter\u00edsticas F\u00edsicas y El\u00e9ctricas<\/div>\n<div style='padding: 15px; color: inherit;'>\n<ul style='padding-left: 20px; margin: 0; font-size: 14px; list-style-type: disc;'>\n<li style='margin-bottom: 5px;'>Alimentaci\u00f3n: 100 a 200VCA (Incluye fuente de alimentaci\u00f3n)<\/li>\n<li style='margin-bottom: 5px;'>Consumo: 110.55W<\/li>\n<li style='margin-bottom: 5px;'>Temperatura de operaci\u00f3n: 5 a 35 \u00b0C<\/li>\n<li style='margin-bottom: 5px;'>Dimensiones: 88 X 445 X 570 mm<\/li>\n<li style='margin-bottom: 5px;'>Peso: 13.3Kg<\/li>\n<\/ul><\/div>\n<\/p><\/div>\n<div style='flex: 1 1 250px; border: 1px solid rgba(150&comma; 150&comma; 150&comma; 0.4); border-radius: 8px; overflow: hidden; display: flex; flex-direction: column;'>\n<div style='padding: 15px; border-bottom: 1px solid rgba(150&comma; 150&comma; 150&comma; 0.2); font-weight: bold; font-size: 18px; color: inherit;'>Caracter\u00edsticas Adicionales<\/div>\n<div style='padding: 15px; color: inherit;'>\n<ul style='padding-left: 20px; margin: 0; font-size: 14px; list-style-type: disc;'>\n<li style='margin-bottom: 5px;'>Para instalaci\u00f3n en rack de 4 postes (utilizar RKS1317)<\/li>\n<li style='margin-bottom: 5px;'>Garant\u00eda 5 a\u00f1os<\/li>\n<li style='margin-bottom: 5px;'>Encendido y apagado programado<\/li>\n<li style='margin-bottom: 5px;'>Compatibilidad inal\u00e1mbrica (dongle)<\/li>\n<li style='margin-bottom: 5px;'>Recuperaci\u00f3n de energ\u00eda<\/li>\n<li style='margin-bottom: 5px;'>En conformidad con RoHS<\/li>\n<\/ul><\/div>\n<\/p><\/div>\n<\/p><\/div>\n<div style='display: flex; flex-wrap: wrap; gap: 20px; margin-bottom: 30px;'>\n<div style='flex: 1 1 250px;'>\n<h3 style='font-size: 22px; border-bottom: 2px solid currentColor; padding-bottom: 5px; margin-top: 0; color: inherit; opacity: 0.8;'>Im\u00e1genes<\/h3>\n<\/p><\/div>\n<\/p><\/div>\n<div style='display: flex; flex-wrap: wrap; gap: 15px; margin-bottom: 30px;'>\n<div style='flex: 1 1 200px; min-width: 200px;'> <a class='fancybox-media' href='http:\/\/ftp3.syscom.mx\/usuarios\/nortega\/synology\/imagenes\/rs3617xs+\/frente.jpg' rel='gallery1' style='text-decoration: none; display: block; width: 100%;'> <img style='width: 100%; height: auto; border: 1px solid rgba(150&comma;150&comma;150&comma;0.3); border-radius: 8px;' src='http:\/\/ftp3.syscom.mx\/usuarios\/nortega\/synology\/imagenes\/rs3617xs+\/frente.jpg' alt='Frente'> <\/a> <\/div>\n<div style='flex: 1 1 200px; min-width: 200px;'> <a class='fancybox-media' href='http:\/\/ftp3.syscom.mx\/usuarios\/nortega\/synology\/imagenes\/rs3617xs+\/lado.jpg' rel='gallery1' style='text-decoration: none; display: block; width: 100%;'> <img style='width: 100%; height: auto; border: 1px solid rgba(150&comma;150&comma;150&comma;0.3); border-radius: 8px;' src='http:\/\/ftp3.syscom.mx\/usuarios\/nortega\/synology\/imagenes\/rs3617xs+\/lado.jpg' alt='Lateral'> <\/a> <\/div>\n<div style='flex: 1 1 200px; min-width: 200px;'> <a class='fancybox-media' href='http:\/\/ftp3.syscom.mx\/usuarios\/nortega\/synology\/imagenes\/rs3617xs+\/trasera.jpg' rel='gallery1' style='text-decoration: none; display: block; width: 100%;'> <img style='width: 100%; height: auto; border: 1px solid rgba(150&comma;150&comma;150&comma;0.3); border-radius: 8px;' src='http:\/\/ftp3.syscom.mx\/usuarios\/nortega\/synology\/imagenes\/rs3617xs+\/trasera.jpg' alt='Trasera'> <\/a> <\/div>\n<\/p><\/div>\n<div style='display: flex; flex-wrap: wrap; gap: 30px; margin-bottom: 30px;'>\n<div style='flex: 1 1 300px; min-width: 280px;'>\n<p style='font-size: 15px; color: inherit; margin: 0;'> *No incluye discos duros. <\/p>\n<\/p><\/div>\n<\/p><\/div>\n<div style='display: flex; flex-wrap: wrap; gap: 30px; margin-bottom: 30px;'>\n<div style='flex: 1 1 300px; min-width: 280px;'>\n<p style='font-size: 15px; color: inherit; margin: 0;'> <strong>\u00bfQu\u00e9 servidor NAS es el m\u00e1s adecuado para usted?<\/strong><br \/> <a href='https:\/\/www.synology.com\/es-mx\/support\/nas_selector' style='color: inherit; text-decoration: underline;'>https:\/\/www.synology.com\/es-mx\/support\/nas_selector<\/a> <\/p>\n<\/p><\/div>\n<\/p><\/div>\n<\/p><\/div>\n","protected":false},"excerpt":{"rendered":"<p>Servidor NAS para rack de 12 bah\u00edas \/ Expandible a 36 bah\u00edas \/ Hasta 432 TB<\/p>\n","protected":false},"featured_media":114247,"comment_status":"open","ping_status":"closed","template":"","meta":[],"product_brand":[],"product_cat":[2064],"product_tag":[2066,2065,1976],"class_list":{"0":"post-114248","1":"product","2":"type-product","3":"status-publish","4":"has-post-thumbnail","6":"product_cat-almacenamiento-nas-san-esata","7":"product_tag-almacenamiento-nas-san-esata","8":"product_tag-servidores-almacenamiento","9":"product_tag-synology","11":"first","12":"outofstock","13":"sale","14":"shipping-taxable","15":"purchasable","16":"product-type-simple"},"_links":{"self":[{"href":"https:\/\/soydeaqui.ddns.net\/pachuca\/index.php\/wp-json\/wp\/v2\/product\/114248","targetHints":{"allow":["GET"]}}],"collection":[{"href":"https:\/\/soydeaqui.ddns.net\/pachuca\/index.php\/wp-json\/wp\/v2\/product"}],"about":[{"href":"https:\/\/soydeaqui.ddns.net\/pachuca\/index.php\/wp-json\/wp\/v2\/types\/product"}],"replies":[{"embeddable":true,"href":"https:\/\/soydeaqui.ddns.net\/pachuca\/index.php\/wp-json\/wp\/v2\/comments?post=114248"}],"wp:featuredmedia":[{"embeddable":true,"href":"https:\/\/soydeaqui.ddns.net\/pachuca\/index.php\/wp-json\/wp\/v2\/media\/114247"}],"wp:attachment":[{"href":"https:\/\/soydeaqui.ddns.net\/pachuca\/index.php\/wp-json\/wp\/v2\/media?parent=114248"}],"wp:term":[{"taxonomy":"product_brand","embeddable":true,"href":"https:\/\/soydeaqui.ddns.net\/pachuca\/index.php\/wp-json\/wp\/v2\/product_brand?post=114248"},{"taxonomy":"product_cat","embeddable":true,"href":"https:\/\/soydeaqui.ddns.net\/pachuca\/index.php\/wp-json\/wp\/v2\/product_cat?post=114248"},{"taxonomy":"product_tag","embeddable":true,"href":"https:\/\/soydeaqui.ddns.net\/pachuca\/index.php\/wp-json\/wp\/v2\/product_tag?post=114248"}],"curies":[{"name":"wp","href":"https:\/\/api.w.org\/{rel}","templated":true}]}}