{"id":114228,"date":"2026-03-20T23:24:41","date_gmt":"2026-03-20T23:24:41","guid":{"rendered":"https:\/\/soydeaqui.ddns.net\/pachuca\/index.php\/producto\/accesorio-compatible-con-xmr401hd-xmr401sahd-v2-xmr401ahd-v2\/"},"modified":"2026-03-20T23:24:57","modified_gmt":"2026-03-20T23:24:57","slug":"accesorio-compatible-con-xmr401hd-xmr401sahd-v2-xmr401ahd-v2","status":"publish","type":"product","link":"https:\/\/soydeaqui.ddns.net\/pachuca\/index.php\/producto\/accesorio-compatible-con-xmr401hd-xmr401sahd-v2-xmr401ahd-v2\/","title":{"rendered":"Accesorio compatible con XMR401HD, XMR401SAHD\/V2, XMR401AHD\/v2"},"content":{"rendered":"<div style='width: 100%; max-width: 1200px; margin: 0 auto; font-family: sans-serif; line-height: 1.6; color: inherit; background-color: transparent;'> <!-- Secci\u00f3n de descripci\u00f3n principal --> <\/p>\n<div style='margin-bottom: 30px;'>\n<p style='font-size: 16px; color: inherit; margin: 0;'>Accesorio compatible colo con MDVR modelos XMR401SAHD\/V2 XMR401AHD\/V2<\/p>\n<\/p><\/div>\n<p> <!-- Secci\u00f3n de caracter\u00edsticas --> <\/p>\n<div style='display: flex; flex-wrap: wrap; gap: 30px; margin-bottom: 30px;'>\n<div style='flex: 1 1 300px; min-width: 280px;'>\n<h3 style='font-size: 22px; border-bottom: 2px solid currentColor; padding-bottom: 5px; margin-top: 0; color: inherit; opacity: 0.8;'>Caracter\u00edsticas principales<\/h3>\n<ul style='padding-left: 20px; font-size: 15px; color: inherit;'>\n<li style='margin-bottom: 5px;'>Compatibilidad exclusiva con modelos MDVR espec\u00edficos<\/li>\n<li style='margin-bottom: 5px;'>Dise\u00f1ado para XMR401SAHD\/V2 y XMR401AHD\/V2<\/li>\n<li style='margin-bottom: 5px;'>Integraci\u00f3n perfecta con sistema de vigilancia<\/li>\n<li style='margin-bottom: 5px;'>F\u00e1cil instalaci\u00f3n y configuraci\u00f3n segura<\/li>\n<li style='margin-bottom: 5px;'>Optimiza rendimiento de grabaci\u00f3n en veh\u00edculos<\/li>\n<\/ul><\/div>\n<\/p><\/div>\n<\/p><\/div>\n","protected":false},"excerpt":{"rendered":"<p>Accesorio compatible con XMR401HD, XMR401SAHD\/V2, XMR401AHD\/v2<\/p>\n","protected":false},"featured_media":114227,"comment_status":"open","ping_status":"closed","template":"","meta":[],"product_brand":[],"product_cat":[1408,1406],"product_tag":[93,1409,935,1345],"class_list":{"0":"post-114228","1":"product","2":"type-product","3":"status-publish","4":"has-post-thumbnail","6":"product_cat-accesorios-dash-cams-y-body-cams","7":"product_cat-videograbadoras-moviles-videovigilancia","8":"product_tag-accesorios","9":"product_tag-dash-cams-y-body-cams","10":"product_tag-epcom","11":"product_tag-videograbadoras-moviles","13":"first","14":"instock","15":"sale","16":"shipping-taxable","17":"purchasable","18":"product-type-simple"},"_links":{"self":[{"href":"https:\/\/soydeaqui.ddns.net\/pachuca\/index.php\/wp-json\/wp\/v2\/product\/114228","targetHints":{"allow":["GET"]}}],"collection":[{"href":"https:\/\/soydeaqui.ddns.net\/pachuca\/index.php\/wp-json\/wp\/v2\/product"}],"about":[{"href":"https:\/\/soydeaqui.ddns.net\/pachuca\/index.php\/wp-json\/wp\/v2\/types\/product"}],"replies":[{"embeddable":true,"href":"https:\/\/soydeaqui.ddns.net\/pachuca\/index.php\/wp-json\/wp\/v2\/comments?post=114228"}],"wp:featuredmedia":[{"embeddable":true,"href":"https:\/\/soydeaqui.ddns.net\/pachuca\/index.php\/wp-json\/wp\/v2\/media\/114227"}],"wp:attachment":[{"href":"https:\/\/soydeaqui.ddns.net\/pachuca\/index.php\/wp-json\/wp\/v2\/media?parent=114228"}],"wp:term":[{"taxonomy":"product_brand","embeddable":true,"href":"https:\/\/soydeaqui.ddns.net\/pachuca\/index.php\/wp-json\/wp\/v2\/product_brand?post=114228"},{"taxonomy":"product_cat","embeddable":true,"href":"https:\/\/soydeaqui.ddns.net\/pachuca\/index.php\/wp-json\/wp\/v2\/product_cat?post=114228"},{"taxonomy":"product_tag","embeddable":true,"href":"https:\/\/soydeaqui.ddns.net\/pachuca\/index.php\/wp-json\/wp\/v2\/product_tag?post=114228"}],"curies":[{"name":"wp","href":"https:\/\/api.w.org\/{rel}","templated":true}]}}