{"id":114196,"date":"2026-03-20T23:22:50","date_gmt":"2026-03-20T23:22:50","guid":{"rendered":"https:\/\/soydeaqui.ddns.net\/pachuca\/index.php\/producto\/nvr-12-megapixel-4k-32-canales-ip-soporta-camaras-acusense-16-bahias-de-disco-duro-2-tarjetas-de-red-soporta-raid-con-hot-swap-hdmi-en-4k-soporta-pos\/"},"modified":"2026-03-20T23:23:07","modified_gmt":"2026-03-20T23:23:07","slug":"nvr-12-megapixel-4k-32-canales-ip-soporta-camaras-acusense-16-bahias-de-disco-duro-2-tarjetas-de-red-soporta-raid-con-hot-swap-hdmi-en-4k-soporta-pos","status":"publish","type":"product","link":"https:\/\/soydeaqui.ddns.net\/pachuca\/index.php\/producto\/nvr-12-megapixel-4k-32-canales-ip-soporta-camaras-acusense-16-bahias-de-disco-duro-2-tarjetas-de-red-soporta-raid-con-hot-swap-hdmi-en-4k-soporta-pos\/","title":{"rendered":"NVR 12 Megapixel (4K) \/ 32 Canales IP \/ Soporta C\u00e1maras  AcuSense \/ 16 Bah\u00edas de Disco Duro \/ 2 Tarjetas de Red \/ Soporta RAID con Hot Swap \/ HDMI en 4K \/ Soporta POS"},"content":{"rendered":"<div style='width: 100%; max-width: 1200px; margin: 0 auto; font-family: sans-serif; line-height: 1.6; color: inherit; background-color: transparent;'>\n<p style='text-align: center; margin: 20px 0;'><img style='width: 100%; max-width: 300px; height: auto; border: 1px solid rgba(150&comma;150&comma;150&comma;0.3); border-radius: 8px;' src='https:\/\/ftp3.syscom.mx\/usuarios\/jsosa\/HIKVISION\/imagenes\/logo\/hikvision%20see%20far.png' alt='Logo Hikvision'><\/p>\n<div style='display: flex; flex-wrap: wrap; gap: 30px; margin-top: 40px;'>\n<div style='flex: 1 1 300px; min-width: 280px;'>\n<h3 style='font-size: 22px; border-bottom: 2px solid currentColor; padding-bottom: 5px; margin-top: 0; color: inherit; opacity: 0.8;'>Caracter\u00edsticas principales<\/h3>\n<ul style='padding-left: 20px; font-size: 15px; color: inherit;'>\n<li style='margin-bottom: 5px;'>Compresi\u00f3n de v\u00eddeo: H.265+ \/ H.265 \/ H.264+ \/ H.264<\/li>\n<li style='margin-bottom: 5px;'>Soporta mouse USB para operar (incluido)<\/li>\n<li style='margin-bottom: 5px;'>Soporta 16 HDD\u00b4s de hasta 10 TB (no incluidos)<\/li>\n<li style='margin-bottom: 5px;'>Soporta HOT SWAP con arreglo RAID 0&comma;1&comma;5&comma;10 (Capacidad de disco duro m\u00ednima de 4 TB para RAID)<\/li>\n<li style='margin-bottom: 5px;'>Soporta b\u00fasqueda de agenda en forma local \u00f3 remota<\/li>\n<li style='margin-bottom: 5px;'>Soporta tecnologia ANR con c\u00e1mara IP HIKVISION cuando la red est\u00e1 desconectada<\/li>\n<li style='margin-bottom: 5px;'>Soporta Hot Spare para que nunca se pierda la grabaci\u00f3n en caso de que el NVR este fallando (se requiere otro NVR que tambi\u00e9n soporte la funci\u00f3n)<\/li>\n<li style='margin-bottom: 5px;'>Soporta DDNS (Hik-Connect&comma; DynDNS&comma; No-IP&comma; etc)<\/li>\n<li style='margin-bottom: 5px;'>Soporta Hik-Connect P2P (Hik-Connect)<\/li>\n<li style='margin-bottom: 5px;'>Soporta acceso remoto v\u00eda tel\u00e9fono: Android&comma; iPhone&comma; iPad (Hik-Connect)<\/li>\n<li style='margin-bottom: 5px;'>Compatibilidad con navegadores IE&comma; Safari&comma; Chrome (ietab)<\/li>\n<li style='margin-bottom: 5px;'>Software cliente IVMS-4200 (gratuito)<\/li>\n<li style='margin-bottom: 5px;'>Soporta m\u00faltiples marcas como: AXIS&comma; ONVIF&comma; PANASONIC&comma; PSIA&comma; SAMSUNG&comma; ACTi&comma; SANYO&comma; ZAVIO&comma; VIVOTEK entre otros<\/li>\n<\/ul><\/div>\n<div style='flex: 1 1 300px; min-width: 280px;'>\n<h3 style='font-size: 22px; border-bottom: 2px solid currentColor; padding-bottom: 5px; margin-top: 0; color: inherit; opacity: 0.8;'>Caracter\u00edsticas F\u00edsicas y El\u00e9ctricas<\/h3>\n<ul style='padding-left: 20px; font-size: 15px; color: inherit;'>\n<li style='margin-bottom: 5px;'>Dimensiones: 445 \u00d7 496 \u00d7 146 mm (3 U rack)<\/li>\n<li style='margin-bottom: 5px;'>Alimentaci\u00f3n: 100 a 240Vca \/ 45 W<\/li>\n<li style='margin-bottom: 5px;'>Temperatura de operaci\u00f3n: -10\u00b0C a 55\u00b0C<\/li>\n<li style='margin-bottom: 5px;'>Peso: 12.5 Kg sin HDD<\/li>\n<\/ul>\n<h4 style='font-size: 18px; margin-top: 25px; margin-bottom: 15px; color: inherit;'>Resoluci\u00f3n de Grabaci\u00f3n por Canal (recomendado con H.265):<\/h4>\n<ul style='padding-left: 20px; font-size: 15px; color: inherit;'>\n<li style='margin-bottom: 5px;'>1 Megapixel: 32 canales @ 30 IPS<\/li>\n<li style='margin-bottom: 5px;'>2 Megapixel: 32 canales @ 30 IPS<\/li>\n<li style='margin-bottom: 5px;'>5 Megapixel: 32 canales @ 15 IPS<\/li>\n<li style='margin-bottom: 5px;'>8 Megapixel (4K): 32 canales @ 10 IPS<\/li>\n<li style='margin-bottom: 5px;'>Reproducci\u00f3n s\u00edncrona en canales: 16 Canales<\/li>\n<\/ul><\/div>\n<div style='flex: 1 1 300px; min-width: 280px;'>\n<h3 style='font-size: 22px; border-bottom: 2px solid currentColor; padding-bottom: 5px; margin-top: 0; color: inherit; opacity: 0.8;'>Interfaces Entradas \/ Salidas<\/h3>\n<ul style='padding-left: 20px; font-size: 15px; color: inherit;'>\n<li style='margin-bottom: 5px;'><strong>Salida HDMI 1:<\/strong> 4K \/ 1080p \/ 720p<\/li>\n<li style='margin-bottom: 5px;'><strong>Salida HDMI 2:<\/strong> 1080p \/ 720p<\/li>\n<li style='margin-bottom: 5px;'><strong>Salida VGA 1:<\/strong> 4K \/ 1080p \/ 720p<\/li>\n<li style='margin-bottom: 5px;'><strong>Salida VGA 2:<\/strong> 1080p \/ 720p<\/li>\n<li style='margin-bottom: 5px;'><strong>Salida independiente HDMI 1 y HDMI 2<\/strong><\/li>\n<li style='margin-bottom: 5px;'><strong>Salida independiente VGA 1 y VGA 2<\/strong><\/li>\n<li style='margin-bottom: 5px;'>Entrada de Audio: 1 Canal<\/li>\n<li style='margin-bottom: 5px;'>Salida de Audio: 2 Canales<\/li>\n<li style='margin-bottom: 5px;'>Entrada de Alarma: 16<\/li>\n<li style='margin-bottom: 5px;'>Salida de Alarma: 8<\/li>\n<li style='margin-bottom: 5px;'>Soporta audio bidireccional (audio de dos v\u00edas)<\/li>\n<\/ul><\/div>\n<\/p><\/div>\n<div style='display: flex; flex-wrap: wrap; gap: 30px; margin-top: 40px;'>\n<div style='flex: 1 1 300px; min-width: 280px;'>\n<h3 style='font-size: 22px; border-bottom: 2px solid currentColor; padding-bottom: 5px; margin-top: 0; color: inherit; opacity: 0.8;'>Capacidad de procesamiento y funciones de red<\/h3>\n<ul style='padding-left: 20px; font-size: 15px; color: inherit;'>\n<li style='margin-bottom: 5px;'>Throughput entrada: 320 Mbps (200 Mbps con RAID)<\/li>\n<li style='margin-bottom: 5px;'>Throughput salida: 256 Mbps (200 Mbps con RAID)<\/li>\n<li style='margin-bottom: 5px;'>2 Puerto red 10 \/ 100 \/ 1000 Mbps (LAN)<\/li>\n<li style='margin-bottom: 5px;'>Funciones de las tarjetas de red: balanceo de carga y multi-direcci\u00f3n<\/li>\n<li style='margin-bottom: 5px;'>Configuraci\u00f3n local y remota de par\u00e1metros<\/li>\n<li style='margin-bottom: 5px;'>Descarga y reproducci\u00f3n por red de los archivos grabados en la NVR<\/li>\n<li style='margin-bottom: 5px;'>Soporta la descarga de bit\u00e1cora de alarmas del NVR en forma remota<\/li>\n<\/ul><\/div>\n<div style='flex: 1 1 300px; min-width: 280px;'>\n<h3 style='font-size: 22px; border-bottom: 2px solid currentColor; padding-bottom: 5px; margin-top: 0; color: inherit; opacity: 0.8;'>Funciones de Grabaci\u00f3n y Visualizaci\u00f3n<\/h3>\n<ul style='padding-left: 20px; font-size: 15px; color: inherit;'>\n<li style='margin-bottom: 5px;'>Detecci\u00f3n de movimiento multizona<\/li>\n<li style='margin-bottom: 5px;'>Zoom digital en visualizaci\u00f3n y grabaci\u00f3n<\/li>\n<li style='margin-bottom: 5px;'>Dual stream (main stream y sub stream)<\/li>\n<li style='margin-bottom: 5px;'>Soporta avance r\u00e1pido&comma; lento&comma; cuadro a cuadro&comma; etc.<\/li>\n<li style='margin-bottom: 5px;'>Soporta tecnolog\u00eda de discos duros S.M.A.R.T.<\/li>\n<li style='margin-bottom: 5px;'>Soporta m\u00faltiples tipos de grabaci\u00f3n&comma; incluyendo tiempo real&comma; grabaci\u00f3n manual&comma; videosensor&comma; videosensor y alarma&comma; videosensor o alarma<\/li>\n<li style='margin-bottom: 5px;'>Soporta grabaci\u00f3n c\u00edclica (sobreescritura) y no c\u00edclica<\/li>\n<\/ul><\/div>\n<\/p><\/div>\n<div style='margin-top: 40px;'>\n<h3 style='font-size: 22px; border-bottom: 2px solid currentColor; padding-bottom: 5px; margin-top: 0; color: inherit; opacity: 0.8;'>Caracter\u00edsticas Destacadas<\/h3>\n<p style='margin-top: 20px; font-weight: bold; color: inherit;'>Soporta c\u00e1maras con ACUSENSE (Filtro de Falsas Alarmas):<\/p>\n<ul style='padding-left: 20px; font-size: 15px; color: inherit;'>\n<li style='margin-bottom: 5px;'>Con tecnolog\u00eda ACUSENSE podemos evitar falsas alarmas como movimiento de \u00e1rboles&comma; animales&comma; etc.<\/li>\n<li style='margin-bottom: 5px;'>Al activar la tecnolog\u00eda ACUSENSE en las c\u00e1maras solo detectar\u00e1 cuerpo humano y veh\u00edculos para identificar eventos realmente importantes y as\u00ed eliminar falsas alarmas.<\/li>\n<li style='margin-bottom: 5px;'>Soporta hasta 32 canales con la tecnolog\u00eda ACUSENSE utilizando c\u00e1maras: <a href='https:\/\/www.syscom.mx\/principal\/consultarproductosazul?global_search=ds2cd3&#038;ordenar=Relevancia&#038;pag=1' target='_blank' rel='noopener' style='color: inherit; text-decoration: underline;'>DS-2CD3XX<\/a> \/ <a href='https:\/\/www.syscom.mx\/principal\/consultarproductosazul?global_search=ds2cd2xx3g2&#038;ordenar=Modelo_A-Z&#038;pag=1' target='_blank' rel='noopener' style='color: inherit; text-decoration: underline;'>DS-2CD2XX3G2<\/a> \/ <a href='https:\/\/www.syscom.mx\/principal\/consultarproductosazul?global_search=DS-2CD2XX7G2&#038;ordenar=Relevancia&#038;pag=1' target='_blank' rel='noopener' style='color: inherit; text-decoration: underline;'>DS-2CD2XX7G2<\/a> (que soporte ACUSENSE).<\/li>\n<\/ul><\/div>\n<div style='margin-top: 40px;'>\n<h3 style='font-size: 22px; border-bottom: 2px solid currentColor; padding-bottom: 5px; margin-top: 0; color: inherit; opacity: 0.8;'>Consideraciones<\/h3>\n<p style='margin-top: 20px; font-weight: bold; color: inherit;'>Nota: La serie de grabadores DS96XXX trabaja bajo una arquitectura cliente servidor&comma; por lo que es necesario workstation para su correcto funcionamiento&comma; cualquier duda favor de comunicarse al departamento de ingenier\u00eda seguridad.<\/p>\n<\/p><\/div>\n<div style='margin-top: 40px;'>\n<h3 style='font-size: 22px; text-align: center; border-bottom: 2px solid currentColor; padding-bottom: 5px; margin-top: 0; color: inherit; opacity: 0.8;'>Recursos<\/h3>\n<div style='display: flex; flex-wrap: wrap; gap: 20px; margin-top: 30px; justify-content: center;'>\n<div style='flex: 1 1 250px; min-width: 200px; text-align: center;'> <a href='https:\/\/www.hikvision.com\/es-la\/support\/download\/software\/ivms4200-series\/?q=serie%20ivms4200&#038;position=1' target='_blank' rel='noopener' style='display: block;'> <img style='width: 100%; max-width: 250px; height: auto; border: 1px solid rgba(150&comma;150&comma;150&comma;0.3); border-radius: 8px;' src='https:\/\/ftp3.syscom.mx\/usuarios\/gmagos\/HIK\/IP\/IPC\/Imagenes%20pagina\/Descargas%20IVMS4200.jpg' alt='IVMS4200 Software'> <\/a> <\/div>\n<div style='flex: 1 1 250px; min-width: 200px; text-align: center;'> <a href='https:\/\/appstore.hikvision.com\/' target='_blank' rel='noopener' style='display: block;'> <img style='width: 100%; max-width: 250px; height: auto; border: 1px solid rgba(150&comma;150&comma;150&comma;0.3); border-radius: 8px;' src='https:\/\/ftp3.syscom.mx\/usuarios\/gmagos\/HIK\/IP\/IPC\/Imagenes%20pagina\/Descargas%20de%20app.jpg' alt='Hikvision App Store'> <\/a> <\/div>\n<div style='flex: 1 1 250px; min-width: 200px; text-align: center;'> <a href='https:\/\/ftp3.syscom.mx\/usuarios\/gmagos\/HIK\/IP\/NVR\/DS-9600NI-I16\/Datasheet-of-DS-9600NI-I16_NVR_V4.40.010-20201118.pdf' target='_blank' rel='noopener' style='display: block;'> <img style='width: 100%; max-width: 250px; height: auto; border: 1px solid rgba(150&comma;150&comma;150&comma;0.3); border-radius: 8px;' src='https:\/\/ftp3.syscom.mx\/usuarios\/gmagos\/HIK\/IP\/IPC\/Imagenes%20pagina\/Descarga%20de%20PDF.jpg' alt='Ficha T\u00e9cnica PDF'> <\/a> <\/div>\n<\/p><\/div>\n<\/p><\/div>\n<div style='margin-top: 40px;'>\n<h3 style='font-size: 22px; border-bottom: 2px solid currentColor; padding-bottom: 5px; margin-top: 0; color: inherit; opacity: 0.8;'>\u00bfQu\u00e9 es H.265+?<\/h3>\n<p style='margin-top: 20px; font-weight: bold; color: inherit;'>H.265+ es el m\u00e9todo de compresi\u00f3n patentado por Hikvision&comma; permite ahorrar hasta 80% de almacenamiento y ancho de banda.<\/p>\n<p style='font-weight: bold; color: inherit;'>+ M\u00e1s c\u00e1maras (3MP \/ 5MP \/ 4K) con menor consumo de ancho de banda.<\/p>\n<p style='font-weight: bold; color: inherit;'>+ M\u00e1s tiempo de grabaci\u00f3n con menos cantidad de discos duros.<\/p>\n<\/p><\/div>\n<div style='display: flex; flex-wrap: wrap; gap: 20px; margin-top: 30px;'>\n<div style='flex: 1 1 300px; min-width: 280px;'> <img style='width: 100%; height: auto; border: 1px solid rgba(150&comma;150&comma;150&comma;0.3); border-radius: 8px;' src='https:\/\/ftp3.syscom.mx\/usuarios\/jsosa\/josesosa\/Imagenes\/menosconsumoh.jpg' alt='H.265+ Ahorro de ancho de banda'> <\/div>\n<div style='flex: 1 1 300px; min-width: 280px;'> <img style='width: 100%; height: auto; border: 1px solid rgba(150&comma;150&comma;150&comma;0.3); border-radius: 8px;' src='https:\/\/gallery.mailchimp.com\/2b3e9128678b450bb748bf973\/images\/8b15ae5d-f5d1-4fa3-84fb-ed3f872ec946.gif' alt='Comparaci\u00f3n H.265+'> <\/div>\n<\/p><\/div>\n<div style='display: flex; flex-wrap: wrap; gap: 20px; margin-top: 30px;'>\n<div style='flex: 1 1 300px; min-width: 280px;'> <img style='width: 100%; height: auto; border: 1px solid rgba(150&comma;150&comma;150&comma;0.3); border-radius: 8px;' src='http:\/\/ftp3.syscom.mx\/usuarios\/fotos\/DS9664NII16\/DS9664NII16_2.png' alt='NVR Vista 1'> <\/div>\n<div style='flex: 1 1 300px; min-width: 280px;'> <img style='width: 100%; height: auto; border: 1px solid rgba(150&comma;150&comma;150&comma;0.3); border-radius: 8px;' src='http:\/\/ftp3.syscom.mx\/usuarios\/fotos\/DS9664NII16\/DS9664NII16_3.png' alt='NVR Vista 2'> <\/div>\n<\/p><\/div>\n<div style='margin-top: 30px;'> <img style='width: 100%; height: auto; border: 1px solid rgba(150&comma;150&comma;150&comma;0.3); border-radius: 8px;' src='https:\/\/ftp3.syscom.mx\/usuarios\/jsosa\/GIF\/h264-ip65.jpg' alt='Comparaci\u00f3n H.264'> <\/div>\n<\/p><\/div>\n","protected":false},"excerpt":{"rendered":"<p>NVR 12 Megapixel (4K) \/ 32 Canales IP \/ Soporta C\u00e1maras  AcuSense \/ 16 Bah\u00edas de Disco Duro \/ 2 Tarjetas de Red \/ Soporta RAID con Hot Swap \/ HDMI en 4K \/ Soporta POS<\/p>\n","protected":false},"featured_media":114195,"comment_status":"open","ping_status":"closed","template":"","meta":[],"product_brand":[],"product_cat":[2234],"product_tag":[122,54,2235],"class_list":{"0":"post-114196","1":"product","2":"type-product","3":"status-publish","4":"has-post-thumbnail","6":"product_cat-nvrs-network-video-recorders","7":"product_tag-camaras-ip-y-nvrs","8":"product_tag-hikvision","9":"product_tag-nvrs-network-video-recorders","11":"first","12":"outofstock","13":"sale","14":"shipping-taxable","15":"purchasable","16":"product-type-simple"},"_links":{"self":[{"href":"https:\/\/soydeaqui.ddns.net\/pachuca\/index.php\/wp-json\/wp\/v2\/product\/114196","targetHints":{"allow":["GET"]}}],"collection":[{"href":"https:\/\/soydeaqui.ddns.net\/pachuca\/index.php\/wp-json\/wp\/v2\/product"}],"about":[{"href":"https:\/\/soydeaqui.ddns.net\/pachuca\/index.php\/wp-json\/wp\/v2\/types\/product"}],"replies":[{"embeddable":true,"href":"https:\/\/soydeaqui.ddns.net\/pachuca\/index.php\/wp-json\/wp\/v2\/comments?post=114196"}],"wp:featuredmedia":[{"embeddable":true,"href":"https:\/\/soydeaqui.ddns.net\/pachuca\/index.php\/wp-json\/wp\/v2\/media\/114195"}],"wp:attachment":[{"href":"https:\/\/soydeaqui.ddns.net\/pachuca\/index.php\/wp-json\/wp\/v2\/media?parent=114196"}],"wp:term":[{"taxonomy":"product_brand","embeddable":true,"href":"https:\/\/soydeaqui.ddns.net\/pachuca\/index.php\/wp-json\/wp\/v2\/product_brand?post=114196"},{"taxonomy":"product_cat","embeddable":true,"href":"https:\/\/soydeaqui.ddns.net\/pachuca\/index.php\/wp-json\/wp\/v2\/product_cat?post=114196"},{"taxonomy":"product_tag","embeddable":true,"href":"https:\/\/soydeaqui.ddns.net\/pachuca\/index.php\/wp-json\/wp\/v2\/product_tag?post=114196"}],"curies":[{"name":"wp","href":"https:\/\/api.w.org\/{rel}","templated":true}]}}