{"id":114190,"date":"2026-03-20T23:22:33","date_gmt":"2026-03-20T23:22:33","guid":{"rendered":"https:\/\/soydeaqui.ddns.net\/pachuca\/index.php\/producto\/caja-de-conexiones-2\/"},"modified":"2026-03-20T23:22:35","modified_gmt":"2026-03-20T23:22:35","slug":"caja-de-conexiones-2","status":"publish","type":"product","link":"https:\/\/soydeaqui.ddns.net\/pachuca\/index.php\/producto\/caja-de-conexiones-2\/","title":{"rendered":"Caja de Conexiones"},"content":{"rendered":"<div style='width: 100%; max-width: 1200px; margin: 0 auto; font-family: sans-serif; line-height: 1.6; color: inherit; background-color: transparent;'> <!-- Secci\u00f3n de caracter\u00edsticas --> <\/p>\n<div style='display: flex; flex-wrap: wrap; gap: 30px; margin-bottom: 30px;'>\n<div style='flex: 1 1 300px; min-width: 280px;'>\n<h3 style='font-size: 22px; border-bottom: 2px solid currentColor; padding-bottom: 5px; margin-top: 0; color: inherit; opacity: 0.8;'>Caracter\u00edsticas Generales<\/h3>\n<ul style='padding-left: 20px; font-size: 15px; color: inherit;'>\n<li style='margin-bottom: 5px;'><strong>Modelo:<\/strong> HBG-BB<\/li>\n<li style='margin-bottom: 5px;'><strong>Construcci\u00f3n:<\/strong> Aluminio fundido a presi\u00f3n<\/li>\n<li style='margin-bottom: 5px;'><strong>Acabado:<\/strong> Pintura en polvo gris<\/li>\n<li style='margin-bottom: 5px;'><strong>Peso:<\/strong> 0.31 kg (0.67 lb.)<\/li>\n<li style='margin-bottom: 5px;'><strong>Dimensiones:<\/strong> 109.0 mm x 41.0 mm (4.29\u201d x 1.61\u201d)<\/li>\n<\/ul><\/div>\n<div style='flex: 1 1 300px; min-width: 280px;'>\n<h3 style='font-size: 22px; border-bottom: 2px solid currentColor; padding-bottom: 5px; margin-top: 0; color: inherit; opacity: 0.8;'>Aplicaciones<\/h3>\n<ul style='padding-left: 20px; font-size: 15px; color: inherit;'>\n<li style='margin-bottom: 5px;'>Montaje para c\u00e1maras fijas tipo bala<\/li>\n<li style='margin-bottom: 5px;'>Uso en exteriores<\/li>\n<li style='margin-bottom: 5px;'>Compatible con montajes de esquina y poste<\/li>\n<li style='margin-bottom: 5px;'>Montaje en pared exterior<\/li>\n<li style='margin-bottom: 5px;'>Compatible con modelos HBW2GR1\/HBW2GR3\/HBL2GR1\/HBW4GR1<\/li>\n<\/ul><\/div>\n<\/p><\/div>\n<p> <!-- Secci\u00f3n de especificaciones t\u00e9cnicas --> <\/p>\n<div style='display: flex; flex-wrap: wrap; gap: 20px; margin-bottom: 30px;'>\n<div style='flex: 1 1 250px; border: 1px solid rgba(150&comma; 150&comma; 150&comma; 0.4); border-radius: 8px; overflow: hidden; display: flex; flex-direction: column;'>\n<div style='padding: 15px; border-bottom: 1px solid rgba(150&comma; 150&comma; 150&comma; 0.2); font-weight: bold; font-size: 18px; color: inherit;'>Especificaciones Mec\u00e1nicas<\/div>\n<div style='padding: 15px; color: inherit;'>\n<ul style='padding-left: 20px; margin: 0; font-size: 14px; list-style-type: disc;'>\n<li style='margin-bottom: 5px;'><strong>Modelo:<\/strong> HBG-BB<\/li>\n<li style='margin-bottom: 5px;'><strong>Construcci\u00f3n:<\/strong> Aluminio fundido a presi\u00f3n<\/li>\n<li style='margin-bottom: 5px;'><strong>Acabado:<\/strong> Pintura en polvo gris<\/li>\n<li style='margin-bottom: 5px;'><strong>Peso:<\/strong> 0.31 kg (0.67 lb.)<\/li>\n<li style='margin-bottom: 5px;'><strong>Dimensiones:<\/strong> 109.0 mm x 41.0 mm (4.29\u201d x 1.61\u201d)<\/li>\n<\/ul><\/div>\n<\/p><\/div>\n<div style='flex: 1 1 250px; border: 1px solid rgba(150&comma; 150&comma; 150&comma; 0.4); border-radius: 8px; overflow: hidden; display: flex; flex-direction: column;'>\n<div style='padding: 15px; border-bottom: 1px solid rgba(150&comma; 150&comma; 150&comma; 0.2); font-weight: bold; font-size: 18px; color: inherit;'>Compatibilidad<\/div>\n<div style='padding: 15px; color: inherit;'>\n<ul style='padding-left: 20px; margin: 0; font-size: 14px; list-style-type: disc;'>\n<li style='margin-bottom: 5px;'>C\u00e1maras tipo bala<\/li>\n<li style='margin-bottom: 5px;'>Montaje en pared exterior<\/li>\n<li style='margin-bottom: 5px;'>Compatible con HBW2GR1\/HBW2GR3\/HBL2GR1\/HBW4GR1<\/li>\n<li style='margin-bottom: 5px;'>Para uso con HB4G-PM (Adaptador de poste)<\/li>\n<li style='margin-bottom: 5px;'>Para uso con HB34G-CM (Adaptador de esquina)<\/li>\n<\/ul><\/div>\n<\/p><\/div>\n<div style='flex: 1 1 250px; border: 1px solid rgba(150&comma; 150&comma; 150&comma; 0.4); border-radius: 8px; overflow: hidden; display: flex; flex-direction: column;'>\n<div style='padding: 15px; border-bottom: 1px solid rgba(150&comma; 150&comma; 150&comma; 0.2); font-weight: bold; font-size: 18px; color: inherit;'>Construcci\u00f3n<\/div>\n<div style='padding: 15px; color: inherit;'>\n<ul style='padding-left: 20px; margin: 0; font-size: 14px; list-style-type: disc;'>\n<li style='margin-bottom: 5px;'>Material: Aluminio fundido a presi\u00f3n<\/li>\n<li style='margin-bottom: 5px;'>Acabado: Pintura en polvo gris<\/li>\n<li style='margin-bottom: 5px;'>Dise\u00f1o compacto para f\u00e1cil instalaci\u00f3n<\/li>\n<li style='margin-bottom: 5px;'>Permite enroutamiento de cables<\/li>\n<li style='margin-bottom: 5px;'>Permite ajuste y prueba sin reposicionar<\/li>\n<\/ul><\/div>\n<\/p><\/div>\n<\/p><\/div>\n<p> <!-- Separador --> <\/p>\n<hr style='border: 0; border-top: 1px solid rgba(150&comma; 150&comma; 150&comma; 0.3); margin: 30px 0;'> <\/div>\n","protected":false},"excerpt":{"rendered":"<p>Caja de Conexiones<\/p>\n","protected":false},"featured_media":114189,"comment_status":"open","ping_status":"closed","template":"","meta":[],"product_brand":[],"product_cat":[688],"product_tag":[417,689,209],"class_list":{"0":"post-114190","1":"product","2":"type-product","3":"status-publish","4":"has-post-thumbnail","6":"product_cat-cajas-de-interconexion","7":"product_tag-accesorios-generales","8":"product_tag-cajas-de-interconexion","9":"product_tag-honeywell","11":"first","12":"outofstock","13":"sale","14":"shipping-taxable","15":"purchasable","16":"product-type-simple"},"_links":{"self":[{"href":"https:\/\/soydeaqui.ddns.net\/pachuca\/index.php\/wp-json\/wp\/v2\/product\/114190","targetHints":{"allow":["GET"]}}],"collection":[{"href":"https:\/\/soydeaqui.ddns.net\/pachuca\/index.php\/wp-json\/wp\/v2\/product"}],"about":[{"href":"https:\/\/soydeaqui.ddns.net\/pachuca\/index.php\/wp-json\/wp\/v2\/types\/product"}],"replies":[{"embeddable":true,"href":"https:\/\/soydeaqui.ddns.net\/pachuca\/index.php\/wp-json\/wp\/v2\/comments?post=114190"}],"wp:featuredmedia":[{"embeddable":true,"href":"https:\/\/soydeaqui.ddns.net\/pachuca\/index.php\/wp-json\/wp\/v2\/media\/114189"}],"wp:attachment":[{"href":"https:\/\/soydeaqui.ddns.net\/pachuca\/index.php\/wp-json\/wp\/v2\/media?parent=114190"}],"wp:term":[{"taxonomy":"product_brand","embeddable":true,"href":"https:\/\/soydeaqui.ddns.net\/pachuca\/index.php\/wp-json\/wp\/v2\/product_brand?post=114190"},{"taxonomy":"product_cat","embeddable":true,"href":"https:\/\/soydeaqui.ddns.net\/pachuca\/index.php\/wp-json\/wp\/v2\/product_cat?post=114190"},{"taxonomy":"product_tag","embeddable":true,"href":"https:\/\/soydeaqui.ddns.net\/pachuca\/index.php\/wp-json\/wp\/v2\/product_tag?post=114190"}],"curies":[{"name":"wp","href":"https:\/\/api.w.org\/{rel}","templated":true}]}}