{"id":114185,"date":"2026-03-20T23:22:16","date_gmt":"2026-03-20T23:22:16","guid":{"rendered":"https:\/\/soydeaqui.ddns.net\/pachuca\/index.php\/producto\/dvr-4-megapixel-4-canales-turbohd-2-canales-ip-1-bahia-de-disco-duro-1-canal-de-audio-videoanalisis\/"},"modified":"2026-03-20T23:22:29","modified_gmt":"2026-03-20T23:22:29","slug":"dvr-4-megapixel-4-canales-turbohd-2-canales-ip-1-bahia-de-disco-duro-1-canal-de-audio-videoanalisis","status":"publish","type":"product","link":"https:\/\/soydeaqui.ddns.net\/pachuca\/index.php\/producto\/dvr-4-megapixel-4-canales-turbohd-2-canales-ip-1-bahia-de-disco-duro-1-canal-de-audio-videoanalisis\/","title":{"rendered":"DVR 4 Megapixel \/ 4 Canales TURBOHD + 2 Canales IP \/ 1 Bah\u00eda de Disco Duro \/ 1 Canal de Audio \/ V\u00eddeoan\u00e1lisis"},"content":{"rendered":"<div style='width: 100%; max-width: 1200px; margin: 0 auto; font-family: sans-serif; line-height: 1.6; color: inherit; background-color: transparent;'>\n<div style='display: flex; flex-wrap: wrap; gap: 30px; margin-bottom: 30px;'>\n<div style='flex: 1 1 300px; min-width: 280px;'>\n<h3 style='font-size: 22px; border-bottom: 2px solid currentColor; padding-bottom: 5px; margin-top: 0; color: inherit; opacity: 0.8;'>\u00bfQu\u00e9 es H.265+?<\/h3>\n<p style='font-size: 15px; color: inherit; margin-bottom: 15px;'>H.265+ es el m\u00e9todo de compresi\u00f3n de DVRs&comma; C\u00e1maras IP y NVRs Hikvision \/ EPCOM&comma; permite ahorrar hasta 80% de almacenamiento y ancho de banda.<\/p>\n<p style='font-size: 15px; color: inherit; margin-bottom: 15px;'><a href='http:\/\/syscom.us1.list-manage1.com\/track\/click?u=2b3e9128678b450bb748bf973&#038;id=963d566a70&#038;e=bc82a6439b' target='_blank' rel='noopener' style='color: #2baadf; text-decoration: underline;'>Ver presentaci\u00f3n de H.265+<\/a><\/p>\n<\/p><\/div>\n<\/p><\/div>\n<div style='display: flex; flex-wrap: wrap; gap: 30px; margin-bottom: 30px;'>\n<div style='flex: 1 1 300px; min-width: 280px;'>\n<h3 style='font-size: 22px; border-bottom: 2px solid currentColor; padding-bottom: 5px; margin-top: 0; color: inherit; opacity: 0.8;'>Notas Importantes<\/h3>\n<p style='font-size: 15px; color: inherit; margin-bottom: 15px;'>Gracias a las nuevas actualizaciones (mejoras) ahora el DVR permite aceptar c\u00e1maras TURBOHD de 4 Megapixel que originalmente estaba dedicado a soportar 3 Megapixel&comma; el DVR podr\u00e1 grabar a 4 Megapixel Lite&comma; quiere decir que es un acoplamiento de se\u00f1al que permite aceptar c\u00e1maras de 4 Megapixel TURBOHD con grabaci\u00f3n Lite.<\/p>\n<ul style='padding-left: 20px; font-size: 15px; color: inherit;'>\n<li style='margin-bottom: 5px; color: #ff0000;'><strong>4 Megapixel Real = 2560 X 1440.<\/strong><\/li>\n<li style='margin-bottom: 5px; color: #ff0000;'><strong>4 Megapixel Lite = 1280 X 1440.<\/strong><\/li>\n<\/ul><\/div>\n<\/p><\/div>\n<div style='display: flex; flex-wrap: wrap; gap: 30px; margin-bottom: 30px;'>\n<div style='flex: 1 1 300px; min-width: 280px;'>\n<h3 style='font-size: 22px; border-bottom: 2px solid currentColor; padding-bottom: 5px; margin-top: 0; color: inherit; opacity: 0.8;'>Caracter\u00edsticas Principales<\/h3>\n<ul style='padding-left: 20px; font-size: 15px; color: inherit;'>\n<li style='margin-bottom: 5px;'>Permite apagar canales anal\u00f3gicos TURBOHD y poder colocar c\u00e1maras IP en todos sus canales&comma; podemos colocar hasta 6 c\u00e1maras IP en total. Por cada canal anal\u00f3gico TURBOHD que se apague se genera una canal IP adicional.<\/li>\n<li style='margin-bottom: 5px;'>Grabador PENTAH\u00cdBRIDO: HD-TVI \/ HD-CVI \/ Anal\u00f3gico \/ IP \/ AHD.<\/li>\n<li style='margin-bottom: 5px;'>Acceso remoto: PC (WINDOWS \/ MAC)&comma; Smart Phone (iPhone&comma; iPad&comma; Android).<\/li>\n<li style='margin-bottom: 5px;'>Compatibilidad con navegador Internet Explorer&comma; Safari&comma; Chrome (ietab).<\/li>\n<li style='margin-bottom: 5px;'>Software cliente multi sitio de hasta 64 canales (iVMS-4200).<\/li>\n<li style='margin-bottom: 5px;'>Compatible con Hik-Connect P2P.<\/li>\n<li style='margin-bottom: 5px;'>Soporta servicio Hik-Connect Domain \/ DynDNS \/ No-IP.<\/li>\n<li style='margin-bottom: 5px;'>Funciones Avanzadas: Detecci\u00f3n por cruce de l\u00ednea &#038; detecci\u00f3n de intrusi\u00f3n.<\/li>\n<\/ul><\/div>\n<\/p><\/div>\n<div style='display: flex; flex-wrap: wrap; gap: 30px; margin-bottom: 30px;'>\n<div style='flex: 1 1 300px; min-width: 280px;'>\n<h3 style='font-size: 22px; border-bottom: 2px solid currentColor; padding-bottom: 5px; margin-top: 0; color: inherit; opacity: 0.8;'>Compresi\u00f3n y Resoluci\u00f3n<\/h3>\n<ul style='padding-left: 20px; font-size: 15px; color: inherit;'>\n<li style='margin-bottom: 5px;'><strong>Compresi\u00f3n:<\/strong> H.265+ \/ H.265 \/ H.264+ \/ H.264.<\/li>\n<li style='margin-bottom: 5px;'><strong>Soporta 4 canales TURBOHD \/ anal\u00f3gicos + 2 canal IP = 6 canales en total.<\/strong><\/li>\n<li style='margin-bottom: 5px;'><a href='http:\/\/soporte.syscom.mx\/es\/articles\/2554985-hikvision-configuracion-para-activar-videoanaliticos-en-todos-los-canales-de-los-dvr' style='color: #2baadf; text-decoration: underline;'>(Ver procedimiento)<\/a><\/li>\n<li style='margin-bottom: 5px;'><strong>HD-TVI:<\/strong> 4 Megapixel Lite \/ 3 Megapixel \/ 1080p \/ 720p.<\/li>\n<ul style='padding-left: 40px; margin-top: 5px; margin-bottom: 5px;'>\n<li style='color: #ff0000;'><strong>Nota:<\/strong> Acepta c\u00e1maras de 4MP&comma; 2MP y 1MP en todos sus canales BNC (C\u00e1maras de 3MP solo en el canal 1).<\/li>\n<\/ul>\n<li style='margin-bottom: 5px;'><strong>CVI:<\/strong> 4 Megapixel Lite \/ 3 Megapixel \/ 1080p \/ 720p.<\/li>\n<li style='margin-bottom: 5px;'><strong>ANAL\u00d3GICO (CVBS):<\/strong> 1200 TVL.<\/li>\n<li style='margin-bottom: 5px;'><strong>AHD:<\/strong> 4 Megapixel Lite \/ 3 Megapixel \/ 1080p \/ 720p.<\/li>\n<li style='margin-bottom: 5px;'><strong>IP:<\/strong> 6 Megapixel.<\/li>\n<li style='margin-bottom: 5px;'><strong>Audio:<\/strong> G.711.<\/li>\n<li style='margin-bottom: 5px;'><strong>Audio bit rate:<\/strong> 64 Kbps.<\/li>\n<li style='margin-bottom: 5px;'><strong>Video bit rate:<\/strong> 32 Kbps &#8211; 10 Mbps.<\/li>\n<\/ul><\/div>\n<\/p><\/div>\n<div style='display: flex; flex-wrap: wrap; gap: 30px; margin-bottom: 30px;'>\n<div style='flex: 1 1 300px; min-width: 280px;'>\n<h3 style='font-size: 22px; border-bottom: 2px solid currentColor; padding-bottom: 5px; margin-top: 0; color: inherit; opacity: 0.8;'>Funciones de Grabaci\u00f3n y Visualizaci\u00f3n<\/h3>\n<ul style='padding-left: 20px; font-size: 15px; color: inherit;'>\n<li style='margin-bottom: 5px;'>Detecci\u00f3n de movimiento multi zona.<\/li>\n<li style='margin-bottom: 5px;'>Zoom digital en visualizaci\u00f3n y grabaci\u00f3n.<\/li>\n<li style='margin-bottom: 5px;'>Soporta m\u00faltiples tipos de grabaci\u00f3n&comma; incluyendo tiempo real&comma; grabaci\u00f3n manual.<\/li>\n<li style='margin-bottom: 5px;'>B\u00fasqueda inteligente de grabaciones por detecci\u00f3n de movimiento.<\/li>\n<li style='margin-bottom: 5px;'>Se proporciona SDK y c\u00f3digos de demostraci\u00f3n para disminuir el tiempo de desarrollo de aplicaciones.<\/li>\n<li style='margin-bottom: 5px;'>Grabaci\u00f3n con Sobre-escritura autom\u00e1tica.<\/li>\n<li style='margin-bottom: 5px;'><strong>Main stream:<\/strong> 4 Megapixel Lite \/ 3 Megapixel \/ 1080p \/ 720p \/ WD1 \/ 4CIF.<\/li>\n<li style='margin-bottom: 5px;'><strong>Sub stream:<\/strong> WD1 \/ 4CIF \/ CIF \/ QCIF.<\/li>\n<\/ul><\/div>\n<\/p><\/div>\n<div style='display: flex; flex-wrap: wrap; gap: 30px; margin-bottom: 30px;'>\n<div style='flex: 1 1 300px; min-width: 280px;'>\n<h3 style='font-size: 22px; border-bottom: 2px solid currentColor; padding-bottom: 5px; margin-top: 0; color: inherit; opacity: 0.8;'>Interfaces Entradas \/ Salidas<\/h3>\n<ul style='padding-left: 20px; font-size: 15px; color: inherit;'>\n<li style='margin-bottom: 5px;'>Salida de v\u00eddeo en HDMI \/ VGA: 1920\u00d71080&comma; 1280\u00d71024&comma; 1280\u00d7720&comma; 1024\u00d7768.<\/li>\n<li style='margin-bottom: 5px;'>Salida de v\u00eddeo en BNC: 1 Canal (BNC&comma; 1.0Vp-p&comma; 75\u03a9)&comma; resoluci\u00f3n m\u00e1xima: 704 x 480.<\/li>\n<li style='margin-bottom: 5px;'><strong>HDMI y VGA:<\/strong> salida simult\u00e1nea.<\/li>\n<li style='margin-bottom: 5px;'><strong>Entrada audio:<\/strong> 1 (RCA&comma; 2.0 Vp-p&comma; 1K\u03a9).<\/li>\n<li style='margin-bottom: 5px;'><strong>Salida audio:<\/strong> 1 (RCA&comma; 2.0 Vp-p&comma; 1K\u03a9).<\/li>\n<li style='margin-bottom: 5px;'><strong>Interfaz serial:<\/strong> RS-485 (HIKVISION C&comma; COAXITRON&comma; PELCO D&comma; PELCO P&comma; etc).<\/li>\n<li style='margin-bottom: 5px;'><strong>Interfaz USB:<\/strong> 2 puertos (2.0).<\/li>\n<li style='margin-bottom: 5px;'><strong>Interfaz red:<\/strong> 1 puertos (RJ-45 10\/100 Mbps).<\/li>\n<li style='margin-bottom: 5px;'><strong>Capacidad HDD:<\/strong> 1 @ 10 TB.<\/li>\n<\/ul><\/div>\n<\/p><\/div>\n<div style='display: flex; flex-wrap: wrap; gap: 30px; margin-bottom: 30px;'>\n<div style='flex: 1 1 300px; min-width: 280px;'>\n<h3 style='font-size: 22px; border-bottom: 2px solid currentColor; padding-bottom: 5px; margin-top: 0; color: inherit; opacity: 0.8;'>Funciones de Red<\/h3>\n<ul style='padding-left: 20px; font-size: 15px; color: inherit;'>\n<li style='margin-bottom: 5px;'>Protocolos: TCP\/IP&comma; PPPoE&comma; DHCP&comma; Hik Cloud P2P&comma; DNS&comma; DDNS&comma; NTP&comma; SADP&comma; NFS&comma; iSCSI&comma; UPnP\u2122&comma; HTTPS&comma; ONVIF<\/li>\n<li style='margin-bottom: 5px;'><strong>Est\u00e1ndar:<\/strong> ONVIF (Profile S&comma; G).<\/li>\n<li style='margin-bottom: 5px;'><strong>Soporta doble streaming.<\/strong><\/li>\n<\/ul><\/div>\n<\/p><\/div>\n<div style='display: flex; flex-wrap: wrap; gap: 30px; margin-bottom: 30px;'>\n<div style='flex: 1 1 300px; min-width: 280px;'>\n<h3 style='font-size: 22px; border-bottom: 2px solid currentColor; padding-bottom: 5px; margin-top: 0; color: inherit; opacity: 0.8;'>Caracter\u00edsticas F\u00edsicas y El\u00e9ctricas<\/h3>\n<ul style='padding-left: 20px; font-size: 15px; color: inherit;'>\n<li style='margin-bottom: 5px;'><strong>Alimentaci\u00f3n:<\/strong> 12 Vcc (fuente incluida 4 pines).<\/li>\n<li style='margin-bottom: 5px;'><strong>Consumo sin HDD:<\/strong> 6 watts.<\/li>\n<li style='margin-bottom: 5px;'><strong>Temperatura de operaci\u00f3n:<\/strong> -10 \u00baC hasta 55 \u00baC<\/li>\n<li style='margin-bottom: 5px;'><strong>Dimensiones:<\/strong> 315 \u00d7 242 \u00d7 45 mm (W \u00d7 D \u00d7 H)<\/li>\n<li style='margin-bottom: 5px;'><strong>Peso:<\/strong> 1.5 Kg sin HDD.<\/li>\n<li style='margin-bottom: 5px;'><strong>No incluye disco duro.<\/strong><\/li>\n<\/ul><\/div>\n<\/p><\/div>\n<div style='display: flex; flex-wrap: wrap; gap: 15px; margin-bottom: 30px; justify-content: center;'> <img style='width: 100%; max-width: 350px; height: auto; border: 1px solid rgba(150&comma;150&comma;150&comma;0.3); border-radius: 8px;' src='https:\/\/ftp3.syscom.mx\/usuarios\/fotos\/DS7204HQHIK1\/97560-pentahi.jpg' alt=''> <img style='width: 100%; max-width: 350px; height: auto; border: 1px solid rgba(150&comma;150&comma;150&comma;0.3); border-radius: 8px;' src='https:\/\/ftp3.syscom.mx\/usuarios\/jsosa\/josesosa\/Imagenes\/menosconsumoh.jpg' alt=''> <\/div>\n<div style='display: flex; flex-wrap: wrap; gap: 15px; margin-bottom: 30px; justify-content: center;'> <img style='width: 100%; max-width: calc(33% - 10px); height: auto; border: 1px solid rgba(150&comma;150&comma;150&comma;0.3); border-radius: 8px;' src='https:\/\/ftp3.syscom.mx\/usuarios\/paginaweb\/Gifs\/primero.jpg' alt=''> <img style='width: 100%; max-width: calc(33% - 10px); height: auto; border: 1px solid rgba(150&comma;150&comma;150&comma;0.3); border-radius: 8px;' src='https:\/\/ftp3.syscom.mx\/usuarios\/paginaweb\/Gifs\/tercero.jpg' alt=''> <img style='width: 100%; max-width: calc(33% - 10px); height: auto; border: 1px solid rgba(150&comma;150&comma;150&comma;0.3); border-radius: 8px;' src='https:\/\/ftp3.syscom.mx\/usuarios\/jsosa\/GIF\/-H265%2B.gif' alt=''> <img style='width: 100%; max-width: calc(33% - 10px); height: auto; border: 1px solid rgba(150&comma;150&comma;150&comma;0.3); border-radius: 8px;' src='https:\/\/ftp3.syscom.mx\/usuarios\/paginaweb\/Gifs\/Zi7LTq5.gif' alt=''> <img style='width: 100%; max-width: calc(33% - 10px); height: auto; border: 1px solid rgba(150&comma;150&comma;150&comma;0.3); border-radius: 8px;' src='https:\/\/ftp3.syscom.mx\/usuarios\/paginaweb\/Gifs\/tq5yYz4.gif' alt=''> <img style='width: 100%; max-width: calc(33% - 10px); height: auto; border: 1px solid rgba(150&comma;150&comma;150&comma;0.3); border-radius: 8px;' src='https:\/\/s3-us-west-2.amazonaws.com\/syscomftp\/usuarios\/paginaweb\/Gifs\/HIK-CONNECT.gif' alt=''> <\/div>\n<\/p><\/div>\n","protected":false},"excerpt":{"rendered":"<p>DVR 4 Megapixel \/ 4 Canales TURBOHD + 2 Canales IP \/ 1 Bah\u00eda de Disco Duro \/ 1 Canal de Audio \/ V\u00eddeoan\u00e1lisis<\/p>\n","protected":false},"featured_media":114184,"comment_status":"open","ping_status":"closed","template":"","meta":[],"product_brand":[],"product_cat":[2254],"product_tag":[2255,54,2256],"class_list":{"0":"post-114185","1":"product","2":"type-product","3":"status-publish","4":"has-post-thumbnail","6":"product_cat-videograbadoras-analogicas-turbohd-tvi-ahd-cvi","7":"product_tag-camaras-y-dvrs-hd-turbohd-ahd-hd-tvi","8":"product_tag-hikvision","9":"product_tag-videograbadoras-analogicas-turbohd-tvi-ahd-cvi","11":"first","12":"outofstock","13":"sale","14":"shipping-taxable","15":"purchasable","16":"product-type-simple"},"_links":{"self":[{"href":"https:\/\/soydeaqui.ddns.net\/pachuca\/index.php\/wp-json\/wp\/v2\/product\/114185","targetHints":{"allow":["GET"]}}],"collection":[{"href":"https:\/\/soydeaqui.ddns.net\/pachuca\/index.php\/wp-json\/wp\/v2\/product"}],"about":[{"href":"https:\/\/soydeaqui.ddns.net\/pachuca\/index.php\/wp-json\/wp\/v2\/types\/product"}],"replies":[{"embeddable":true,"href":"https:\/\/soydeaqui.ddns.net\/pachuca\/index.php\/wp-json\/wp\/v2\/comments?post=114185"}],"wp:featuredmedia":[{"embeddable":true,"href":"https:\/\/soydeaqui.ddns.net\/pachuca\/index.php\/wp-json\/wp\/v2\/media\/114184"}],"wp:attachment":[{"href":"https:\/\/soydeaqui.ddns.net\/pachuca\/index.php\/wp-json\/wp\/v2\/media?parent=114185"}],"wp:term":[{"taxonomy":"product_brand","embeddable":true,"href":"https:\/\/soydeaqui.ddns.net\/pachuca\/index.php\/wp-json\/wp\/v2\/product_brand?post=114185"},{"taxonomy":"product_cat","embeddable":true,"href":"https:\/\/soydeaqui.ddns.net\/pachuca\/index.php\/wp-json\/wp\/v2\/product_cat?post=114185"},{"taxonomy":"product_tag","embeddable":true,"href":"https:\/\/soydeaqui.ddns.net\/pachuca\/index.php\/wp-json\/wp\/v2\/product_tag?post=114185"}],"curies":[{"name":"wp","href":"https:\/\/api.w.org\/{rel}","templated":true}]}}