{"id":114170,"date":"2026-03-20T23:21:27","date_gmt":"2026-03-20T23:21:27","guid":{"rendered":"https:\/\/soydeaqui.ddns.net\/pachuca\/index.php\/producto\/adaptador-ethernet-10-gigabit-sfp-2\/"},"modified":"2026-03-20T23:21:29","modified_gmt":"2026-03-20T23:21:29","slug":"adaptador-ethernet-10-gigabit-sfp-2","status":"publish","type":"product","link":"https:\/\/soydeaqui.ddns.net\/pachuca\/index.php\/producto\/adaptador-ethernet-10-gigabit-sfp-2\/","title":{"rendered":"Adaptador ethernet 10 gigabit SFP+"},"content":{"rendered":"<div style='width: 100%; max-width: 1200px; margin: 0 auto; font-family: sans-serif; line-height: 1.6; color: inherit; background-color: transparent;'> <!-- Secci\u00f3n de banner de garant\u00eda --> <\/p>\n<div style='width: 100%; margin-bottom: 30px;'> <a href='https:\/\/ftp3.syscom.mx\/usuarios\/ftp\/2018\/10\/17\/be9cb\/PROCEDIMIENTO%20GARANTIA%20SYNOLOGY.pdf' style='display: block; width: 100%;'> <img style='width: 100%; height: auto; border: 1px solid rgba(150&comma;150&comma;150&comma;0.3); border-radius: 8px;' src='https:\/\/ftp3.syscom.mx\/usuarios\/nortega\/synology\/imagenes\/cintillo%20garantia.jpg' alt='Banner de garant\u00eda'> <\/a> <\/div>\n<p> <!-- Secci\u00f3n de descripci\u00f3n --> <\/p>\n<div style='display: flex; flex-wrap: wrap; gap: 30px; margin-bottom: 30px;'>\n<div style='flex: 1 1 300px; min-width: 280px;'>\n<h3 style='font-size: 22px; border-bottom: 2px solid currentColor; padding-bottom: 5px; margin-top: 0; color: inherit; opacity: 0.8;'>Descripci\u00f3n<\/h3>\n<p style='font-size: 15px; color: inherit; margin-bottom: 15px;'> El E10G17-F2 es un adaptador de Ethernet de 10 Gigabit SFP+ PCIe 3.0 x8 de doble puerto espec\u00edficamente dise\u00f1ado para los servidores NAS de la serie FS\/XS(+) de Synology. Con descarga de CPU (RDMA sobre Ethernet) soporte&comma; E10G17-F2 satisface las demandas inform\u00e1ticas de alto rendimiento. <\/p>\n<p style='font-size: 15px; color: inherit; margin-bottom: 15px;'> <strong style='color: inherit;'>Exclusivo para los servidores NAS de la serie FS\/XS(+):<\/strong><br \/> Con empresas que se ocupan cada vez m\u00e1s tareas intensivas de datos&comma; una red de 10 GbE es una buena soluci\u00f3n para las organizaciones que necesitan un gran ancho de banda de red y un alto rendimiento en el funcionamiento diario&comma; como el acceso a los datos o copias de seguridad. Con el adaptador de Ethernet E10G17-F2 de Synology&comma; los servidores NAS de la serie FS\/XS(+) de Synology obtienen una opci\u00f3n flexible para la actualizaci\u00f3n de la especificaci\u00f3n del sistema y la optimizaci\u00f3n de la transmisi\u00f3n de datos. <\/p>\n<\/p><\/div>\n<\/p><\/div>\n<p> <!-- Secci\u00f3n de compatibilidad --> <\/p>\n<div style='display: flex; flex-wrap: wrap; gap: 20px; margin-bottom: 30px;'>\n<div style='flex: 1 1 250px; border: 1px solid rgba(150&comma; 150&comma; 150&comma; 0.4); border-radius: 8px; overflow: hidden; display: flex; flex-direction: column;'>\n<div style='padding: 15px; border-bottom: 1px solid rgba(150&comma; 150&comma; 150&comma; 0.2); font-weight: bold; font-size: 18px; color: inherit;'>Equipos compatibles<\/div>\n<div style='padding: 15px; color: inherit;'>\n<ul style='padding-left: 20px; margin: 0; font-size: 14px; list-style-type: disc;'>\n<li style='margin-bottom: 5px;'>FS3017<\/li>\n<li style='margin-bottom: 5px;'>FS2017<\/li>\n<li style='margin-bottom: 5px;'>RS10817XSPLUS<\/li>\n<li style='margin-bottom: 5px;'>RS4017XSPLUS<\/li>\n<li style='margin-bottom: 5px;'>RS3617XSPLUS<\/li>\n<li style='margin-bottom: 5px;'>RS3617XS<\/li>\n<li style='margin-bottom: 5px;'>RS3617RPXS<\/li>\n<li style='margin-bottom: 5px;'>RC18015XSPLUS<\/li>\n<li style='margin-bottom: 5px;'>DS3617XS<\/li>\n<li style='margin-bottom: 5px;'>DS1817PLUS<\/li>\n<li style='margin-bottom: 5px;'>DS1517PLUS<\/li>\n<\/ul><\/div>\n<\/p><\/div>\n<\/p><\/div>\n<p> <!-- Nota importante --> <\/p>\n<div style='margin-bottom: 30px;'>\n<p style='font-size: 15px; color: inherit; margin: 0;'> <strong style='color: inherit;'><em>*El equipo DS2015XS no es compatible<\/em><\/strong> <\/p>\n<\/p><\/div>\n<p> <!-- Separador --> <\/p>\n<hr style='border: 0; border-top: 1px solid rgba(150&comma; 150&comma; 150&comma; 0.3); margin: 30px 0;'> <\/div>\n","protected":false},"excerpt":{"rendered":"<p>Adaptador ethernet 10 gigabit SFP+<\/p>\n","protected":false},"featured_media":114169,"comment_status":"open","ping_status":"closed","template":"","meta":[],"product_brand":[],"product_cat":[2315],"product_tag":[93,2065,1976],"class_list":{"0":"post-114170","1":"product","2":"type-product","3":"status-publish","4":"has-post-thumbnail","6":"product_cat-accesorios-servidores-almacenamiento","7":"product_tag-accesorios","8":"product_tag-servidores-almacenamiento","9":"product_tag-synology","11":"first","12":"outofstock","13":"sale","14":"shipping-taxable","15":"purchasable","16":"product-type-simple"},"_links":{"self":[{"href":"https:\/\/soydeaqui.ddns.net\/pachuca\/index.php\/wp-json\/wp\/v2\/product\/114170","targetHints":{"allow":["GET"]}}],"collection":[{"href":"https:\/\/soydeaqui.ddns.net\/pachuca\/index.php\/wp-json\/wp\/v2\/product"}],"about":[{"href":"https:\/\/soydeaqui.ddns.net\/pachuca\/index.php\/wp-json\/wp\/v2\/types\/product"}],"replies":[{"embeddable":true,"href":"https:\/\/soydeaqui.ddns.net\/pachuca\/index.php\/wp-json\/wp\/v2\/comments?post=114170"}],"wp:featuredmedia":[{"embeddable":true,"href":"https:\/\/soydeaqui.ddns.net\/pachuca\/index.php\/wp-json\/wp\/v2\/media\/114169"}],"wp:attachment":[{"href":"https:\/\/soydeaqui.ddns.net\/pachuca\/index.php\/wp-json\/wp\/v2\/media?parent=114170"}],"wp:term":[{"taxonomy":"product_brand","embeddable":true,"href":"https:\/\/soydeaqui.ddns.net\/pachuca\/index.php\/wp-json\/wp\/v2\/product_brand?post=114170"},{"taxonomy":"product_cat","embeddable":true,"href":"https:\/\/soydeaqui.ddns.net\/pachuca\/index.php\/wp-json\/wp\/v2\/product_cat?post=114170"},{"taxonomy":"product_tag","embeddable":true,"href":"https:\/\/soydeaqui.ddns.net\/pachuca\/index.php\/wp-json\/wp\/v2\/product_tag?post=114170"}],"curies":[{"name":"wp","href":"https:\/\/api.w.org\/{rel}","templated":true}]}}