{"id":114154,"date":"2026-03-20T23:20:36","date_gmt":"2026-03-20T23:20:36","guid":{"rendered":"https:\/\/soydeaqui.ddns.net\/pachuca\/index.php\/producto\/dvr-8-megapixel-16-canales-4k-turbohd-16-canales-ip-2-bahia-de-disco-duro-4-canales-de-audio-16-entradas-de-alarma-videoanalisis\/"},"modified":"2026-03-20T23:20:45","modified_gmt":"2026-03-20T23:20:45","slug":"dvr-8-megapixel-16-canales-4k-turbohd-16-canales-ip-2-bahia-de-disco-duro-4-canales-de-audio-16-entradas-de-alarma-videoanalisis","status":"publish","type":"product","link":"https:\/\/soydeaqui.ddns.net\/pachuca\/index.php\/producto\/dvr-8-megapixel-16-canales-4k-turbohd-16-canales-ip-2-bahia-de-disco-duro-4-canales-de-audio-16-entradas-de-alarma-videoanalisis\/","title":{"rendered":"DVR 8 Megapixel \/ 16 Canales 4K TURBOHD + 16 Canales IP \/ 2 Bah\u00eda de Disco Duro \/ 4 Canales de Audio \/ 16 Entradas de alarma \/ V\u00eddeoan\u00e1lisis"},"content":{"rendered":"<div style='width: 100%; max-width: 1200px; margin: 0 auto; font-family: sans-serif; line-height: 1.6; color: inherit; background-color: transparent;'> <!-- Im\u00e1genes del producto --> <\/p>\n<div style='display: flex; flex-wrap: wrap; gap: 15px; margin-bottom: 30px; justify-content: center;'> <a href='https:\/\/www.syscomblog.com\/2018\/11\/por-que-epcom.html' style='width: 100%; max-width: 1200px;'> <img style='width: 100%; height: auto; border: 1px solid rgba(150&comma;150&comma;150&comma;0.3); border-radius: 8px;' src='https:\/\/ftp3.syscom.mx\/usuarios\/fotos\/EV4004TURBO\/97553-epcom_02.jpg' alt=''> <\/a> <a href='https:\/\/www.syscomblog.com\/2018\/11\/por-que-epcom.html' style='width: 100%; max-width: 1200px;'> <img style='width: 100%; height: auto; border: 1px solid rgba(150&comma;150&comma;150&comma;0.3); border-radius: 8px;' src='http:\/\/ftp3.syscom.mx\/usuarios\/emendoza\/elesbanmch\/HIKVISON\/IMAGENES\/epcom.png' alt=''> <\/a> <img style='width: 100%; max-width: 350px; height: auto; border: 1px solid rgba(150&comma;150&comma;150&comma;0.3); border-radius: 8px;' src='https:\/\/ftp3.syscom.mx\/usuarios\/fotos\/DS7208HQHIK1\/97560-pentahi.jpg' alt=''> <\/div>\n<p> <!-- Secci\u00f3n App m\u00f3vil --> <\/p>\n<div style='margin-bottom: 30px; text-align: center;'>\n<h2 style='font-size: 22px; border-bottom: 2px solid currentColor; padding-bottom: 5px; margin: 0 0 15px; color: inherit; opacity: 0.8;'>Mejor App de la Industria para Android \/ iPhone<\/h2>\n<p style='margin: 0 0 15px; font-size: 15px; color: inherit;'>Video fluido&comma; manejo r\u00e1pido&comma; <a style='color: #2baadf; text-decoration: none;' href='https:\/\/www.syscomblog.com\/2018\/07\/nuevo-acceso-movil-en-segundos.html' target='_blank' rel='noopener'>acceso m\u00f3vil en segundos y \u00fanico con opci\u00f3n segura para compartir equipos<\/a> (asegure que nadie puede acceder a su equipo).<\/p>\n<\/p><\/div>\n<p> <!-- Imagen App m\u00f3vil --> <\/p>\n<div style='margin-bottom: 30px; text-align: center;'> <img style='width: 100%; max-width: 640px; height: auto; border: 1px solid rgba(150&comma;150&comma;150&comma;0.3); border-radius: 8px;' src='https:\/\/ftp3.syscom.mx\/usuarios\/fotos\/EV4016TURBO\/97555-hbamhbvhjpp.jpg' alt=''> <\/div>\n<p> <!-- Secci\u00f3n IVMS4200 --> <\/p>\n<div style='margin-bottom: 30px; text-align: center;'>\n<h2 style='font-size: 22px; border-bottom: 2px solid currentColor; padding-bottom: 5px; margin: 0 0 15px; color: inherit; opacity: 0.8;'>Administraci\u00f3n R\u00e1pida de M\u00faltiples Ubicaciones<\/h2>\n<h4 style='font-size: 18px; margin: 0 0 15px; color: inherit;'>El <a style='color: #2baadf; text-decoration: none;' href='https:\/\/www.syscom.mx\/producto\/IVMS-4200-HIKVISION-76556.html' target='_blank' rel='noopener'>nuevo IVMS4200 Lite<\/a> permite trabajar video Megapixel con mucho menores recursos&comma; video m\u00e1s fluido y operaci\u00f3n r\u00e1pida.<\/h4>\n<\/p><\/div>\n<p> <!-- Imagen IVMS4200 --> <\/p>\n<div style='margin-bottom: 30px; text-align: center;'> <img style='width: 100%; max-width: 640px; height: auto; border: 1px solid rgba(150&comma;150&comma;150&comma;0.3); border-radius: 8px;' src='https:\/\/ftp3.syscom.mx\/usuarios\/fotos\/EV4016TURBO\/97555-ivms4200.jpg' alt=''> <\/div>\n<p> <!-- Secci\u00f3n de caracter\u00edsticas --> <\/p>\n<div style='display: flex; flex-wrap: wrap; gap: 30px; margin-bottom: 30px;'>\n<div style='flex: 1 1 300px; min-width: 280px;'>\n<h3 style='font-size: 20px; border-bottom: 2px solid currentColor; padding-bottom: 5px; margin-top: 0; color: inherit; opacity: 0.8;'>Caracter\u00edsticas principales<\/h3>\n<ul style='padding-left: 20px; font-size: 15px; color: inherit; list-style-type: disc;'>\n<li style='margin-bottom: 5px;'>Tecnolog\u00eda TURBO HD 8 Megapixel (4K) Ver 4.0<\/li>\n<li style='margin-bottom: 5px;'>Grabador PENTAHIBRIDO: HD-TVI&comma; HD-CVI&comma; AHD&comma; IP&comma; Analogico.<\/li>\n<li style='margin-bottom: 5px;'><strong>Permite apagar canales anal\u00f3gicos TURBOHD y poder colocar c\u00e1maras IP en todos sus canales&comma; podemos colocar hasta 32 c\u00e1maras IP en total. Por cada canal anal\u00f3gico TURBOHD que se apague se genera un canal IP adicional.<\/strong><\/li>\n<li style='margin-bottom: 5px;'>Acceso remoto: PC &comma; Smart phone (iPhone&comma; iPad&comma; Android)<\/li>\n<li style='margin-bottom: 5px;'>Compatibilidad multi-navegador.<\/li>\n<li style='margin-bottom: 5px;'>Visualizaci\u00f3n remota f\u00e1cil y r\u00e1pida con HIK-CONNECT.<\/li>\n<li style='margin-bottom: 5px;'>Funciones avanzadas: Detecci\u00f3n por cruce de l\u00ednea&comma; Intrusi\u00f3n<\/li>\n<\/ul><\/div>\n<\/p><\/div>\n<p> <!-- Secci\u00f3n de compresi\u00f3n y resoluci\u00f3n --> <\/p>\n<div style='display: flex; flex-wrap: wrap; gap: 30px; margin-bottom: 30px;'>\n<div style='flex: 1 1 300px; min-width: 280px;'>\n<h3 style='font-size: 20px; border-bottom: 2px solid currentColor; padding-bottom: 5px; margin-top: 0; color: inherit; opacity: 0.8;'>Compresi\u00f3n y resoluci\u00f3n<\/h3>\n<ul style='padding-left: 20px; font-size: 15px; color: inherit; list-style-type: disc;'>\n<li style='margin-bottom: 5px;'>H.264&comma; H.264+&comma; <strong>H.265&comma; H.265+.<\/strong><\/li>\n<li style='margin-bottom: 5px;'><strong>Soporta 16 Canales TurboHD \/ Anal\u00f3gicos + 16 IP = 32 canales en total.<\/strong>\n<ul style='padding-left: 20px; margin: 5px 0; list-style-type: circle;'>\n<li style='margin-bottom: 5px;'><strong>HD-TVI: 8 MP @ 8 fps \/ 5 MP @ 12 IPS \/ 4 MP @ 15 IPS \/ 3 MP @ 18 IPS \/ 1080p @ 30 IPS \/ 720p @ 30 IPS.<\/strong><\/li>\n<li style='margin-bottom: 5px;'><strong>HD-CVI: 4 MP @ 15 IPS \/ 1080p @ 30 IPS.<\/strong><\/li>\n<li style='margin-bottom: 5px;'><strong>ANALOGICO: 1200 TVL @ 30 IPS.<\/strong><\/li>\n<li style='margin-bottom: 5px;'><strong>AHD: 4 MP @ 15 IPS \/ 1080p @ 30 IPS.<\/strong><\/li>\n<li style='margin-bottom: 5px;'><strong>IP: 8 MP @ 10 IPS.<\/strong><\/li>\n<\/ul>\n<\/li>\n<li style='margin-bottom: 5px;'><strong>Audio: G711.<\/strong><\/li>\n<\/ul><\/div>\n<\/p><\/div>\n<p> <!-- Secci\u00f3n de funciones de grabaci\u00f3n y visualizaci\u00f3n --> <\/p>\n<div style='display: flex; flex-wrap: wrap; gap: 30px; margin-bottom: 30px;'>\n<div style='flex: 1 1 300px; min-width: 280px;'>\n<h3 style='font-size: 20px; border-bottom: 2px solid currentColor; padding-bottom: 5px; margin-top: 0; color: inherit; opacity: 0.8;'>Funciones de Grabaci\u00f3n y Visualizaci\u00f3n<\/h3>\n<ul style='padding-left: 20px; font-size: 15px; color: inherit; list-style-type: disc;'>\n<li style='margin-bottom: 5px;'>Detecci\u00f3n de movimiento multi zona.<\/li>\n<li style='margin-bottom: 5px;'>Zoom digital en visualizaci\u00f3n y grabaci\u00f3n<\/li>\n<li style='margin-bottom: 5px;'>Soporta m\u00faltiples tipos de grabaci\u00f3n\n<ul style='padding-left: 20px; margin: 5px 0; list-style-type: circle;'>\n<li style='margin-bottom: 5px;'>Tiempo real<\/li>\n<li style='margin-bottom: 5px;'>Grabaci\u00f3n por alarma<\/li>\n<li style='margin-bottom: 5px;'>Movimiento<\/li>\n<li style='margin-bottom: 5px;'>Movimiento &#038; Alarma<\/li>\n<li style='margin-bottom: 5px;'>Movimiento \/ Alarma<\/li>\n<\/ul>\n<\/li>\n<li style='margin-bottom: 5px;'>B\u00fasquedas de evidencia inteligente.<\/li>\n<li style='margin-bottom: 5px;'>Grabaci\u00f3n con sobre-escritura.<\/li>\n<li style='margin-bottom: 5px;'><strong>Main stream:<\/strong> 5MP@12fps \/ 4MP@15fps \/ 3MP@18fps \/ 1080P@30fps<\/li>\n<li style='margin-bottom: 5px;'><strong>Sub stream:<\/strong> WD1 \/ 4CIF \/ VGA \/ CIF<\/li>\n<\/ul><\/div>\n<\/p><\/div>\n<p> <!-- Secci\u00f3n de interfaces entrada\/salidas --> <\/p>\n<div style='display: flex; flex-wrap: wrap; gap: 30px; margin-bottom: 30px;'>\n<div style='flex: 1 1 300px; min-width: 280px;'>\n<h3 style='font-size: 20px; border-bottom: 2px solid currentColor; padding-bottom: 5px; margin-top: 0; color: inherit; opacity: 0.8;'>Interfaces Entrada \/ Salidas<\/h3>\n<ul style='padding-left: 20px; font-size: 15px; color: inherit; list-style-type: disc;'>\n<li style='margin-bottom: 5px;'>HDMI: 4K (3840\u00d72160)&comma; 2K (2560\u00d71440)&comma; 1920\u00d71080&comma; 1280\u00d71024&comma; 1280\u00d7720&comma; 1024\u00d7768<\/li>\n<li style='margin-bottom: 5px;'>VGA: 1920\u00d71080&comma; 1280\u00d71024&comma; 1280\u00d7720&comma; 1024\u00d7768.<\/li>\n<li style='margin-bottom: 5px;'>HDMI y VGA salida simultanea.<\/li>\n<li style='margin-bottom: 5px;'>Salida de v\u00eddeo BNC (4 CIF).<\/li>\n<li style='margin-bottom: 5px;'><strong>Entrada de audio:<\/strong> 4(RCA&comma; 2.0 Vp-p 1K\u03a9).<\/li>\n<li style='margin-bottom: 5px;'><strong>Salida de audio:<\/strong> 1(RCA&comma; 2.0 Vp-p 1K\u03a9).<\/li>\n<li style='margin-bottom: 5px;'><strong>Entrada de Alarma:<\/strong> 16 (Block de terminales).<\/li>\n<li style='margin-bottom: 5px;'><strong>Salida de Alarma:<\/strong> 4 (Block de terminales).<\/li>\n<li style='margin-bottom: 5px;'><strong>Interfaz serial:<\/strong> RS-485 (HIKVISION C COAXITRON&comma; PELCO-D&comma; PELCO-P&comma; etc..)<\/li>\n<li style='margin-bottom: 5px;'><strong>Interfaz USB:<\/strong> 1 puerto version 2.0 adelante \/ 1 puerto 3.0 atras<\/li>\n<li style='margin-bottom: 5px;'><strong>Interfaz red:<\/strong> 1 puerto RJ45 10M\/100M\/1000M<\/li>\n<li style='margin-bottom: 5px;'><strong>Capacidad de almacenamiento HDD:<\/strong> 2 @ 10 TB<\/li>\n<\/ul><\/div>\n<\/p><\/div>\n<p> <!-- Secci\u00f3n de funciones de red --> <\/p>\n<div style='display: flex; flex-wrap: wrap; gap: 30px; margin-bottom: 30px;'>\n<div style='flex: 1 1 300px; min-width: 280px;'>\n<h3 style='font-size: 20px; border-bottom: 2px solid currentColor; padding-bottom: 5px; margin-top: 0; color: inherit; opacity: 0.8;'>Funciones de red<\/h3>\n<ul style='padding-left: 20px; font-size: 15px; color: inherit; list-style-type: disc;'>\n<li style='margin-bottom: 5px;'>Protocolos: TCP\/IP&comma; PPPoE&comma; DHCP&comma; Hik-Connect&comma; DNS&comma; DDNS&comma; NTP&comma; SADP&comma; NFS&comma; iSCSI&comma; UPnP&comma; HTTPS&comma; ONVIF.<\/li>\n<li style='margin-bottom: 5px;'><strong>Soporta 2 streams.<\/strong><\/li>\n<\/ul><\/div>\n<\/p><\/div>\n<p> <!-- Secci\u00f3n de caracter\u00edsticas f\u00edsicas y el\u00e9ctricas --> <\/p>\n<div style='display: flex; flex-wrap: wrap; gap: 30px; margin-bottom: 30px;'>\n<div style='flex: 1 1 300px; min-width: 280px;'>\n<h3 style='font-size: 20px; border-bottom: 2px solid currentColor; padding-bottom: 5px; margin-top: 0; color: inherit; opacity: 0.8;'>Caracter\u00edsticas f\u00edsicas y el\u00e9ctricas<\/h3>\n<ul style='padding-left: 20px; font-size: 15px; color: inherit; list-style-type: disc;'>\n<li style='margin-bottom: 5px;'><strong>Alimentaci\u00f3n:<\/strong> 12 Vcc (Fuente incluida pines)<\/li>\n<li style='margin-bottom: 5px;'><strong>Consumo sin HDD:<\/strong> 25 W.<\/li>\n<li style='margin-bottom: 5px;'><strong>Temperatura de operaci\u00f3n:<\/strong> -10\u00b0C a 55\u00b0C<\/li>\n<li style='margin-bottom: 5px;'><strong>Dimensiones:<\/strong> 380 x 320 x 48 mm (W x D x H)<\/li>\n<li style='margin-bottom: 5px;'><strong>Peso:<\/strong> 2Kg sin HDD<\/li>\n<li style='margin-bottom: 5px;'><strong>Garant\u00eda:<\/strong> 4 a\u00f1os.<\/li>\n<\/ul><\/div>\n<\/p><\/div>\n<p> <!-- Separador --> <\/p>\n<hr style='border: 0; border-top: 1px solid rgba(150&comma; 150&comma; 150&comma; 0.3); margin: 30px 0;'> <\/div>\n","protected":false},"excerpt":{"rendered":"<p>DVR 8 Megapixel \/ 16 Canales 4K TURBOHD + 16 Canales IP \/ 2 Bah\u00eda de Disco Duro \/ 4 Canales de Audio \/ 16 Entradas de alarma \/ V\u00eddeoan\u00e1lisis<\/p>\n","protected":false},"featured_media":114153,"comment_status":"open","ping_status":"closed","template":"","meta":[],"product_brand":[],"product_cat":[2254],"product_tag":[2255,935,2256],"class_list":{"0":"post-114154","1":"product","2":"type-product","3":"status-publish","4":"has-post-thumbnail","6":"product_cat-videograbadoras-analogicas-turbohd-tvi-ahd-cvi","7":"product_tag-camaras-y-dvrs-hd-turbohd-ahd-hd-tvi","8":"product_tag-epcom","9":"product_tag-videograbadoras-analogicas-turbohd-tvi-ahd-cvi","11":"first","12":"outofstock","13":"sale","14":"shipping-taxable","15":"purchasable","16":"product-type-simple"},"_links":{"self":[{"href":"https:\/\/soydeaqui.ddns.net\/pachuca\/index.php\/wp-json\/wp\/v2\/product\/114154","targetHints":{"allow":["GET"]}}],"collection":[{"href":"https:\/\/soydeaqui.ddns.net\/pachuca\/index.php\/wp-json\/wp\/v2\/product"}],"about":[{"href":"https:\/\/soydeaqui.ddns.net\/pachuca\/index.php\/wp-json\/wp\/v2\/types\/product"}],"replies":[{"embeddable":true,"href":"https:\/\/soydeaqui.ddns.net\/pachuca\/index.php\/wp-json\/wp\/v2\/comments?post=114154"}],"wp:featuredmedia":[{"embeddable":true,"href":"https:\/\/soydeaqui.ddns.net\/pachuca\/index.php\/wp-json\/wp\/v2\/media\/114153"}],"wp:attachment":[{"href":"https:\/\/soydeaqui.ddns.net\/pachuca\/index.php\/wp-json\/wp\/v2\/media?parent=114154"}],"wp:term":[{"taxonomy":"product_brand","embeddable":true,"href":"https:\/\/soydeaqui.ddns.net\/pachuca\/index.php\/wp-json\/wp\/v2\/product_brand?post=114154"},{"taxonomy":"product_cat","embeddable":true,"href":"https:\/\/soydeaqui.ddns.net\/pachuca\/index.php\/wp-json\/wp\/v2\/product_cat?post=114154"},{"taxonomy":"product_tag","embeddable":true,"href":"https:\/\/soydeaqui.ddns.net\/pachuca\/index.php\/wp-json\/wp\/v2\/product_tag?post=114154"}],"curies":[{"name":"wp","href":"https:\/\/api.w.org\/{rel}","templated":true}]}}