{"id":114149,"date":"2026-03-20T23:20:18","date_gmt":"2026-03-20T23:20:18","guid":{"rendered":"https:\/\/soydeaqui.ddns.net\/pachuca\/index.php\/producto\/dvr-8-megapixel-8-canales-4k-turbohd-8-canales-ip-1-bahia-de-disco-duro-4-canales-de-audio-8-entradas-de-alarma-videoanalisis\/"},"modified":"2026-03-20T23:20:30","modified_gmt":"2026-03-20T23:20:30","slug":"dvr-8-megapixel-8-canales-4k-turbohd-8-canales-ip-1-bahia-de-disco-duro-4-canales-de-audio-8-entradas-de-alarma-videoanalisis","status":"publish","type":"product","link":"https:\/\/soydeaqui.ddns.net\/pachuca\/index.php\/producto\/dvr-8-megapixel-8-canales-4k-turbohd-8-canales-ip-1-bahia-de-disco-duro-4-canales-de-audio-8-entradas-de-alarma-videoanalisis\/","title":{"rendered":"DVR 8 Megapixel \/ 8 Canales 4K TURBOHD + 8 Canales IP \/ 1 Bah\u00eda de Disco Duro \/ 4 Canales de Audio \/ 8 Entradas de alarma \/ V\u00eddeoan\u00e1lisis"},"content":{"rendered":"<div style='width: 100%; max-width: 1200px; margin: 0 auto; font-family: sans-serif; line-height: 1.6; color: inherit; background-color: transparent;'> <!-- Im\u00e1genes principales --> <\/p>\n<div style='display: flex; flex-wrap: wrap; gap: 15px; margin-bottom: 30px; justify-content: center;'> <img style='width: 100%; max-width: 1200px; height: auto; border: 1px solid rgba(150&comma;150&comma;150&comma;0.3); border-radius: 8px;' src='http:\/\/ftp3.syscom.mx\/usuarios\/emendoza\/elesbanmch\/HIKVISON\/IMAGENES\/epcom.png' alt=''> <img style='width: 100%; max-width: 1200px; height: auto; border: 1px solid rgba(150&comma;150&comma;150&comma;0.3); border-radius: 8px;' src='https:\/\/ftp3.syscom.mx\/usuarios\/fotos\/DS7208HQHIK1\/97560-pentahi.jpg' alt=''> <\/div>\n<p> <!-- Secci\u00f3n App M\u00f3vil --> <\/p>\n<div style='margin: 30px 0; padding: 20px; border: 1px solid rgba(150&comma;150&comma;150&comma;0.3); border-radius: 8px;'>\n<h2 style='font-size: 22px; border-bottom: 2px solid currentColor; padding-bottom: 5px; margin: 0 0 15px 0; color: inherit; opacity: 0.8; text-align: center;'>Mejor App de la Industria para Android \/ iPhone<\/h2>\n<p style='text-align: center; font-size: 15px; margin: 0 0 15px 0;'>Video fluido&comma; manejo r\u00e1pido&comma; <a style='color: #2baadf; text-decoration: none;' href='https:\/\/www.syscomblog.com\/2018\/07\/nuevo-acceso-movil-en-segundos.html' target='_blank' rel='noopener'>acceso m\u00f3vil en segundos y \u00fanico con opci\u00f3n segura para compartir equipos<\/a> (asegure que nadie puede acceder a su equipo).<\/p>\n<p> <img style='width: 100%; max-width: 640px; height: auto; border: 1px solid rgba(150&comma;150&comma;150&comma;0.3); border-radius: 8px; margin: 15px auto; display: block;' src='https:\/\/ftp3.syscom.mx\/usuarios\/fotos\/EV4016TURBO\/97555-hbamhbvhjpp.jpg' alt=''> <img style='width: 100%; max-width: 940px; height: auto; border: 1px solid rgba(150&comma;150&comma;150&comma;0.3); border-radius: 8px; margin: 15px auto; display: block;' src='https:\/\/ftp3.syscom.mx\/usuarios\/fotos\/EV4004TURBO\/97553-epcom_02.jpg' alt='4 A\u00f1os de garant\u00eda'> <\/div>\n<p> <!-- Secci\u00f3n Administraci\u00f3n R\u00e1pida --> <\/p>\n<div style='margin: 30px 0; padding: 20px; border: 1px solid rgba(150&comma;150&comma;150&comma;0.3); border-radius: 8px;'>\n<h2 style='font-size: 22px; border-bottom: 2px solid currentColor; padding-bottom: 5px; margin: 0 0 15px 0; color: inherit; opacity: 0.8; text-align: center;'>Administraci\u00f3n R\u00e1pida de M\u00faltiples Ubicaciones<\/h2>\n<h4 style='font-size: 18px; margin: 15px 0; text-align: center; color: inherit;'> El <a style='color: #2baadf; text-decoration: none;' href='https:\/\/www.syscom.mx\/producto\/IVMS-4200-HIKVISION-76556.html' target='_blank' rel='noopener'>nuevo IVMS4200 Lite<\/a> permite trabajar video Megapixel con mucho menores recursos&comma; video m\u00e1s fluido y operaci\u00f3n r\u00e1pida. <\/h4>\n<p> <img style='width: 100%; max-width: 640px; height: auto; border: 1px solid rgba(150&comma;150&comma;150&comma;0.3); border-radius: 8px; margin: 15px auto; display: block;' src='https:\/\/ftp3.syscom.mx\/usuarios\/fotos\/EV4016TURBO\/97555-ivms4200.jpg' alt=''> <\/div>\n<p> <!-- Secci\u00f3n de caracter\u00edsticas principales --> <\/p>\n<div style='margin: 30px 0;'>\n<h3 style='font-size: 20px; border-bottom: 2px solid currentColor; padding-bottom: 5px; margin: 0 0 15px 0; color: inherit; opacity: 0.8;'>Caracter\u00edsticas principales:<\/h3>\n<ul style='padding-left: 20px; font-size: 15px; color: inherit;'>\n<li style='margin-bottom: 8px;'>Tecnolog\u00eda TURBO HD 8 Megapixel (4K) ver 4.0<\/li>\n<li style='margin-bottom: 8px;'>Grabador PENTAHIBRIDO: HD-TVI&comma; HD-CVI&comma; AHD&comma; IP&comma; An\u00e1logo.<\/li>\n<li style='margin-bottom: 8px;'><strong style='color: inherit;'>Permite apagar canales anal\u00f3gicos TURBOHD y poder colocar c\u00e1maras IP en todos sus canales&comma; podemos colocar hasta 16 c\u00e1maras IP en total. Por cada canal anal\u00f3gico TURBOHD que se apague se genera un canal IP adicional.<\/strong><\/li>\n<li style='margin-bottom: 8px;'>Acceso remoto: PC&comma; Smart phone (iPhone&comma; iPad&comma; Android)<\/li>\n<li style='margin-bottom: 8px;'>Compatibilidad multi-navegador.<\/li>\n<li style='margin-bottom: 8px;'>Visualizaci\u00f3n remota f\u00e1cil y r\u00e1pida con HIK-CONNECT.<\/li>\n<li style='margin-bottom: 8px;'>Funciones avanzadas: Detecci\u00f3n por cruce de l\u00ednea&comma; Intrusi\u00f3n<\/li>\n<\/ul><\/div>\n<p> <!-- Secci\u00f3n de compresi\u00f3n y resoluci\u00f3n --> <\/p>\n<div style='margin: 30px 0;'>\n<h3 style='font-size: 20px; border-bottom: 2px solid currentColor; padding-bottom: 5px; margin: 0 0 15px 0; color: inherit; opacity: 0.8;'>Compresi\u00f3n y resoluci\u00f3n<\/h3>\n<ul style='padding-left: 20px; font-size: 15px; color: inherit;'>\n<li style='margin-bottom: 8px;'>H.264&comma; H.264+&comma; <strong style='color: inherit;'>H.265&comma; H.265+.<\/strong><\/li>\n<li style='margin-bottom: 8px;'><strong style='color: inherit;'>Soporta 8 Canales TurboHD \/ An\u00e1logos + 8 IP = 16 canales en total.<\/strong>\n<ul style='padding-left: 25px; margin-top: 8px; margin-bottom: 8px;'>\n<li style='margin-bottom: 5px;'><strong style='color: inherit;'>HD-TVI: 8 MP @ 8 fps \/ 5 MP @ 12 fps.<\/strong><\/li>\n<li style='margin-bottom: 5px;'><strong style='color: inherit;'>HD-CVI: 4 MP @ 15 fps \/ 1080p @ 30 fps<\/strong><\/li>\n<li style='margin-bottom: 5px;'><strong style='color: inherit;'>ANAL\u00d3GICO: PAL\/NTSC<\/strong><\/li>\n<li style='margin-bottom: 5px;'><strong style='color: inherit;'>AHD: 4 MP @ 15 IPS \/ 1080p @ 30 fps<\/strong><\/li>\n<li style='margin-bottom: 5px;'><strong style='color: inherit;'>IP: 8 MP @ 10 fps<\/strong><\/li>\n<\/ul>\n<\/li>\n<li style='margin-bottom: 8px;'>Audio: G711.<\/li>\n<\/ul><\/div>\n<p> <!-- Secci\u00f3n funciones de grabaci\u00f3n y visualizaci\u00f3n --> <\/p>\n<div style='margin: 30px 0;'>\n<h3 style='font-size: 20px; border-bottom: 2px solid currentColor; padding-bottom: 5px; margin: 0 0 15px 0; color: inherit; opacity: 0.8;'>Funciones de Grabaci\u00f3n y Visualizaci\u00f3n<\/h3>\n<ul style='padding-left: 20px; font-size: 15px; color: inherit;'>\n<li style='margin-bottom: 8px;'>Detecci\u00f3n de movimiento multi zona.<\/li>\n<li style='margin-bottom: 8px;'>Zoom digital en visualizaci\u00f3n y grabaci\u00f3n<\/li>\n<li style='margin-bottom: 8px;'>Soporta m\u00faltiples tipos de grabaci\u00f3n\n<ul style='padding-left: 25px; margin-top: 8px; margin-bottom: 8px;'>\n<li style='margin-bottom: 5px;'>Tiempo real<\/li>\n<li style='margin-bottom: 5px;'>Grabaci\u00f3n por alarma<\/li>\n<li style='margin-bottom: 5px;'>Movimiento<\/li>\n<li style='margin-bottom: 5px;'>Movimiento &#038; Alarma<\/li>\n<li style='margin-bottom: 5px;'>Movimiento \/ Alarma<\/li>\n<\/ul>\n<\/li>\n<li style='margin-bottom: 8px;'>B\u00fasquedas de evidencia inteligente.<\/li>\n<li style='margin-bottom: 8px;'>Grabaci\u00f3n con sobre-escritura.<\/li>\n<li style='margin-bottom: 8px;'>Main stream: 8MP@8fps \/ 5MP@12fps \/ 4MP@15fps \/ 3MP@18fps \/ 1080P@30fps<\/li>\n<li style='margin-bottom: 8px;'>Sub: stream: WD1 \/ 4CIF \/ VGA \/ CIF<\/li>\n<\/ul><\/div>\n<p> <!-- Secci\u00f3n interfaces entrada\/salidas --> <\/p>\n<div style='margin: 30px 0;'>\n<h3 style='font-size: 20px; border-bottom: 2px solid currentColor; padding-bottom: 5px; margin: 0 0 15px 0; color: inherit; opacity: 0.8;'>Interfaces Entrada \/ Salidas:<\/h3>\n<ul style='padding-left: 20px; font-size: 15px; color: inherit;'>\n<li style='margin-bottom: 8px;'>Entrada de video 8 ch.<\/li>\n<li style='margin-bottom: 8px;'>Salida de video: HDMI@4K.\/ VGA \/CVBS aux<\/li>\n<li style='margin-bottom: 8px;'>HDMI \/ VGA 4K (380 X 2160 ) 2K (2560 X 1440) \/ 1920&#215;1080&comma; 1280&#215;1024&comma; 1280 x720&comma; 1024&#215;768<\/li>\n<li style='margin-bottom: 8px;'>Entrada de audio: 4(RCA&comma; 2.0 Vp-p 1K\u03a9).<\/li>\n<li style='margin-bottom: 8px;'><span style='font-size: 14px;'>Salida de audio: 1(RCA&comma; 2.0 Vp-p 1K\u03a9).<\/span><\/li>\n<li style='margin-bottom: 8px;'>Entrada de Alarma: 8 (Block de terminales).<\/li>\n<li style='margin-bottom: 8px;'>Salida de Alarma: 4 (Block de terminales).<\/li>\n<li style='margin-bottom: 8px;'>Interfaz serial: RS-485 (HIKVISION C COAXITRON&comma; PELCO-D&comma; PELCO-P&comma; etc..)<\/li>\n<li style='margin-bottom: 8px;'>Interfaz USB: 1 puerto 2.0 adelante \/ 1 puerto 3.0 atras<\/li>\n<li style='margin-bottom: 8px;'>Interfaz red: 1 puerto RJ45 10M\/100M\/1000M<\/li>\n<li style='margin-bottom: 8px;'>Capacidad de almacenamiento HDD: 1 @ 10 TB.<\/li>\n<\/ul><\/div>\n<p> <!-- Secci\u00f3n funciones de red --> <\/p>\n<div style='margin: 30px 0;'>\n<h3 style='font-size: 20px; border-bottom: 2px solid currentColor; padding-bottom: 5px; margin: 0 0 15px 0; color: inherit; opacity: 0.8;'>Funciones de red:<\/h3>\n<ul style='padding-left: 20px; font-size: 15px; color: inherit;'>\n<li style='margin-bottom: 8px;'>Protocolos: TCP\/IP&comma; PPPoE&comma; DHCP&comma; Hik-Connect&comma; DNS&comma; DDNS&comma; NTP&comma; SADP&comma; NFS&comma; iSCSI&comma; UPnP&comma; HTTPS&comma; ONVIF.<\/li>\n<li style='margin-bottom: 8px;'>Soporta 2 streams.<\/li>\n<\/ul><\/div>\n<p> <!-- Secci\u00f3n caracter\u00edsticas f\u00edsicas y el\u00e9ctricas --> <\/p>\n<div style='margin: 30px 0;'>\n<h3 style='font-size: 20px; border-bottom: 2px solid currentColor; padding-bottom: 5px; margin: 0 0 15px 0; color: inherit; opacity: 0.8;'>Caracter\u00edsticas f\u00edsicas y el\u00e9ctricas:<\/h3>\n<ul style='padding-left: 20px; font-size: 15px; color: inherit;'>\n<li style='margin-bottom: 8px;'>Alimentaci\u00f3n: 12 Vcc (Fuente incluida pines)<\/li>\n<li style='margin-bottom: 8px;'>Consumo sin HDD 20 W.<\/li>\n<li style='margin-bottom: 8px;'>Temperatura de operaci\u00f3n -10\u00b0C a 55\u00b0C<\/li>\n<li style='margin-bottom: 8px;'>Dimensiones: 315 x 242 x 45 mm (W x D x H)<\/li>\n<li style='margin-bottom: 8px;'>Peso: 2 Kg sin HDD<\/li>\n<\/ul><\/div>\n<p> <!-- Imagen de consumo y garant\u00eda --> <\/p>\n<div style='margin: 30px 0;'> <img style='width: 100%; max-width: 950px; height: auto; border: 1px solid rgba(150&comma;150&comma;150&comma;0.3); border-radius: 8px; margin: 15px auto; display: block;' src='https:\/\/ftp3.syscom.mx\/usuarios\/jsosa\/josesosa\/Imagenes\/menosconsumoha.jpg' alt=''> <\/div>\n<p> <!-- Secci\u00f3n de garant\u00eda --> <\/p>\n<div style='margin: 30px 0; padding: 20px; border: 1px solid rgba(150&comma;150&comma;150&comma;0.3); border-radius: 8px;'>\n<h2 style='font-size: 22px; border-bottom: 2px solid currentColor; padding-bottom: 5px; margin: 0 0 15px 0; color: inherit; opacity: 0.8; text-align: center;'>4 A\u00f1os de Garant\u00eda Sin-Complicaciones<\/h2>\n<p style='text-align: center; font-size: 15px; margin: 15px 0; color: inherit;'>Garant\u00eda l\u00edder en la industria&comma; r\u00e1pida y efectiva&comma; disponible con empresas profesionales autorizadas**<\/p>\n<p> <img style='width: 100%; max-width: 1200px; height: auto; border: 1px solid rgba(150&comma;150&comma;150&comma;0.3); border-radius: 8px; margin: 15px auto; display: block;' src='http:\/\/ftp3.syscom.mx\/usuarios\/jdelafuente\/HIKVISION\/4year.png' alt=''> <\/div>\n<\/p><\/div>\n","protected":false},"excerpt":{"rendered":"<p>DVR 8 Megapixel \/ 8 Canales 4K TURBOHD + 8 Canales IP \/ 1 Bah\u00eda de Disco Duro \/ 4 Canales de Audio \/ 8 Entradas de alarma \/ V\u00eddeoan\u00e1lisis<\/p>\n","protected":false},"featured_media":114148,"comment_status":"open","ping_status":"closed","template":"","meta":[],"product_brand":[],"product_cat":[2254],"product_tag":[2255,935,2256],"class_list":{"0":"post-114149","1":"product","2":"type-product","3":"status-publish","4":"has-post-thumbnail","6":"product_cat-videograbadoras-analogicas-turbohd-tvi-ahd-cvi","7":"product_tag-camaras-y-dvrs-hd-turbohd-ahd-hd-tvi","8":"product_tag-epcom","9":"product_tag-videograbadoras-analogicas-turbohd-tvi-ahd-cvi","11":"first","12":"outofstock","13":"sale","14":"shipping-taxable","15":"purchasable","16":"product-type-simple"},"_links":{"self":[{"href":"https:\/\/soydeaqui.ddns.net\/pachuca\/index.php\/wp-json\/wp\/v2\/product\/114149","targetHints":{"allow":["GET"]}}],"collection":[{"href":"https:\/\/soydeaqui.ddns.net\/pachuca\/index.php\/wp-json\/wp\/v2\/product"}],"about":[{"href":"https:\/\/soydeaqui.ddns.net\/pachuca\/index.php\/wp-json\/wp\/v2\/types\/product"}],"replies":[{"embeddable":true,"href":"https:\/\/soydeaqui.ddns.net\/pachuca\/index.php\/wp-json\/wp\/v2\/comments?post=114149"}],"wp:featuredmedia":[{"embeddable":true,"href":"https:\/\/soydeaqui.ddns.net\/pachuca\/index.php\/wp-json\/wp\/v2\/media\/114148"}],"wp:attachment":[{"href":"https:\/\/soydeaqui.ddns.net\/pachuca\/index.php\/wp-json\/wp\/v2\/media?parent=114149"}],"wp:term":[{"taxonomy":"product_brand","embeddable":true,"href":"https:\/\/soydeaqui.ddns.net\/pachuca\/index.php\/wp-json\/wp\/v2\/product_brand?post=114149"},{"taxonomy":"product_cat","embeddable":true,"href":"https:\/\/soydeaqui.ddns.net\/pachuca\/index.php\/wp-json\/wp\/v2\/product_cat?post=114149"},{"taxonomy":"product_tag","embeddable":true,"href":"https:\/\/soydeaqui.ddns.net\/pachuca\/index.php\/wp-json\/wp\/v2\/product_tag?post=114149"}],"curies":[{"name":"wp","href":"https:\/\/api.w.org\/{rel}","templated":true}]}}