{"id":114144,"date":"2026-03-20T23:20:02","date_gmt":"2026-03-20T23:20:02","guid":{"rendered":"https:\/\/soydeaqui.ddns.net\/pachuca\/index.php\/producto\/dvr-4-megapixel-16-canales-turbohd-8-canales-ip-2-bahias-de-disco-duro-1-canal-de-audio-videoanalisis\/"},"modified":"2026-03-20T23:20:14","modified_gmt":"2026-03-20T23:20:14","slug":"dvr-4-megapixel-16-canales-turbohd-8-canales-ip-2-bahias-de-disco-duro-1-canal-de-audio-videoanalisis","status":"publish","type":"product","link":"https:\/\/soydeaqui.ddns.net\/pachuca\/index.php\/producto\/dvr-4-megapixel-16-canales-turbohd-8-canales-ip-2-bahias-de-disco-duro-1-canal-de-audio-videoanalisis\/","title":{"rendered":"DVR 4 Megapixel \/ 16 Canales TURBOHD + 8 Canales IP \/ 2 Bah\u00edas de Disco Duro \/ 1 Canal de Audio \/ V\u00eddeoan\u00e1lisis"},"content":{"rendered":"<div style='width: 100%; max-width: 1200px; margin: 0 auto; font-family: sans-serif; line-height: 1.6; color: inherit; background-color: transparent;'>\n<div style='display: flex; flex-wrap: wrap; gap: 30px; margin-bottom: 30px;'>\n<div style='flex: 1 1 300px; min-width: 280px;'> <a href='https:\/\/www.syscomblog.com\/2018\/11\/por-que-epcom.html'> <img style='width: 100%; height: auto; border: 1px solid rgba(150&comma;150&comma;150&comma;0.3); border-radius: 8px;' src='http:\/\/ftp3.syscom.mx\/usuarios\/emendoza\/elesbanmch\/HIKVISON\/IMAGENES\/epcom.png' alt='Logo Epcom'> <\/a> <\/div>\n<\/p><\/div>\n<div style='display: flex; flex-wrap: wrap; gap: 30px; margin-bottom: 30px;'>\n<div style='flex: 1 1 300px; min-width: 280px;'>\n<h3 style='font-size: 22px; border-bottom: 2px solid currentColor; padding-bottom: 5px; margin-top: 0; color: inherit; opacity: 0.8;'>Mejor App de la Industria para Android \/ iPhone<\/h3>\n<p style='font-size: 15px; color: inherit;'> Video fluido&comma; manejo r\u00e1pido&comma; <a style='color: #2baadf; text-decoration: none;' href='https:\/\/www.syscomblog.com\/2018\/07\/nuevo-acceso-movil-en-segundos.html' target='_blank' rel='noopener'>acceso m\u00f3vil en segundos y \u00fanico con opci\u00f3n segura para compartir equipos<\/a> (asegure que nadie puede acceder a su equipo). <\/p>\n<\/p><\/div>\n<\/p><\/div>\n<div style='display: flex; flex-wrap: wrap; gap: 30px; margin-bottom: 30px;'>\n<div style='flex: 1 1 300px; min-width: 280px;'>\n<h3 style='font-size: 22px; border-bottom: 2px solid currentColor; padding-bottom: 5px; margin-top: 0; color: inherit; opacity: 0.8;'>Administraci\u00f3n R\u00e1pida de M\u00faltiples Ubicaciones<\/h3>\n<p style='font-size: 15px; color: inherit;'> El <a style='color: #2baadf; text-decoration: none;' href='https:\/\/www.syscom.mx\/producto\/IVMS-4200-HIKVISION-76556.html' target='_blank' rel='noopener'>nuevo IVMS4200 Lite<\/a> permite trabajar video Megapixel con mucho menores recursos&comma; video m\u00e1s fluido y operaci\u00f3n r\u00e1pida. <\/p>\n<\/p><\/div>\n<div style='flex: 1 1 300px; min-width: 280px;'> <img style='width: 100%; height: auto; border: 1px solid rgba(150&comma;150&comma;150&comma;0.3); border-radius: 8px;' src='https:\/\/ftp3.syscom.mx\/usuarios\/fotos\/EV4004TURBO\/97553-epcom_02.jpg' alt='IVMS4200 Lite'> <\/div>\n<\/p><\/div>\n<div style='display: flex; flex-wrap: wrap; gap: 30px; margin-bottom: 30px;'>\n<div style='flex: 1 1 100%;'> <img style='width: 100%; height: auto; border: 1px solid rgba(150&comma;150&comma;150&comma;0.3); border-radius: 8px;' src='https:\/\/ftp3.syscom.mx\/usuarios\/fotos\/EV4016TURBO\/97555-ivms4200.jpg' alt='IVMS4200 Interface'> <\/div>\n<\/p><\/div>\n<div style='display: flex; flex-wrap: wrap; gap: 30px; margin-bottom: 30px;'>\n<div style='flex: 1 1 100%;'>\n<div style='border-left: 5px solid #ff0000; border-radius: 4px; padding: 10px; margin: 20px 0; background-color: rgba(255&comma;0&comma;0&comma;0.05);'>\n<p style='margin: 0; font-weight: bold; color: #ff0000;'>Nota importante:<\/p>\n<p style='margin: 10px 0 0 0; color: inherit;'> Gracias a las nuevas actualizaciones (mejoras) ahora el DVR permite aceptar c\u00e1maras TURBOHD de 4 Megapixel que originalmente estaba dedicado a soportar 3 Megapixel&comma; el DVR podr\u00e1 grabar a 4 Megapixel Lite&comma; quiere decir que es un acoplamiento de se\u00f1al que permite aceptar c\u00e1maras de 4 Megapixel TURBOHD con grabacion Lite. <\/p>\n<ul style='margin: 15px 0 0 20px; padding: 0; color: inherit;'>\n<li style='margin-bottom: 8px;'><span style='color: #ff0000; font-weight: bold;'>4 Megapixel Real = 2560 X 1440.<\/span><\/li>\n<li style='margin-bottom: 8px;'><span style='color: #ff0000; font-weight: bold;'>4 Megapixel Lite = 1280 X 1440.<\/span><\/li>\n<\/ul><\/div>\n<\/p><\/div>\n<\/p><\/div>\n<div style='display: flex; flex-wrap: wrap; gap: 20px; margin-bottom: 30px;'>\n<div style='flex: 1 1 250px; border: 1px solid rgba(150&comma; 150&comma; 150&comma; 0.4); border-radius: 8px; overflow: hidden;'>\n<div style='padding: 15px; border-bottom: 1px solid rgba(150&comma; 150&comma; 150&comma; 0.2); font-weight: bold; font-size: 18px; color: inherit;'>Caracter\u00edsticas principales<\/div>\n<div style='padding: 15px; color: inherit;'>\n<ul style='padding-left: 20px; margin: 0; font-size: 14px; list-style-type: disc;'>\n<li style='margin-bottom: 8px;'>Serie Turbo HD Versi\u00f3n 4.0<\/li>\n<li style='margin-bottom: 8px;'>Permite apagar canales anal\u00f3gicos TURBOHD y poder colocar c\u00e1maras IP en todos sus canales&comma; podemos colocar hasta 24 c\u00e1maras IP en total. Por cada canal anal\u00f3gico TURBOHD que se apague se genera un canal IP adicional.<\/li>\n<li style='margin-bottom: 8px;'><strong>Grabador PENTAH\u00cdBRIDO:<\/strong> HD-TVI \/ HD-CVI \/ Anal\u00f3gico \/ IP \/ AHD.<\/li>\n<li style='margin-bottom: 8px;'>Acceso remoto: PC (WINDOWS \/ MAC)&comma; Smart Phone (iPhone&comma; iPad&comma; Android).<\/li>\n<li style='margin-bottom: 8px;'>Compatibilidad con navegador Internet Explorer.<\/li>\n<li style='margin-bottom: 8px;'>Software cliente multi sitio de hasta 64 canales (iVMS-4200).<\/li>\n<li style='margin-bottom: 8px;'>Compatible con Hik-Connect P2P.<\/li>\n<li style='margin-bottom: 8px;'>Soporta servicio IP SERVER (DDNS SYSCOM) \/ Hik-Connect Domain \/ DynDNS.<\/li>\n<li style='margin-bottom: 8px;'>Funciones Avanzadas: Detecci\u00f3n por cruce de linea &#038; detecci\u00f3n de intrusi\u00f3n.<\/li>\n<\/ul><\/div>\n<\/p><\/div>\n<div style='flex: 1 1 250px; border: 1px solid rgba(150&comma; 150&comma; 150&comma; 0.4); border-radius: 8px; overflow: hidden;'>\n<div style='padding: 15px; border-bottom: 1px solid rgba(150&comma; 150&comma; 150&comma; 0.2); font-weight: bold; font-size: 18px; color: inherit;'>Compresi\u00f3n y resoluci\u00f3n<\/div>\n<div style='padding: 15px; color: inherit;'>\n<ul style='padding-left: 20px; margin: 0; font-size: 14px; list-style-type: disc;'>\n<li style='margin-bottom: 8px;'><strong>Compresi\u00f3n:<\/strong> H.265+ H.265 \/ H.264+ \/ H.264.<\/li>\n<li style='margin-bottom: 8px;'><strong>Soporta 16 canales TURBOHD \/ anal\u00f3gicos + 8 canal IP = 24 canales en total.<\/strong><\/li>\n<li style='margin-bottom: 8px;'><strong>HD-TVI:<\/strong> 4 Megapixel Lite \/ 3 Megapixel \/ 1080p \/ 720p.\n<ul style='padding-left: 20px; margin: 10px 0 0 20px; font-size: 13px;'>\n<li style='margin-bottom: 5px;'><span style='color: #ff0000; font-weight: bold;'>Nota: Acepta c\u00e1maras de 4MP&comma; 2MP y 1MP en todos sus canales BNC (C\u00e1maras de 3MP solo en el canal 1&comma; 2&comma; 3 y 4).<\/span><\/li>\n<\/ul>\n<\/li>\n<li style='margin-bottom: 8px;'><strong>CVI:<\/strong> 4 Megapixel Lite \/ 3 Megapixel \/ 1080p \/ 720p.<\/li>\n<li style='margin-bottom: 8px;'><strong>Anal\u00f3gico (CVBS):<\/strong> 1200 TVL a 30 IPS.<\/li>\n<li style='margin-bottom: 8px;'><strong>AHD:<\/strong> 4 Megapixel Lite \/ 3 Megapixel \/ 1080p \/ 720p.<\/li>\n<li style='margin-bottom: 8px;'><strong>IP:<\/strong> 6 Megapixel.<\/li>\n<\/ul>\n<div style='margin-top: 15px; padding: 10px; background-color: rgba(32&comma; 33&comma; 36&comma; 0.04); border-left: 4px solid #202124;'>\n<p style='margin: 0; color: inherit; font-size: 14px;'> Para conectar los canales IP requiere utilizar un switch\/switch poe (no incluido) <\/p>\n<\/p><\/div>\n<\/p><\/div>\n<\/p><\/div>\n<div style='flex: 1 1 250px; border: 1px solid rgba(150&comma; 150&comma; 150&comma; 0.4); border-radius: 8px; overflow: hidden;'>\n<div style='padding: 15px; border-bottom: 1px solid rgba(150&comma; 150&comma; 150&comma; 0.2); font-weight: bold; font-size: 18px; color: inherit;'>Caracter\u00edsticas F\u00edsicas y El\u00e9ctricas<\/div>\n<div style='padding: 15px; color: inherit;'>\n<ul style='padding-left: 20px; margin: 0; font-size: 14px; list-style-type: disc;'>\n<li style='margin-bottom: 8px;'><strong>Alimentaci\u00f3n:<\/strong> 12 Vcc (fuente incluida 4 pines).<\/li>\n<li style='margin-bottom: 8px;'><strong>Consumo sin HDD:<\/strong> 25 watts.<\/li>\n<li style='margin-bottom: 8px;'><strong>Temperatura de operaci\u00f3n:<\/strong> -10 \u00baC hasta 55 \u00baC.<\/li>\n<li style='margin-bottom: 8px;'><strong>Dimensiones:<\/strong> 380 \u00d7 320 \u00d7 48 mm (W \u00d7 D \u00d7 H)<\/li>\n<li style='margin-bottom: 8px;'><strong>Peso:<\/strong> 2 Kg sin HDD.<\/li>\n<li style='margin-bottom: 8px;'><strong>Garant\u00eda:<\/strong> 4 A\u00f1os.<\/li>\n<\/ul>\n<div style='margin-top: 15px; text-align: center;'> <img style='width: 250px; height: auto; border: 1px solid rgba(150&comma;150&comma;150&comma;0.3); border-radius: 8px;' src='https:\/\/ftp3.syscom.mx\/usuarios\/fotos\/DS7208HQHIK1\/97560-pentahi.jpg' alt='Pentah\u00edbrido'> <\/div>\n<\/p><\/div>\n<\/p><\/div>\n<div style='flex: 1 1 250px; border: 1px solid rgba(150&comma; 150&comma; 150&comma; 0.4); border-radius: 8px; overflow: hidden;'>\n<div style='padding: 15px; border-bottom: 1px solid rgba(150&comma; 150&comma; 150&comma; 0.2); font-weight: bold; font-size: 18px; color: inherit;'>Funciones de Grabaci\u00f3n y Visualizaci\u00f3n<\/div>\n<div style='padding: 15px; color: inherit;'>\n<ul style='padding-left: 20px; margin: 0; font-size: 14px; list-style-type: disc;'>\n<li style='margin-bottom: 8px;'>Detecci\u00f3n de movimiento multi zona.<\/li>\n<li style='margin-bottom: 8px;'>Zoom digital en visualizaci\u00f3n y grabaci\u00f3n.<\/li>\n<li style='margin-bottom: 8px;'>Soporta m\u00faltiples tipos de grabaci\u00f3n&comma; incluyendo tiempo real&comma; grabaci\u00f3n manual.<\/li>\n<li style='margin-bottom: 8px;'>B\u00fasqueda inteligente de grabaciones por detecci\u00f3n de movimiento.<\/li>\n<li style='margin-bottom: 8px;'>Se proporciona SDK y c\u00f3digos de demostraci\u00f3n para disminuir el tiempo de desarrollo de aplicaciones.<\/li>\n<li style='margin-bottom: 8px;'>Grabaci\u00f3n con Sobre-escritura autom\u00e1tica.<\/li>\n<li style='margin-bottom: 8px;'><strong>Main stream:<\/strong> 4 Megapixel Lite \/ 3 Megapixel \/ 1080p \/ 720p \/ WD1 \/ 4CIF.<\/li>\n<li style='margin-bottom: 8px;'><strong>Sub stream:<\/strong> WD1 \/ 4CIF \/ CIF \/ QCIF.<\/li>\n<\/ul><\/div>\n<\/p><\/div>\n<div style='flex: 1 1 250px; border: 1px solid rgba(150&comma; 150&comma; 150&comma; 0.4); border-radius: 8px; overflow: hidden;'>\n<div style='padding: 15px; border-bottom: 1px solid rgba(150&comma; 150&comma; 150&comma; 0.2); font-weight: bold; font-size: 18px; color: inherit;'>Interfaces Entradas \/ Salidas<\/div>\n<div style='padding: 15px; color: inherit;'>\n<ul style='padding-left: 20px; margin: 0; font-size: 14px; list-style-type: disc;'>\n<li style='margin-bottom: 8px;'><strong>Salida de v\u00eddeo en HDMI:<\/strong> 4K (3840 x 2160) \/ 30Hz&comma; 2K (2560 x 1440) \/ 60 Hz&comma; 1920 x 1080&comma; 1280\u00d71024&comma; 1280\u00d7720&comma; 1024\u00d7768.<\/li>\n<li style='margin-bottom: 8px;'><strong>Salida de v\u00eddeo en VGA:<\/strong> 1920\u00d71080&comma; 1280\u00d71024&comma; 1280\u00d7720&comma; 1024\u00d7768.<\/li>\n<li style='margin-bottom: 8px;'><strong>Salida de video en BNC:<\/strong> 1 Canal (BNC&comma; 1.0Vp-p&comma; 75\u03a9)&comma; resoluci\u00f3n m\u00e1xima: 704&#215;480.<\/li>\n<li style='margin-bottom: 8px;'><strong>HDMI y VGA:<\/strong> salida simult\u00e1nea.<\/li>\n<li style='margin-bottom: 8px;'><strong>Entrada audio:<\/strong> 1 (RCA&comma; 2.0 Vp-p&comma; 1K\u03a9).<\/li>\n<li style='margin-bottom: 8px;'><strong>Salida audio:<\/strong> 1 (RCA&comma; 2.0 Vp-p&comma; 1K\u03a9).<\/li>\n<li style='margin-bottom: 8px;'><strong>Interfaz serial:<\/strong> RS-485 (HIKVISION C&comma; COAXITRON&comma; PELCO D&comma; PELCO P&comma; etc).<\/li>\n<li style='margin-bottom: 8px;'><strong>Interfaz USB:<\/strong> 1 puerto (2.0)&comma; 1 puerto (3.0)<\/li>\n<li style='margin-bottom: 8px;'><strong>Interfaz red:<\/strong> 1 puertos (RJ-45 10\/100\/1000 Mbps).<\/li>\n<li style='margin-bottom: 8px;'><strong>Capacidad HDD:<\/strong> 2 @ 10 TB.<\/li>\n<\/ul><\/div>\n<\/p><\/div>\n<\/p><\/div>\n<div style='display: flex; flex-wrap: wrap; gap: 30px; margin-bottom: 30px;'>\n<div style='flex: 1 1 100%;'> <a href='https:\/\/www.syscomblog.com\/2017\/10\/el-h265-de-hikvision-en-que-nos-ayudac.html'> <img style='width: 80%; height: auto; border: 1px solid rgba(150&comma;150&comma;150&comma;0.3); border-radius: 8px;' src='https:\/\/ftp3.syscom.mx\/usuarios\/jsosa\/josesosa\/Imagenes\/menosconsumoha.jpg' alt='H.265 Menos Consumo'> <\/a> <\/div>\n<\/p><\/div>\n<div style='display: flex; flex-wrap: wrap; gap: 30px; margin-bottom: 30px;'>\n<div style='flex: 1 1 48%; min-width: 280px;'>\n<h3 style='font-size: 22px; border-bottom: 2px solid currentColor; padding-bottom: 5px; margin-top: 0; color: inherit; opacity: 0.8;'>4 A\u00f1os de Garant\u00eda Sin-Complicaciones<\/h3>\n<p style='font-size: 15px; color: inherit;'> Garant\u00eda l\u00edder en la industria&comma; r\u00e1pida y efectiva&comma; disponible con empresas profesionales autorizadas** <\/p>\n<\/p><\/div>\n<div style='flex: 1 1 48%; min-width: 280px;'> <a href='http:\/\/soporte.syscom.mx\/es\/articles\/1560082-politica-de-garantia-syscom-sin-complicaciones-resumida'> <img style='width: 100%; height: auto; border: 1px solid rgba(150&comma;150&comma;150&comma;0.3); border-radius: 8px;' src='http:\/\/ftp3.syscom.mx\/usuarios\/jdelafuente\/HIKVISION\/4year.png' alt='Garant\u00eda 4 a\u00f1os'> <\/a> <\/div>\n<\/p><\/div>\n<\/p><\/div>\n","protected":false},"excerpt":{"rendered":"<p>DVR 4 Megapixel \/ 16 Canales TURBOHD + 8 Canales IP \/ 2 Bah\u00edas de Disco Duro \/ 1 Canal de Audio \/ V\u00eddeoan\u00e1lisis<\/p>\n","protected":false},"featured_media":114143,"comment_status":"open","ping_status":"closed","template":"","meta":[],"product_brand":[],"product_cat":[2254],"product_tag":[2255,935,2256],"class_list":{"0":"post-114144","1":"product","2":"type-product","3":"status-publish","4":"has-post-thumbnail","6":"product_cat-videograbadoras-analogicas-turbohd-tvi-ahd-cvi","7":"product_tag-camaras-y-dvrs-hd-turbohd-ahd-hd-tvi","8":"product_tag-epcom","9":"product_tag-videograbadoras-analogicas-turbohd-tvi-ahd-cvi","11":"first","12":"outofstock","13":"sale","14":"shipping-taxable","15":"purchasable","16":"product-type-simple"},"_links":{"self":[{"href":"https:\/\/soydeaqui.ddns.net\/pachuca\/index.php\/wp-json\/wp\/v2\/product\/114144","targetHints":{"allow":["GET"]}}],"collection":[{"href":"https:\/\/soydeaqui.ddns.net\/pachuca\/index.php\/wp-json\/wp\/v2\/product"}],"about":[{"href":"https:\/\/soydeaqui.ddns.net\/pachuca\/index.php\/wp-json\/wp\/v2\/types\/product"}],"replies":[{"embeddable":true,"href":"https:\/\/soydeaqui.ddns.net\/pachuca\/index.php\/wp-json\/wp\/v2\/comments?post=114144"}],"wp:featuredmedia":[{"embeddable":true,"href":"https:\/\/soydeaqui.ddns.net\/pachuca\/index.php\/wp-json\/wp\/v2\/media\/114143"}],"wp:attachment":[{"href":"https:\/\/soydeaqui.ddns.net\/pachuca\/index.php\/wp-json\/wp\/v2\/media?parent=114144"}],"wp:term":[{"taxonomy":"product_brand","embeddable":true,"href":"https:\/\/soydeaqui.ddns.net\/pachuca\/index.php\/wp-json\/wp\/v2\/product_brand?post=114144"},{"taxonomy":"product_cat","embeddable":true,"href":"https:\/\/soydeaqui.ddns.net\/pachuca\/index.php\/wp-json\/wp\/v2\/product_cat?post=114144"},{"taxonomy":"product_tag","embeddable":true,"href":"https:\/\/soydeaqui.ddns.net\/pachuca\/index.php\/wp-json\/wp\/v2\/product_tag?post=114144"}],"curies":[{"name":"wp","href":"https:\/\/api.w.org\/{rel}","templated":true}]}}