{"id":114128,"date":"2026-03-20T23:19:06","date_gmt":"2026-03-20T23:19:06","guid":{"rendered":"https:\/\/soydeaqui.ddns.net\/pachuca\/index.php\/producto\/switch-adminsitrable-l2-16-puertos-ultra-poe-802-3bt-4-puertos-sfp-2-puertos-sfp\/"},"modified":"2026-03-20T23:19:09","modified_gmt":"2026-03-20T23:19:09","slug":"switch-adminsitrable-l2-16-puertos-ultra-poe-802-3bt-4-puertos-sfp-2-puertos-sfp","status":"publish","type":"product","link":"https:\/\/soydeaqui.ddns.net\/pachuca\/index.php\/producto\/switch-adminsitrable-l2-16-puertos-ultra-poe-802-3bt-4-puertos-sfp-2-puertos-sfp\/","title":{"rendered":"Switch Adminsitrable L2+, 16 puertos Ultra PoE 802.3bt, 4 puertos SFP, 2 puertos SFP+"},"content":{"rendered":"<div style='width: 100%; max-width: 1200px; margin: 0 auto; font-family: sans-serif; line-height: 1.6; color: inherit; background-color: transparent;'>\n<div style='display: flex; flex-wrap: wrap; gap: 30px; margin-bottom: 30px;'>\n<div style='flex: 1 1 300px; min-width: 280px;'>\n<h3 style='font-size: 22px; border-bottom: 2px solid currentColor; padding-bottom: 5px; margin-top: 0; color: inherit; opacity: 0.8;'>Soluci\u00f3n de red Ultra PoE<\/h3>\n<p style='font-size: 15px; color: inherit; margin-bottom: 15px; text-align: justify; text-justify: inter-word;'> El switch PLANET GS-5220-16UP4S2X puede construir f\u00e1cilmente una soluci\u00f3n de red ultra PoE en el sistema de seguridad cibern\u00e9tica para las empresas. Por ejemplo&comma; puede funcionar con el sistema POS y el thin client para realizar una protecci\u00f3n de seguridad integral para las empresas de hoy en d\u00eda. Los divisores Ultra PoE GS-5220-16UP4S2X&comma; GS-5220-16UP4S2XR y POE-171S \/ IPOE-171S funcionan a la par para proporcionar la forma m\u00e1s sencilla de alimentar sus dispositivos Ethernet que necesitan una gran potencia de entrada. Al recibir datos y alimentaci\u00f3n del GS-5220-16UP4S2X y GS-5220-16UP4S2XR&comma; el POE-171S \/ IPOE-171S separa los datos digitales y la energ\u00eda en varias salidas opcionales (12V&comma; 19V o 24V DC) a dispositivos no PoE como computadoras port\u00e1tiles&comma; thin client&comma; sistema de POS&comma; c\u00e1maras de red PTZ (Panor\u00e1mica&comma; Inclinaci\u00f3n y Zoom)&comma; domo de velocidad PTZ&comma; tel\u00e9fonos IP con pantalla t\u00e1ctil a color. <\/p>\n<p> <img style='width: 100%; height: auto; border: 1px solid rgba(150&comma;150&comma;150&comma;0.3); border-radius: 8px; margin: 15px 0;' src='https:\/\/ftp3.syscom.mx\/usuarios\/fotos\/GS522016UP4S2X\/153932-gs-5220-16up4s2x_front-panel-introducton_l.png' alt=''> <\/div>\n<\/p><\/div>\n<div style='display: flex; flex-wrap: wrap; gap: 30px; margin-bottom: 30px;'>\n<div style='flex: 1 1 300px; min-width: 280px;'>\n<h3 style='font-size: 22px; border-bottom: 2px solid currentColor; padding-bottom: 5px; margin-top: 0; color: inherit; opacity: 0.8;'>75 vatios de potencia sobre UTP de 4 pares<\/h3>\n<p style='font-size: 15px; color: inherit; margin-bottom: 15px; text-align: justify; text-justify: inter-word;'> La soluci\u00f3n ultraport\u00e1til GS-5220-16UP4S2X y GS-5220-16UP4S2XR adopta el est\u00e1ndar IEEE 802.3at \/ af. En lugar de entregar potencia sobre UTP trenzado de 2 pares&comma; ya sea de final de carrera (clavijas 1&comma;2&comma;3 y 6) o de medio tramo (clavijas 4&comma;5&comma;7 y 8)&comma; proporciona la capacidad de generar hasta 75 vatios de potencia mediante el uso de los cuatro pares de cableado Ethernet Cat.5e \/ 6 est\u00e1ndar. Puede ofrecer m\u00e1s aplicaciones PoE&comma; como: <\/p>\n<ul style='padding-left: 20px; font-size: 15px; color: inherit; list-style-type: disc;'>\n<li style='margin-bottom: 5px;'>Domo Speed PoE PTZ<\/li>\n<li style='margin-bottom: 5px;'>Cualquier dispositivo de red que necesite mayor potencia PoE para funcionar normalmente<\/li>\n<li style='margin-bottom: 5px;'>Cliente liviano<\/li>\n<li style='margin-bottom: 5px;'>PC t\u00e1ctil AIO (todo en uno)<\/li>\n<li style='margin-bottom: 15px;'>Pantalla de se\u00f1alizaci\u00f3n digital remota<\/li>\n<\/ul>\n<p> <img style='width: 100%; height: auto; border: 1px solid rgba(150&comma;150&comma;150&comma;0.3); border-radius: 8px; margin: 15px 0;' src='https:\/\/ftp3.syscom.mx\/usuarios\/fotos\/GS522016UP4S2X\/153932-gs-5220-24up4x-1_l.png' alt=''> <\/div>\n<\/p><\/div>\n<div style='display: flex; flex-wrap: wrap; gap: 20px; margin-bottom: 30px;'>\n<div style='flex: 1 1 250px; border: 1px solid rgba(150&comma; 150&comma; 150&comma; 0.4); border-radius: 8px; overflow: hidden; display: flex; flex-direction: column;'>\n<div style='padding: 15px; border-bottom: 1px solid rgba(150&comma; 150&comma; 150&comma; 0.2); font-weight: bold; font-size: 18px; color: inherit;'>Especificaciones de hardware<\/div>\n<div style='padding: 15px; color: inherit;'>\n<ul style='padding-left: 20px; margin: 0; font-size: 14px; list-style-type: disc;'>\n<li style='margin-bottom: 5px;'><strong>Puertos de cobre:<\/strong> 16 puertos 10\/100 \/ 1000BASE-T RJ45 auto-MDI \/ MDI-X<\/li>\n<li style='margin-bottom: 5px;'><strong>Slots SFP \/ mini-GBIC:<\/strong> 4 interfaces SFP 100 \/ 1000BASE-X&comma; Compatible con el transceptor SFP 100BASE-FX<\/li>\n<li style='margin-bottom: 5px;'><strong>SFP + Tragamonedas:<\/strong> 2 interfaces 10GbBASE-SR \/ LR SFP + (Port-21 a Port-22)&comma; Compatible con el transceptor SFP 1000BASE-SX \/ LX \/ BX<\/li>\n<li style='margin-bottom: 5px;'><strong>Consola:<\/strong> 1 puerto serie RS232 a RJ45 (115200&comma; 8&comma; N&comma; 1)<\/li>\n<li style='margin-bottom: 5px;'><strong>Cambiar arquitectura:<\/strong> Almacenamiento y reenvio<\/li>\n<li style='margin-bottom: 5px;'><strong>Cambiar la tela:<\/strong> 80 Gbps \/ sin bloqueo<\/li>\n<li style='margin-bottom: 5px;'><strong>Rendimiento:<\/strong> 59.52Mpps@64Bytes<\/li>\n<li style='margin-bottom: 5px;'><strong>Tabla de direcciones:<\/strong> 16K entradas&comma; aprendizaje autom\u00e1tico de la direcci\u00f3n de origen y envejecimiento<\/li>\n<li style='margin-bottom: 5px;'><strong>Buffer de datos compartidos:<\/strong> 32M bits<\/li>\n<li style='margin-bottom: 5px;'><strong>Control de flujo:<\/strong> Marco de pausa IEEE 802.3x para d\u00faplex completo. Contrapresi\u00f3n para semid\u00faplex<\/li>\n<li style='margin-bottom: 5px;'><strong>Marco Jumbo:<\/strong> 10K bytes<\/li>\n<li style='margin-bottom: 5px;'><strong>Bot\u00f3n de reinicio:<\/strong> <5 segundos: reinicio del sistema&comma; > 5 segundos: valor predeterminado de f\u00e1brica<\/li>\n<\/ul><\/div>\n<\/p><\/div>\n<div style='flex: 1 1 250px; border: 1px solid rgba(150&comma; 150&comma; 150&comma; 0.4); border-radius: 8px; overflow: hidden; display: flex; flex-direction: column;'>\n<div style='padding: 15px; border-bottom: 1px solid rgba(150&comma; 150&comma; 150&comma; 0.2); font-weight: bold; font-size: 18px; color: inherit;'>Especificaciones f\u00edsicas<\/div>\n<div style='padding: 15px; color: inherit;'>\n<ul style='padding-left: 20px; margin: 0; font-size: 14px; list-style-type: disc;'>\n<li style='margin-bottom: 5px;'><strong>Dimensiones (W x D x H):<\/strong> 440 x 300 x 44.5 mm&comma; 1U de altura<\/li>\n<li style='margin-bottom: 5px;'><strong>Peso:<\/strong> 4466g (GS-5220-16UP4S2X)&comma; 4503g (GS-5220-16UP4S2XR)<\/li>\n<li style='margin-bottom: 5px;'><strong>Consumo de energ\u00eda:<\/strong> Max. 439.4 vatios \/ 1498.3 BTU<\/li>\n<li style='margin-bottom: 5px;'><strong>Requisitos de energ\u00eda &#8211; AC:<\/strong> AC 100 ~ 240V&comma; 50 \/ 60Hz&comma; 7A<\/li>\n<li style='margin-bottom: 5px;'><strong>Requisitos de alimentaci\u00f3n &#8211; DC:<\/strong> DC 36 ~ 60V&comma; 2A<\/li>\n<li style='margin-bottom: 5px;'><strong>Protecci\u00f3n ESD:<\/strong> 6KV DC<\/li>\n<li style='margin-bottom: 5px;'><strong>Ventilador:<\/strong> 3 ventilador inteligente<\/li>\n<\/ul><\/div>\n<\/p><\/div>\n<div style='flex: 1 1 250px; border: 1px solid rgba(150&comma; 150&comma; 150&comma; 0.4); border-radius: 8px; overflow: hidden; display: flex; flex-direction: column;'>\n<div style='padding: 15px; border-bottom: 1px solid rgba(150&comma; 150&comma; 150&comma; 0.2); font-weight: bold; font-size: 18px; color: inherit;'>Alimentaci\u00f3n a trav\u00e9s de Ethernet<\/div>\n<div style='padding: 15px; color: inherit;'>\n<ul style='padding-left: 20px; margin: 0; font-size: 14px; list-style-type: disc;'>\n<li style='margin-bottom: 5px;'><strong>Est\u00e1ndar PoE:<\/strong> IEEE 802.3af \/ 802.3at \/ 802.3bt Ultra PoE PSE<\/li>\n<li style='margin-bottom: 5px;'><strong>Tipo de fuente de alimentaci\u00f3n PoE:<\/strong> End-span \/ Mid-span \/ UPoE<\/li>\n<li style='margin-bottom: 5px;'><strong>Salida de potencia PoE:<\/strong> Por puerto 54 V DC&comma; 75 vatios (m\u00e1x.)<\/li>\n<li style='margin-bottom: 5px;'><strong>Asignaci\u00f3n de pines de potencia:<\/strong> End-palmo: 1\/2 (-)&comma; 3\/6 (+)&comma; a mitad del intervalo: 4\/5 (+)&comma; 7\/8 (-)&comma; UPOE: 1\/2 (-)&comma; 3\/6 (+)&comma; 4\/5 (+)&comma; 7\/8 (-)<\/li>\n<li style='margin-bottom: 5px;'><strong>PoE Power Budget:<\/strong> 400 vatios (m\u00e1x.)<\/li>\n<li style='margin-bottom: 5px;'><strong>PoE Ability PD @ 15 watts:<\/strong> 16 unidades<\/li>\n<li style='margin-bottom: 5px;'><strong>PoE Ability PD @ 30 watts:<\/strong> 13 unidades<\/li>\n<li style='margin-bottom: 5px;'><strong>PoE Ability PD @ 60 vatios:<\/strong> 6 unidades<\/li>\n<\/ul><\/div>\n<\/p><\/div>\n<div style='flex: 1 1 250px; border: 1px solid rgba(150&comma; 150&comma; 150&comma; 0.4); border-radius: 8px; overflow: hidden; display: flex; flex-direction: column;'>\n<div style='padding: 15px; border-bottom: 1px solid rgba(150&comma; 150&comma; 150&comma; 0.2); font-weight: bold; font-size: 18px; color: inherit;'>LEDs<\/div>\n<div style='padding: 15px; color: inherit;'>\n<ul style='padding-left: 20px; margin: 0; font-size: 14px; list-style-type: disc;'>\n<li style='margin-bottom: 5px;'><strong>Sistema:<\/strong> SYS (verde)&comma; AC \/ PWR (verde)&comma; DC (verde) (GS-5220-16UP4S2XR solamente)&comma; Fan1 \/ 2\/3 Alert (rojo)&comma; PoE PWR Alert (rojo)<\/li>\n<li style='margin-bottom: 5px;'><strong>PoE Ethernet Interfaces (puerto-1 a puerto-16):<\/strong> PoE en uso (802.3bt- Verde)&comma; (802.3af \/ en- Naranja)<\/li>\n<li style='margin-bottom: 5px;'><strong>Interfaces de Ethernet (Puerto-1 a Puerto-16):<\/strong> 1000 LNK \/ ACT (Verde)&comma; 10\/100 LNK \/ ACT (Naranja)<\/li>\n<li style='margin-bottom: 5px;'><strong>Interfaces SFP 100 \/ 1000Mbps (Puerto-17 a Puerto-20):<\/strong> 1000 (Verde)&comma; 100 (Naranja)<\/li>\n<li style='margin-bottom: 5px;'><strong>1 \/ 10G SFP + Interfaces (Puerto-21 a Puerto-22):<\/strong> 1000 (Verde)&comma; 10G (Naranja)<\/li>\n<\/ul><\/div>\n<\/p><\/div>\n<\/p><\/div>\n<hr style='border: 0; border-top: 1px solid rgba(150&comma; 150&comma; 150&comma; 0.3); margin: 30px 0;'> <\/div>\n","protected":false},"excerpt":{"rendered":"<p>Switch Adminsitrable L2+, 16 puertos Ultra PoE 802.3bt, 4 puertos SFP, 2 puertos SFP+<\/p>\n","protected":false},"featured_media":114127,"comment_status":"open","ping_status":"closed","template":"","meta":[],"product_brand":[],"product_cat":[1986],"product_tag":[664,2033,1987],"class_list":{"0":"post-114128","1":"product","2":"type-product","3":"status-publish","4":"has-post-thumbnail","6":"product_cat-switches-poe","7":"product_tag-networking","8":"product_tag-planet","9":"product_tag-switches-poe","11":"first","12":"outofstock","13":"sale","14":"shipping-taxable","15":"purchasable","16":"product-type-simple"},"_links":{"self":[{"href":"https:\/\/soydeaqui.ddns.net\/pachuca\/index.php\/wp-json\/wp\/v2\/product\/114128","targetHints":{"allow":["GET"]}}],"collection":[{"href":"https:\/\/soydeaqui.ddns.net\/pachuca\/index.php\/wp-json\/wp\/v2\/product"}],"about":[{"href":"https:\/\/soydeaqui.ddns.net\/pachuca\/index.php\/wp-json\/wp\/v2\/types\/product"}],"replies":[{"embeddable":true,"href":"https:\/\/soydeaqui.ddns.net\/pachuca\/index.php\/wp-json\/wp\/v2\/comments?post=114128"}],"wp:featuredmedia":[{"embeddable":true,"href":"https:\/\/soydeaqui.ddns.net\/pachuca\/index.php\/wp-json\/wp\/v2\/media\/114127"}],"wp:attachment":[{"href":"https:\/\/soydeaqui.ddns.net\/pachuca\/index.php\/wp-json\/wp\/v2\/media?parent=114128"}],"wp:term":[{"taxonomy":"product_brand","embeddable":true,"href":"https:\/\/soydeaqui.ddns.net\/pachuca\/index.php\/wp-json\/wp\/v2\/product_brand?post=114128"},{"taxonomy":"product_cat","embeddable":true,"href":"https:\/\/soydeaqui.ddns.net\/pachuca\/index.php\/wp-json\/wp\/v2\/product_cat?post=114128"},{"taxonomy":"product_tag","embeddable":true,"href":"https:\/\/soydeaqui.ddns.net\/pachuca\/index.php\/wp-json\/wp\/v2\/product_tag?post=114128"}],"curies":[{"name":"wp","href":"https:\/\/api.w.org\/{rel}","templated":true}]}}