{"id":114107,"date":"2026-03-20T23:17:55","date_gmt":"2026-03-20T23:17:55","guid":{"rendered":"https:\/\/soydeaqui.ddns.net\/pachuca\/index.php\/producto\/cable-coaxial-rg11-u-305-metros-1000-pies-bobina-de-305-metros-1000-pies-color-negro-awg-14-aislamiento-espumado-blindaje-de-aluminio-al-60-aplicacin-intemperie-para-video-vigilancia\/"},"modified":"2026-03-20T23:17:56","modified_gmt":"2026-03-20T23:17:56","slug":"cable-coaxial-rg11-u-305-metros-1000-pies-bobina-de-305-metros-1000-pies-color-negro-awg-14-aislamiento-espumado-blindaje-de-aluminio-al-60-aplicacin-intemperie-para-video-vigilancia","status":"publish","type":"product","link":"https:\/\/soydeaqui.ddns.net\/pachuca\/index.php\/producto\/cable-coaxial-rg11-u-305-metros-1000-pies-bobina-de-305-metros-1000-pies-color-negro-awg-14-aislamiento-espumado-blindaje-de-aluminio-al-60-aplicacin-intemperie-para-video-vigilancia\/","title":{"rendered":"Cable Coaxial RG11\/U, 305 Metros (1000 Pies), Bobina de 305 Metros (1000 Pies) Color Negro, AWG 14 Aislamiento Espumado, Blindaje de Aluminio al 60%, Aplicaci?n Intemperie para Video Vigilancia"},"content":{"rendered":"<div style='width: 100%; max-width: 1200px; margin: 0 auto; font-family: sans-serif; line-height: 1.6; color: inherit; background-color: transparent;'> <!-- Secci\u00f3n de caracter\u00edsticas --> <\/p>\n<div style='display: flex; flex-wrap: wrap; gap: 30px; margin-bottom: 30px;'>\n<div style='flex: 1 1 300px; min-width: 280px;'>\n<h3 style='font-size: 22px; border-bottom: 2px solid currentColor; padding-bottom: 5px; margin-top: 0; color: inherit; opacity: 0.8;'>Caracter\u00edsticas Principales<\/h3>\n<ul style='padding-left: 20px; font-size: 15px; color: inherit;'>\n<li style='margin-bottom: 5px;'>Conductor central de cobre s\u00f3lido o flexible<\/li>\n<li style='margin-bottom: 5px;'>Aislamiento PE espumado con inyecci\u00f3n de gas<\/li>\n<li style='margin-bottom: 5px;'>Impedancia caracter\u00edstica: 75 \u00b1 3 ohms<\/li>\n<li style='margin-bottom: 5px;'>Capacitancia nominal: 52.8 pF\/m<\/li>\n<li style='margin-bottom: 5px;'>Velocidad de propagaci\u00f3n: 84%<\/li>\n<\/ul><\/div>\n<div style='flex: 1 1 300px; min-width: 280px;'>\n<h3 style='font-size: 22px; border-bottom: 2px solid currentColor; padding-bottom: 5px; margin-top: 0; color: inherit; opacity: 0.8;'>Especificaciones T\u00e9cnicas<\/h3>\n<ul style='padding-left: 20px; font-size: 15px; color: inherit;'>\n<li style='margin-bottom: 5px;'><strong>Conductor:<\/strong> 14 AWG CCS o cobre<\/li>\n<li style='margin-bottom: 5px;'><strong>Aislamiento:<\/strong> Polietileno espumado (Sistema SFS)<\/li>\n<li style='margin-bottom: 5px;'><strong>Blindaje:<\/strong> Cinta aluminizada (APA) + Malla de aluminio<\/li>\n<li style='margin-bottom: 5px;'><strong>Cobertura de malla:<\/strong> 60% (modelo JV44)<\/li>\n<li style='margin-bottom: 5px;'><strong>Cubierta:<\/strong> PVC retardante a la flama<\/li>\n<li style='margin-bottom: 5px;'><strong>Temperatura de operaci\u00f3n:<\/strong> 75\u00b0C<\/li>\n<li style='margin-bottom: 5px;'><strong>Voltaje m\u00e1ximo:<\/strong> 300 V RMS<\/li>\n<li style='margin-bottom: 5px;'><strong>Color:<\/strong> Negro est\u00e1ndar<\/li>\n<li style='margin-bottom: 5px;'><strong>Empaque:<\/strong> Carrete de 305 metros<\/li>\n<\/ul><\/div>\n<\/p><\/div>\n<p> <!-- Secci\u00f3n de aplicaciones --> <\/p>\n<div style='margin-bottom: 30px;'>\n<h3 style='font-size: 22px; border-bottom: 2px solid currentColor; padding-bottom: 5px; margin-top: 0; color: inherit; opacity: 0.8;'>Aplicaciones<\/h3>\n<p style='font-size: 15px; color: inherit; margin-top: 10px; margin-bottom: 10px;'>Los cables Viakon\u00ae Coaxial RG 11\/U son utilizados como acometidas para la distribuci\u00f3n de se\u00f1ales de radio y sistemas de televisi\u00f3n \/ sat\u00e9lite por cable. Instalaciones de sistemas CATV seg\u00fan National Electrical Code NEC y NFPA70.<\/p>\n<\/p><\/div>\n<p> <!-- Secci\u00f3n de especificaciones adicionales --> <\/p>\n<div style='display: flex; flex-wrap: wrap; gap: 20px; margin-bottom: 30px;'>\n<div style='flex: 1 1 250px; border: 1px solid rgba(150&comma; 150&comma; 150&comma; 0.4); border-radius: 8px; overflow: hidden; display: flex; flex-direction: column;'>\n<div style='padding: 15px; border-bottom: 1px solid rgba(150&comma; 150&comma; 150&comma; 0.2); font-weight: bold; font-size: 18px; color: inherit;'>Atenuaci\u00f3n Nominal<\/div>\n<div style='padding: 15px; color: inherit;'>\n<ul style='padding-left: 20px; margin: 0; font-size: 14px; list-style-type: disc;'>\n<li style='margin-bottom: 5px;'><strong>5 MHz:<\/strong> 0.32 dB\/100ft<\/li>\n<li style='margin-bottom: 5px;'><strong>55 MHz:<\/strong> 0.90 dB\/100ft<\/li>\n<li style='margin-bottom: 5px;'><strong>250 MHz:<\/strong> 1.95 dB\/100ft<\/li>\n<li style='margin-bottom: 5px;'><strong>270 MHz:<\/strong> 2.11 dB\/100ft<\/li>\n<li style='margin-bottom: 5px;'><strong>330 MHz:<\/strong> 2.20 dB\/100ft<\/li>\n<\/ul><\/div>\n<\/p><\/div>\n<div style='flex: 1 1 250px; border: 1px solid rgba(150&comma; 150&comma; 150&comma; 0.4); border-radius: 8px; overflow: hidden; display: flex; flex-direction: column;'>\n<div style='padding: 15px; border-bottom: 1px solid rgba(150&comma; 150&comma; 150&comma; 0.2); font-weight: bold; font-size: 18px; color: inherit;'>Atenuaci\u00f3n Nominal (cont.)<\/div>\n<div style='padding: 15px; color: inherit;'>\n<ul style='padding-left: 20px; margin: 0; font-size: 14px; list-style-type: disc;'>\n<li style='margin-bottom: 5px;'><strong>350 MHz:<\/strong> 2.30 dB\/100ft<\/li>\n<li style='margin-bottom: 5px;'><strong>400 MHz:<\/strong> 2.49 dB\/100ft<\/li>\n<li style='margin-bottom: 5px;'><strong>450 MHz:<\/strong> 2.65 dB\/100ft<\/li>\n<li style='margin-bottom: 5px;'><strong>500 MHz:<\/strong> 2.76 dB\/100ft<\/li>\n<li style='margin-bottom: 5px;'><strong>550 MHz:<\/strong> 2.90 dB\/100ft<\/li>\n<\/ul><\/div>\n<\/p><\/div>\n<div style='flex: 1 1 250px; border: 1px solid rgba(150&comma; 150&comma; 150&comma; 0.4); border-radius: 8px; overflow: hidden; display: flex; flex-direction: column;'>\n<div style='padding: 15px; border-bottom: 1px solid rgba(150&comma; 150&comma; 150&comma; 0.2); font-weight: bold; font-size: 18px; color: inherit;'>Atenuaci\u00f3n Nominal (cont.)<\/div>\n<div style='padding: 15px; color: inherit;'>\n<ul style='padding-left: 20px; margin: 0; font-size: 14px; list-style-type: disc;'>\n<li style='margin-bottom: 5px;'><strong>600 MHz:<\/strong> 3.02 dB\/100ft<\/li>\n<li style='margin-bottom: 5px;'><strong>750 MHz:<\/strong> 3.45 dB\/100ft<\/li>\n<li style='margin-bottom: 5px;'><strong>870 MHz:<\/strong> 3.66 dB\/100ft<\/li>\n<li style='margin-bottom: 5px;'><strong>1000 MHz:<\/strong> 3.94 dB\/100ft<\/li>\n<\/ul><\/div>\n<\/p><\/div>\n<\/p><\/div>\n<p> <!-- Secci\u00f3n de est\u00e1ndares y normas --> <\/p>\n<div style='margin-bottom: 30px;'>\n<h3 style='font-size: 22px; border-bottom: 2px solid currentColor; padding-bottom: 5px; margin-top: 0; color: inherit; opacity: 0.8;'>Est\u00e1ndares y Normas<\/h3>\n<ul style='padding-left: 20px; font-size: 15px; color: inherit;'>\n<li style='margin-bottom: 5px;'>UL 444 Cables para Comunicaciones<\/li>\n<li style='margin-bottom: 5px;'>UL 1655 Televisi\u00f3n por cable de antena comunitaria<\/li>\n<li style='margin-bottom: 5px;'>NEC Art\u00edculo 725 Se\u00f1alizaci\u00f3n&comma; Control Remoto y Circuitos de Potencia Limitada<\/li>\n<li style='margin-bottom: 5px;'>NFPA 70 Normas de seguridad el\u00e9ctrica<\/li>\n<\/ul><\/div>\n<p> <!-- Secci\u00f3n de detalles t\u00e9cnicos --> <\/p>\n<div style='display: flex; flex-wrap: wrap; gap: 20px; margin-bottom: 30px;'>\n<div style='flex: 1 1 250px; border: 1px solid rgba(150&comma; 150&comma; 150&comma; 0.4); border-radius: 8px; overflow: hidden; display: flex; flex-direction: column;'>\n<div style='padding: 15px; border-bottom: 1px solid rgba(150&comma; 150&comma; 150&comma; 0.2); font-weight: bold; font-size: 18px; color: inherit;'>Conductor<\/div>\n<div style='padding: 15px; color: inherit;'>\n<ul style='padding-left: 20px; margin: 0; font-size: 14px; list-style-type: disc;'>\n<li style='margin-bottom: 5px;'>Cobre: Alta conductividad el\u00e9ctrica y buenas propiedades mec\u00e1nicas<\/li>\n<li style='margin-bottom: 5px;'>CCS (Acero recubierto de cobre): Mayor resistencia mec\u00e1nica<\/li>\n<li style='margin-bottom: 5px;'>Efecto piel: Mismo rendimiento que cobre s\u00f3lido a altas frecuencias<\/li>\n<\/ul><\/div>\n<\/p><\/div>\n<div style='flex: 1 1 250px; border: 1px solid rgba(150&comma; 150&comma; 150&comma; 0.4); border-radius: 8px; overflow: hidden; display: flex; flex-direction: column;'>\n<div style='padding: 15px; border-bottom: 1px solid rgba(150&comma; 150&comma; 150&comma; 0.2); font-weight: bold; font-size: 18px; color: inherit;'>Aislamiento<\/div>\n<div style='padding: 15px; color: inherit;'>\n<ul style='padding-left: 20px; margin: 0; font-size: 14px; list-style-type: disc;'>\n<li style='margin-bottom: 5px;'>Polietileno espumado (SFS) con menos p\u00e9rdidas diel\u00e9ctricas<\/li>\n<li style='margin-bottom: 5px;'>M\u00e1s adecuado para distancias largas<\/li>\n<li style='margin-bottom: 5px;'>Espumado qu\u00edmico o f\u00edsico (inyecci\u00f3n de nitr\u00f3geno)<\/li>\n<\/ul><\/div>\n<\/p><\/div>\n<div style='flex: 1 1 250px; border: 1px solid rgba(150&comma; 150&comma; 150&comma; 0.4); border-radius: 8px; overflow: hidden; display: flex; flex-direction: column;'>\n<div style='padding: 15px; border-bottom: 1px solid rgba(150&comma; 150&comma; 150&comma; 0.2); font-weight: bold; font-size: 18px; color: inherit;'>Cubierta<\/div>\n<div style='padding: 15px; color: inherit;'>\n<ul style='padding-left: 20px; margin: 0; font-size: 14px; list-style-type: disc;'>\n<li style='margin-bottom: 5px;'>Policloruro de vinilo (PVC) retardante a la flama<\/li>\n<li style='margin-bottom: 5px;'>Buena flexibilidad y resistencia a agentes qu\u00edmicos<\/li>\n<li style='margin-bottom: 5px;'>Resistente a la abrasi\u00f3n<\/li>\n<\/ul><\/div>\n<\/p><\/div>\n<div style='flex: 1 1 250px; border: 1px solid rgba(150&comma; 150&comma; 150&comma; 0.4); border-radius: 8px; overflow: hidden; display: flex; flex-direction: column;'>\n<div style='padding: 15px; border-bottom: 1px solid rgba(150&comma; 150&comma; 150&comma; 0.2); font-weight: bold; font-size: 18px; color: inherit;'>Blindaje<\/div>\n<div style='padding: 15px; color: inherit;'>\n<ul style='padding-left: 20px; margin: 0; font-size: 14px; list-style-type: disc;'>\n<li style='margin-bottom: 5px;'>Doble blindaje: Cinta aluminizada + Malla de aluminio<\/li>\n<li style='margin-bottom: 5px;'>Efectividad del blindaje depende del porcentaje de cubrimiento<\/li>\n<li style='margin-bottom: 5px;'>Mayor cubrimiento = Mayor efectividad<\/li>\n<\/ul><\/div>\n<\/p><\/div>\n<\/p><\/div>\n<p> <!-- Separador --> <\/p>\n<hr style='border: 0; border-top: 1px solid rgba(150&comma; 150&comma; 150&comma; 0.3); margin: 30px 0;'> <\/div>\n","protected":false},"excerpt":{"rendered":"<p>Cable Coaxial RG11\/U, 305 Metros (1000 Pies), Bobina de 305 Metros (1000 Pies) Color Negro, AWG 14 Aislamiento Espumado, Blindaje de Aluminio al 60%, Aplicaci?n Intemperie para Video Vigilancia<\/p>\n","protected":false},"featured_media":114106,"comment_status":"open","ping_status":"closed","template":"","meta":[],"product_brand":[],"product_cat":[2355],"product_tag":[2356,488,242],"class_list":{"0":"post-114107","1":"product","2":"type-product","3":"status-publish","4":"has-post-thumbnail","6":"product_cat-cable-coaxial-y-conectores","7":"product_tag-cable-coaxial-y-conectores","8":"product_tag-cables-y-conectores","9":"product_tag-viakon","11":"first","12":"instock","13":"sale","14":"shipping-taxable","15":"purchasable","16":"product-type-simple"},"_links":{"self":[{"href":"https:\/\/soydeaqui.ddns.net\/pachuca\/index.php\/wp-json\/wp\/v2\/product\/114107","targetHints":{"allow":["GET"]}}],"collection":[{"href":"https:\/\/soydeaqui.ddns.net\/pachuca\/index.php\/wp-json\/wp\/v2\/product"}],"about":[{"href":"https:\/\/soydeaqui.ddns.net\/pachuca\/index.php\/wp-json\/wp\/v2\/types\/product"}],"replies":[{"embeddable":true,"href":"https:\/\/soydeaqui.ddns.net\/pachuca\/index.php\/wp-json\/wp\/v2\/comments?post=114107"}],"wp:featuredmedia":[{"embeddable":true,"href":"https:\/\/soydeaqui.ddns.net\/pachuca\/index.php\/wp-json\/wp\/v2\/media\/114106"}],"wp:attachment":[{"href":"https:\/\/soydeaqui.ddns.net\/pachuca\/index.php\/wp-json\/wp\/v2\/media?parent=114107"}],"wp:term":[{"taxonomy":"product_brand","embeddable":true,"href":"https:\/\/soydeaqui.ddns.net\/pachuca\/index.php\/wp-json\/wp\/v2\/product_brand?post=114107"},{"taxonomy":"product_cat","embeddable":true,"href":"https:\/\/soydeaqui.ddns.net\/pachuca\/index.php\/wp-json\/wp\/v2\/product_cat?post=114107"},{"taxonomy":"product_tag","embeddable":true,"href":"https:\/\/soydeaqui.ddns.net\/pachuca\/index.php\/wp-json\/wp\/v2\/product_tag?post=114107"}],"curies":[{"name":"wp","href":"https:\/\/api.w.org\/{rel}","templated":true}]}}