{"id":114074,"date":"2026-03-20T23:16:01","date_gmt":"2026-03-20T23:16:01","guid":{"rendered":"https:\/\/soydeaqui.ddns.net\/pachuca\/index.php\/producto\/camara-unifi-g3-flex-para-exterior-o-interior-2mp-con-microfono-y-vista-nocturna-802-3af-instalacion-en-poste-techo-o-pared\/"},"modified":"2026-03-20T23:16:21","modified_gmt":"2026-03-20T23:16:21","slug":"camara-unifi-g3-flex-para-exterior-o-interior-2mp-con-microfono-y-vista-nocturna-802-3af-instalacion-en-poste-techo-o-pared","status":"publish","type":"product","link":"https:\/\/soydeaqui.ddns.net\/pachuca\/index.php\/producto\/camara-unifi-g3-flex-para-exterior-o-interior-2mp-con-microfono-y-vista-nocturna-802-3af-instalacion-en-poste-techo-o-pared\/","title":{"rendered":"C\u00e1mara UniFi G3 FLEX para exterior o interior 2MP con micr\u00f3fono y vista nocturna, 802.3af, instalaci\u00f3n en poste, techo o pared"},"content":{"rendered":"<div style='width: 100%; max-width: 1200px; margin: 0 auto; font-family: sans-serif; line-height: 1.6; color: inherit; background-color: transparent;'>\n<div style='display: flex; flex-wrap: wrap; gap: 30px; margin-bottom: 30px;'>\n<div style='flex: 1 1 300px; min-width: 280px;'>\n<h3 style='font-size: 22px; border-bottom: 2px solid currentColor; padding-bottom: 5px; margin-top: 0; color: inherit; opacity: 0.8;'>Especificaciones t\u00e9cnicas<\/h3>\n<ul style='padding-left: 20px; font-size: 15px; color: inherit;'>\n<li style='margin-bottom: 5px;'><strong>Resoluci\u00f3n:<\/strong> 1080p FHD (1920 x 1080)<\/li>\n<li style='margin-bottom: 5px;'><strong>Frame Rate:<\/strong> 25 FPS<\/li>\n<li style='margin-bottom: 5px;'><strong>\u00c1ngulo de visi\u00f3n:<\/strong> 80\u00b0 (H)&comma; 46\u00b0 (V)&comma; 92\u00b0 (D)<\/li>\n<li style='margin-bottom: 5px;'><strong>Micr\u00f3fono:<\/strong> S\u00ed<\/li>\n<li style='margin-bottom: 5px;'><strong>Puerto de red:<\/strong> 10\/100<\/li>\n<li style='margin-bottom: 5px;'><strong>Consumo m\u00e1ximo de energ\u00eda:<\/strong> 4W<\/li>\n<li style='margin-bottom: 5px;'><strong>M\u00e9todo de potencia:<\/strong> 802.3af PoE<\/li>\n<li style='margin-bottom: 5px;'><strong>Modo nocturno:<\/strong> LED IR con filtro mec\u00e1nico ICR<\/li>\n<\/ul><\/div>\n<\/p><\/div>\n<div style='display: flex; flex-wrap: wrap; gap: 30px; margin-bottom: 30px;'>\n<div style='flex: 1 1 300px; min-width: 280px;'>\n<div style='padding: 15px; border: 1px solid rgba(150&comma; 150&comma; 150&comma; 0.4); border-radius: 8px; margin-bottom: 15px;'>\n<div style='font-size: 18px; font-weight: bold; border-bottom: 1px solid rgba(150&comma; 150&comma; 150&comma; 0.2); padding-bottom: 10px; margin-bottom: 10px; color: inherit; opacity: 0.85;'>Nota de instalaci\u00f3n<\/div>\n<div style='font-size: 14px; color: inherit;'> Si desea montar la c\u00e1mara en exteriores&comma; debe instalarla en posici\u00f3n vertical para evitar que el agua penetre en la base. Utilice la cubierta exterior para proteger la c\u00e1mara de la humedad. <\/div>\n<\/p><\/div>\n<div style='padding: 15px; border: 1px solid rgba(150&comma; 150&comma; 150&comma; 0.4); border-radius: 8px;'>\n<div style='font-size: 18px; font-weight: bold; border-bottom: 1px solid rgba(150&comma; 150&comma; 150&comma; 0.2); padding-bottom: 10px; margin-bottom: 10px; color: inherit; opacity: 0.85;'>Requisitos de sistema<\/div>\n<div style='font-size: 14px; color: inherit;'> Se requiere UniFi Protect para ejecutar este producto con sus funcionalidades completas&comma; recomendamos usarlo con grabadores UniFi <a style='color: #0066cc; text-decoration: underline;' href='https:\/\/www.syscom.mx\/producto\/UNVR-UBIQUITI-NETWORKS-188480.html'>UNVR<\/a> \/ <a style='color: #0066cc; text-decoration: underline;' href='https:\/\/www.syscom.mx\/producto\/UNVR-PRO-UBIQUITI-NETWORKS-200341.html'>UNVR-PRO<\/a> o Consolas con UniFi OS <a style='color: #0066cc; text-decoration: underline;' href='https:\/\/www.syscom.mx\/producto\/UDM-PRO-UBIQUITI-NETWORKS-177842.html'>UDM-PRO<\/a> \/ <a style='color: #0066cc; text-decoration: underline;' href='https:\/\/www.syscom.mx\/producto\/UDM-SE-UBIQUITI-NETWORKS-208007.html'>UDM-SE<\/a> <\/div>\n<\/p><\/div>\n<\/p><\/div>\n<\/p><\/div>\n<div style='margin: 30px 0;'>\n<h3 style='font-size: 20px; margin-top: 0; margin-bottom: 20px; color: inherit; opacity: 0.85;'>Paquete incluye lo siguiente:<\/h3>\n<p> <img style='width: 100%; height: auto; border: 1px solid rgba(150&comma;150&comma;150&comma;0.3); border-radius: 8px;' src='https:\/\/ftp3.syscom.mx\/usuarios\/dquezada\/Ubiquiti\/UniFi\/UVC-G3-FLEX\/incluye.JPG' alt=''> <\/div>\n<div style='margin: 30px 0;'>\n<h2 style='font-size: 24px; margin-top: 0; margin-bottom: 20px; color: inherit; opacity: 0.85;'>M\u00faltiples montajes para cada instalaci\u00f3n<\/h2>\n<div style='display: flex; flex-wrap: wrap; gap: 20px; margin-bottom: 20px;'> <img style='flex: 1 1 400px; min-width: 300px; height: auto; border: 1px solid rgba(150&comma;150&comma;150&comma;0.3); border-radius: 8px;' src='https:\/\/ftp3.syscom.mx\/usuarios\/dquezada\/Ubiquiti\/UniFi\/UVC-G3-FLEX\/intro%201.JPG' alt=''> <img style='flex: 1 1 400px; min-width: 300px; height: auto; border: 1px solid rgba(150&comma;150&comma;150&comma;0.3); border-radius: 8px;' src='https:\/\/ftp3.syscom.mx\/usuarios\/dquezada\/Ubiquiti\/UniFi\/UVC-G3-FLEX\/intro%202.JPG' alt=''> <\/div>\n<p> <img style='width: 100%; height: auto; border: 1px solid rgba(150&comma;150&comma;150&comma;0.3); border-radius: 8px; margin-bottom: 20px;' src='https:\/\/ftp3.syscom.mx\/usuarios\/dquezada\/Ubiquiti\/UniFi\/UVC-G3-FLEX\/intro3.JPG' alt=''> <\/p>\n<p style='font-size: 14px; color: inherit; opacity: 0.8;'> En este comparativo se utiliz\u00f3 la nueva serie Companion de AXIS y una c\u00e1mara G3FLEX de Ubiquiti Networks&comma; donde vemos un mucho mejor desempe\u00f1o en baja iluminaci\u00f3n y colores precisos. <\/p>\n<\/p><\/div>\n<div style='display: flex; flex-wrap: wrap; gap: 20px; margin: 30px 0;'> <img style='flex: 1 1 400px; min-width: 300px; height: auto; border: 1px solid rgba(150&comma;150&comma;150&comma;0.3); border-radius: 8px;' src='https:\/\/2.bp.blogspot.com\/-8coTM8fCSNU\/XGs4DlMvLbI\/AAAAAAAAcFc\/O7ZLgf1XivUbEETynMlPzOYr5AV2K-2YACLcBGAs\/s640\/ComparativoAXIS%2B%25282%2529.jpg' alt=''> <img style='flex: 1 1 400px; min-width: 300px; height: auto; border: 1px solid rgba(150&comma;150&comma;150&comma;0.3); border-radius: 8px;' src='https:\/\/2.bp.blogspot.com\/-FKnoM1IJPtI\/XGs70x3c-mI\/AAAAAAAAcF8\/EGZYx0XwGvEgTtRBgnwHq9S-C7rCoIk3ACLcBGAs\/s640\/quality-comparison4-1024x540.png' alt=''> <\/div>\n<div style='margin: 30px 0;'> <img style='width: 100%; height: auto; border: 1px solid rgba(150&comma;150&comma;150&comma;0.3); border-radius: 8px;' src='https:\/\/4.bp.blogspot.com\/-1DrSM05_-m8\/XGs8O0QdAbI\/AAAAAAAAcGE\/TRv_iz8doc8FVDDsYy4E0YaXs9sgIZBrACLcBGAs\/s640\/Cameraflex34.gif' alt=''> <\/div>\n<div style='margin: 30px 0;'>\n<div style='width: 100%; border: 1px solid rgba(150&comma;150&comma;150&comma;0.3); border-radius: 8px; padding: 20px; text-align: center;'>\n<p style='margin: 0 0 15px; font-size: 15px; color: inherit;'><strong>Sistema de c\u00e1maras en red: escalable y Plug-and-Play. Vea sus videos y grabaciones en vivo en cualquier lugar con acceso gratuito a la nube y aplicaciones m\u00f3viles.<\/strong><\/p>\n<p> <img style='max-width: 100%; height: auto; border: none;' src='http:\/\/ftp3.syscom.mx\/usuarios\/ftp\/single_page\/UBIQUITINETWORKS\/unifi-protect\/header.png' alt=''> <\/div>\n<\/p><\/div>\n<div style='display: grid; grid-template-columns: repeat(auto-fill&comma; minmax(250px&comma; 1fr)); gap: 20px; margin: 30px 0;'>\n<div style='border: 1px solid rgba(150&comma;150&comma;150&comma;0.4); border-radius: 8px; overflow: hidden;'>\n<div style='padding: 15px; border-bottom: 1px solid rgba(150&comma;150&comma;150&comma;0.2); font-weight: bold; font-size: 18px; color: inherit;'>Altamente escalable<\/div>\n<div style='padding: 15px; color: inherit;'> <img style='max-height: 80px; margin-bottom: 10px;' src='http:\/\/ftp3.syscom.mx\/usuarios\/ftp\/single_page\/UBIQUITINETWORKS\/unifi-protect\/icono-1.png' alt=''> <\/p>\n<p style='font-size: 14px; margin: 15px 0;'> Agregue 20 c\u00e1maras a su sistema para cubrir todos los \u00e1ngulos. <\/p>\n<\/p><\/div>\n<\/p><\/div>\n<div style='border: 1px solid rgba(150&comma;150&comma;150&comma;0.4); border-radius: 8px; overflow: hidden;'>\n<div style='padding: 15px; border-bottom: 1px solid rgba(150&comma;150&comma;150&comma;0.2); font-weight: bold; font-size: 18px; color: inherit;'>Actuaci\u00f3n<\/div>\n<div style='padding: 15px; color: inherit;'> <img style='max-height: 80px; margin-bottom: 10px;' src='http:\/\/ftp3.syscom.mx\/usuarios\/ftp\/single_page\/UBIQUITINETWORKS\/unifi-protect\/icono-2.png' alt=''> <\/p>\n<p style='font-size: 14px; margin: 15px 0;'> \u00d3ptica potente&comma; visi\u00f3n nocturna de alta potencia y transmisi\u00f3n de video n\u00edtida y full HD. <\/p>\n<\/p><\/div>\n<\/p><\/div>\n<div style='border: 1px solid rgba(150&comma;150&comma;150&comma;0.4); border-radius: 8px; overflow: hidden;'>\n<div style='padding: 15px; border-bottom: 1px solid rgba(150&comma;150&comma;150&comma;0.2); font-weight: bold; font-size: 18px; color: inherit;'>Sin tarifas mensuales<\/div>\n<div style='padding: 15px; color: inherit;'> <img style='max-height: 80px; margin-bottom: 10px;' src='http:\/\/ftp3.syscom.mx\/usuarios\/ftp\/single_page\/UBIQUITINETWORKS\/unifi-protect\/icono-3.png' alt=''> <\/p>\n<p style='font-size: 14px; margin: 15px 0;'> Acceso gratuito a la nube para transmitir y ver sus grabaciones. <\/p>\n<\/p><\/div>\n<\/p><\/div>\n<div style='border: 1px solid rgba(150&comma;150&comma;150&comma;0.4); border-radius: 8px; overflow: hidden;'>\n<div style='padding: 15px; border-bottom: 1px solid rgba(150&comma;150&comma;150&comma;0.2); font-weight: bold; font-size: 18px; color: inherit;'>Controla tus datos<\/div>\n<div style='padding: 15px; color: inherit;'> <img style='max-height: 80px; margin-bottom: 10px;' src='http:\/\/ftp3.syscom.mx\/usuarios\/ftp\/single_page\/UBIQUITINETWORKS\/unifi-protect\/icono-4.png' alt=''> <\/p>\n<p style='font-size: 14px; margin: 15px 0;'> Su video se almacena en su propio hardware seguro&comma; no en un servidor en la nube. <\/p>\n<\/p><\/div>\n<\/p><\/div>\n<\/p><\/div>\n<div style='margin: 30px 0; text-align: center;'> <img style='max-width: 100%; height: auto; border: none;' src='http:\/\/ftp3.syscom.mx\/usuarios\/ftp\/single_page\/UBIQUITINETWORKS\/unifi-protect\/choose-switch.png' alt=''> <\/p>\n<h3 style='font-size: 20px; margin-top: 20px; margin-bottom: 10px; color: inherit; opacity: 0.85;'>Elija un conmutador de acuerdo con el tama\u00f1o de su red<\/h3>\n<\/p><\/div>\n<div style='margin: 30px 0; text-align: center;'> <img style='max-width: 100%; height: auto; border: none;' src='http:\/\/ftp3.syscom.mx\/usuarios\/ftp\/single_page\/UBIQUITINETWORKS\/unifi-protect\/manage-cameras.gif' alt=''> <\/p>\n<h3 style='font-size: 20px; margin-top: 20px; margin-bottom: 10px; color: inherit; opacity: 0.85;'>Grabadora<\/h3>\n<h2 style='font-size: 24px; margin-top: 0; margin-bottom: 15px; color: inherit; opacity: 0.85;'>Administre c\u00e1maras con el nuevo Cloud Key Gen2 Plus<\/h2>\n<p style='font-size: 14px; color: inherit; opacity: 0.8;'> Cloud Key Gen2 Plus es una soluci\u00f3n compacta y lista para usar para administrar sus c\u00e1maras. Dise\u00f1ado para una f\u00e1cil instalaci\u00f3n y r\u00e1pida implementaci\u00f3n. Grabe hasta 1600 horas de metraje con el disco duro de 1 TB incluido&comma; o actualice el disco duro para almacenar a\u00fan m\u00e1s video. <\/p>\n<\/p><\/div>\n<div style='display: grid; grid-template-columns: repeat(auto-fill&comma; minmax(220px&comma; 1fr)); gap: 20px; margin: 30px 0;'>\n<div style='border: 1px solid rgba(150&comma;150&comma;150&comma;0.4); border-radius: 8px; padding: 15px; text-align: center;'> <img style='max-height: 80px; margin-bottom: 15px;' src='http:\/\/ftp3.syscom.mx\/usuarios\/ftp\/single_page\/UBIQUITINETWORKS\/unifi-protect\/icono-sec3-1.png' alt=''> <\/p>\n<h4 style='font-size: 18px; margin: 10px 0; color: inherit; opacity: 0.85;'>Controlador m\u00faltiple<\/h4>\n<p style='font-size: 14px; color: inherit; opacity: 0.8;'> Administre toda su red con UniFi Protect y UniFi SDN en el mismo hardware <\/p>\n<\/p><\/div>\n<div style='border: 1px solid rgba(150&comma;150&comma;150&comma;0.4); border-radius: 8px; padding: 15px; text-align: center;'> <img style='max-height: 80px; margin-bottom: 15px;' src='http:\/\/ftp3.syscom.mx\/usuarios\/ftp\/single_page\/UBIQUITINETWORKS\/unifi-protect\/icono-sec3-2.png' alt=''> <\/p>\n<h4 style='font-size: 18px; margin: 10px 0; color: inherit; opacity: 0.85;'>1 TB de almacenamiento<\/h4>\n<p style='font-size: 14px; color: inherit; opacity: 0.8;'> Actualizable con bandeja sin herramientas a 5 TB <\/p>\n<\/p><\/div>\n<div style='border: 1px solid rgba(150&comma;150&comma;150&comma;0.4); border-radius: 8px; padding: 15px; text-align: center;'> <img style='max-height: 80px; margin-bottom: 15px;' src='http:\/\/ftp3.syscom.mx\/usuarios\/ftp\/single_page\/UBIQUITINETWORKS\/unifi-protect\/icono-sec3-4.png' alt=''> <\/p>\n<h4 style='font-size: 18px; margin: 10px 0; color: inherit; opacity: 0.85;'>Hasta 20 c\u00e1maras<\/h4>\n<p style='font-size: 14px; color: inherit; opacity: 0.8;'> Admite hasta 20 c\u00e1maras UniFi <\/p>\n<\/p><\/div>\n<div style='border: 1px solid rgba(150&comma;150&comma;150&comma;0.4); border-radius: 8px; padding: 15px; text-align: center;'> <img style='max-height: 80px; margin-bottom: 15px;' src='http:\/\/ftp3.syscom.mx\/usuarios\/ftp\/single_page\/UBIQUITINETWORKS\/unifi-protect\/icono-sec3-5.png' alt=''> <\/p>\n<h4 style='font-size: 18px; margin: 10px 0; color: inherit; opacity: 0.85;'>Software gratuito de UniFi<\/h4>\n<p style='font-size: 14px; color: inherit; opacity: 0.8;'> No se requiere suscripci\u00f3n de software ni tarifas de licencia <\/p>\n<\/p><\/div>\n<div style='border: 1px solid rgba(150&comma;150&comma;150&comma;0.4); border-radius: 8px; padding: 15px; text-align: center;'> <img style='max-height: 80px; margin-bottom: 15px;' src='http:\/\/ftp3.syscom.mx\/usuarios\/ftp\/single_page\/UBIQUITINETWORKS\/unifi-protect\/icono-sec3-6.png' alt=''> <\/p>\n<h4 style='font-size: 18px; margin: 10px 0; color: inherit; opacity: 0.85;'>Gesti\u00f3n remota<\/h4>\n<p style='font-size: 14px; color: inherit; opacity: 0.8;'> Acceda a su Cloud Key Gen2 Plus desde cualquier lugar con el servicio gratuito en la nube <\/p>\n<\/p><\/div>\n<div style='border: 1px solid rgba(150&comma;150&comma;150&comma;0.4); border-radius: 8px; padding: 15px; text-align: center;'> <img style='max-height: 80px; margin-bottom: 15px;' src='http:\/\/ftp3.syscom.mx\/usuarios\/ftp\/single_page\/UBIQUITINETWORKS\/unifi-protect\/icono-sec3-7.png' alt=''> <\/p>\n<h4 style='font-size: 18px; margin: 10px 0; color: inherit; opacity: 0.85;'>Privacidad completa<\/h4>\n<p style='font-size: 14px; color: inherit; opacity: 0.8;'> Mant\u00e9ngase alejado de la nube con la tecnolog\u00eda cifrada UniFi <\/p>\n<\/p><\/div>\n<\/p><\/div>\n<div style='margin: 30px 0;'> <img style='width: 100%; height: auto; border: 1px solid rgba(150&comma;150&comma;150&comma;0.3); border-radius: 8px; margin-bottom: 20px;' src='http:\/\/ftp3.syscom.mx\/usuarios\/ftp\/single_page\/UBIQUITINETWORKS\/unifi-protect\/easy-hard.gif' alt=''> <\/p>\n<h3 style='font-size: 20px; margin-top: 0; margin-bottom: 15px; color: inherit; opacity: 0.85;'>Reemplace f\u00e1cilmente el disco duro por uno de mayor capacidad<\/h3>\n<p style='font-size: 14px; color: inherit; opacity: 0.8;'> La bandeja del disco duro sin herramientas permite actualizaciones f\u00e1ciles del disco duro. Instale cualquier disco duro SATA de 2.5&#8242; en segundos. <\/p>\n<\/p><\/div>\n<div style='margin: 30px 0;'> <img style='width: 100%; height: auto; border: none; margin-bottom: 20px;' src='http:\/\/ftp3.syscom.mx\/usuarios\/ftp\/single_page\/UBIQUITINETWORKS\/unifi-protect\/UniFi-software.png' alt=''> <\/p>\n<h3 style='font-size: 20px; margin-top: 0; margin-bottom: 15px; color: inherit; opacity: 0.85;'>Software de protecci\u00f3n UniFi<\/h3>\n<p style='font-size: 14px; color: inherit; opacity: 0.8;'> La aplicaci\u00f3n UniFi Protect es un sistema de vigilancia de gesti\u00f3n de video IP integrado&comma; potente y flexible&comma; dise\u00f1ado para trabajar con c\u00e1maras UniFi Protect y la aplicaci\u00f3n UniFi Protect <\/p>\n<\/p><\/div>\n<div style='margin: 30px 0;'> <img style='width: 100%; height: auto; border: none; margin-bottom: 20px;' src='http:\/\/ftp3.syscom.mx\/usuarios\/ftp\/single_page\/UBIQUITINETWORKS\/unifi-protect\/timelapse.gif' alt=''> <\/p>\n<h3 style='font-size: 20px; margin-top: 0; margin-bottom: 15px; color: inherit; opacity: 0.85;'>Timelapse<\/h3>\n<p style='font-size: 14px; color: inherit; opacity: 0.8;'> Revise f\u00e1cilmente varios d\u00edas de metraje en segundos. La nueva funci\u00f3n UniFi Protect Timelapse le permite desplazarse r\u00e1pidamente por sus grabaciones para encontrar el momento exacto que desea ver. <\/p>\n<\/p><\/div>\n<div style='margin: 30px 0;'>\n<h3 style='font-size: 20px; margin-top: 0; margin-bottom: 20px; color: inherit; opacity: 0.85;'>Comparaci\u00f3n con otras c\u00e1maras<\/h3>\n<div style='display: grid; grid-template-columns: repeat(auto-fill&comma; minmax(250px&comma; 1fr)); gap: 20px;'>\n<div style='border: 1px solid rgba(150&comma;150&comma;150&comma;0.4); border-radius: 8px; padding: 15px;'> <img style='width: 100%; height: auto; max-height: 170px; margin-bottom: 15px;' src='http:\/\/ftp3.syscom.mx\/usuarios\/ftp\/single_page\/UBIQUITINETWORKS\/unifi-protect\/g4-pro.png' alt=''> <\/p>\n<h4 style='font-size: 18px; margin: 10px 0; color: inherit; opacity: 0.85;'>G4 PRO<\/h4>\n<p> <span style='display: inline-block; padding: 0.2em 0.6em 0.3em; font-size: 10.5px; font-weight: bold; line-height: 1; color: #386500; background-color: #d7e700; border-radius: 0.25em; margin-bottom: 10px;'>Interior\/Exterior<\/span> <\/p>\n<ul style='padding-left: 20px; margin: 15px 0; font-size: 14px; color: inherit;'>\n<li style='margin-bottom: 5px;'><img style='vertical-align: middle; margin-right: 5px;' src='http:\/\/ftp3.syscom.mx\/usuarios\/ftp\/single_page\/UBIQUITINETWORKS\/unifi-protect\/4k.png' alt=''> 4K resoluci\u00f3n<\/li>\n<li style='margin-bottom: 5px;'><img style='vertical-align: middle; margin-right: 5px;' src='http:\/\/ftp3.syscom.mx\/usuarios\/ftp\/single_page\/UBIQUITINETWORKS\/unifi-protect\/motorized.png' alt=''> Lente con zoom \u00f3ptico motorizado 3X<\/li>\n<li style='margin-bottom: 5px;'><img style='vertical-align: middle; margin-right: 5px;' src='http:\/\/ftp3.syscom.mx\/usuarios\/ftp\/single_page\/UBIQUITINETWORKS\/unifi-protect\/night-vision.png' alt=''> Visi\u00f3n nocturna por infrarrojos de alta potencia<\/li>\n<li style='margin-bottom: 5px;'><img style='vertical-align: middle; margin-right: 5px;' src='http:\/\/ftp3.syscom.mx\/usuarios\/ftp\/single_page\/UBIQUITINETWORKS\/unifi-protect\/low-light.png' alt=''> Sensibilidad mejorada en poca luz<\/li>\n<li style='margin-bottom: 5px;'><img style='vertical-align: middle; margin-right: 5px;' src='http:\/\/ftp3.syscom.mx\/usuarios\/ftp\/single_page\/UBIQUITINETWORKS\/unifi-protect\/water.png' alt=''> IP67 resistente a la intemperie<\/li>\n<\/ul><\/div>\n<div style='border: 1px solid rgba(150&comma;150&comma;150&comma;0.4); border-radius: 8px; padding: 15px;'> <img style='width: 100%; height: auto; max-height: 170px; margin-bottom: 15px;' src='http:\/\/ftp3.syscom.mx\/usuarios\/ftp\/single_page\/UBIQUITINETWORKS\/unifi-protect\/g3-flex.png' alt=''> <\/p>\n<h4 style='font-size: 18px; margin: 10px 0; color: inherit; opacity: 0.85;'>G3 FLEX<\/h4>\n<p> <span style='display: inline-block; padding: 0.2em 0.6em 0.3em; font-size: 10.5px; font-weight: bold; line-height: 1; color: #386500; background-color: #d7e700; border-radius: 0.25em; margin-bottom: 10px;'>Interior\/Exterior<\/span> <\/p>\n<ul style='padding-left: 20px; margin: 15px 0; font-size: 14px; color: inherit;'>\n<li style='margin-bottom: 5px;'><img style='vertical-align: middle; margin-right: 5px;' src='http:\/\/ftp3.syscom.mx\/usuarios\/ftp\/single_page\/UBIQUITINETWORKS\/unifi-protect\/hd.png' alt=''> Resoluci\u00f3n 1080p<\/li>\n<li style='margin-bottom: 5px;'><img style='vertical-align: middle; margin-right: 5px;' src='http:\/\/ftp3.syscom.mx\/usuarios\/ftp\/single_page\/UBIQUITINETWORKS\/unifi-protect\/supply.png' alt=''> 802.3af PoE<\/li>\n<li style='margin-bottom: 5px;'><img style='vertical-align: middle; margin-right: 5px;' src='http:\/\/ftp3.syscom.mx\/usuarios\/ftp\/single_page\/UBIQUITINETWORKS\/unifi-protect\/wall.png' alt=''> Montaje en poste&comma; pared o techo<\/li>\n<li style='margin-bottom: 5px;'><img style='vertical-align: middle; margin-right: 5px;' src='http:\/\/ftp3.syscom.mx\/usuarios\/ftp\/single_page\/UBIQUITINETWORKS\/unifi-protect\/wall.png' alt=''> Tama\u00f1o compacto<\/li>\n<\/ul><\/div>\n<\/p><\/div>\n<\/p><\/div>\n<div style='margin: 30px 0;'>\n<h3 style='font-size: 20px; margin-top: 0; margin-bottom: 15px; color: inherit; opacity: 0.85;'>Mejor Hardware&comma; Vers\u00e1til y Compatible con Todo Tipo de Aplicaci\u00f3n<\/h3>\n<p> <img style='width: 100%; height: auto; border: 1px solid rgba(150&comma;150&comma;150&comma;0.3); border-radius: 8px;' src='http:\/\/ftp3.syscom.mx\/usuarios\/ftp\/single_page\/UBIQUITINETWORKS\/unifi-protect\/UniFi-software.png' alt=''> <\/div>\n<hr style='border: 0; border-top: 1px solid rgba(150&comma;150&comma;150&comma;0.3); margin: 30px 0;'> <\/div>\n","protected":false},"excerpt":{"rendered":"<p>C\u00e1mara UniFi G3 FLEX para exterior o interior 2MP con micr\u00f3fono y vista nocturna, 802.3af, instalaci\u00f3n en poste, techo o pared<\/p>\n","protected":false},"featured_media":114073,"comment_status":"open","ping_status":"closed","template":"","meta":[],"product_brand":[],"product_cat":[2238],"product_tag":[122,2239,166],"class_list":{"0":"post-114074","1":"product","2":"type-product","3":"status-publish","4":"has-post-thumbnail","6":"product_cat-cubo","7":"product_tag-camaras-ip-y-nvrs","8":"product_tag-cubo","9":"product_tag-ubiquiti","11":"first","12":"outofstock","13":"sale","14":"shipping-taxable","15":"purchasable","16":"product-type-simple"},"_links":{"self":[{"href":"https:\/\/soydeaqui.ddns.net\/pachuca\/index.php\/wp-json\/wp\/v2\/product\/114074","targetHints":{"allow":["GET"]}}],"collection":[{"href":"https:\/\/soydeaqui.ddns.net\/pachuca\/index.php\/wp-json\/wp\/v2\/product"}],"about":[{"href":"https:\/\/soydeaqui.ddns.net\/pachuca\/index.php\/wp-json\/wp\/v2\/types\/product"}],"replies":[{"embeddable":true,"href":"https:\/\/soydeaqui.ddns.net\/pachuca\/index.php\/wp-json\/wp\/v2\/comments?post=114074"}],"wp:featuredmedia":[{"embeddable":true,"href":"https:\/\/soydeaqui.ddns.net\/pachuca\/index.php\/wp-json\/wp\/v2\/media\/114073"}],"wp:attachment":[{"href":"https:\/\/soydeaqui.ddns.net\/pachuca\/index.php\/wp-json\/wp\/v2\/media?parent=114074"}],"wp:term":[{"taxonomy":"product_brand","embeddable":true,"href":"https:\/\/soydeaqui.ddns.net\/pachuca\/index.php\/wp-json\/wp\/v2\/product_brand?post=114074"},{"taxonomy":"product_cat","embeddable":true,"href":"https:\/\/soydeaqui.ddns.net\/pachuca\/index.php\/wp-json\/wp\/v2\/product_cat?post=114074"},{"taxonomy":"product_tag","embeddable":true,"href":"https:\/\/soydeaqui.ddns.net\/pachuca\/index.php\/wp-json\/wp\/v2\/product_tag?post=114074"}],"curies":[{"name":"wp","href":"https:\/\/api.w.org\/{rel}","templated":true}]}}