{"id":114072,"date":"2026-03-20T23:15:55","date_gmt":"2026-03-20T23:15:55","guid":{"rendered":"https:\/\/soydeaqui.ddns.net\/pachuca\/index.php\/producto\/protector-de-un-solo-canal-10gbe-para-sistemas-de-cctv-ideal-para-proteccion-de-cableado-categoria-cat5e-cat6-y-cat6a\/"},"modified":"2026-03-20T23:15:57","modified_gmt":"2026-03-20T23:15:57","slug":"protector-de-un-solo-canal-10gbe-para-sistemas-de-cctv-ideal-para-proteccion-de-cableado-categoria-cat5e-cat6-y-cat6a","status":"publish","type":"product","link":"https:\/\/soydeaqui.ddns.net\/pachuca\/index.php\/producto\/protector-de-un-solo-canal-10gbe-para-sistemas-de-cctv-ideal-para-proteccion-de-cableado-categoria-cat5e-cat6-y-cat6a\/","title":{"rendered":"Protector de un solo canal 10GbE para sistemas de CCTV , Ideal para protecci\u00f3n de cableado categor\u00eda CAT5e, CAT6 y CAT6A."},"content":{"rendered":"<div style='width: 100%; max-width: 1200px; margin: 0 auto; font-family: sans-serif; line-height: 1.6; color: inherit; background-color: transparent;'>\n<div style='display: flex; flex-wrap: wrap; gap: 30px; margin-bottom: 30px;'>\n<div style='flex: 1 1 300px; min-width: 280px;'>\n<h3 style='font-size: 22px; border-bottom: 2px solid currentColor; padding-bottom: 5px; margin-top: 0; color: inherit; opacity: 0.8;'>Caracter\u00edsticas principales<\/h3>\n<ul style='padding-left: 20px; font-size: 15px; color: inherit;'>\n<li style='margin-bottom: 5px;'>Protecci\u00f3n de pares de datos blindados<\/li>\n<li style='margin-bottom: 5px;'>Velocidad de datos de hasta 10 GbE sin degradaci\u00f3n de se\u00f1al<\/li>\n<li style='margin-bottom: 5px;'>Tecnolog\u00edas SAD y GDT para protecci\u00f3n \u00f3ptima del circuito<\/li>\n<li style='margin-bottom: 5px;'>Conexiones RJ45 blindadas con tornillo de conexi\u00f3n a tierra<\/li>\n<li style='margin-bottom: 5px;'>Cumple con est\u00e1ndares EIA\/TIA para transmisi\u00f3n de datos<\/li>\n<li style='margin-bottom: 5px;'>Reinicializaci\u00f3n autom\u00e1tica para protecci\u00f3n contra m\u00faltiples sobretensiones<\/li>\n<\/ul><\/div>\n<div style='flex: 1 1 300px; min-width: 280px;'>\n<h3 style='font-size: 22px; border-bottom: 2px solid currentColor; padding-bottom: 5px; margin-top: 0; color: inherit; opacity: 0.8;'>Especificaciones t\u00e9cnicas<\/h3>\n<ul style='padding-left: 20px; font-size: 15px; color: inherit;'>\n<li style='margin-bottom: 5px;'><strong>Voltaje de servicio:<\/strong> <5V<\/li>\n<li style='margin-bottom: 5px;'><strong>Modos de protecci\u00f3n:<\/strong> L-G (Todos)&comma; L-L (Todos)<\/li>\n<li style='margin-bottom: 5px;'><strong>Voltaje de sujeci\u00f3n:<\/strong> 75V (Modo com\u00fan L-G)&comma; 6.4V (Modo diferencial L-L)<\/li>\n<li style='margin-bottom: 5px;'><strong>Corriente de sobretensi\u00f3n:<\/strong> 20kA\/par<\/li>\n<li style='margin-bottom: 5px;'><strong>Corriente m\u00e1xima continua:<\/strong> 1.5A<\/li>\n<li style='margin-bottom: 5px;'><strong>Capacidad de manejo de potencia:<\/strong> 144W<\/li>\n<li style='margin-bottom: 5px;'><strong>Velocidad de datos:<\/strong> Hasta 10GbE<\/li>\n<\/ul><\/div>\n<div style='flex: 1 1 300px; min-width: 280px;'>\n<h3 style='font-size: 22px; border-bottom: 2px solid currentColor; padding-bottom: 5px; margin-top: 0; color: inherit; opacity: 0.8;'>Caracter\u00edsticas mec\u00e1nicas<\/h3>\n<ul style='padding-left: 20px; font-size: 15px; color: inherit;'>\n<li style='margin-bottom: 5px;'><strong>Tipo de conexi\u00f3n:<\/strong> RJ45 blindado entrada\/salida<\/li>\n<li style='margin-bottom: 5px;'><strong>Carcaza:<\/strong> ABS<\/li>\n<li style='margin-bottom: 5px;'><strong>Temperatura de operaci\u00f3n:<\/strong> -40\u00b0F a 158\u00b0F (-40\u00b0C a 70\u00b0C)<\/li>\n<li style='margin-bottom: 5px;'><strong>Humedad m\u00e1xima:<\/strong> 95% sin condensaci\u00f3n<\/li>\n<li style='margin-bottom: 5px;'><strong>Dimensiones:<\/strong> 3.0&#8217;L x 1.7&#8217;W x 1.2&#8217;H (76mm x 43mm x 30mm)<\/li>\n<li style='margin-bottom: 5px;'><strong>Peso:<\/strong> 4oz (113g)<\/li>\n<\/ul><\/div>\n<div style='flex: 1 1 300px; min-width: 280px;'>\n<h3 style='font-size: 22px; border-bottom: 2px solid currentColor; padding-bottom: 5px; margin-top: 0; color: inherit; opacity: 0.8;'>Compatibilidad<\/h3>\n<ul style='padding-left: 20px; font-size: 15px; color: inherit;'>\n<li style='margin-bottom: 5px;'><strong>Categor\u00eda CAT3:<\/strong> 10 Mbps&comma; 16 MHz&comma; 100 m<\/li>\n<li style='margin-bottom: 5px;'><strong>CAT5:<\/strong> 10\/100 Mbps&comma; 100 MHz&comma; 100 m<\/li>\n<li style='margin-bottom: 5px;'><strong>CAT5e:<\/strong> 1 Gbps&comma; 100 MHz&comma; 100 m<\/li>\n<li style='margin-bottom: 5px;'><strong>CAT6:<\/strong> 1 Gbps&comma; 250 MHz&comma; 100 m<\/li>\n<li style='margin-bottom: 5px;'><strong>CAT6A:<\/strong> 10 Gbps&comma; 500 MHz&comma; 100 m<\/li>\n<\/ul><\/div>\n<div style='flex: 1 1 300px; min-width: 280px;'>\n<h3 style='font-size: 22px; border-bottom: 2px solid currentColor; padding-bottom: 5px; margin-top: 0; color: inherit; opacity: 0.8;'>Aplicaciones<\/h3>\n<ul style='padding-left: 20px; font-size: 15px; color: inherit;'>\n<li style='margin-bottom: 5px;'>Redes de datos<\/li>\n<li style='margin-bottom: 5px;'>C\u00e1maras de video IP<\/li>\n<li style='margin-bottom: 5px;'>Terminales POS<\/li>\n<\/ul><\/div>\n<div style='flex: 1 1 300px; min-width: 280px;'>\n<h3 style='font-size: 22px; border-bottom: 2px solid currentColor; padding-bottom: 5px; margin-top: 0; color: inherit; opacity: 0.8;'>Certificaciones y garant\u00eda<\/h3>\n<ul style='padding-left: 20px; font-size: 15px; color: inherit;'>\n<li style='margin-bottom: 5px;'><strong>Aprobaciones:<\/strong> UL497B<\/li>\n<li style='margin-bottom: 5px;'><strong>Conformidad:<\/strong> CAT5e&comma; EIA\/TIA568A&comma; EIA\/TIA568B<\/li>\n<li style='margin-bottom: 5px;'><strong>Garant\u00eda:<\/strong> 10 a\u00f1os (limitada)<\/li>\n<\/ul><\/div>\n<\/p><\/div>\n<p> <!-- Separador --> <\/p>\n<hr style='border: 0; border-top: 1px solid rgba(150&comma; 150&comma; 150&comma; 0.3); margin: 30px 0;'> <\/div>\n","protected":false},"excerpt":{"rendered":"<p>Protector de un solo canal 10GbE para sistemas de CCTV , Ideal para protecci\u00f3n de cableado categor\u00eda CAT5e, CAT6 y CAT6A.<\/p>\n","protected":false},"featured_media":114071,"comment_status":"open","ping_status":"closed","template":"","meta":[],"product_brand":[],"product_cat":[953],"product_tag":[534,898,954],"class_list":{"0":"post-114072","1":"product","2":"type-product","3":"status-publish","4":"has-post-thumbnail","6":"product_cat-redes","7":"product_tag-ditek","8":"product_tag-proteccion-contra-descargas","9":"product_tag-redes","11":"first","12":"outofstock","13":"sale","14":"shipping-taxable","15":"purchasable","16":"product-type-simple"},"_links":{"self":[{"href":"https:\/\/soydeaqui.ddns.net\/pachuca\/index.php\/wp-json\/wp\/v2\/product\/114072","targetHints":{"allow":["GET"]}}],"collection":[{"href":"https:\/\/soydeaqui.ddns.net\/pachuca\/index.php\/wp-json\/wp\/v2\/product"}],"about":[{"href":"https:\/\/soydeaqui.ddns.net\/pachuca\/index.php\/wp-json\/wp\/v2\/types\/product"}],"replies":[{"embeddable":true,"href":"https:\/\/soydeaqui.ddns.net\/pachuca\/index.php\/wp-json\/wp\/v2\/comments?post=114072"}],"wp:featuredmedia":[{"embeddable":true,"href":"https:\/\/soydeaqui.ddns.net\/pachuca\/index.php\/wp-json\/wp\/v2\/media\/114071"}],"wp:attachment":[{"href":"https:\/\/soydeaqui.ddns.net\/pachuca\/index.php\/wp-json\/wp\/v2\/media?parent=114072"}],"wp:term":[{"taxonomy":"product_brand","embeddable":true,"href":"https:\/\/soydeaqui.ddns.net\/pachuca\/index.php\/wp-json\/wp\/v2\/product_brand?post=114072"},{"taxonomy":"product_cat","embeddable":true,"href":"https:\/\/soydeaqui.ddns.net\/pachuca\/index.php\/wp-json\/wp\/v2\/product_cat?post=114072"},{"taxonomy":"product_tag","embeddable":true,"href":"https:\/\/soydeaqui.ddns.net\/pachuca\/index.php\/wp-json\/wp\/v2\/product_tag?post=114072"}],"curies":[{"name":"wp","href":"https:\/\/api.w.org\/{rel}","templated":true}]}}