{"id":114070,"date":"2026-03-20T23:15:49","date_gmt":"2026-03-20T23:15:49","guid":{"rendered":"https:\/\/soydeaqui.ddns.net\/pachuca\/index.php\/producto\/kit-ip-4-megapixel-nvr-de-4-canales-4-camaras-ip-dual-light-y-microfono-integrado-bobina-de-cable-de-100-mts-disco-duro-1-tb\/"},"modified":"2026-03-20T23:15:51","modified_gmt":"2026-03-20T23:15:51","slug":"kit-ip-4-megapixel-nvr-de-4-canales-4-camaras-ip-dual-light-y-microfono-integrado-bobina-de-cable-de-100-mts-disco-duro-1-tb","status":"publish","type":"product","link":"https:\/\/soydeaqui.ddns.net\/pachuca\/index.php\/producto\/kit-ip-4-megapixel-nvr-de-4-canales-4-camaras-ip-dual-light-y-microfono-integrado-bobina-de-cable-de-100-mts-disco-duro-1-tb\/","title":{"rendered":"Kit IP 4 Megapixel \/ NVR de 4 Canales \/ 4 C\u00e1maras IP Dual light y Microfono Integrado \/ Bobina de Cable de 100 mts \/ Disco Duro 1 TB"},"content":{"rendered":"<div style='width: 100%; max-width: 1200px; margin: 0 auto; font-family: sans-serif; line-height: 1.6; color: inherit; background-color: transparent;'> <!-- Header --> <\/p>\n<div style='padding-top: 1.5rem; padding-bottom: 1.5rem;'>\n<div style='text-align: center;'> <img style='max-height: 6rem; width: auto; height: auto;' src='https:\/\/ftp3.syscom.mx\/usuarios\/fotos\/logotipos\/hilook_by_hikvision.png' alt='Logo'> <\/p>\n<h1 style='font-size: 2.5rem; font-weight: bold; margin-top: 0; margin-bottom: 1rem; color: inherit;'>Controla y monitorea tus dispositivos de seguridad<\/h1>\n<p style='font-size: 1.25rem; margin-bottom: 0; color: inherit;'>Descarga la app oficial y aprovecha al m\u00e1ximo tu producto inteligente<\/p>\n<\/p><\/div>\n<\/p><\/div>\n<p> <!-- Beneficios principales --> <\/p>\n<div style='padding-top: 3rem; padding-bottom: 3rem; background-color: rgba(150&comma;150&comma;150&comma;0.05);'>\n<div style='text-align: center; margin-bottom: 3rem;'>\n<h2 style='font-size: 2rem; font-weight: bold; margin-top: 0; margin-bottom: 0; color: inherit;'>Beneficios principales<\/h2>\n<\/p><\/div>\n<div style='display: flex; flex-wrap: wrap; gap: 1.5rem; justify-content: center;'>\n<div style='flex: 1 1 250px; min-width: 200px; text-align: center;'>\n<div style='width: 60px; height: 60px; border-radius: 50%; background-color: #0d6efd; margin: 0 auto 1rem;'><\/div>\n<h5 style='min-height: 60px; font-size: 1.1rem; margin-bottom: 0.5rem; color: inherit;'>Control remoto<\/h5>\n<p style='color: inherit; opacity: 0.8;'>Controla tus dispositivos desde cualquier lugar<\/p>\n<\/p><\/div>\n<div style='flex: 1 1 250px; min-width: 200px; text-align: center;'>\n<div style='width: 60px; height: 60px; border-radius: 50%; background-color: #198754; margin: 0 auto 1rem;'><\/div>\n<h5 style='min-height: 60px; font-size: 1.1rem; margin-bottom: 0.5rem; color: inherit;'>Monitoreo en tiempo real<\/h5>\n<p style='color: inherit; opacity: 0.8;'>Visualiza tus dispositivos al instante<\/p>\n<\/p><\/div>\n<div style='flex: 1 1 250px; min-width: 200px; text-align: center;'>\n<div style='width: 60px; height: 60px; border-radius: 50%; background-color: #0dcaf0; margin: 0 auto 1rem;'><\/div>\n<h5 style='min-height: 60px; font-size: 1.1rem; margin-bottom: 0.5rem; color: inherit;'>Notificaciones<\/h5>\n<p style='color: inherit; opacity: 0.8;'>Recibe notificaciones y alertas de los eventos que registra tu dispositivo.<\/p>\n<\/p><\/div>\n<div style='flex: 1 1 250px; min-width: 200px; text-align: center;'>\n<div style='width: 60px; height: 60px; border-radius: 50%; background-color: #ffc107; margin: 0 auto 1rem;'><\/div>\n<h5 style='min-height: 60px; font-size: 1.1rem; margin-bottom: 0.5rem; color: inherit;'>Interfaz de usuario sencilla<\/h5>\n<p style='color: inherit; opacity: 0.8;'>Amigable para usuarios finales<\/p>\n<\/p><\/div>\n<\/p><\/div>\n<\/p><\/div>\n<p> <!-- Galer\u00eda de im\u00e1genes --> <\/p>\n<div style='padding-top: 3rem; padding-bottom: 3rem;'>\n<div style='display: flex; flex-wrap: wrap; gap: 1.5rem; justify-content: center;'>\n<div style='flex: 1 1 250px; min-width: 180px;'> <img style='width: 100%; height: auto; border: 1px solid rgba(150&comma;150&comma;150&comma;0.3); border-radius: 8px;' src='https:\/\/ftp3.syscom.mx\/usuarios\/ftp\/single_page\/hilook\/interfaz.jpg' alt='Imagen 1'> <\/div>\n<div style='flex: 1 1 250px; min-width: 180px;'> <img style='width: 100%; height: auto; border: 1px solid rgba(150&comma;150&comma;150&comma;0.3); border-radius: 8px;' src='https:\/\/ftp3.syscom.mx\/usuarios\/ftp\/single_page\/hilook\/grabaciones.jpg' alt='Imagen 2'> <\/div>\n<div style='flex: 1 1 250px; min-width: 180px;'> <img style='width: 100%; height: auto; border: 1px solid rgba(150&comma;150&comma;150&comma;0.3); border-radius: 8px;' src='https:\/\/ftp3.syscom.mx\/usuarios\/ftp\/single_page\/hilook\/directo.jpg' alt='Imagen 3'> <\/div>\n<div style='flex: 1 1 250px; min-width: 180px;'> <img style='width: 100%; height: auto; border: 1px solid rgba(150&comma;150&comma;150&comma;0.3); border-radius: 8px;' src='https:\/\/ftp3.syscom.mx\/usuarios\/ftp\/single_page\/hilook\/notificaciones2.jpg' alt='Imagen 4'> <\/div>\n<\/p><\/div>\n<\/p><\/div>\n<p> <!-- El kit incluye --> <\/p>\n<div style='text-align: center; margin-bottom: 2rem;'>\n<h2 style='font-size: 2rem; font-weight: bold; margin-top: 0; margin-bottom: 1rem; color: inherit;'>El kit incluye:<\/h2>\n<h4 style='margin: 0.5rem 0;'><a style='color: inherit; text-decoration: none; border-bottom: 1px dotted currentColor;' href='https:\/\/www.syscom.mx\/producto\/NVR-104H-D\/4P(D)-HiLook-by-HIKVISION-227222.html' target='_blank' rel='noopener'>1 NVR-104H-D\/4P(D)<\/a><\/h4>\n<h4 style='margin: 0.5rem 0;'><a style='color: inherit; text-decoration: none; border-bottom: 1px dotted currentColor;' href='https:\/\/www.syscom.mx\/products\/237369' target='_blank' rel='noopener'>4 IPC-B140HA-LUC<\/a><\/h4>\n<h4 style='margin: 0.5rem 0;'><a style='color: inherit; text-decoration: none; border-bottom: 1px dotted currentColor;' href='https:\/\/www.syscom.mx\/producto\/DS-1LN5E-S-100-HIKVISION-217449.html' target='_blank' rel='noopener'>1 DS-1LN5E-S-100<\/a><\/h4>\n<h4 style='margin: 0.5rem 0;'><a style='color: inherit; text-decoration: none; border-bottom: 1px dotted currentColor;' href='https:\/\/www.syscom.mx\/producto\/V300X\/1TB-HIKSEMI-by-HIKVISION-222164.html' target='_blank' rel='noopener'>1 V300X\/1TB<\/a><\/h4>\n<\/p><\/div>\n<p> <!-- Productos --> <\/p>\n<div style='display: flex; flex-wrap: wrap; gap: 1.5rem; margin-bottom: 3rem;'> <!-- NVR --> <\/p>\n<div style='flex: 1 1 350px; min-width: 300px;'>\n<div style='border: 1px solid rgba(150&comma;150&comma;150&comma;0.3); border-radius: 8px; overflow: hidden; display: flex; flex-direction: column; height: 100%;'> <img style='width: 100%; height: auto; border-bottom: 1px solid rgba(150&comma;150&comma;150&comma;0.3);' src='https:\/\/ftp3.syscom.mx\/usuarios\/fotos\/BancoFotografiasSyscom\/HILOOKBYHIKVISION\/NVR104HD_4P(C)\/NVR104HD_4P(C)-p.PNG' alt='NVR'> <\/p>\n<div style='padding: 1rem; flex-grow: 1;'>\n<h5 style='margin-top: 0; margin-bottom: 1rem; font-size: 1.1rem; color: inherit;'> <a style='color: inherit; text-decoration: none; border-bottom: 1px dotted currentColor;' href='https:\/\/www.syscom.mx\/producto\/NVR-104H-D\/4P(D)-HiLook-by-HIKVISION-227222.html' target='_blank' rel='noopener'>NVR-104H-D\/4P(D)<\/a> <\/h5>\n<ul style='padding-left: 1.2rem; margin: 0; font-size: 14px; color: inherit;'>\n<li style='margin-bottom: 0.3rem;'>Compresi\u00f3n: H.265+ \/ H.265 \/ H.264+ \/ H.264<\/li>\n<li style='margin-bottom: 0.3rem;'>4 Puertos PoE+ (af \/ at) &#8211; 36W<\/li>\n<li style='margin-bottom: 0.3rem;'>LAN 10 \/ 100 Mbps&comma; VGA y HDMI (1080p)<\/li>\n<li style='margin-bottom: 0.3rem;'>1 HDD hasta 6 TB (no incluido)<\/li>\n<li style='margin-bottom: 0.3rem;'>Entrada: 40 Mbps | Salida: 60 Mbps<\/li>\n<li style='margin-bottom: 0;'>Compatible con Hik-Connect&comma; iVMS-4200<\/li>\n<\/ul><\/div>\n<\/p><\/div>\n<\/p><\/div>\n<p> <!-- C\u00e1mara IPC-B140HA-U --> <\/p>\n<div style='flex: 1 1 350px; min-width: 300px;'>\n<div style='border: 1px solid rgba(150&comma;150&comma;150&comma;0.3); border-radius: 8px; overflow: hidden; display: flex; flex-direction: column; height: 100%;'> <img style='width: 100%; height: auto; border-bottom: 1px solid rgba(150&comma;150&comma;150&comma;0.3);' src='https:\/\/ftp3.syscom.mx\/usuarios\/fotos\/BancoFotografiasSyscom\/HILOOKBYHIKVISION\/IPCB140HALUC\/IPCB140HALUC-h.PNG' alt='IPC-B140HA-U'> <\/p>\n<div style='padding: 1rem; flex-grow: 1;'>\n<h5 style='margin-top: 0; margin-bottom: 1rem; font-size: 1.1rem; color: inherit;'> <a style='color: inherit; text-decoration: none; border-bottom: 1px dotted currentColor;' href='https:\/\/www.syscom.mx\/products\/237369' target='_blank' rel='noopener'>IPC-B140HA-LUC<\/a> <\/h5>\n<ul style='padding-left: 1.2rem; margin: 0; font-size: 14px; color: inherit;'>\n<li style='margin-bottom: 0.3rem;'>Resoluci\u00f3n m\u00e1xima: 4 Megap\u00edxeles (2560 x 1440)<\/li>\n<li style='margin-bottom: 0.3rem;'>Lente fijo: 2.8 mm (\u00e1ngulo de visi\u00f3n 104\u00b0)<\/li>\n<li style='margin-bottom: 0.3rem;'>Dual light (20 m Smart IR + 15m luz blanca)<\/li>\n<li style='margin-bottom: 0.3rem;'>3D DNR \/ BLC \/ HLC \/ dWDR<\/li>\n<li style='margin-bottom: 0.3rem;'>Micr\u00f3fono integrado: captura audio en \u00e1rea de 5 m\u00b2<\/li>\n<li style='margin-bottom: 0.3rem;'>Detecci\u00f3n de movimiento con filtro humano<\/li>\n<li style='margin-bottom: 0;'>Notificaciones push en app HiLook Vision<\/li>\n<\/ul><\/div>\n<\/p><\/div>\n<\/p><\/div>\n<p> <!-- Cable DS-1LN5E-S-100 --> <\/p>\n<div style='flex: 1 1 350px; min-width: 300px;'>\n<div style='border: 1px solid rgba(150&comma;150&comma;150&comma;0.3); border-radius: 8px; overflow: hidden; display: flex; flex-direction: column; height: 100%;'> <img style='width: 100%; height: auto; border-bottom: 1px solid rgba(150&comma;150&comma;150&comma;0.3);' src='https:\/\/ftp3.syscom.mx\/cdn-cgi\/image\/format=png&comma;width=700&comma;height=700\/usuarios\/fotos\/BancoFotografiasSyscom\/HIKVISION\/DS1LN5ES100\/DS1LN5ES100-l.PNG' alt='Cable DS-1LN5E-S-100'> <\/p>\n<div style='padding: 1rem; flex-grow: 1;'>\n<h5 style='margin-top: 0; margin-bottom: 1rem; font-size: 1.1rem; color: inherit;'> <a style='color: inherit; text-decoration: none; border-bottom: 1px dotted currentColor;' href='https:\/\/www.syscom.mx\/producto\/DS-1LN5E-S-100-HIKVISION-217449.html' target='_blank' rel='noopener'>DS-1LN5E-S-100<\/a> <\/h5>\n<ul style='padding-left: 1.2rem; margin: 0; font-size: 14px; color: inherit;'>\n<li style='margin-bottom: 0.3rem;'>Cable UTP Cat5e para CCTV IP \/ An\u00e1logo<\/li>\n<li style='margin-bottom: 0.3rem;'>Conductor: 100% Cobre<\/li>\n<li style='margin-bottom: 0.3rem;'>Interior | Color Blanco | 24AWG<\/li>\n<li style='margin-bottom: 0;'>4 pares UTP | Aislamiento PVC<\/li>\n<\/ul><\/div>\n<\/p><\/div>\n<\/p><\/div>\n<p> <!-- Disco Duro V300X\/1TB --> <\/p>\n<div style='flex: 1 1 350px; min-width: 300px;'>\n<div style='border: 1px solid rgba(150&comma;150&comma;150&comma;0.3); border-radius: 8px; overflow: hidden; display: flex; flex-direction: column; height: 100%;'> <img style='width: 100%; height: auto; border-bottom: 1px solid rgba(150&comma;150&comma;150&comma;0.3);' src='https:\/\/ftp3.syscom.mx\/cdn-cgi\/image\/format=png&comma;width=700&comma;height=700\/usuarios\/fotos\/BancoFotografiasSyscom\/HIKSEMIBYHIKVISION\/V300X_1TB\/V300X_1TB-l.PNG' alt='V300X\/1TB'> <\/p>\n<div style='padding: 1rem; flex-grow: 1;'>\n<h5 style='margin-top: 0; margin-bottom: 1rem; font-size: 1.1rem; color: inherit;'> <a style='color: inherit; text-decoration: none; border-bottom: 1px dotted currentColor;' href='https:\/\/www.syscom.mx\/producto\/V300X\/1TB-HIKSEMI-by-HIKVISION-222164.html' target='_blank' rel='noopener'>V300X\/1TB<\/a> <\/h5>\n<ul style='padding-left: 1.2rem; margin: 0; font-size: 14px; color: inherit;'>\n<li style='margin-bottom: 0.3rem;'>Capacidad: 1TB | Tama\u00f1o: 2.5\u201d<\/li>\n<li style='margin-bottom: 0.3rem;'>Lectura: 560 MB\/s | Escritura: 520 MB\/s<\/li>\n<li style='margin-bottom: 0.3rem;'>Temperatura: 0\u00b0C a 70\u00b0C<\/li>\n<li style='margin-bottom: 0.3rem;'>Peso: \u226460g<\/li>\n<li style='margin-bottom: 0;'>Especializado para videovigilancia<\/li>\n<\/ul><\/div>\n<\/p><\/div>\n<\/p><\/div>\n<\/p><\/div>\n<p> <!-- Videos --> <\/p>\n<div style='padding-top: 3rem; padding-bottom: 3rem;'>\n<div style='display: flex; flex-wrap: wrap; gap: 2rem; justify-content: center;'> <!-- Video 1 --> <\/p>\n<div style='flex: 1 1 300px; min-width: 280px; margin-bottom: 2rem;'>\n<div style='position: relative; padding-bottom: 56.25%; height: 0; overflow: hidden;'>   <\/div>\n<\/p><\/div>\n<p> <!-- Video 2 --> <\/p>\n<div style='flex: 1 1 300px; min-width: 280px; margin-bottom: 2rem;'>\n<div style='position: relative; padding-bottom: 56.25%; height: 0; overflow: hidden;'>   <\/div>\n<\/p><\/div>\n<p> <!-- Video 3 --> <\/p>\n<div style='flex: 1 1 300px; min-width: 280px; margin-bottom: 2rem;'>\n<div style='position: relative; padding-bottom: 56.25%; height: 0; overflow: hidden;'>   <\/div>\n<\/p><\/div>\n<\/p><\/div>\n<\/p><\/div>\n<p> <!-- Banner final --> <\/p>\n<div style='margin-top: 3rem; margin-bottom: 3rem; text-align: center;'> <img style='width: 100%; height: auto; border: 1px solid rgba(150&comma;150&comma;150&comma;0.3); border-radius: 8px;' src='https:\/\/ftp3.syscom.mx\/usuarios\/yvalenzuela\/Hilook\/hiklook.jpg' alt='Banner final'> <\/div>\n<\/p><\/div>\n","protected":false},"excerpt":{"rendered":"<p>Kit IP 4 Megapixel \/ NVR de 4 Canales \/ 4 C\u00e1maras IP Dual light y Microfono Integrado \/ Bobina de Cable de 100 mts \/ Disco Duro 1 TB<\/p>\n","protected":false},"featured_media":114069,"comment_status":"open","ping_status":"closed","template":"","meta":[],"product_brand":[],"product_cat":[2231],"product_tag":[715,2233,2232],"class_list":{"0":"post-114070","1":"product","2":"type-product","3":"status-publish","4":"has-post-thumbnail","6":"product_cat-ip-megapixel","7":"product_tag-hilook-by-hikvision","8":"product_tag-ip-megapixel","9":"product_tag-kits-sistemas-completos","11":"first","12":"outofstock","13":"sale","14":"shipping-taxable","15":"purchasable","16":"product-type-simple"},"_links":{"self":[{"href":"https:\/\/soydeaqui.ddns.net\/pachuca\/index.php\/wp-json\/wp\/v2\/product\/114070","targetHints":{"allow":["GET"]}}],"collection":[{"href":"https:\/\/soydeaqui.ddns.net\/pachuca\/index.php\/wp-json\/wp\/v2\/product"}],"about":[{"href":"https:\/\/soydeaqui.ddns.net\/pachuca\/index.php\/wp-json\/wp\/v2\/types\/product"}],"replies":[{"embeddable":true,"href":"https:\/\/soydeaqui.ddns.net\/pachuca\/index.php\/wp-json\/wp\/v2\/comments?post=114070"}],"wp:featuredmedia":[{"embeddable":true,"href":"https:\/\/soydeaqui.ddns.net\/pachuca\/index.php\/wp-json\/wp\/v2\/media\/114069"}],"wp:attachment":[{"href":"https:\/\/soydeaqui.ddns.net\/pachuca\/index.php\/wp-json\/wp\/v2\/media?parent=114070"}],"wp:term":[{"taxonomy":"product_brand","embeddable":true,"href":"https:\/\/soydeaqui.ddns.net\/pachuca\/index.php\/wp-json\/wp\/v2\/product_brand?post=114070"},{"taxonomy":"product_cat","embeddable":true,"href":"https:\/\/soydeaqui.ddns.net\/pachuca\/index.php\/wp-json\/wp\/v2\/product_cat?post=114070"},{"taxonomy":"product_tag","embeddable":true,"href":"https:\/\/soydeaqui.ddns.net\/pachuca\/index.php\/wp-json\/wp\/v2\/product_tag?post=114070"}],"curies":[{"name":"wp","href":"https:\/\/api.w.org\/{rel}","templated":true}]}}