{"id":114064,"date":"2026-03-20T23:15:28","date_gmt":"2026-03-20T23:15:28","guid":{"rendered":"https:\/\/soydeaqui.ddns.net\/pachuca\/index.php\/producto\/kit-de-largo-alcance-de-400-metros-2-mp-compuesto-por-tt4501t-tt4501r-activoactivo\/"},"modified":"2026-03-20T23:15:43","modified_gmt":"2026-03-20T23:15:43","slug":"kit-de-largo-alcance-de-400-metros-2-mp-compuesto-por-tt4501t-tt4501r-activoactivo","status":"publish","type":"product","link":"https:\/\/soydeaqui.ddns.net\/pachuca\/index.php\/producto\/kit-de-largo-alcance-de-400-metros-2-mp-compuesto-por-tt4501t-tt4501r-activoactivo\/","title":{"rendered":"Kit de largo alcance de 400 metros @ 2 MP compuesto por TT4501T + TT4501R  \/ Activo+Activo"},"content":{"rendered":"<div style='width: 100%; max-width: 1200px; margin: 0 auto; font-family: sans-serif; line-height: 1.6; color: inherit; background-color: transparent;'>\n<div style='width: 100%; max-width: 1200px; margin: 0 auto; font-family: sans-serif; line-height: 1.6; color: inherit; background-color: transparent;'>\n<h1 style='text-align: center; color: inherit; font-size: 28px; margin-bottom: 10px;'><strong>KIT-4501-AA<\/strong><\/h1>\n<h3 style='text-align: center; color: inherit; font-size: 20px; margin-bottom: 30px;'>Kit de largo alcance de 400 metros @ 2 MP compuesto por TT4501T + TT4501R \/ Activo+Activo<\/h3>\n<p style='text-align: center; margin: 10px 70px 50px 70px; font-size: 15px; color: inherit;'>El KIT4501AA esta compuesto por los modelos TT4501T + TT4501R ambos Activo+Activo (amplificados) que permite la transmisi\u00f3n de se\u00f1al de video CCTV HD en tiempo real a trav\u00e9s de un cable de par trenzado sin blindaje (UTP) hasta 400 metros. Es compatible con todas las c\u00e1maras anal\u00f3gicas HD-TVI&comma; HD-CVI&comma; AHD y CVBS. La distancia de transmisi\u00f3n dentro de un cierto rango se puede ajustar de manera flexible mediante el interruptor de dial del TT4501R. Protege el equipo de video contra picos de voltaje da\u00f1inos. Su inmunidad al ruido y diafon\u00eda aseguran se\u00f1ales de video de calidad.<\/p>\n<\/p><\/div>\n<div style='display: flex; flex-wrap: wrap; gap: 30px; margin-bottom: 30px;'>\n<div style='flex: 1 1 300px; min-width: 280px;'>\n<div style='border: 1px solid rgba(150&comma;150&comma;150&comma;0.3); border-radius: 8px; overflow: hidden; display: flex; flex-direction: column;'>\n<div style='background-color: rgba(238&comma;238&comma;238&comma;0.5); padding: 15px; border-bottom: 1px solid rgba(150&comma;150&comma;150&comma;0.3); font-weight: bold; font-size: 18px; color: inherit;'>Caracter\u00edsticas Principales:<\/div>\n<div style='padding: 15px; color: inherit;'>\n<ul style='padding-left: 20px; font-size: 14px; list-style-type: disc;'>\n<li style='margin-bottom: 5px;'>Kit compuesto de un transmisor y receptor de video activo TT4501T + TT4501R<\/li>\n<li style='margin-bottom: 5px;'>Transmisi\u00f3n en tiempo real por cable UTP cat 5e\/6<\/li>\n<li style='margin-bottom: 5px;'>Formatos de video compatibles NTSC&comma; PAL&comma; SECAM<\/li>\n<li style='margin-bottom: 5px;'>Compatible con c\u00e1maras anal\u00f3gicas HD-TVI (TurboHD)&comma; CVI&comma; AHD y CVBS<\/li>\n<li style='margin-bottom: 5px;'>Conectores macho en BNC<\/li>\n<li style='margin-bottom: 5px;'>Terminales tipo pin para cable UTP<\/li>\n<\/ul><\/div>\n<\/p><\/div>\n<\/p><\/div>\n<div style='flex: 1 1 300px; min-width: 280px;'>\n<div style='border: 1px solid rgba(150&comma;150&comma;150&comma;0.3); border-radius: 8px; overflow: hidden; display: flex; flex-direction: column;'>\n<div style='background-color: rgba(238&comma;238&comma;238&comma;0.5); padding: 15px; border-bottom: 1px solid rgba(150&comma;150&comma;150&comma;0.3); font-weight: bold; font-size: 18px; color: inherit;'>Caracter\u00edsticas F\u00edsicas y El\u00e9ctricas:<\/div>\n<div style='padding: 15px; color: inherit;'>\n<ul style='padding-left: 20px; font-size: 14px; list-style-type: disc;'>\n<li style='margin-bottom: 5px;'>Requieren alimentacion de 12 Vcc<\/li>\n<li style='margin-bottom: 5px;'>Impedancia 75 ohms<\/li>\n<li style='margin-bottom: 5px;'>Color: Negro<\/li>\n<li style='margin-bottom: 5px;'>Temperatura de operaci\u00f3n: -5\u00b0C a 45\u00b0C<\/li>\n<li style='margin-bottom: 5px;'>Dimensiones Transmisor (L x W x H): 60 x 30 x 24.5 mm<\/li>\n<li style='margin-bottom: 5px;'>Peso: 50 gramos<\/li>\n<li style='margin-bottom: 5px;'>Dimensiones Receptor (L x W x H): 80 x 40 x 24.5 mm<\/li>\n<li style='margin-bottom: 5px;'>Peso: 240 gramos<\/li>\n<\/ul><\/div>\n<\/p><\/div>\n<\/p><\/div>\n<div style='flex: 1 1 300px; min-width: 280px;'>\n<div style='border: 1px solid rgba(150&comma;150&comma;150&comma;0.3); border-radius: 8px; overflow: hidden; display: flex; flex-direction: column;'>\n<div style='background-color: rgba(238&comma;238&comma;238&comma;0.5); padding: 15px; border-bottom: 1px solid rgba(150&comma;150&comma;150&comma;0.3); font-weight: bold; font-size: 18px; color: inherit;'>Caracter\u00edsticas Destacadas:<\/div>\n<div style='padding: 15px; color: inherit;'>\n<ul style='padding-left: 20px; font-size: 14px; list-style-type: disc;'>\n<li style='margin-bottom: 5px;'>Protecci\u00f3n interconstruida contra sobretensi\u00f3n<\/li>\n<li style='margin-bottom: 5px;'>Dise\u00f1o de filtro de onda anti-est\u00e1tico<\/li>\n<li style='margin-bottom: 5px;'>Inmunidad al ruido de 60 dB<\/li>\n<li style='margin-bottom: 5px;'>Dise\u00f1o de protecci\u00f3n contra rayos Grado: III<\/li>\n<li style='margin-bottom: 5px;'>Carcasa de pl\u00e1stico de ingenier\u00eda ABS<\/li>\n<li style='margin-bottom: 5px;'>***Precio por transmisor + receptor<\/li>\n<li style='margin-bottom: 5px;'>Nota.- No soporta tecnolog\u00eda coaxitron<\/li>\n<\/ul><\/div>\n<\/p><\/div>\n<\/p><\/div>\n<\/p><\/div>\n<div style='display: flex; flex-wrap: wrap; gap: 20px; margin-bottom: 30px;'>\n<div style='flex: 1 1 250px; min-width: 280px;'> <img style='width: 100%; height: auto; border: 1px solid rgba(150&comma;150&comma;150&comma;0.3); border-radius: 8px;' src='http:\/\/ftp3.syscom.mx\/usuarios\/hallende\/FolkTitanium\/KIT-4501-AA\/KIT4501AA-h.png' alt=''> <\/div>\n<div style='flex: 1 1 250px; min-width: 280px;'> <img style='width: 100%; height: auto; border: 1px solid rgba(150&comma;150&comma;150&comma;0.3); border-radius: 8px;' src='http:\/\/ftp3.syscom.mx\/usuarios\/hallende\/FolkTitanium\/KIT-4501-AA\/KIT4501AA-h.png' alt=''> <\/div>\n<div style='flex: 1 1 250px; min-width: 280px;'> <img style='width: 100%; height: auto; border: 1px solid rgba(150&comma;150&comma;150&comma;0.3); border-radius: 8px;' src='http:\/\/ftp3.syscom.mx\/usuarios\/hallende\/FolkTitanium\/KIT-4501-AA\/KIT4501AA-h.png' alt=''> <\/div>\n<\/p><\/div>\n<div style='margin-bottom: 30px;'> <img style='width: 100%; height: auto; border: 1px solid rgba(150&comma;150&comma;150&comma;0.3); border-radius: 8px;' src='http:\/\/ftp3.syscom.mx\/usuarios\/fotos\/TT4501T\/93055-tt4501t-2.png' alt=''> <\/div>\n<div style='margin-bottom: 30px;'> <img style='width: 100%; height: auto; border: 1px solid rgba(150&comma;150&comma;150&comma;0.3); border-radius: 8px;' src='http:\/\/ftp3.syscom.mx\/usuarios\/maguilar\/EpcomTitanium\/DISTANCIA-DE-TRANSCEPTORES-ES.jpg' alt=''> <\/div>\n<\/p><\/div>\n","protected":false},"excerpt":{"rendered":"<p>Kit de largo alcance de 400 metros @ 2 MP compuesto por TT4501T + TT4501R  \/ Activo+Activo<\/p>\n","protected":false},"featured_media":114063,"comment_status":"open","ping_status":"closed","template":"","meta":[],"product_brand":[],"product_cat":[2327],"product_tag":[417,507,2328],"class_list":{"0":"post-114064","1":"product","2":"type-product","3":"status-publish","4":"has-post-thumbnail","6":"product_cat-transceptores-de-video","7":"product_tag-accesorios-generales","8":"product_tag-epcom-titanium","9":"product_tag-transceptores-de-video","11":"first","12":"instock","13":"sale","14":"shipping-taxable","15":"purchasable","16":"product-type-simple"},"_links":{"self":[{"href":"https:\/\/soydeaqui.ddns.net\/pachuca\/index.php\/wp-json\/wp\/v2\/product\/114064","targetHints":{"allow":["GET"]}}],"collection":[{"href":"https:\/\/soydeaqui.ddns.net\/pachuca\/index.php\/wp-json\/wp\/v2\/product"}],"about":[{"href":"https:\/\/soydeaqui.ddns.net\/pachuca\/index.php\/wp-json\/wp\/v2\/types\/product"}],"replies":[{"embeddable":true,"href":"https:\/\/soydeaqui.ddns.net\/pachuca\/index.php\/wp-json\/wp\/v2\/comments?post=114064"}],"wp:featuredmedia":[{"embeddable":true,"href":"https:\/\/soydeaqui.ddns.net\/pachuca\/index.php\/wp-json\/wp\/v2\/media\/114063"}],"wp:attachment":[{"href":"https:\/\/soydeaqui.ddns.net\/pachuca\/index.php\/wp-json\/wp\/v2\/media?parent=114064"}],"wp:term":[{"taxonomy":"product_brand","embeddable":true,"href":"https:\/\/soydeaqui.ddns.net\/pachuca\/index.php\/wp-json\/wp\/v2\/product_brand?post=114064"},{"taxonomy":"product_cat","embeddable":true,"href":"https:\/\/soydeaqui.ddns.net\/pachuca\/index.php\/wp-json\/wp\/v2\/product_cat?post=114064"},{"taxonomy":"product_tag","embeddable":true,"href":"https:\/\/soydeaqui.ddns.net\/pachuca\/index.php\/wp-json\/wp\/v2\/product_tag?post=114064"}],"curies":[{"name":"wp","href":"https:\/\/api.w.org\/{rel}","templated":true}]}}