{"id":114029,"date":"2026-03-20T23:13:34","date_gmt":"2026-03-20T23:13:34","guid":{"rendered":"https:\/\/soydeaqui.ddns.net\/pachuca\/index.php\/producto\/servidor-nas-para-rack-de-12-bahias-expandible-a-24-bahias-hasta-384-tb\/"},"modified":"2026-03-20T23:13:47","modified_gmt":"2026-03-20T23:13:47","slug":"servidor-nas-para-rack-de-12-bahias-expandible-a-24-bahias-hasta-384-tb","status":"publish","type":"product","link":"https:\/\/soydeaqui.ddns.net\/pachuca\/index.php\/producto\/servidor-nas-para-rack-de-12-bahias-expandible-a-24-bahias-hasta-384-tb\/","title":{"rendered":"Servidor NAS para rack de 12 bah\u00edas \/ Expandible a 24 bah\u00edas \/ Hasta 384 TB"},"content":{"rendered":"<div style='width: 100%; max-width: 1200px; margin: 0 auto; font-family: sans-serif; line-height: 1.6; color: inherit; background-color: transparent;'> <!-- Banner de garant\u00eda --> <\/p>\n<div style='margin-bottom: 30px;'> <a href='https:\/\/ftp3.syscom.mx\/usuarios\/ftp\/2018\/10\/17\/be9cb\/PROCEDIMIENTO%20GARANTIA%20SYNOLOGY.pdf' style='text-decoration: none;'> <img style='width: 100%; height: auto; border: 1px solid rgba(150&comma;150&comma;150&comma;0.3); border-radius: 8px;' src='https:\/\/ftp3.syscom.mx\/usuarios\/nortega\/synology\/imagenes\/cintillo%20garantia.jpg' alt='Garant\u00eda Synology'> <\/a> <\/div>\n<p> <!-- Descripci\u00f3n general --> <\/p>\n<div style='margin-bottom: 30px; font-size: 15px; color: inherit;'>\n<p>Synology RackStation RS2418PLUS es un NAS de 12 bah\u00edas dise\u00f1ado para pymes. Proporciona almacenamiento flexible y ampliabilidad de la SSD M.2&comma; ideal para funcionar como un servidor de archivos o como destino de copia de seguridad centralizado. Se puede integrar f\u00e1cilmente en entornos virtuales y ofrece aplicaciones de almacenamiento f\u00e1ciles de usar para proteger los activos de datos de la empresa.<\/p>\n<\/p><\/div>\n<p> <!-- Secci\u00f3n de especificaciones --> <\/p>\n<div style='display: flex; flex-wrap: wrap; gap: 30px; margin-bottom: 30px;'>\n<div style='flex: 1 1 300px; min-width: 280px;'>\n<h3 style='font-size: 22px; border-bottom: 2px solid currentColor; padding-bottom: 5px; margin-top: 0; color: inherit; opacity: 0.8;'>Procesador<\/h3>\n<ul style='padding-left: 20px; font-size: 15px; color: inherit;'>\n<li style='margin-bottom: 5px;'>Intel Atom C3538<\/li>\n<li style='margin-bottom: 5px;'>64-bit<\/li>\n<li style='margin-bottom: 5px;'>N\u00facleo cu\u00e1druple 2.1GHz<\/li>\n<li style='margin-bottom: 5px;'>RAM 4GB (expandible hasta 64GB)<\/li>\n<\/ul><\/div>\n<div style='flex: 1 1 300px; min-width: 280px;'>\n<h3 style='font-size: 22px; border-bottom: 2px solid currentColor; padding-bottom: 5px; margin-top: 0; color: inherit; opacity: 0.8;'>Almacenamiento<\/h3>\n<ul style='padding-left: 20px; font-size: 15px; color: inherit;'>\n<li style='margin-bottom: 5px;'>12 Bah\u00edas para Disco Duro (no incluidos)<\/li>\n<li style='margin-bottom: 5px;'>Expandible hasta 24 Bah\u00edas con Unidad de Expansi\u00f3n RX1217<\/li>\n<li style='margin-bottom: 5px;'>Soporta discos duros HDD\/SSD de 3.5&#8217;&comma; 2.5&#8242;. SATA III y SATA II<\/li>\n<li style='margin-bottom: 5px;'>Soporta discos duros de hasta 16TB<\/li>\n<li style='margin-bottom: 5px;'>Capacidad de hasta 192TB internos y 384TB usando la Unidad de Expansi\u00f3n RX1217\/RX1217RP (usando discos de 12TB)<\/li>\n<li style='margin-bottom: 5px;'>Hot Swap<\/li>\n<\/ul><\/div>\n<div style='flex: 1 1 300px; min-width: 280px;'>\n<h3 style='font-size: 22px; border-bottom: 2px solid currentColor; padding-bottom: 5px; margin-top: 0; color: inherit; opacity: 0.8;'>RAID Compatible<\/h3>\n<ul style='padding-left: 20px; font-size: 15px; color: inherit;'>\n<li style='margin-bottom: 5px;'>Synology Hybrid RAID<\/li>\n<li style='margin-bottom: 5px;'>JBOD<\/li>\n<li style='margin-bottom: 5px;'>RAID 0<\/li>\n<li style='margin-bottom: 5px;'>RAID 1<\/li>\n<li style='margin-bottom: 5px;'>RAID 5<\/li>\n<li style='margin-bottom: 5px;'>RAID 6<\/li>\n<li style='margin-bottom: 5px;'>RAID 10<\/li>\n<\/ul><\/div>\n<div style='flex: 1 1 300px; min-width: 280px;'>\n<h3 style='font-size: 22px; border-bottom: 2px solid currentColor; padding-bottom: 5px; margin-top: 0; color: inherit; opacity: 0.8;'>Puertos<\/h3>\n<ul style='padding-left: 20px; font-size: 15px; color: inherit;'>\n<li style='margin-bottom: 5px;'>4 Puertos RJ45 Gigabit (Con Link Aggregation \/ Failover support)<\/li>\n<li style='margin-bottom: 5px;'>2 Puertos USB 3.0<\/li>\n<li style='margin-bottom: 5px;'>2 Puertos USB 2.0<\/li>\n<li style='margin-bottom: 5px;'>1 Puerto PCIe 3.0<\/li>\n<li style='margin-bottom: 5px;'>1 Puerto expansi\u00f3n<\/li>\n<\/ul><\/div>\n<div style='flex: 1 1 300px; min-width: 280px;'>\n<h3 style='font-size: 22px; border-bottom: 2px solid currentColor; padding-bottom: 5px; margin-top: 0; color: inherit; opacity: 0.8;'>Caracter\u00edsticas F\u00edsicas y El\u00e9ctricas<\/h3>\n<ul style='padding-left: 20px; font-size: 15px; color: inherit;'>\n<li style='margin-bottom: 5px;'>Alimentaci\u00f3n: 100 a 240VCA (Incluye fuente de alimentaci\u00f3n)<\/li>\n<li style='margin-bottom: 5px;'>Consumo: 70.58W<\/li>\n<li style='margin-bottom: 5px;'>Temperatura de operaci\u00f3n: 5 a 35 \u00b0C<\/li>\n<li style='margin-bottom: 5px;'>Dimensiones: 88 X 430.5 X 664 mm<\/li>\n<li style='margin-bottom: 5px;'>Peso: 13.22 Kg<\/li>\n<li style='margin-bottom: 5px;'>Para instalaci\u00f3n en rack de 4 postes (utilizar RKS1317)<\/li>\n<\/ul><\/div>\n<\/p><\/div>\n<p> <!-- Secci\u00f3n de videovigilancia --> <\/p>\n<div style='margin-bottom: 30px;'>\n<h3 style='font-size: 22px; border-bottom: 2px solid currentColor; padding-bottom: 5px; margin-top: 0; color: inherit; opacity: 0.8;'>Videovigilancia<\/h3>\n<ul style='padding-left: 20px; font-size: 15px; color: inherit;'>\n<li style='margin-bottom: 5px;'>Soporta hasta 40 c\u00e1maras (incluye 2 licencias)<\/li>\n<li style='margin-bottom: 5px;'>Soporta c\u00e1maras hasta 4K (ver <a href='https:\/\/www.synology.com\/es-mx\/support\/nas_selector' style='color: inherit; text-decoration: underline;' target='_blank' rel='noopener'>listado de compatibilidad<\/a>)<\/li>\n<\/ul>\n<div style='margin-top: 15px;'>\n<h4 style='font-size: 18px; margin-top: 0; color: inherit;'>Cuadros por segundo totales con H.264<\/h4>\n<ul style='padding-left: 20px; font-size: 15px; color: inherit;'>\n<li style='margin-bottom: 5px;'>1200 FPS @ 720p (1280&#215;720)<\/li>\n<li style='margin-bottom: 5px;'>900 FPS @ 1080p (1920\u00d71080)<\/li>\n<li style='margin-bottom: 5px;'>520 FPS @ 3M (2048&#215;1536)<\/li>\n<li style='margin-bottom: 5px;'>320 FPS @ 5M (2591&#215;1944)<\/li>\n<li style='margin-bottom: 5px;'>420 FPS @ 4K (3840&#215;2160)<\/li>\n<\/ul><\/div>\n<div style='margin-top: 15px;'>\n<h4 style='font-size: 18px; margin-top: 0; color: inherit;'>Cuadros por segundo totales con H.265<\/h4>\n<ul style='padding-left: 20px; font-size: 15px; color: inherit;'>\n<li style='margin-bottom: 5px;'>1200 FPS @ 720p (1280&#215;720)<\/li>\n<li style='margin-bottom: 5px;'>1200 FPS @ 1080p (1920\u00d71080)<\/li>\n<li style='margin-bottom: 5px;'>880 FPS @ 3M (2048&#215;1536)<\/li>\n<li style='margin-bottom: 5px;'>520 FPS @ 5M (2591&#215;1944)<\/li>\n<li style='margin-bottom: 5px;'>400 FPS @ 4K (3840&#215;2160)<\/li>\n<\/ul><\/div>\n<div style='margin-top: 15px;'>\n<h4 style='font-size: 18px; margin-top: 0; color: inherit;'>Cuadros por segundo totales con MJPEG<\/h4>\n<ul style='padding-left: 20px; font-size: 15px; color: inherit;'>\n<li style='margin-bottom: 5px;'>560 FPS @ 720p (1280&#215;720)<\/li>\n<li style='margin-bottom: 5px;'>270 FPS @ 1080p (1920\u00d71080)<\/li>\n<li style='margin-bottom: 5px;'>190 FPS @ 3M (2048&#215;1536)<\/li>\n<li style='margin-bottom: 5px;'>110 FPS @ 5M (2591&#215;1944)<\/li>\n<\/ul><\/div>\n<p> <!-- Im\u00e1genes de videovigilancia --> <\/p>\n<div style='display: flex; flex-wrap: wrap; gap: 20px; margin-top: 20px;'>\n<div style='flex: 1 1 45%; min-width: 280px;'> <img style='width: 100%; height: auto; border: 1px solid rgba(150&comma;150&comma;150&comma;0.3); border-radius: 8px;' src='https:\/\/ftp3.syscom.mx\/usuarios\/nortega\/synology\/imagenes\/surveillance\/livecam.jpg' alt='Videovigilancia Synology'> <\/div>\n<div style='flex: 1 1 45%; min-width: 280px;'> <img style='width: 100%; height: auto; border: 1px solid rgba(150&comma;150&comma;150&comma;0.3); border-radius: 8px;' src='https:\/\/ftp3.syscom.mx\/usuarios\/nortega\/synology\/imagenes\/surveillance\/livecam.jpg' alt='Videovigilancia Synology'> <\/div>\n<\/p><\/div>\n<div style='margin-top: 20px; font-size: 15px; color: inherit;'>\n<p>Grabe directamente desde su celular (iOS) con la aplicaci\u00f3n LiveCam&comma; sin necesidad de abrir puertos ni tener IP Publica Fija.<\/p>\n<\/p><\/div>\n<\/p><\/div>\n<p> <!-- Secci\u00f3n de software --> <\/p>\n<div style='margin-bottom: 30px;'>\n<h3 style='font-size: 22px; border-bottom: 2px solid currentColor; padding-bottom: 5px; margin-top: 0; color: inherit; opacity: 0.8;'>Software<\/h3>\n<div style='font-size: 15px; color: inherit;'>\n<p>Synology DiskStation Manager (DSM) es un elegante sistema operativo basado en navegador&comma; lo que hace que Synology NAS sea muy f\u00e1cil de utilizar.<\/p>\n<p>Para conocer todas las aplicaciones adicionales (Add-Ons)&comma; como Servidor de Archivos&comma; de correo&comma; FTP&comma; impresi\u00f3n&comma; fotos&comma; videos y muchos m\u00e1s&comma; consulte la Hoja de Especificaciones.<\/p>\n<\/p><\/div>\n<\/p><\/div>\n<p> <!-- Selector de NAS --> <\/p>\n<div style='margin-bottom: 30px;'>\n<h3 style='font-size: 22px; border-bottom: 2px solid currentColor; padding-bottom: 5px; margin-top: 0; color: inherit; opacity: 0.8;'>Selector de NAS<\/h3>\n<div style='font-size: 15px; color: inherit;'>\n<p>\u00bfQue servidor NAS es el mas adecuado para usted?<\/p>\n<p><a href='https:\/\/www.synology.com\/es-mx\/support\/nas_selector' style='color: inherit; text-decoration: underline;' target='_blank' rel='noopener'>https:\/\/www.synology.com\/es-mx\/support\/nas_selector<\/a><\/p>\n<\/p><\/div>\n<\/p><\/div>\n<p> <!-- Separador final --> <\/p>\n<hr style='border: 0; border-top: 1px solid rgba(150&comma; 150&comma; 150&comma; 0.3); margin: 30px 0;'> <\/div>\n","protected":false},"excerpt":{"rendered":"<p>Servidor NAS para rack de 12 bah\u00edas \/ Expandible a 24 bah\u00edas \/ Hasta 384 TB<\/p>\n","protected":false},"featured_media":114028,"comment_status":"open","ping_status":"closed","template":"","meta":[],"product_brand":[],"product_cat":[2234],"product_tag":[122,2235,1976],"class_list":{"0":"post-114029","1":"product","2":"type-product","3":"status-publish","4":"has-post-thumbnail","6":"product_cat-nvrs-network-video-recorders","7":"product_tag-camaras-ip-y-nvrs","8":"product_tag-nvrs-network-video-recorders","9":"product_tag-synology","11":"first","12":"outofstock","13":"sale","14":"shipping-taxable","15":"purchasable","16":"product-type-simple"},"_links":{"self":[{"href":"https:\/\/soydeaqui.ddns.net\/pachuca\/index.php\/wp-json\/wp\/v2\/product\/114029","targetHints":{"allow":["GET"]}}],"collection":[{"href":"https:\/\/soydeaqui.ddns.net\/pachuca\/index.php\/wp-json\/wp\/v2\/product"}],"about":[{"href":"https:\/\/soydeaqui.ddns.net\/pachuca\/index.php\/wp-json\/wp\/v2\/types\/product"}],"replies":[{"embeddable":true,"href":"https:\/\/soydeaqui.ddns.net\/pachuca\/index.php\/wp-json\/wp\/v2\/comments?post=114029"}],"wp:featuredmedia":[{"embeddable":true,"href":"https:\/\/soydeaqui.ddns.net\/pachuca\/index.php\/wp-json\/wp\/v2\/media\/114028"}],"wp:attachment":[{"href":"https:\/\/soydeaqui.ddns.net\/pachuca\/index.php\/wp-json\/wp\/v2\/media?parent=114029"}],"wp:term":[{"taxonomy":"product_brand","embeddable":true,"href":"https:\/\/soydeaqui.ddns.net\/pachuca\/index.php\/wp-json\/wp\/v2\/product_brand?post=114029"},{"taxonomy":"product_cat","embeddable":true,"href":"https:\/\/soydeaqui.ddns.net\/pachuca\/index.php\/wp-json\/wp\/v2\/product_cat?post=114029"},{"taxonomy":"product_tag","embeddable":true,"href":"https:\/\/soydeaqui.ddns.net\/pachuca\/index.php\/wp-json\/wp\/v2\/product_tag?post=114029"}],"curies":[{"name":"wp","href":"https:\/\/api.w.org\/{rel}","templated":true}]}}