{"id":114016,"date":"2026-03-20T23:12:48","date_gmt":"2026-03-20T23:12:48","guid":{"rendered":"https:\/\/soydeaqui.ddns.net\/pachuca\/index.php\/producto\/caja-de-conexiones-para-camaras-tipo-bala-turret-domo\/"},"modified":"2026-03-20T23:12:49","modified_gmt":"2026-03-20T23:12:49","slug":"caja-de-conexiones-para-camaras-tipo-bala-turret-domo","status":"publish","type":"product","link":"https:\/\/soydeaqui.ddns.net\/pachuca\/index.php\/producto\/caja-de-conexiones-para-camaras-tipo-bala-turret-domo\/","title":{"rendered":"Caja de Conexiones para c\u00e1maras tipo bala \/ turret \/ domo"},"content":{"rendered":"<div style='width: 100%; max-width: 1200px; margin: 0 auto; font-family: sans-serif; line-height: 1.6; color: inherit; background-color: transparent;'> <!-- Secci\u00f3n de caracter\u00edsticas principales --> <\/p>\n<div style='display: flex; flex-wrap: wrap; gap: 30px; margin-bottom: 30px;'>\n<div style='flex: 1 1 300px; min-width: 280px;'>\n<h3 style='font-size: 22px; border-bottom: 2px solid currentColor; padding-bottom: 5px; margin-top: 0; color: inherit; opacity: 0.8;'>Caracter\u00edsticas principales<\/h3>\n<ul style='padding-left: 20px; font-size: 15px; color: inherit;'>\n<li style='margin-bottom: 5px;'>Incluye empaque para asegurar un correcto contacto con la pared y evitar acceso de agua y polvo<\/li>\n<li style='margin-bottom: 5px;'>Evita inducciones el\u00e9ctricas al ser material diel\u00e9ctrico<\/li>\n<li style='margin-bottom: 5px;'>Incluye todo lo necesario para fijaci\u00f3n a pared y de equipo<\/li>\n<\/ul>\n<div style='margin-top: 20px;'> <img style='width: 100%; height: auto; border: 1px solid rgba(150&comma;150&comma;150&comma;0.3); border-radius: 8px;' src='https:\/\/ftp3.syscom.mx\/usuarios\/fotos\/DS1280ZJS\/DS1280ZJS_1.png' alt=''> <\/div>\n<\/p><\/div>\n<p> <!-- Secci\u00f3n de caracter\u00edsticas f\u00edsicas --> <\/p>\n<div style='flex: 1 1 300px; min-width: 280px;'>\n<h3 style='font-size: 22px; border-bottom: 2px solid currentColor; padding-bottom: 5px; margin-top: 0; color: inherit; opacity: 0.8;'>Caracter\u00edsticas F\u00edsicas<\/h3>\n<ul style='padding-left: 20px; font-size: 15px; color: inherit;'>\n<li style='margin-bottom: 5px;'><strong>Material:<\/strong> Aleaci\u00f3n de aluminio<\/li>\n<li style='margin-bottom: 5px;'><strong>Dimensiones:<\/strong> \u03a6137 X 53.4 X 164.8mm<\/li>\n<li style='margin-bottom: 5px;'><strong>Conector:<\/strong> 25mm (1&#8242;)<\/li>\n<li style='margin-bottom: 5px;'><strong>Peso:<\/strong> 527g<\/li>\n<li style='margin-bottom: 5px;'><strong>Carga M\u00e1xima:<\/strong> 4.5Kg<\/li>\n<\/ul><\/div>\n<\/p><\/div>\n<p> <!-- Secci\u00f3n de modelos compatibles --> <\/p>\n<div style='display: flex; flex-wrap: wrap; gap: 20px; margin-bottom: 30px;'>\n<div style='flex: 1 1 300px; border: 1px solid rgba(150&comma; 150&comma; 150&comma; 0.4); border-radius: 8px; overflow: hidden; display: flex; flex-direction: column;'>\n<div style='padding: 15px; border-bottom: 1px solid rgba(150&comma; 150&comma; 150&comma; 0.2); font-weight: bold; font-size: 18px; color: inherit; background-color: rgba(0&comma; 0&comma; 139&comma; 0.1);'>Modelos Compatibles<\/div>\n<div style='padding: 15px; color: inherit;'>\n<ul style='padding-left: 20px; margin: 0; font-size: 14px; list-style-type: disc; display: grid; grid-template-columns: repeat(auto-fill&comma; minmax(120px&comma; 1fr)); gap: 8px;'>\n<li style='margin-bottom: 5px;'>IPC-B620H-Z(C)<\/li>\n<li style='margin-bottom: 5px;'>IPC-B640H-Z(C)<\/li>\n<li style='margin-bottom: 5px;'>DS-2CD2T43G2-4I<\/li>\n<li style='margin-bottom: 5px;'>DS-2CD2T43G2-4I\/28<\/li>\n<li style='margin-bottom: 5px;'>DS-2CD2047G2H-LIU<\/li>\n<li style='margin-bottom: 5px;'>DS-2CD2T83G2-4I<\/li>\n<li style='margin-bottom: 5px;'>DS-2CD2T47G2H-LI<\/li>\n<li style='margin-bottom: 5px;'>DS-2CD2T47G2H-LISU\/SL<\/li>\n<\/ul><\/div>\n<\/p><\/div>\n<div style='flex: 1 1 300px; border: 1px solid rgba(150&comma; 150&comma; 150&comma; 0.4); border-radius: 8px; overflow: hidden; display: flex; flex-direction: column;'>\n<div style='padding: 15px; border-bottom: 1px solid rgba(150&comma; 150&comma; 150&comma; 0.2); font-weight: bold; font-size: 18px; color: inherit; background-color: rgba(0&comma; 0&comma; 139&comma; 0.1);'>Modelos Compatibles<\/div>\n<div style='padding: 15px; color: inherit;'>\n<ul style='padding-left: 20px; margin: 0; font-size: 14px; list-style-type: disc; display: grid; grid-template-columns: repeat(auto-fill&comma; minmax(120px&comma; 1fr)); gap: 8px;'>\n<li style='margin-bottom: 5px;'>DS-2CD3066G2-IS(H)<\/li>\n<li style='margin-bottom: 5px;'>DS-2CD2643G2-IZS<\/li>\n<li style='margin-bottom: 5px;'>DS-2CD2087G2H-LIU\/SL<\/li>\n<li style='margin-bottom: 5px;'>DS-2CD3047G2-LS(C)<\/li>\n<li style='margin-bottom: 5px;'>DS-2CD2663G2-IZS<\/li>\n<li style='margin-bottom: 5px;'>DS-2CD2T87G2H-LI<\/li>\n<li style='margin-bottom: 5px;'>DS-2CD2T87G2H-LISU\/SL<\/li>\n<li style='margin-bottom: 5px;'>DS-2CD2T87G2H-LISU\/SL<\/li>\n<li style='margin-bottom: 5px;'>IPC-T221H-C<\/li>\n<li style='margin-bottom: 5px;'>IPC-D121H-C<\/li>\n<\/ul><\/div>\n<\/p><\/div>\n<div style='flex: 1 1 300px; border: 1px solid rgba(150&comma; 150&comma; 150&comma; 0.4); border-radius: 8px; overflow: hidden; display: flex; flex-direction: column;'>\n<div style='padding: 15px; border-bottom: 1px solid rgba(150&comma; 150&comma; 150&comma; 0.2); font-weight: bold; font-size: 18px; color: inherit; background-color: rgba(0&comma; 0&comma; 139&comma; 0.1);'>Modelos compatibles<\/div>\n<div style='padding: 15px; color: inherit;'>\n<ul style='padding-left: 20px; margin: 0; font-size: 14px; list-style-type: disc; display: grid; grid-template-columns: repeat(auto-fill&comma; minmax(120px&comma; 1fr)); gap: 8px;'>\n<li style='margin-bottom: 5px;'>DS-2CD1323G2-LIU<\/li>\n<li style='margin-bottom: 5px;'>DS-2CD1343G0-I(C)<\/li>\n<li style='margin-bottom: 5px;'>DS-2CD1363G2-LIU(F)<\/li>\n<li style='margin-bottom: 5px;'>DS-2CD1347G2-L<\/li>\n<li style='margin-bottom: 5px;'>DS-2CD1347G2H-LIUF<\/li>\n<li style='margin-bottom: 5px;'>DS-2CD1367G2H-LIUF<\/li>\n<li style='margin-bottom: 5px;'>DS-2CD1383G2-LIU(F)<\/li>\n<li style='margin-bottom: 5px;'>DS-2CE72DF3T-PIRXOS<\/li>\n<li style='margin-bottom: 5px;'>DS-2CE72UF3T-E<\/li>\n<\/ul><\/div>\n<\/p><\/div>\n<\/p><\/div>\n<p> <!-- Nota importante --> <\/p>\n<div style='margin-bottom: 30px; padding: 15px; border-left: 5px solid #00008B; background-color: rgba(255&comma; 255&comma; 255&comma; 0.05);'>\n<p style='margin: 0; font-size: 15px; color: inherit;'> <strong style='color: #e74c3c;'>Nota:<\/strong> Todos los modelos de c\u00e1maras que sean compatibles con el DS1280ZJXS es compatible con el modelo <strong style='color: inherit; background-color: rgba(255&comma; 255&comma; 255&comma; 0.1);'>DS1280ZJSAX.<\/strong> En las especificaciones t\u00e9cnicas de cada c\u00e1mara aparecen los montajes compatibles. <\/p>\n<\/p><\/div>\n<p> <!-- Imagen final --> <\/p>\n<div style='margin-bottom: 30px;'> <img style='width: 100%; height: auto; border: 1px solid rgba(150&comma;150&comma;150&comma;0.3); border-radius: 8px;' src='https:\/\/ftp3.syscom.mx\/usuarios\/jsosa\/HIKVISION\/imagenes\/banners\/solution%20complete.png' alt=''> <\/div>\n<p> <!-- Separador final --> <\/p>\n<hr style='border: 0; border-top: 1px solid rgba(150&comma; 150&comma; 150&comma; 0.3); margin: 30px 0;'> <\/div>\n","protected":false},"excerpt":{"rendered":"<p>Caja de Conexiones para c\u00e1maras tipo bala \/ turret \/ domo<\/p>\n","protected":false},"featured_media":114015,"comment_status":"open","ping_status":"closed","template":"","meta":[],"product_brand":[],"product_cat":[416],"product_tag":[417,418,939],"class_list":{"0":"post-114016","1":"product","2":"type-product","3":"status-publish","4":"has-post-thumbnail","6":"product_cat-montajes-y-brackets-para-camaras","7":"product_tag-accesorios-generales","8":"product_tag-montajes-y-brackets-para-camaras","9":"product_tag-syscom-video","11":"first","12":"instock","13":"sale","14":"shipping-taxable","15":"purchasable","16":"product-type-simple"},"_links":{"self":[{"href":"https:\/\/soydeaqui.ddns.net\/pachuca\/index.php\/wp-json\/wp\/v2\/product\/114016","targetHints":{"allow":["GET"]}}],"collection":[{"href":"https:\/\/soydeaqui.ddns.net\/pachuca\/index.php\/wp-json\/wp\/v2\/product"}],"about":[{"href":"https:\/\/soydeaqui.ddns.net\/pachuca\/index.php\/wp-json\/wp\/v2\/types\/product"}],"replies":[{"embeddable":true,"href":"https:\/\/soydeaqui.ddns.net\/pachuca\/index.php\/wp-json\/wp\/v2\/comments?post=114016"}],"wp:featuredmedia":[{"embeddable":true,"href":"https:\/\/soydeaqui.ddns.net\/pachuca\/index.php\/wp-json\/wp\/v2\/media\/114015"}],"wp:attachment":[{"href":"https:\/\/soydeaqui.ddns.net\/pachuca\/index.php\/wp-json\/wp\/v2\/media?parent=114016"}],"wp:term":[{"taxonomy":"product_brand","embeddable":true,"href":"https:\/\/soydeaqui.ddns.net\/pachuca\/index.php\/wp-json\/wp\/v2\/product_brand?post=114016"},{"taxonomy":"product_cat","embeddable":true,"href":"https:\/\/soydeaqui.ddns.net\/pachuca\/index.php\/wp-json\/wp\/v2\/product_cat?post=114016"},{"taxonomy":"product_tag","embeddable":true,"href":"https:\/\/soydeaqui.ddns.net\/pachuca\/index.php\/wp-json\/wp\/v2\/product_tag?post=114016"}],"curies":[{"name":"wp","href":"https:\/\/api.w.org\/{rel}","templated":true}]}}