{"id":113962,"date":"2026-03-20T23:09:40","date_gmt":"2026-03-20T23:09:40","guid":{"rendered":"https:\/\/soydeaqui.ddns.net\/pachuca\/index.php\/producto\/bullet-turbohd-4k-8megapixeles-lente-mot-2-7-a-13-5-mm-potente-ir-exir-de-80-mts-exterior-ip67-12-vcc-24-vca-dwdr\/"},"modified":"2026-03-20T23:09:59","modified_gmt":"2026-03-20T23:09:59","slug":"bullet-turbohd-4k-8megapixeles-lente-mot-2-7-a-13-5-mm-potente-ir-exir-de-80-mts-exterior-ip67-12-vcc-24-vca-dwdr","status":"publish","type":"product","link":"https:\/\/soydeaqui.ddns.net\/pachuca\/index.php\/producto\/bullet-turbohd-4k-8megapixeles-lente-mot-2-7-a-13-5-mm-potente-ir-exir-de-80-mts-exterior-ip67-12-vcc-24-vca-dwdr\/","title":{"rendered":"Bullet TURBOHD 4K (8Megapixeles) \/ Lente Mot. 2.7 a 13.5 mm \/ Potente IR EXIR de 80 mts \/ Exterior IP67 \/ 12 Vcc &#8211; 24 VCA \/ dWDR"},"content":{"rendered":"<div style='width: 100%; max-width: 1200px; margin: 0 auto; font-family: sans-serif; line-height: 1.6; color: inherit; background-color: transparent;'>\n<div style='display: flex; flex-wrap: wrap; gap: 30px; margin-bottom: 30px;'>\n<div style='flex: 1 1 300px; min-width: 280px;'>\n<h3 style='font-size: 22px; border-bottom: 2px solid currentColor; padding-bottom: 5px; margin-top: 0; color: inherit; opacity: 0.8;'>Caracter\u00edsticas Principales<\/h3>\n<ul style='padding-left: 20px; font-size: 15px; color: inherit;'>\n<li style='margin-bottom: 5px;'>Resoluci\u00f3n m\u00e1xima: 8.29 Megap\u00edxel (3840 x 2160)<\/li>\n<li style='margin-bottom: 5px;'>Sensor CMOS scan progresivo<\/li>\n<li style='margin-bottom: 5px;'>Lente Motorizado: 2.7 &#8211; 13.5 mm (\u00e1ngulo de visi\u00f3n 108.1 a 45.6\u00b0)<\/li>\n<li style='margin-bottom: 5px;'>80 mts IR EXIR<\/li>\n<li style='margin-bottom: 5px;'>Soporta 4 tecnolog\u00edas (TVI \/ AHD \/ CVI \/ CVBS)<\/li>\n<li style='margin-bottom: 5px;'>Permite seleccionar la resoluci\u00f3n entre 8 Megapixel \/ 5 Megapixel \/ 4 Megapixel \/ 2 Megapixel<\/li>\n<li style='margin-bottom: 5px;'>Funciones: dWDR \/ BLC \/ DNR \/ Mirror<\/li>\n<\/ul><\/div>\n<div style='flex: 1 1 300px; min-width: 280px;'>\n<h3 style='font-size: 22px; border-bottom: 2px solid currentColor; padding-bottom: 5px; margin-top: 0; color: inherit; opacity: 0.8; text-align: center;'>M\u00e1xima Compatibilidad<\/h3>\n<p> <img style='width: 100%; height: auto; border: 1px solid rgba(150&comma;150&comma;150&comma;0.3); border-radius: 8px; display: block; margin: 15px auto;' src='http:\/\/ftp3.syscom.mx\/usuarios\/anavarrete\/Noe\/imagen1.png' alt=''> <\/div>\n<div style='flex: 1 1 300px; min-width: 280px;'>\n<h3 style='font-size: 22px; border-bottom: 2px solid currentColor; padding-bottom: 5px; margin-top: 0; color: inherit; opacity: 0.8;'>Caracter\u00edsticas f\u00edsicas y el\u00e9ctricas<\/h3>\n<ul style='padding-left: 20px; font-size: 15px; color: inherit;'>\n<li style='margin-bottom: 5px;'>Temperatura de operaci\u00f3n: -40\u00baC a 60\u00baC<\/li>\n<li style='margin-bottom: 5px;'>Alimentaci\u00f3n: 9 a 15 Vcc \/ 24 VCA \/ 10.8 Watts<\/li>\n<li style='margin-bottom: 5px;'>Protecci\u00f3n: IP67<\/li>\n<li style='margin-bottom: 5px;'>Fabricado en metal y policarbonato<\/li>\n<li style='margin-bottom: 5px;'>Dimensiones: 84.5 x 92 x 255.1 mm<\/li>\n<li style='margin-bottom: 5px;'>Peso: 695 grs<\/li>\n<\/ul><\/div>\n<\/p><\/div>\n<div style='width: 100%; margin-bottom: 30px;'> <img style='width: 100%; height: auto; border: 1px solid rgba(150&comma;150&comma;150&comma;0.3); border-radius: 8px;' src='https:\/\/ftp3.syscom.mx\/usuarios\/fotos\/B8TURBOC\/189682-5-year-epcom-es_(2).png' alt=''> <\/div>\n<div style='display: flex; flex-wrap: wrap; gap: 30px; margin-bottom: 30px;'>\n<div style='flex: 1 1 300px; min-width: 280px;'>\n<div style='position: relative; padding-bottom: 56.25%; height: 0; overflow: hidden; margin-bottom: 30px;'>   <\/div>\n<\/p><\/div>\n<div style='flex: 1 1 300px; min-width: 280px;'>\n<div style='position: relative; padding-bottom: 56.25%; height: 0; overflow: hidden; margin-bottom: 30px;'>   <\/div>\n<\/p><\/div>\n<div style='flex: 1 1 300px; min-width: 280px;'>\n<div style='position: relative; padding-bottom: 56.25%; height: 0; overflow: hidden; margin-bottom: 30px;'>   <\/div>\n<\/p><\/div>\n<\/p><\/div>\n<div style='width: 100%; margin-bottom: 30px;'> <img style='width: 100%; height: auto; border: 1px solid rgba(150&comma;150&comma;150&comma;0.3); border-radius: 8px;' src='https:\/\/ftp3.syscom.mx\/usuarios\/jsosa\/GIF\/4Ka.jpg' alt=''> <\/div>\n<\/p><\/div>\n","protected":false},"excerpt":{"rendered":"<p>Bullet TURBOHD 4K (8Megapixeles) \/ Lente Mot. 2.7 a 13.5 mm \/ Potente IR EXIR de 80 mts \/ Exterior IP67 \/ 12 Vcc &#8211; 24 VCA \/ dWDR<\/p>\n","protected":false},"featured_media":113961,"comment_status":"open","ping_status":"closed","template":"","meta":[],"product_brand":[],"product_cat":[2268],"product_tag":[439,2255,2257],"class_list":{"0":"post-113962","1":"product","2":"type-product","3":"status-publish","4":"has-post-thumbnail","6":"product_cat-bala-camaras-y-dvrs-hd-turbohd-ahd-hd-tvi","7":"product_tag-bala","8":"product_tag-camaras-y-dvrs-hd-turbohd-ahd-hd-tvi","9":"product_tag-epcom-professional","11":"first","12":"instock","13":"sale","14":"shipping-taxable","15":"purchasable","16":"product-type-simple"},"_links":{"self":[{"href":"https:\/\/soydeaqui.ddns.net\/pachuca\/index.php\/wp-json\/wp\/v2\/product\/113962","targetHints":{"allow":["GET"]}}],"collection":[{"href":"https:\/\/soydeaqui.ddns.net\/pachuca\/index.php\/wp-json\/wp\/v2\/product"}],"about":[{"href":"https:\/\/soydeaqui.ddns.net\/pachuca\/index.php\/wp-json\/wp\/v2\/types\/product"}],"replies":[{"embeddable":true,"href":"https:\/\/soydeaqui.ddns.net\/pachuca\/index.php\/wp-json\/wp\/v2\/comments?post=113962"}],"wp:featuredmedia":[{"embeddable":true,"href":"https:\/\/soydeaqui.ddns.net\/pachuca\/index.php\/wp-json\/wp\/v2\/media\/113961"}],"wp:attachment":[{"href":"https:\/\/soydeaqui.ddns.net\/pachuca\/index.php\/wp-json\/wp\/v2\/media?parent=113962"}],"wp:term":[{"taxonomy":"product_brand","embeddable":true,"href":"https:\/\/soydeaqui.ddns.net\/pachuca\/index.php\/wp-json\/wp\/v2\/product_brand?post=113962"},{"taxonomy":"product_cat","embeddable":true,"href":"https:\/\/soydeaqui.ddns.net\/pachuca\/index.php\/wp-json\/wp\/v2\/product_cat?post=113962"},{"taxonomy":"product_tag","embeddable":true,"href":"https:\/\/soydeaqui.ddns.net\/pachuca\/index.php\/wp-json\/wp\/v2\/product_tag?post=113962"}],"curies":[{"name":"wp","href":"https:\/\/api.w.org\/{rel}","templated":true}]}}