{"id":113945,"date":"2026-03-20T23:08:46","date_gmt":"2026-03-20T23:08:46","guid":{"rendered":"https:\/\/soydeaqui.ddns.net\/pachuca\/index.php\/producto\/cable-rca-macho-a-macho-de-1-metro-3-28-pies-de-longitud-para-aplicaciones-de-audio-y-video-optimizado-para-hd\/"},"modified":"2026-03-20T23:08:58","modified_gmt":"2026-03-20T23:08:58","slug":"cable-rca-macho-a-macho-de-1-metro-3-28-pies-de-longitud-para-aplicaciones-de-audio-y-video-optimizado-para-hd","status":"publish","type":"product","link":"https:\/\/soydeaqui.ddns.net\/pachuca\/index.php\/producto\/cable-rca-macho-a-macho-de-1-metro-3-28-pies-de-longitud-para-aplicaciones-de-audio-y-video-optimizado-para-hd\/","title":{"rendered":"Cable RCA Macho a Macho de 1 Metro (3.28 Pies) de Longitud, para Aplicaciones de Audio y Video Optimizado para HD"},"content":{"rendered":"<div style='width: 100%; max-width: 1200px; margin: 0 auto; font-family: sans-serif; line-height: 1.6; color: inherit; background-color: transparent;'>\n<div style='display: flex; flex-wrap: wrap; gap: 30px; margin-bottom: 30px;'>\n<div style='flex: 1 1 300px; min-width: 280px;'>\n<h3 style='font-size: 22px; border-bottom: 2px solid currentColor; padding-bottom: 5px; margin-top: 0; color: inherit; opacity: 0.8;'>Caracter\u00edsticas<\/h3>\n<ul style='padding-left: 20px; font-size: 15px; color: inherit;'>\n<li style='margin-bottom: 5px;'>El cable de audio RCA de 2 a 2 macho mejora las conexiones de audio; ideal para sistemas de entretenimiento hogare\u00f1o y alta fidelidad (HiFi)<\/li>\n<li style='margin-bottom: 5px;'>2 salidas RCA (conectar a la entrada L o R) y 2 entradas RCA; la entrada puede ser de alta frecuencia (audio digital) o de baja frecuencia (subwoofer)<\/li>\n<li style='margin-bottom: 5px;'>Elimina ruidos \/ comentarios no deseados para un audio puro y claro; p\u00e9rdida de se\u00f1al m\u00ednima para audio confiablemente consistente<\/li>\n<li style='margin-bottom: 5px;'>Conectores de color rojo \/ blanco para conexiones r\u00e1pidas y sencillas de izquierda y derecha;<\/li>\n<li style='margin-bottom: 5px;'>Los conectores de color en rojo y blanco del cable permiten conexiones r\u00e1pidas y sencillas a la izquierda y a la derecha&comma; sin necesidad de conjeturas.<\/li>\n<li style='margin-bottom: 5px;'>Cable de audio de 2 a 2 RCA macho: 1 metro<\/li>\n<li style='margin-bottom: 5px;'>Con un subwoofer&comma; este cable puede aumentar significativamente los niveles de sonido&comma; sin tener que subir el volumen&comma; adem\u00e1s de eliminar el ruido \/ retroalimentaci\u00f3n no deseada para audio puro. Maximice la salida de audio de su sistema con la ayuda del cable de audio de alta calidad f\u00e1cil de usar.<\/li>\n<\/ul><\/div>\n<\/p><\/div>\n<p> <!-- Separador --> <\/p>\n<hr style='border: 0; border-top: 1px solid rgba(150&comma; 150&comma; 150&comma; 0.3); margin: 30px 0;'> <\/div>\n","protected":false},"excerpt":{"rendered":"<p>Cable RCA Macho a Macho de 1 Metro (3.28 Pies) de Longitud, para Aplicaciones de Audio y Video Optimizado para HD<\/p>\n","protected":false},"featured_media":113944,"comment_status":"open","ping_status":"closed","template":"","meta":[],"product_brand":[],"product_cat":[691],"product_tag":[692,488,507],"class_list":{"0":"post-113945","1":"product","2":"type-product","3":"status-publish","4":"has-post-thumbnail","6":"product_cat-audio-y-video-cables-y-conectores","7":"product_tag-audio-y-video","8":"product_tag-cables-y-conectores","9":"product_tag-epcom-titanium","11":"first","12":"outofstock","13":"sale","14":"shipping-taxable","15":"purchasable","16":"product-type-simple"},"_links":{"self":[{"href":"https:\/\/soydeaqui.ddns.net\/pachuca\/index.php\/wp-json\/wp\/v2\/product\/113945","targetHints":{"allow":["GET"]}}],"collection":[{"href":"https:\/\/soydeaqui.ddns.net\/pachuca\/index.php\/wp-json\/wp\/v2\/product"}],"about":[{"href":"https:\/\/soydeaqui.ddns.net\/pachuca\/index.php\/wp-json\/wp\/v2\/types\/product"}],"replies":[{"embeddable":true,"href":"https:\/\/soydeaqui.ddns.net\/pachuca\/index.php\/wp-json\/wp\/v2\/comments?post=113945"}],"wp:featuredmedia":[{"embeddable":true,"href":"https:\/\/soydeaqui.ddns.net\/pachuca\/index.php\/wp-json\/wp\/v2\/media\/113944"}],"wp:attachment":[{"href":"https:\/\/soydeaqui.ddns.net\/pachuca\/index.php\/wp-json\/wp\/v2\/media?parent=113945"}],"wp:term":[{"taxonomy":"product_brand","embeddable":true,"href":"https:\/\/soydeaqui.ddns.net\/pachuca\/index.php\/wp-json\/wp\/v2\/product_brand?post=113945"},{"taxonomy":"product_cat","embeddable":true,"href":"https:\/\/soydeaqui.ddns.net\/pachuca\/index.php\/wp-json\/wp\/v2\/product_cat?post=113945"},{"taxonomy":"product_tag","embeddable":true,"href":"https:\/\/soydeaqui.ddns.net\/pachuca\/index.php\/wp-json\/wp\/v2\/product_tag?post=113945"}],"curies":[{"name":"wp","href":"https:\/\/api.w.org\/{rel}","templated":true}]}}