{"id":113939,"date":"2026-03-20T23:08:27","date_gmt":"2026-03-20T23:08:27","guid":{"rendered":"https:\/\/soydeaqui.ddns.net\/pachuca\/index.php\/producto\/burbuja-ahumada-para-domos-qnd-6010r-20r-30r-y-qnd-7010r-20r-30r\/"},"modified":"2026-03-20T23:08:30","modified_gmt":"2026-03-20T23:08:30","slug":"burbuja-ahumada-para-domos-qnd-6010r-20r-30r-y-qnd-7010r-20r-30r","status":"publish","type":"product","link":"https:\/\/soydeaqui.ddns.net\/pachuca\/index.php\/producto\/burbuja-ahumada-para-domos-qnd-6010r-20r-30r-y-qnd-7010r-20r-30r\/","title":{"rendered":"Burbuja ahumada para domos QND-6010R\/20R\/30R y QND-7010R\/20R\/30R"},"content":{"rendered":"<div style='width: 100%; max-width: 1200px; margin: 0 auto; font-family: sans-serif; line-height: 1.6; color: inherit; background-color: transparent;'> <!-- Secci\u00f3n de contenido con flex\/grid --> <\/p>\n<div style='display: flex; flex-wrap: wrap; gap: 30px; margin-bottom: 30px;'>\n<div style='flex: 1 1 300px; min-width: 280px;'>\n<h3 style='font-size: 22px; border-bottom: 2px solid currentColor; padding-bottom: 5px; margin-top: 0; color: inherit; opacity: 0.8;'>Caracter\u00edsticas principales<\/h3>\n<ul style='padding-left: 20px; font-size: 15px; color: inherit;'>\n<li style='margin-bottom: 5px;'>Compatible con modelos QND-6010R a QND-7030R<\/li>\n<li style='margin-bottom: 5px;'>Resoluci\u00f3n Full HD para im\u00e1genes n\u00edtidas<\/li>\n<li style='margin-bottom: 5px;'>Lente varifocal ajustable para flexibilidad<\/li>\n<li style='margin-bottom: 5px;'>Rango din\u00e1mico amplio mejorado para condiciones desiguales<\/li>\n<li style='margin-bottom: 5px;'>Construcci\u00f3n robusta para uso en exteriores<\/li>\n<\/ul><\/div>\n<\/p><\/div>\n<p> <!-- Secci\u00f3n de compatibilidad --> <\/p>\n<div style='display: flex; flex-wrap: wrap; gap: 30px; margin-bottom: 30px;'>\n<div style='flex: 1 1 300px; min-width: 280px;'>\n<h3 style='font-size: 22px; border-bottom: 2px solid currentColor; padding-bottom: 5px; margin-top: 0; color: inherit; opacity: 0.8;'>Compatibilidad<\/h3>\n<ul style='padding-left: 20px; font-size: 15px; color: inherit;'>\n<li style='margin-bottom: 5px;'><a href='https:\/\/www.syscom.mx\/producto\/QND-6010R-SAMSUNG-WISENET-(HANWHA)-88483.html' style='color: inherit; text-decoration: none; border-bottom: 1px dotted currentColor; opacity: 0.8; transition: opacity 0.3s;' onmouseover='this.style.opacity='1'' onmouseout='this.style.opacity='0.8''>QND-6010R<\/a><\/li>\n<li style='margin-bottom: 5px;'><a href='https:\/\/www.syscom.mx\/producto\/QND-6020R-SAMSUNG-WISENET-(HANWHA)-88493.html' style='color: inherit; text-decoration: none; border-bottom: 1px dotted currentColor; opacity: 0.8; transition: opacity 0.3s;' onmouseover='this.style.opacity='1'' onmouseout='this.style.opacity='0.8''>QND-6020R<\/a><\/li>\n<li style='margin-bottom: 5px;'><a href='https:\/\/www.syscom.mx\/producto\/QND-6030R-SAMSUNG-WISENET-(HANWHA)-88484.html' style='color: inherit; text-decoration: none; border-bottom: 1px dotted currentColor; opacity: 0.8; transition: opacity 0.3s;' onmouseover='this.style.opacity='1'' onmouseout='this.style.opacity='0.8''>QND-6030R<\/a><\/li>\n<li style='margin-bottom: 5px;'><a href='https:\/\/www.syscom.mx\/producto\/QND-6030R-SAMSUNG-WISENET-(HANWHA)-88484.html' style='color: inherit; text-decoration: none; border-bottom: 1px dotted currentColor; opacity: 0.8; transition: opacity 0.3s;' onmouseover='this.style.opacity='1'' onmouseout='this.style.opacity='0.8''>QND<\/a><a href='https:\/\/www.syscom.mx\/producto\/QND-7010R-SAMSUNG-WISENET-(HANWHA)-88487.html' style='color: inherit; text-decoration: none; border-bottom: 1px dotted currentColor; opacity: 0.8; transition: opacity 0.3s;' onmouseover='this.style.opacity='1'' onmouseout='this.style.opacity='0.8''>-7010R<\/a><\/li>\n<li style='margin-bottom: 5px;'><a href='https:\/\/www.syscom.mx\/producto\/QND-7020R-SAMSUNG-WISENET-(HANWHA)-88477.html' style='color: inherit; text-decoration: none; border-bottom: 1px dotted currentColor; opacity: 0.8; transition: opacity 0.3s;' onmouseover='this.style.opacity='1'' onmouseout='this.style.opacity='0.8''>QND-7020R<\/a><\/li>\n<li style='margin-bottom: 5px;'><a href='https:\/\/www.syscom.mx\/producto\/QND-7030R-SAMSUNG-WISENET-(HANWHA)-88478.html' style='color: inherit; text-decoration: none; border-bottom: 1px dotted currentColor; opacity: 0.8; transition: opacity 0.3s;' onmouseover='this.style.opacity='1'' onmouseout='this.style.opacity='0.8''>QND-7030R<\/a><\/li>\n<\/ul><\/div>\n<\/p><\/div>\n<p> <!-- Secci\u00f3n de garant\u00eda --> <\/p>\n<div style='display: flex; flex-wrap: wrap; gap: 30px; margin-bottom: 30px;'>\n<div style='flex: 1 1 300px; min-width: 280px;'>\n<h3 style='font-size: 22px; border-bottom: 2px solid currentColor; padding-bottom: 5px; margin-top: 0; color: inherit; opacity: 0.8;'>Garant\u00eda<\/h3>\n<p style='font-size: 15px; color: inherit; margin: 0;'><strong>Garant\u00eda: 3 a\u00f1os.<\/strong><\/p>\n<\/p><\/div>\n<\/p><\/div>\n<p> <!-- Separador --> <\/p>\n<hr style='border: 0; border-top: 1px solid rgba(150&comma; 150&comma; 150&comma; 0.3); margin: 30px 0;'> <\/div>\n","protected":false},"excerpt":{"rendered":"<p>Burbuja ahumada para domos QND-6010R\/20R\/30R y QND-7010R\/20R\/30R<\/p>\n","protected":false},"featured_media":113938,"comment_status":"open","ping_status":"closed","template":"","meta":[],"product_brand":[],"product_cat":[2309],"product_tag":[417,2310,1055],"class_list":{"0":"post-113939","1":"product","2":"type-product","3":"status-publish","4":"has-post-thumbnail","6":"product_cat-gabinetes-para-camaras","7":"product_tag-accesorios-generales","8":"product_tag-gabinetes-para-camaras","9":"product_tag-hanwha-vision","11":"first","12":"outofstock","13":"sale","14":"shipping-taxable","15":"purchasable","16":"product-type-simple"},"_links":{"self":[{"href":"https:\/\/soydeaqui.ddns.net\/pachuca\/index.php\/wp-json\/wp\/v2\/product\/113939","targetHints":{"allow":["GET"]}}],"collection":[{"href":"https:\/\/soydeaqui.ddns.net\/pachuca\/index.php\/wp-json\/wp\/v2\/product"}],"about":[{"href":"https:\/\/soydeaqui.ddns.net\/pachuca\/index.php\/wp-json\/wp\/v2\/types\/product"}],"replies":[{"embeddable":true,"href":"https:\/\/soydeaqui.ddns.net\/pachuca\/index.php\/wp-json\/wp\/v2\/comments?post=113939"}],"wp:featuredmedia":[{"embeddable":true,"href":"https:\/\/soydeaqui.ddns.net\/pachuca\/index.php\/wp-json\/wp\/v2\/media\/113938"}],"wp:attachment":[{"href":"https:\/\/soydeaqui.ddns.net\/pachuca\/index.php\/wp-json\/wp\/v2\/media?parent=113939"}],"wp:term":[{"taxonomy":"product_brand","embeddable":true,"href":"https:\/\/soydeaqui.ddns.net\/pachuca\/index.php\/wp-json\/wp\/v2\/product_brand?post=113939"},{"taxonomy":"product_cat","embeddable":true,"href":"https:\/\/soydeaqui.ddns.net\/pachuca\/index.php\/wp-json\/wp\/v2\/product_cat?post=113939"},{"taxonomy":"product_tag","embeddable":true,"href":"https:\/\/soydeaqui.ddns.net\/pachuca\/index.php\/wp-json\/wp\/v2\/product_tag?post=113939"}],"curies":[{"name":"wp","href":"https:\/\/api.w.org\/{rel}","templated":true}]}}