{"id":113934,"date":"2026-03-20T23:08:10","date_gmt":"2026-03-20T23:08:10","guid":{"rendered":"https:\/\/soydeaqui.ddns.net\/pachuca\/index.php\/producto\/dvr-4-megapixel-24-canales-turbohd-8-canales-ip-2-bahias-de-disco-duro-1-canal-de-audio-videoanalisis\/"},"modified":"2026-03-20T23:08:23","modified_gmt":"2026-03-20T23:08:23","slug":"dvr-4-megapixel-24-canales-turbohd-8-canales-ip-2-bahias-de-disco-duro-1-canal-de-audio-videoanalisis","status":"publish","type":"product","link":"https:\/\/soydeaqui.ddns.net\/pachuca\/index.php\/producto\/dvr-4-megapixel-24-canales-turbohd-8-canales-ip-2-bahias-de-disco-duro-1-canal-de-audio-videoanalisis\/","title":{"rendered":"DVR 4 Megapixel \/ 24 Canales TURBOHD + 8 Canales IP \/ 2 Bah\u00edas de Disco Duro \/ 1 Canal de Audio \/ Videoanalisis"},"content":{"rendered":"<div style='width: 100%; max-width: 1200px; margin: 0 auto; font-family: sans-serif; line-height: 1.6; color: inherit; background-color: transparent;'> <!-- Video --> <\/p>\n<div style='position: relative; padding-bottom: 56.25%; height: 0; overflow: hidden; margin-bottom: 30px;'>   <\/div>\n<p> <!-- Imagen --> <img style='width: 100%; height: auto; border: 1px solid rgba(150&comma;150&comma;150&comma;0.3); border-radius: 8px; margin-bottom: 30px;' src='https:\/\/ftp3.syscom.mx\/usuarios\/fotos\/DS7208HQHIK1\/97560-pentahi.jpg' alt=''> <!-- Recursos --> <\/p>\n<h3 style='font-size: 22px; border-bottom: 2px solid currentColor; padding-bottom: 5px; margin-top: 0; color: inherit; opacity: 0.8; text-align: center;'>Recursos<\/h3>\n<div style='display: flex; flex-wrap: wrap; gap: 20px; justify-content: center; margin: 30px 0;'> <a href='https:\/\/www.hikvision.com\/es-la\/support\/download\/software\/ivms4200-series\/?q=serie%20ivms4200&#038;position=1' target='_blank' rel='noopener' style='flex: 1 1 250px; min-width: 200px;'> <img style='width: 100%; height: auto; border: 1px solid rgba(150&comma;150&comma;150&comma;0.3); border-radius: 8px;' src='https:\/\/ftp3.syscom.mx\/usuarios\/gmagos\/HIK\/IP\/IPC\/Imagenes%20pagina\/Descargas%20IVMS4200.jpg' alt='IVMS4200'> <\/a> <a href='https:\/\/appstore.hikvision.com\/' target='_blank' rel='noopener' style='flex: 1 1 250px; min-width: 200px;'> <img style='width: 100%; height: auto; border: 1px solid rgba(150&comma;150&comma;150&comma;0.3); border-radius: 8px;' src='https:\/\/ftp3.syscom.mx\/usuarios\/gmagos\/HIK\/IP\/IPC\/Imagenes%20pagina\/Descargas%20de%20app.jpg' alt='App Store'> <\/a> <a href='https:\/\/ftp3.syscom.mx\/usuarios\/jsosa\/HIKVISION\/specs\/DVR\/DS72247232HQHIK2\/DS-7224%207232HQHI-K2%20V4.25.000%2020200907.pdf' target='_blank' rel='noopener' style='flex: 1 1 250px; min-width: 200px;'> <img style='width: 100%; height: auto; border: 1px solid rgba(150&comma;150&comma;150&comma;0.3); border-radius: 8px;' src='https:\/\/ftp3.syscom.mx\/usuarios\/gmagos\/HIK\/IP\/IPC\/Imagenes%20pagina\/Descarga%20de%20PDF.jpg' alt='Ficha t\u00e9cnica'> <\/a> <\/div>\n<p> <!-- Nota importante --> <\/p>\n<div style='margin: 30px 0;'>\n<p style='color: #ff0000; font-weight: bold; margin-bottom: 15px;'>Nota importante:<\/p>\n<p style='margin-bottom: 15px;'>Gracias a las nuevas actualizaciones (mejoras) ahora el DVR permite aceptar c\u00e1maras TURBOHD de 4 Megapixel que originalmente estaba dedicado a soportar 3 Megapixel&comma; el DVR podr\u00e1 grabar a 4 Megapixel Lite&comma; quiere decir que es un acoplamiento de se\u00f1al que permite aceptar c\u00e1maras de 4 Megapixel TURBOHD con grabaci\u00f3n Lite.<\/p>\n<ul style='padding-left: 20px; font-size: 14px; color: inherit;'>\n<li style='margin-bottom: 5px; color: #ff0000;'><strong>4 Megapixel Real = 2560 X 1440.<\/strong><\/li>\n<li style='margin-bottom: 5px; color: #ff0000;'><strong>4 Megapixel Lite = 1280 X 1440.<\/strong><\/li>\n<\/ul><\/div>\n<p> <!-- Caracter\u00edsticas principales --> <\/p>\n<div style='margin: 30px 0;'>\n<h3 style='font-size: 22px; border-bottom: 2px solid currentColor; padding-bottom: 5px; margin-top: 0; color: inherit; opacity: 0.8;'>Caracter\u00edsticas principales<\/h3>\n<ul style='padding-left: 20px; font-size: 14px; color: inherit;'>\n<li style='margin-bottom: 10px;'>Sistema Pentaibrido (AHD \/ TVI \/ CVI \/ Anal\u00f3gico \/ IP).<\/li>\n<li style='margin-bottom: 10px;'>Compresi\u00f3n: H.265+ \/ H.265 \/ H.264+ \/ H.264.<\/li>\n<li style='margin-bottom: 10px;'>24 Canales de v\u00eddeo TURBOHD + 8 canales IP = 32 canales en total.<\/li>\n<li style='margin-bottom: 10px;'>Permite apagar canales anal\u00f3gicos TURBOHD y poder generar canales IP&comma; podemos colocar hasta 32 canales IP en total. Por cada canal anal\u00f3gico TURBOHD que se apague se genera un canal IP adicional.<\/li>\n<li style='margin-bottom: 10px;'>1 Entrada de audio \/ 1 salida de audio.<\/li>\n<li style='margin-bottom: 10px;'>1 Puerto de red gigabit.<\/li>\n<li style='margin-bottom: 10px;'>Capacidad para 2 discos duros SATA de hasta 10 TB (20 TB en total).<\/li>\n<li style='margin-bottom: 10px;'>Salidas de v\u00eddeo (simult\u00e1neas):\n<ul style='padding-left: 25px; margin-top: 10px;'>\n<li style='margin-bottom: 5px;'>HDMI: 4K (3840\u00d72160)&comma; 2K (2560\u00d71440)&comma; 1920\u00d71080&comma; 1280\u00d71024&comma; 1280\u00d7720&comma; 1024\u00d7768<\/li>\n<li style='margin-bottom: 5px;'>VGA: 1920\u00d71080&comma; 1280\u00d71024&comma; 1280\u00d7720&comma; 1024\u00d7768.<\/li>\n<\/ul>\n<\/li>\n<li style='margin-bottom: 10px;'>Salida de video BNC en resoluci\u00f3n 4 CIF independiente.<\/li>\n<li style='margin-bottom: 10px;'>Soporta Hik-Connect (P2P).<\/li>\n<li style='margin-bottom: 10px;'>Soporta Hik-connect Domain \/ NO-IP \/ DynDNS (no soporta DDNS SYSCOM).<\/li>\n<li style='margin-bottom: 10px;'>Compatible con software cliente iVMS-4200 (Windows\/Mac) \/ Hik-Connect (Android&comma; iPhone&comma; iPad)<\/li>\n<li style='margin-bottom: 10px;'>Soporta COAXITRON para PTZ (no requiere cablear datos RS-485).<\/li>\n<\/ul><\/div>\n<p> <!-- Canales de v\u00eddeo --> <\/p>\n<div style='margin: 30px 0;'>\n<h3 style='font-size: 22px; border-bottom: 2px solid currentColor; padding-bottom: 5px; margin-top: 0; color: inherit; opacity: 0.8;'>Canales de v\u00eddeo<\/h3>\n<ul style='padding-left: 20px; font-size: 14px; color: inherit;'>\n<li style='margin-bottom: 10px;'>Tecnolog\u00eda CVI: 1080p \/ 720p.<\/li>\n<li style='margin-bottom: 10px; color: #ff0000;'><strong>Acepta c\u00e1maras de 4MP&comma; 2MP y 1MP en todos sus canales BNC (C\u00e1maras de 3MP solo en el canal 1&comma; 2&comma; 3 y 4)<\/strong>.<\/li>\n<li style='margin-bottom: 10px;'>Tecnolog\u00eda AHD: 1080p \/ 720p.<\/li>\n<li style='margin-bottom: 10px;'>Tecnolog\u00eda TURBOHD (TVI): 4 Megapixel Lite \/ 3 Megapixel \/ 1080p \/ 720p.<\/li>\n<li style='margin-bottom: 10px;'>Tecnolog\u00eda anal\u00f3gica (CVBS): 600 TVL en adelante.<\/li>\n<li style='margin-bottom: 10px;'>Tecnolog\u00eda IP: 6 Megapixel.<\/li>\n<\/ul><\/div>\n<p> <!-- Caracter\u00edsticas f\u00edsicas y el\u00e9ctricas --> <\/p>\n<div style='margin: 30px 0;'>\n<h3 style='font-size: 22px; border-bottom: 2px solid currentColor; padding-bottom: 5px; margin-top: 0; color: inherit; opacity: 0.8;'>Caracter\u00edsticas f\u00edsicas y el\u00e9ctricas<\/h3>\n<ul style='padding-left: 20px; font-size: 14px; color: inherit;'>\n<li style='margin-bottom: 10px;'>Alimentaci\u00f3n \/ consumo: 100 a 240 Vca \/ 55 Watts (sin discos duros).<\/li>\n<li style='margin-bottom: 10px;'>Temperatura de operaci\u00f3n: -10\u00b0 a 55\u00b0 C.<\/li>\n<li style='margin-bottom: 10px;'>Dimensiones: 380 x 320 x 48 mm.<\/li>\n<li style='margin-bottom: 10px;'>Peso: 2 Kgs.<\/li>\n<li style='margin-bottom: 10px;'>Garant\u00eda: 2 a\u00f1os.<\/li>\n<li style='margin-bottom: 10px;'>Compatible con gabinete met\u00e1lico GAB-VID2-R2.<\/li>\n<\/ul><\/div>\n<p> <!-- Nota final --> <\/p>\n<div style='margin: 30px 0; padding: 15px; border-left: 5px solid #ff0000; border-radius: 5px; background-color: rgba(32&comma; 33&comma; 36&comma; 0.04);'>\n<p style='margin: 0; font-size: 14px;'>Para conectar los canales IP requiere utilizar un switch\/switch poe (no incluido)<\/p>\n<\/p><\/div>\n<p> <!-- Consideraciones --> <\/p>\n<div style='margin: 30px 0;'>\n<h3 style='font-size: 22px; border-bottom: 2px solid currentColor; padding-bottom: 5px; margin-top: 0; color: inherit; opacity: 0.8;'>Consideraciones<\/h3>\n<ul style='padding-left: 20px; font-size: 14px; color: inherit;'>\n<li style='margin-bottom: 10px;'>Este producto requiere un switch o switch PoE para la conexi\u00f3n de los canales IP (no incluido).<\/li>\n<\/ul><\/div>\n<\/p><\/div>\n","protected":false},"excerpt":{"rendered":"<p>DVR 4 Megapixel \/ 24 Canales TURBOHD + 8 Canales IP \/ 2 Bah\u00edas de Disco Duro \/ 1 Canal de Audio \/ Videoanalisis<\/p>\n","protected":false},"featured_media":113933,"comment_status":"open","ping_status":"closed","template":"","meta":[],"product_brand":[],"product_cat":[2254],"product_tag":[2255,54,2256],"class_list":{"0":"post-113934","1":"product","2":"type-product","3":"status-publish","4":"has-post-thumbnail","6":"product_cat-videograbadoras-analogicas-turbohd-tvi-ahd-cvi","7":"product_tag-camaras-y-dvrs-hd-turbohd-ahd-hd-tvi","8":"product_tag-hikvision","9":"product_tag-videograbadoras-analogicas-turbohd-tvi-ahd-cvi","11":"first","12":"outofstock","13":"sale","14":"shipping-taxable","15":"purchasable","16":"product-type-simple"},"_links":{"self":[{"href":"https:\/\/soydeaqui.ddns.net\/pachuca\/index.php\/wp-json\/wp\/v2\/product\/113934","targetHints":{"allow":["GET"]}}],"collection":[{"href":"https:\/\/soydeaqui.ddns.net\/pachuca\/index.php\/wp-json\/wp\/v2\/product"}],"about":[{"href":"https:\/\/soydeaqui.ddns.net\/pachuca\/index.php\/wp-json\/wp\/v2\/types\/product"}],"replies":[{"embeddable":true,"href":"https:\/\/soydeaqui.ddns.net\/pachuca\/index.php\/wp-json\/wp\/v2\/comments?post=113934"}],"wp:featuredmedia":[{"embeddable":true,"href":"https:\/\/soydeaqui.ddns.net\/pachuca\/index.php\/wp-json\/wp\/v2\/media\/113933"}],"wp:attachment":[{"href":"https:\/\/soydeaqui.ddns.net\/pachuca\/index.php\/wp-json\/wp\/v2\/media?parent=113934"}],"wp:term":[{"taxonomy":"product_brand","embeddable":true,"href":"https:\/\/soydeaqui.ddns.net\/pachuca\/index.php\/wp-json\/wp\/v2\/product_brand?post=113934"},{"taxonomy":"product_cat","embeddable":true,"href":"https:\/\/soydeaqui.ddns.net\/pachuca\/index.php\/wp-json\/wp\/v2\/product_cat?post=113934"},{"taxonomy":"product_tag","embeddable":true,"href":"https:\/\/soydeaqui.ddns.net\/pachuca\/index.php\/wp-json\/wp\/v2\/product_tag?post=113934"}],"curies":[{"name":"wp","href":"https:\/\/api.w.org\/{rel}","templated":true}]}}