{"id":113903,"date":"2026-03-20T23:06:19","date_gmt":"2026-03-20T23:06:19","guid":{"rendered":"https:\/\/soydeaqui.ddns.net\/pachuca\/index.php\/producto\/pdu-switchable-por-toma-para-distribucion-de-energia-entrada-120-vca-nema-5-15p-con-8-salidas-nema-5-15r-horizontal-19in-1ur\/"},"modified":"2026-03-20T23:06:31","modified_gmt":"2026-03-20T23:06:31","slug":"pdu-switchable-por-toma-para-distribucion-de-energia-entrada-120-vca-nema-5-15p-con-8-salidas-nema-5-15r-horizontal-19in-1ur","status":"publish","type":"product","link":"https:\/\/soydeaqui.ddns.net\/pachuca\/index.php\/producto\/pdu-switchable-por-toma-para-distribucion-de-energia-entrada-120-vca-nema-5-15p-con-8-salidas-nema-5-15r-horizontal-19in-1ur\/","title":{"rendered":"PDU Switchable por Toma, Para Distribuci\u00f3n de Energ\u00eda, Entrada 120 Vca NEMA 5-15P, Con 8 Salidas NEMA 5-15R, Horizontal 19in, 1UR"},"content":{"rendered":"<div style='width: 100%; max-width: 1200px; margin: 0 auto; font-family: sans-serif; line-height: 1.6; color: inherit; background-color: transparent;'>\n<div style='display: flex; flex-wrap: wrap; gap: 30px; margin-bottom: 30px;'>\n<div style='flex: 1 1 300px; min-width: 280px;'> <img style='width: 100%; height: auto; border: 1px solid rgba(150&comma;150&comma;150&comma;0.3); border-radius: 8px;' src='https:\/\/ftp3.syscom.mx\/usuarios\/fotos\/logotipos\/cyberpower.png' alt='Logo CyberPower'> <\/div>\n<\/p><\/div>\n<div style='display: flex; flex-wrap: wrap; gap: 30px; margin-bottom: 30px;'>\n<div style='flex: 1 1 300px; min-width: 280px;'>\n<h3 style='font-size: 22px; border-bottom: 2px solid currentColor; padding-bottom: 5px; margin-top: 0; color: inherit; opacity: 0.8;'>Descripci\u00f3n General<\/h3>\n<p style='font-size: 15px; color: inherit;'>CyberPower PDU41001 proporciona la salida de una unidad UPS&comma; generador o red el\u00e9ctrica a m\u00faltiples dispositivos conectados en entornos de TI. La unidad admite el control remoto individual de outlets a trav\u00e9s de la red&comma; permitiendo a los administradores encender\/apagar los dispositivos conectados desde cualquier ubicaci\u00f3n. Los administradores pueden determinar la secuencia de energ\u00eda utilizada para as\u00ed encender o apagar outlets individuales. La funci\u00f3n Daisy Chain tambi\u00e9n permite que las PDU conectadas entre s\u00ed puedan ser monitoreadas y controladas bajo una sola direcci\u00f3n IP.<\/p>\n<\/p><\/div>\n<\/p><\/div>\n<div style='display: flex; flex-wrap: wrap; gap: 30px; margin-bottom: 30px;'>\n<div style='flex: 1 1 300px; min-width: 280px;'>\n<h3 style='font-size: 22px; border-bottom: 2px solid currentColor; padding-bottom: 5px; margin-top: 0; color: inherit; opacity: 0.8;'>Caracter\u00edsticas Principales<\/h3>\n<ul style='padding-left: 20px; font-size: 15px; color: inherit;'>\n<li style='margin-bottom: 5px;'>La pantalla LCD digital es configurable a color y giratoria&comma; lo que permite a los usuarios mantener y controlar f\u00e1cilmente la PDU.<\/li>\n<li style='margin-bottom: 5px;'>Los usuarios pueden cambiar los colores de la pantalla LCD para clasificar f\u00e1cilmente los dispositivos entre varias m\u00e1quinas en la sala de servidores y entornos de TI.<\/li>\n<li style='margin-bottom: 5px;'>El producto est\u00e1 integrado con un m\u00f3dulo Ethernet intercambiable en caliente&comma; que puede funcionar con el software de administraci\u00f3n de energ\u00eda PowerPanel\u00ae y la interfaz web de administraci\u00f3n de energ\u00eda para monitoreo y configuraci\u00f3n remotos en tiempo real.<\/li>\n<li style='margin-bottom: 5px;'>El registro de eventos a trav\u00e9s de un navegador web o una conexi\u00f3n de red permite a los usuarios revisar un historial de condiciones de energ\u00eda.<\/li>\n<li style='margin-bottom: 5px;'>Cuando se producen eventos de energ\u00eda espec\u00edficos&comma; se enviar\u00e1n notificaciones autom\u00e1ticas de eventos por correo electr\u00f3nico&comma; SMS o traps de SNMP a los usuarios designados para que puedan tomar medidas inmediatas.<\/li>\n<li style='margin-bottom: 5px;'>El puerto USB admite una f\u00e1cil actualizaci\u00f3n de firmware.<\/li>\n<li style='margin-bottom: 5px;'>El puerto RJ45 extra permite la conexi\u00f3n del sensor ambiental opcional (ENVIROSENSOR)&comma; que puede proporcionar monitoreo de temperatura y humedad en tiempo real en un centro de TI.<\/li>\n<\/ul><\/div>\n<\/p><\/div>\n<div style='display: flex; flex-wrap: wrap; gap: 20px; margin-bottom: 30px;'>\n<div style='flex: 1 1 250px; border: 1px solid rgba(150&comma; 150&comma; 150&comma; 0.4); border-radius: 8px; overflow: hidden; display: flex; flex-direction: column;'>\n<div style='padding: 15px; border-bottom: 1px solid rgba(150&comma; 150&comma; 150&comma; 0.2); font-weight: bold; font-size: 18px; color: inherit;'>Especificaciones T\u00e9cnicas<\/div>\n<div style='padding: 15px; color: inherit;'>\n<ul style='padding-left: 20px; margin: 0; font-size: 14px; list-style-type: disc;'>\n<li style='margin-bottom: 5px;'><strong>Voltaje nominal:<\/strong> 100-120 Vca<\/li>\n<li style='margin-bottom: 5px;'><strong>Frecuencia de entrada:<\/strong> 50Hz\/60Hz<\/li>\n<li style='margin-bottom: 5px;'><strong>Voltaje de salida:<\/strong> 100-120 Vca<\/li>\n<li style='margin-bottom: 5px;'><strong>Corriente de entrada m\u00e1xima:<\/strong> 15A (Reducido a 12A)<\/li>\n<li style='margin-bottom: 5px;'><strong>Tipo de enchufe:<\/strong> NEMA 5-15P <img style='width: 40px; height: 40px; border: 1px solid rgba(150&comma;150&comma;150&comma;0.3); border-radius: 4px; margin-left: 10px; vertical-align: middle;' src='https:\/\/www.cyberpower.com\/mx\/es\/File\/GetImageByDocId\/GeneralAttribute-235' alt='NEMA 5-15P'> <\/li>\n<li style='margin-bottom: 5px;'><strong>Longitud del cable:<\/strong> 3.7 m<\/li>\n<li style='margin-bottom: 5px;'><strong>Tipo de Tomas:<\/strong> NEMA 5-15R <img style='width: 40px; height: 40px; border: 1px solid rgba(150&comma;150&comma;150&comma;0.3); border-radius: 4px; margin-left: 10px; vertical-align: middle;' src='https:\/\/www.cyberpower.com\/mx\/es\/File\/GetImageByDocId\/GeneralAttribute-238' alt='NEMA 5-15R'> <\/li>\n<li style='margin-bottom: 5px;'><strong>Cantidad de tomas:<\/strong> 8<\/li>\n<li style='margin-bottom: 5px;'><strong>Dimensiones:<\/strong> 433 x 44 x 112 mm (Ancho x Alto x Profundidad)<\/li>\n<li style='margin-bottom: 5px;'><strong>Unidades de Rack:<\/strong> 1<\/li>\n<li style='margin-bottom: 5px;'><strong>Temperatura en funcionamiento:<\/strong> 0 a 55 \u00baC<\/li>\n<li style='margin-bottom: 5px;'><strong>Temperatura en almacenamiento:<\/strong> -15 a 60 \u00baC<\/li>\n<li style='margin-bottom: 5px;'><strong>Humedad relativa de funcionamiento:<\/strong> 0 a 95%<\/li>\n<li style='margin-bottom: 5px;'><strong>Humedad relativa en almacenamiento:<\/strong> 0 a 95%<\/li>\n<li style='margin-bottom: 5px;'><strong>Posible conexi\u00f3n de sensor de humedad y temperatura (ENVIROSENSOR):<\/strong> No incluido<\/li>\n<li style='margin-bottom: 5px;'><strong>Certificaciones:<\/strong> FCC Clase A&comma; UL60950<\/li>\n<li style='margin-bottom: 5px;'><strong>Garant\u00eda:<\/strong> 3 a\u00f1os<\/li>\n<\/ul><\/div>\n<\/p><\/div>\n<\/p><\/div>\n<\/p><\/div>\n","protected":false},"excerpt":{"rendered":"<p>PDU Switchable por Toma, Para Distribuci\u00f3n de Energ\u00eda, Entrada 120 Vca NEMA 5-15P, Con 8 Salidas NEMA 5-15R, Horizontal 19in, 1UR<\/p>\n","protected":false},"featured_media":113902,"comment_status":"open","ping_status":"closed","template":"","meta":[],"product_brand":[],"product_cat":[604],"product_tag":[606,677,605],"class_list":{"0":"post-113903","1":"product","2":"type-product","3":"status-publish","4":"has-post-thumbnail","6":"product_cat-accesorios-para-racks-y-gabinetes","7":"product_tag-accesorios-para-racks-y-gabinetes","8":"product_tag-cyberpower","9":"product_tag-racks-y-gabinetes","11":"first","12":"instock","13":"sale","14":"shipping-taxable","15":"purchasable","16":"product-type-simple"},"_links":{"self":[{"href":"https:\/\/soydeaqui.ddns.net\/pachuca\/index.php\/wp-json\/wp\/v2\/product\/113903","targetHints":{"allow":["GET"]}}],"collection":[{"href":"https:\/\/soydeaqui.ddns.net\/pachuca\/index.php\/wp-json\/wp\/v2\/product"}],"about":[{"href":"https:\/\/soydeaqui.ddns.net\/pachuca\/index.php\/wp-json\/wp\/v2\/types\/product"}],"replies":[{"embeddable":true,"href":"https:\/\/soydeaqui.ddns.net\/pachuca\/index.php\/wp-json\/wp\/v2\/comments?post=113903"}],"wp:featuredmedia":[{"embeddable":true,"href":"https:\/\/soydeaqui.ddns.net\/pachuca\/index.php\/wp-json\/wp\/v2\/media\/113902"}],"wp:attachment":[{"href":"https:\/\/soydeaqui.ddns.net\/pachuca\/index.php\/wp-json\/wp\/v2\/media?parent=113903"}],"wp:term":[{"taxonomy":"product_brand","embeddable":true,"href":"https:\/\/soydeaqui.ddns.net\/pachuca\/index.php\/wp-json\/wp\/v2\/product_brand?post=113903"},{"taxonomy":"product_cat","embeddable":true,"href":"https:\/\/soydeaqui.ddns.net\/pachuca\/index.php\/wp-json\/wp\/v2\/product_cat?post=113903"},{"taxonomy":"product_tag","embeddable":true,"href":"https:\/\/soydeaqui.ddns.net\/pachuca\/index.php\/wp-json\/wp\/v2\/product_tag?post=113903"}],"curies":[{"name":"wp","href":"https:\/\/api.w.org\/{rel}","templated":true}]}}