{"id":113881,"date":"2026-03-20T23:04:54","date_gmt":"2026-03-20T23:04:54","guid":{"rendered":"https:\/\/soydeaqui.ddns.net\/pachuca\/index.php\/producto\/sensor-con-funcion-de-conteo-de-personas-para-dvrs-moviles-xmr-epcom\/"},"modified":"2026-03-20T23:05:03","modified_gmt":"2026-03-20T23:05:03","slug":"sensor-con-funcion-de-conteo-de-personas-para-dvrs-moviles-xmr-epcom","status":"publish","type":"product","link":"https:\/\/soydeaqui.ddns.net\/pachuca\/index.php\/producto\/sensor-con-funcion-de-conteo-de-personas-para-dvrs-moviles-xmr-epcom\/","title":{"rendered":"Sensor con funcion de conteo de Personas para DVRs M\u00f3viles XMR EPCOM"},"content":{"rendered":"<div style='width: 100%; max-width: 1200px; margin: 0 auto; font-family: sans-serif; line-height: 1.6; color: inherit; background-color: transparent;'>\n<div style='display: flex; flex-wrap: wrap; margin-bottom: 30px;'>\n<div style='flex: 1 1 300px; min-width: 280px; width: 100%; max-width: 600px; margin: 0 auto; text-align: center;'> <img style='width: 100%; height: auto; max-height: 300px; border: 1px solid rgba(150&comma;150&comma;150&comma;0.3); border-radius: 8px;' src='https:\/\/ftp3.syscom.mx\/usuarios\/ftp\/single_page\/xmr-series\/xmrp2.png' alt='Sensor XMRP2'> <\/div>\n<div style='flex: 1 1 300px; min-width: 280px; width: 100%; max-width: 600px; margin: 0 auto; padding: 15px;'>\n<h1 style='font-size: 28px; color: inherit; margin-top: 0; margin-bottom: 15px;'>Obtenga el Control Total de Pasajeros con epcom\u00ae XMR<\/h1>\n<h2 style='font-size: 20px; color: inherit; opacity: 0.8; margin-top: 0;'>Sistema para Conteo de Pasajeros<\/h2>\n<\/p><\/div>\n<\/p><\/div>\n<div style='text-align: center; margin-bottom: 30px;'>\n<h2 style='font-size: 24px; color: inherit; margin-top: 0;'>Sensor con Funci\u00f3n de Conteo<\/h2>\n<\/p><\/div>\n<div style='display: flex; flex-wrap: wrap; gap: 30px; margin-bottom: 30px;'>\n<div style='flex: 1 1 300px; min-width: 280px; text-align: center;'>\n<div style='position: relative; padding-bottom: 56.25%; height: 0; overflow: hidden; margin-bottom: 15px;'>   <\/div>\n<p style='color: inherit; opacity: 0.7; font-size: 14px;'>Revisi\u00f3n de Caracter\u00edsticas (seg. 42)<\/p>\n<\/p><\/div>\n<div style='flex: 2 1 400px; min-width: 300px; text-align: center; display: none;'> <img style='width: 100%; height: auto; max-height: 300px; border: 1px solid rgba(150&comma;150&comma;150&comma;0.3); border-radius: 8px;' src='https:\/\/ftp3.syscom.mx\/usuarios\/ftp\/single_page\/xmr-series\/xmrp2.png' alt='Sensor XMRP2'> <\/div>\n<div style='flex: 1 1 300px; min-width: 280px; text-align: center;'> <a href='https:\/\/ftp3.syscom.mx\/usuarios\/ftp\/single_page\/xmr-series\/counter-aplicacion-bg.jpg' target='_blank' rel='noopener' style='text-decoration: none;'> <img style='width: 100%; height: auto; max-width: 300px; border: 1px solid rgba(150&comma;150&comma;150&comma;0.3); border-radius: 8px;' src='https:\/\/ftp3.syscom.mx\/usuarios\/ftp\/single_page\/xmr-series\/counter-aplicacion.png' alt='Aplicaci\u00f3n de conteo'> <\/a> <\/div>\n<\/p><\/div>\n<div style='display: flex; flex-wrap: wrap; justify-content: center; gap: 20px; margin-bottom: 30px;'>\n<div style='flex: 1 1 200px; min-width: 180px; text-align: center;'> <img style='width: 100px; height: auto; border: 1px solid rgba(150&comma;150&comma;150&comma;0.3); border-radius: 8px;' src='https:\/\/ftp3.syscom.mx\/usuarios\/ftp\/single_page\/xmr-series\/sensor-conteo.png' alt='Sensor de Conteo'> <\/p>\n<p style='margin-top: 10px; color: inherit;'>Sensor de Conteo<\/p>\n<\/p><\/div>\n<div style='flex: 1 1 200px; min-width: 180px; text-align: center;'> <img style='width: 100px; height: auto; border: 1px solid rgba(150&comma;150&comma;150&comma;0.3); border-radius: 8px;' src='https:\/\/ftp3.syscom.mx\/usuarios\/ftp\/single_page\/xmr-series\/TECNOLOGIA-3D.png' alt='Tecnolog\u00eda 3D'> <\/p>\n<p style='margin-top: 10px; color: inherit;'>Basada en la \u00faltima tecnolog\u00eda 3D<\/p>\n<\/p><\/div>\n<div style='flex: 1 1 200px; min-width: 180px; text-align: center;'> <img style='width: 100px; height: auto; border: 1px solid rgba(150&comma;150&comma;150&comma;0.3); border-radius: 8px;' src='https:\/\/ftp3.syscom.mx\/usuarios\/ftp\/single_page\/xmr-series\/sistema-ip.png' alt='Tecnolog\u00eda IP'> <\/p>\n<p style='margin-top: 10px; color: inherit;'>Tecnolog\u00eda IP<\/p>\n<\/p><\/div>\n<\/p><\/div>\n<div style='display: flex; flex-wrap: wrap; gap: 30px; margin-bottom: 30px;'>\n<div style='flex: 1 1 300px; min-width: 280px; text-align: center;'>\n<div style='position: relative; padding-bottom: 56.25%; height: 0; overflow: hidden; margin-bottom: 15px;'>   <\/div>\n<p> <img style='width: 100%; max-width: 150px; height: auto; border: 1px solid rgba(150&comma;150&comma;150&comma;0.3); border-radius: 8px;' src='https:\/\/ftp3.syscom.mx\/usuarios\/ftp\/single_page\/xmr-series\/vigilancia-movil.png' alt='Vigilancia M\u00f3vil'> <\/div>\n<div style='flex: 1 1 300px; min-width: 280px; text-align: center;'>\n<div style='position: relative; padding-bottom: 56.25%; height: 0; overflow: hidden; margin-bottom: 15px;'>   <\/div>\n<p> <img style='width: 100%; max-width: 150px; height: auto; border: 1px solid rgba(150&comma;150&comma;150&comma;0.3); border-radius: 8px;' src='https:\/\/ftp3.syscom.mx\/usuarios\/ftp\/single_page\/xmr-series\/conteo-video.png' alt='Conteo en video'> <\/div>\n<\/p><\/div>\n<div style='display: flex; flex-wrap: wrap; margin-bottom: 30px;'>\n<div style='flex: 1 1 100%;'>\n<h3 style='font-size: 20px; border-bottom: 2px solid currentColor; padding-bottom: 5px; margin-top: 0; color: inherit; opacity: 0.8;'>Caracter\u00edsticas<\/h3>\n<ul style='padding-left: 20px; font-size: 15px; color: inherit; list-style-type: disc;'>\n<li style='margin-bottom: 5px;'>Tecnolog\u00eda 3D<\/li>\n<li style='margin-bottom: 5px;'>Conector Tipo aviaci\u00f3n de 6 pines<\/li>\n<\/ul><\/div>\n<\/p><\/div>\n<div style='display: flex; flex-wrap: wrap; margin-bottom: 30px;'>\n<div style='flex: 1 1 100%;'>\n<h3 style='font-size: 20px; border-bottom: 2px solid currentColor; padding-bottom: 5px; margin-top: 0; color: inherit; opacity: 0.8;'>Caracter\u00edsticas F\u00edsicas y El\u00e9ctricas<\/h3>\n<ul style='padding-left: 20px; font-size: 15px; color: inherit; list-style-type: disc;'>\n<li style='margin-bottom: 5px;'>Alimentaci\u00f3n: 8~36V<\/li>\n<li style='margin-bottom: 5px;'>Temperatura de operaci\u00f3n: -40 ~ 70\u00baC<\/li>\n<li style='margin-bottom: 5px;'>Dimensiones: 120*60*32mm<\/li>\n<\/ul><\/div>\n<\/p><\/div>\n<div style='margin-bottom: 30px;'>\n<p style='color: inherit; font-weight: bold;'>Nota: Para la configuraci\u00f3n del sensor de conteo cotizar el accesorio modelo XMRCHECK<\/p>\n<\/p><\/div>\n<\/p><\/div>\n","protected":false},"excerpt":{"rendered":"<p>Sensor con funcion de conteo de Personas para DVRs M\u00f3viles XMR EPCOM<\/p>\n","protected":false},"featured_media":113880,"comment_status":"open","ping_status":"closed","template":"","meta":[],"product_brand":[],"product_cat":[2272,1406],"product_tag":[2273,1409,935,1345],"class_list":{"0":"post-113881","1":"product","2":"type-product","3":"status-publish","4":"has-post-thumbnail","6":"product_cat-camaras-moviles","7":"product_cat-videograbadoras-moviles-videovigilancia","8":"product_tag-camaras-moviles","9":"product_tag-dash-cams-y-body-cams","10":"product_tag-epcom","11":"product_tag-videograbadoras-moviles","13":"first","14":"outofstock","15":"sale","16":"shipping-taxable","17":"purchasable","18":"product-type-simple"},"_links":{"self":[{"href":"https:\/\/soydeaqui.ddns.net\/pachuca\/index.php\/wp-json\/wp\/v2\/product\/113881","targetHints":{"allow":["GET"]}}],"collection":[{"href":"https:\/\/soydeaqui.ddns.net\/pachuca\/index.php\/wp-json\/wp\/v2\/product"}],"about":[{"href":"https:\/\/soydeaqui.ddns.net\/pachuca\/index.php\/wp-json\/wp\/v2\/types\/product"}],"replies":[{"embeddable":true,"href":"https:\/\/soydeaqui.ddns.net\/pachuca\/index.php\/wp-json\/wp\/v2\/comments?post=113881"}],"wp:featuredmedia":[{"embeddable":true,"href":"https:\/\/soydeaqui.ddns.net\/pachuca\/index.php\/wp-json\/wp\/v2\/media\/113880"}],"wp:attachment":[{"href":"https:\/\/soydeaqui.ddns.net\/pachuca\/index.php\/wp-json\/wp\/v2\/media?parent=113881"}],"wp:term":[{"taxonomy":"product_brand","embeddable":true,"href":"https:\/\/soydeaqui.ddns.net\/pachuca\/index.php\/wp-json\/wp\/v2\/product_brand?post=113881"},{"taxonomy":"product_cat","embeddable":true,"href":"https:\/\/soydeaqui.ddns.net\/pachuca\/index.php\/wp-json\/wp\/v2\/product_cat?post=113881"},{"taxonomy":"product_tag","embeddable":true,"href":"https:\/\/soydeaqui.ddns.net\/pachuca\/index.php\/wp-json\/wp\/v2\/product_tag?post=113881"}],"curies":[{"name":"wp","href":"https:\/\/api.w.org\/{rel}","templated":true}]}}