{"id":113867,"date":"2026-03-20T23:04:01","date_gmt":"2026-03-20T23:04:01","guid":{"rendered":"https:\/\/soydeaqui.ddns.net\/pachuca\/index.php\/producto\/dvr-16-canales-turbohd-16-canales-ip-8-megapixel-4-bahias-de-disco-duro-4-canales-de-audio-videoanalisis-16-entradas-de-alarma-arreglo-raid-soporta-pos\/"},"modified":"2026-03-20T23:04:17","modified_gmt":"2026-03-20T23:04:17","slug":"dvr-16-canales-turbohd-16-canales-ip-8-megapixel-4-bahias-de-disco-duro-4-canales-de-audio-videoanalisis-16-entradas-de-alarma-arreglo-raid-soporta-pos","status":"publish","type":"product","link":"https:\/\/soydeaqui.ddns.net\/pachuca\/index.php\/producto\/dvr-16-canales-turbohd-16-canales-ip-8-megapixel-4-bahias-de-disco-duro-4-canales-de-audio-videoanalisis-16-entradas-de-alarma-arreglo-raid-soporta-pos\/","title":{"rendered":"DVR 16 Canales TurboHD + 16 Canales IP\/ 8 Megapixel\/ 4 Bah\u00edas de Disco Duro \/ 4 Canales de Audio \/ Videoanalisis \/ 16 Entradas de Alarma \/ Arreglo RAID \/ Soporta POS"},"content":{"rendered":"<div style='width: 100%; max-width: 1200px; margin: 0 auto; font-family: sans-serif; line-height: 1.6; color: inherit; background-color: transparent;'>\n<div style='text-align: center; width: 100%; margin-bottom: 30px;'> <img style='width: 100%; max-width: 300px; height: auto; border: 1px solid rgba(150&comma;150&comma;150&comma;0.3); border-radius: 8px;' src='http:\/\/ftp3.syscom.mx\/usuarios\/jdelafuente\/HIKVISION\/hikvision%20logo%20complete.png' alt='Logo Hikvision'> <\/div>\n<div style='position: relative; padding-bottom: 56.25%; height: 0; overflow: hidden; margin-bottom: 30px;'>   <\/div>\n<div style='display: flex; flex-wrap: wrap; gap: 30px; margin-bottom: 30px;'>\n<div style='flex: 1 1 300px; min-width: 280px;'>\n<h3 style='font-size: 22px; border-bottom: 2px solid currentColor; padding-bottom: 5px; margin-top: 0; color: inherit; opacity: 0.8;'>Caracter\u00edsticas principales<\/h3>\n<ul style='padding-left: 20px; font-size: 15px; color: inherit;'>\n<li style='margin-bottom: 5px;'>Sistema Pentaibrido (AHD \/ TVI \/ CVI \/ Anal\u00f3gico \/ IP)<\/li>\n<li style='margin-bottom: 5px;'>Compresi\u00f3n: H.265+ \/ H.265 \/ H.264+ \/ H.264<\/li>\n<li style='margin-bottom: 5px;'>16 Canales de v\u00eddeo TURBOHD + 16 canales IP = 32 canales en total<\/li>\n<li style='margin-bottom: 5px;'>4 Entradas de audio \/ 2 salidas de audio<\/li>\n<li style='margin-bottom: 5px;'>16 Entradas de alarma \/ 4 salidas de alarma<\/li>\n<li style='margin-bottom: 5px;'>1 Puerto de red gigabit<\/li>\n<li style='margin-bottom: 5px;'>Capacidad para 4 discos duros SATA de hasta 10 TB (40 TB en total)<\/li>\n<li style='margin-bottom: 5px;'>Soporta arreglo de discos RAID: 0 \/ 1 \/ 5 \/ 6 \/ 10<\/li>\n<li style='margin-bottom: 5px;'>Salidas de v\u00eddeo HDMI1 en 4K<\/li>\n<li style='margin-bottom: 5px;'>Salida de video VGA en Full HD<\/li>\n<li style='margin-bottom: 5px;'>Salida de video BNC en resoluci\u00f3n 4 CIF independiente<\/li>\n<li style='margin-bottom: 5px;'>Soporta Hik-Connect (P2P)<\/li>\n<li style='margin-bottom: 5px;'>Soporta Hik-connect Domain \/ NO-IP \/ DynDNS (no soporta DDNS SYSCOM)<\/li>\n<li style='margin-bottom: 5px;'>Compatible con software cliente iVMS-4200 (Windows\/Mac) \/ Hik-Connect (Android&comma; iPhone&comma; iPad)<\/li>\n<li style='margin-bottom: 5px;'>Soporta COAXITRON para PTZ (no requiere cablear datos RS-485)<\/li>\n<li style='margin-bottom: 5px;'>Soporta POS (punto de venta)<\/li>\n<li style='margin-bottom: 5px;'>Soporta arreglo RAID (1&comma;5&comma;6&comma;10)<\/li>\n<li style='margin-bottom: 5px;'>Compatible con gabinete met\u00e1lico GAB-VID2-R2<\/li>\n<\/ul>\n<div style='font-size: 14px; background-color: rgba(32&comma; 33&comma; 36&comma; 0.04); color: #202124; padding: 10px; border-radius: 5px; margin: 15px 0;'>Para conectar los canales IP requiere utilizar un switch\/switch poe (no incluido)<\/div>\n<\/p><\/div>\n<div style='flex: 1 1 300px; min-width: 280px;'>\n<h3 style='font-size: 22px; border-bottom: 2px solid currentColor; padding-bottom: 5px; margin-top: 0; color: inherit; opacity: 0.8;'>Canales de v\u00eddeo<\/h3>\n<p style='font-size: 15px; color: inherit;'>El DVR permite apagar canales de v\u00eddeo anal\u00f3gicas o TURBOHD y habilitar canales de v\u00eddeo IP&comma; podemos apagar todos los canales de v\u00eddeo anal\u00f3gicas o TURBOHD y poder agregar 32 canales de v\u00eddeo IP. Por cada canal de v\u00eddeo anal\u00f3gico o TURBOHD permite habilitar un canal de v\u00eddeo IP.<\/p>\n<ul style='padding-left: 20px; font-size: 15px; color: inherit;'>\n<li style='margin-bottom: 5px;'>Tecnolog\u00eda CVI: 4 Megapixel \/ 1080p \/ 720p<\/li>\n<li style='margin-bottom: 5px;'>Tecnolog\u00eda AHD: 5 Megapixel \/ 4 Megapixel \/ 1080p \/ 720p<\/li>\n<li style='margin-bottom: 5px;'>Tecnolog\u00eda TURBOHD (TVI): 8 Megapixel \/ 5 Megapixel \/ 4 Megapixel \/ 3 Megapixel \/ 1080p \/ 720p<\/li>\n<li style='margin-bottom: 5px;'>Tecnolog\u00eda anal\u00f3gica (CVBS): 700 TVL en adelante<\/li>\n<li style='margin-bottom: 5px;'>Tecnolog\u00eda IP: 8 Megapixel \/ 5 megapixel \/ 4 Megapixel \/ 3 Megapixel \/ 2 Megapixel \/ 1 Megapixel<\/li>\n<\/ul><\/div>\n<div style='flex: 1 1 300px; min-width: 280px;'>\n<h3 style='font-size: 22px; border-bottom: 2px solid currentColor; padding-bottom: 5px; margin-top: 0; color: inherit; opacity: 0.8;'>Caracter\u00edsticas f\u00edsicas y el\u00e9ctricas<\/h3>\n<ul style='padding-left: 20px; font-size: 15px; color: inherit;'>\n<li style='margin-bottom: 5px;'>Alimentaci\u00f3n \/ consumo: 100 a 240 Vca \/ 65 Watts (sin discos duros)<\/li>\n<li style='margin-bottom: 5px;'>Temperatura de operaci\u00f3n: -10\u00b0 a 55\u00b0 C<\/li>\n<li style='margin-bottom: 5px;'>Dimensiones: 445 x 390 x 70 mm<\/li>\n<li style='margin-bottom: 5px;'>Peso: 5 Kgs<\/li>\n<li style='margin-bottom: 5px;'>Garant\u00eda: 3 a\u00f1os<\/li>\n<\/ul>\n<div style='margin-top: 20px; border-left: 5px solid #ff0000; border-radius: 5px; padding: 10px; box-shadow: 2px 2px 10px rgba(216&comma;216&comma;216&comma;0.3); -webkit-box-shadow: 2px 2px 10px rgba(216&comma;216&comma;216&comma;0.3);'> <strong style='font-size: 15px; color: inherit;'>Consideraciones:<\/strong> <\/p>\n<ul style='padding-left: 20px; margin-top: 10px; font-size: 14px; color: inherit;'>\n<li style='margin-bottom: 5px;'>Para conectar los canales IP requiere utilizar un switch\/switch poe (no incluido)<\/li>\n<\/ul><\/div>\n<\/p><\/div>\n<\/p><\/div>\n<hr style='border: 0; border-top: 1px solid rgba(150&comma; 150&comma; 150&comma; 0.3); margin: 30px 0;'>\n<div style='text-align: center; margin: 30px 0;'>\n<h2 style='font-size: 20px; margin-bottom: 20px; color: inherit; opacity: 0.8;'>Recursos<\/h2>\n<div style='display: flex; flex-wrap: wrap; justify-content: center; gap: 20px;'>\n<div style='flex: 1 1 200px; max-width: 300px;'> <a style='text-decoration: none;' href='https:\/\/www.hikvision.com\/es-la\/support\/download\/software\/ivms4200-series\/?q=serie%20ivms4200&#038;position=1' target='_blank' rel='noopener'> <img style='width: 100%; height: auto; border: 1px solid rgba(150&comma;150&comma;150&comma;0.3); border-radius: 8px;' src='https:\/\/ftp3.syscom.mx\/usuarios\/gmagos\/HIK\/IP\/IPC\/Imagenes%20pagina\/Descargas%20IVMS4200.jpg' alt='IVMS4200 Software'> <\/a> <\/div>\n<div style='flex: 1 1 200px; max-width: 300px;'> <a style='text-decoration: none;' href='https:\/\/appstore.hikvision.com\/' target='_blank' rel='noopener'> <img style='width: 100%; height: auto; border: 1px solid rgba(150&comma;150&comma;150&comma;0.3); border-radius: 8px;' src='https:\/\/ftp3.syscom.mx\/usuarios\/gmagos\/HIK\/IP\/IPC\/Imagenes%20pagina\/Descargas%20de%20app.jpg' alt='Hikvision App Store'> <\/a> <\/div>\n<div style='flex: 1 1 200px; max-width: 300px;'> <a style='text-decoration: none;' href='https:\/\/ftp3.syscom.mx\/usuarios\/ftp\/2019\/08\/16\/d7515\/UD11848B%20Datasheet%20DS-7300HUHI-K4%20V4.2.0%2020180919%20(04-08-16).pdf' target='_blank' rel='noopener'> <img style='width: 100%; height: auto; border: 1px solid rgba(150&comma;150&comma;150&comma;0.3); border-radius: 8px;' src='https:\/\/ftp3.syscom.mx\/usuarios\/gmagos\/HIK\/IP\/IPC\/Imagenes%20pagina\/Descarga%20de%20PDF.jpg' alt='Ficha t\u00e9cnica PDF'> <\/a> <\/div>\n<\/p><\/div>\n<\/p><\/div>\n<\/p><\/div>\n","protected":false},"excerpt":{"rendered":"<p>DVR 16 Canales TurboHD + 16 Canales IP\/ 8 Megapixel\/ 4 Bah\u00edas de Disco Duro \/ 4 Canales de Audio \/ Videoanalisis \/ 16 Entradas de Alarma \/ Arreglo RAID \/ Soporta POS<\/p>\n","protected":false},"featured_media":113866,"comment_status":"open","ping_status":"closed","template":"","meta":[],"product_brand":[],"product_cat":[2254],"product_tag":[2255,54,2256],"class_list":{"0":"post-113867","1":"product","2":"type-product","3":"status-publish","4":"has-post-thumbnail","6":"product_cat-videograbadoras-analogicas-turbohd-tvi-ahd-cvi","7":"product_tag-camaras-y-dvrs-hd-turbohd-ahd-hd-tvi","8":"product_tag-hikvision","9":"product_tag-videograbadoras-analogicas-turbohd-tvi-ahd-cvi","11":"first","12":"outofstock","13":"sale","14":"shipping-taxable","15":"purchasable","16":"product-type-simple"},"_links":{"self":[{"href":"https:\/\/soydeaqui.ddns.net\/pachuca\/index.php\/wp-json\/wp\/v2\/product\/113867","targetHints":{"allow":["GET"]}}],"collection":[{"href":"https:\/\/soydeaqui.ddns.net\/pachuca\/index.php\/wp-json\/wp\/v2\/product"}],"about":[{"href":"https:\/\/soydeaqui.ddns.net\/pachuca\/index.php\/wp-json\/wp\/v2\/types\/product"}],"replies":[{"embeddable":true,"href":"https:\/\/soydeaqui.ddns.net\/pachuca\/index.php\/wp-json\/wp\/v2\/comments?post=113867"}],"wp:featuredmedia":[{"embeddable":true,"href":"https:\/\/soydeaqui.ddns.net\/pachuca\/index.php\/wp-json\/wp\/v2\/media\/113866"}],"wp:attachment":[{"href":"https:\/\/soydeaqui.ddns.net\/pachuca\/index.php\/wp-json\/wp\/v2\/media?parent=113867"}],"wp:term":[{"taxonomy":"product_brand","embeddable":true,"href":"https:\/\/soydeaqui.ddns.net\/pachuca\/index.php\/wp-json\/wp\/v2\/product_brand?post=113867"},{"taxonomy":"product_cat","embeddable":true,"href":"https:\/\/soydeaqui.ddns.net\/pachuca\/index.php\/wp-json\/wp\/v2\/product_cat?post=113867"},{"taxonomy":"product_tag","embeddable":true,"href":"https:\/\/soydeaqui.ddns.net\/pachuca\/index.php\/wp-json\/wp\/v2\/product_tag?post=113867"}],"curies":[{"name":"wp","href":"https:\/\/api.w.org\/{rel}","templated":true}]}}