{"id":113861,"date":"2026-03-20T23:03:38","date_gmt":"2026-03-20T23:03:38","guid":{"rendered":"https:\/\/soydeaqui.ddns.net\/pachuca\/index.php\/producto\/protector-supresor-contra-descargas-electricas-para-1-puerto-rj45-y-1-puerto-atornillable-de-4-terminales-para-proteccion-de-48-vdc\/"},"modified":"2026-03-20T23:03:55","modified_gmt":"2026-03-20T23:03:55","slug":"protector-supresor-contra-descargas-electricas-para-1-puerto-rj45-y-1-puerto-atornillable-de-4-terminales-para-proteccion-de-48-vdc","status":"publish","type":"product","link":"https:\/\/soydeaqui.ddns.net\/pachuca\/index.php\/producto\/protector-supresor-contra-descargas-electricas-para-1-puerto-rj45-y-1-puerto-atornillable-de-4-terminales-para-proteccion-de-48-vdc\/","title":{"rendered":"Protector Supresor Contra Descargas El\u00e9ctricas Para 1 Puerto RJ45 y 1 Puerto atornillable de 4 terminales Para Protecci\u00f3n de 48 VDC"},"content":{"rendered":"<div style='width: 100%; max-width: 1200px; margin: 0 auto; font-family: sans-serif; line-height: 1.6; color: inherit; background-color: transparent;'> <!-- Imagen del producto --> <\/p>\n<div style='text-align: center; margin-bottom: 20px;'> <img style='width: 100%; max-width: 300px; height: auto; border: 1px solid rgba(150&comma;150&comma;150&comma;0.3); border-radius: 8px;' src='https:\/\/ftp3.syscom.mx\/usuarios\/fotos\/ALPUF140\/80800-transtector_logo.jpg' alt='Logo Transtector'> <\/div>\n<p> <!-- Descripci\u00f3n principal --> <\/p>\n<div style='margin-bottom: 30px;'>\n<p style='text-align: justify; font-size: 15px; color: inherit;'> El protector contra sobretensiones de datos (tambi\u00e9n conocido como SPD o protector contra rayos) ALPU-TSU (2250-700) de Transtector es un SPD de estilo para exteriores que utiliza tecnolog\u00eda de punta para proteger equipos cr\u00edticos en redes de datos de protocolo sin dejar de ser transparente para el rendimiento de datos. Este protector contra sobretensiones proporciona una protecci\u00f3n eficaz contra sobretensiones el\u00e9ctricas transitorias que se generan tanto por eventos de rayos externos como por eventos de conmutaci\u00f3n internos y respalda la confiabilidad del sistema a largo plazo al absorber grandes cantidades de energ\u00eda transitoria mientras mantiene un voltaje de sujeci\u00f3n muy bajo. Los protectores contra sobretensiones Transtector Data Signal est\u00e1n disponibles en stock con env\u00edo el mismo d\u00eda. <\/p>\n<\/p><\/div>\n<p> <!-- Secci\u00f3n de caracter\u00edsticas&comma; beneficios y aplicaciones --> <\/p>\n<div style='display: flex; flex-wrap: wrap; gap: 30px; margin-bottom: 30px;'> <!-- Caracter\u00edsticas principales --> <\/p>\n<div style='flex: 1 1 300px; min-width: 280px;'>\n<div style='border: 1px solid rgba(150&comma; 150&comma; 150&comma; 0.4); border-radius: 8px; overflow: hidden; display: flex; flex-direction: column;'>\n<div style='padding: 15px; border-bottom: 1px solid rgba(150&comma; 150&comma; 150&comma; 0.2); font-weight: bold; font-size: 18px; color: inherit; background-color: rgba(149&comma; 47&comma; 87&comma; 0.1);'>Caracter\u00edsticas principales:<\/div>\n<div style='padding: 15px; color: inherit;'>\n<ul style='padding-left: 20px; margin: 0; font-size: 14px; list-style-type: disc;'>\n<li style='margin-bottom: 5px;'><strong>Voltaje:<\/strong> 48 vdc t\u00edpico &#8211; m\u00e1ximo 60 Vdc<\/li>\n<li style='margin-bottom: 5px;'><strong>Tecnolog\u00eda:<\/strong> H\u00edbrida&comma; Diodo avalancha de silicio (SASD)<\/li>\n<li style='margin-bottom: 5px;'><strong>Tiempo de respuesta:<\/strong> < 5 ns<\/li>\n<li style='margin-bottom: 5px;'><strong>Corriente de protecci\u00f3n:<\/strong> M\u00e1ximo 200 A<\/li>\n<li style='margin-bottom: 5px;'><strong>Conexi\u00f3n:<\/strong> Terminal atornillable<\/li>\n<li style='margin-bottom: 5px;'><strong>Puerto:<\/strong> RJ45 Blindado Fast Ethernet<\/li>\n<li style='margin-bottom: 5px;'><strong>Garant\u00eda:<\/strong> 1 a\u00f1o<\/li>\n<\/ul><\/div>\n<\/p><\/div>\n<\/p><\/div>\n<p> <!-- Beneficios --> <\/p>\n<div style='flex: 1 1 300px; min-width: 280px;'>\n<div style='border: 1px solid rgba(150&comma; 150&comma; 150&comma; 0.4); border-radius: 8px; overflow: hidden; display: flex; flex-direction: column;'>\n<div style='padding: 15px; border-bottom: 1px solid rgba(150&comma; 150&comma; 150&comma; 0.2); font-weight: bold; font-size: 18px; color: inherit; background-color: rgba(149&comma; 47&comma; 87&comma; 0.1);'>Beneficios:<\/div>\n<div style='padding: 15px; color: inherit;'>\n<ul style='padding-left: 20px; margin: 0; font-size: 14px; list-style-type: disc;'>\n<li style='margin-bottom: 5px;'>F\u00e1cil instalaci\u00f3n<\/li>\n<li style='margin-bottom: 5px;'><strong>Rango de temperatura:<\/strong> -40\u00b0 a 80\u00b0C<\/li>\n<li style='margin-bottom: 5px;'><strong>Peso:<\/strong> 0.7 Kg<\/li>\n<li style='margin-bottom: 5px;'><strong>Pines protegidos:<\/strong> (1&comma;2)(3&comma;6)(4&comma;5)(7&comma;8)<\/li>\n<li style='margin-bottom: 5px;'><strong>Modos de protecci\u00f3n:<\/strong> L-G\/L-L<\/li>\n<li style='margin-bottom: 5px;'><strong>Montaje:<\/strong> En poste o pared<\/li>\n<li style='margin-bottom: 5px;'><strong>Dimensiones:<\/strong> H 82.55 * W 73.66 * D 15.24 mm<\/li>\n<li style='margin-bottom: 5px;'><strong>Temperatura:<\/strong> -40 ~ 80\u00baC<\/li>\n<\/ul><\/div>\n<\/p><\/div>\n<\/p><\/div>\n<p> <!-- Aplicaciones --> <\/p>\n<div style='flex: 1 1 300px; min-width: 280px;'>\n<div style='border: 1px solid rgba(150&comma; 150&comma; 150&comma; 0.4); border-radius: 8px; overflow: hidden; display: flex; flex-direction: column;'>\n<div style='padding: 15px; border-bottom: 1px solid rgba(150&comma; 150&comma; 150&comma; 0.2); font-weight: bold; font-size: 18px; color: inherit; background-color: rgba(149&comma; 47&comma; 87&comma; 0.1);'>Aplicaciones:<\/div>\n<div style='padding: 15px; color: inherit;'>\n<ul style='padding-left: 20px; margin: 0; font-size: 14px; list-style-type: disc;'>\n<li style='margin-bottom: 5px;'>Paneles el\u00e9ctricos<\/li>\n<li style='margin-bottom: 5px;'>Control central de motores<\/li>\n<li style='margin-bottom: 5px;'>Automatizaci\u00f3n industrial<\/li>\n<li style='margin-bottom: 5px;'>Estaci\u00f3n de comunicaciones<\/li>\n<li style='margin-bottom: 5px;'>Centros de datos<\/li>\n<li style='margin-bottom: 5px;'>WIPS\/ISP<\/li>\n<\/ul><\/div>\n<\/p><\/div>\n<\/p><\/div>\n<\/p><\/div>\n<p> <!-- Separador --> <\/p>\n<hr style='border: 0; border-top: 1px solid rgba(150&comma; 150&comma; 150&comma; 0.3); margin: 30px 0;'> <\/div>\n","protected":false},"excerpt":{"rendered":"<p>Protector Supresor Contra Descargas El\u00e9ctricas Para 1 Puerto RJ45 y 1 Puerto atornillable de 4 terminales Para Protecci\u00f3n de 48 VDC<\/p>\n","protected":false},"featured_media":113860,"comment_status":"open","ping_status":"closed","template":"","meta":[],"product_brand":[],"product_cat":[953],"product_tag":[898,954,546],"class_list":{"0":"post-113861","1":"product","2":"type-product","3":"status-publish","4":"has-post-thumbnail","6":"product_cat-redes","7":"product_tag-proteccion-contra-descargas","8":"product_tag-redes","9":"product_tag-transtector","11":"first","12":"outofstock","13":"sale","14":"shipping-taxable","15":"purchasable","16":"product-type-simple"},"_links":{"self":[{"href":"https:\/\/soydeaqui.ddns.net\/pachuca\/index.php\/wp-json\/wp\/v2\/product\/113861","targetHints":{"allow":["GET"]}}],"collection":[{"href":"https:\/\/soydeaqui.ddns.net\/pachuca\/index.php\/wp-json\/wp\/v2\/product"}],"about":[{"href":"https:\/\/soydeaqui.ddns.net\/pachuca\/index.php\/wp-json\/wp\/v2\/types\/product"}],"replies":[{"embeddable":true,"href":"https:\/\/soydeaqui.ddns.net\/pachuca\/index.php\/wp-json\/wp\/v2\/comments?post=113861"}],"wp:featuredmedia":[{"embeddable":true,"href":"https:\/\/soydeaqui.ddns.net\/pachuca\/index.php\/wp-json\/wp\/v2\/media\/113860"}],"wp:attachment":[{"href":"https:\/\/soydeaqui.ddns.net\/pachuca\/index.php\/wp-json\/wp\/v2\/media?parent=113861"}],"wp:term":[{"taxonomy":"product_brand","embeddable":true,"href":"https:\/\/soydeaqui.ddns.net\/pachuca\/index.php\/wp-json\/wp\/v2\/product_brand?post=113861"},{"taxonomy":"product_cat","embeddable":true,"href":"https:\/\/soydeaqui.ddns.net\/pachuca\/index.php\/wp-json\/wp\/v2\/product_cat?post=113861"},{"taxonomy":"product_tag","embeddable":true,"href":"https:\/\/soydeaqui.ddns.net\/pachuca\/index.php\/wp-json\/wp\/v2\/product_tag?post=113861"}],"curies":[{"name":"wp","href":"https:\/\/api.w.org\/{rel}","templated":true}]}}