{"id":113845,"date":"2026-03-20T23:02:37","date_gmt":"2026-03-20T23:02:37","guid":{"rendered":"https:\/\/soydeaqui.ddns.net\/pachuca\/index.php\/producto\/dvr-1080p-lite-8-canales-turbohd-2-canales-ip-1-bahia-de-disco-duro-h-264-1-canal-de-audio-salida-de-video-full-hd\/"},"modified":"2026-03-20T23:03:01","modified_gmt":"2026-03-20T23:03:01","slug":"dvr-1080p-lite-8-canales-turbohd-2-canales-ip-1-bahia-de-disco-duro-h-264-1-canal-de-audio-salida-de-video-full-hd","status":"publish","type":"product","link":"https:\/\/soydeaqui.ddns.net\/pachuca\/index.php\/producto\/dvr-1080p-lite-8-canales-turbohd-2-canales-ip-1-bahia-de-disco-duro-h-264-1-canal-de-audio-salida-de-video-full-hd\/","title":{"rendered":"DVR 1080P Lite \/ 8 Canales TURBOHD + 2 Canales IP \/ 1 Bah\u00eda de Disco Duro \/ H.264+ \/ 1 Canal de Audio \/ Salida de v\u00eddeo Full HD"},"content":{"rendered":"<div style='width: 100%; max-width: 1200px; margin: 0 auto; font-family: sans-serif; line-height: 1.6; color: inherit; background-color: transparent;'>\n<p style='text-align: center;'><img style='width: 45%; height: auto; border: 1px solid rgba(150&comma;150&comma;150&comma;0.3); border-radius: 8px;' src='http:\/\/ftp3.syscom.mx\/usuarios\/jdelafuente\/HIKVISION\/hikvision%20logo%20complete.png' alt='Logo Hikvision'><\/p>\n<div style='position: relative; padding-bottom: 56.25%; height: 0; overflow: hidden; margin-bottom: 30px;'>   <\/div>\n<div style='display: flex; flex-wrap: wrap; gap: 30px; margin-bottom: 30px;'>\n<div style='flex: 1 1 300px; min-width: 280px;'>\n<h3 style='font-size: 22px; border-bottom: 2px solid currentColor; padding-bottom: 5px; margin-top: 0; color: inherit; opacity: 0.8;'>Caracter\u00edsticas principales<\/h3>\n<ul style='padding-left: 20px; font-size: 15px; color: inherit;'>\n<li style='margin-bottom: 5px;'>Tecnolog\u00eda TurboHD 1080P Lite Ver. 3.0<\/li>\n<li style='margin-bottom: 5px;'>Soporte de tecnolog\u00edas: HD-TVI \/ HD-CVI \/ AHD \/ Anal\u00f3gico (CVBS)<\/li>\n<li style='margin-bottom: 5px;'>Software cliente iVMS-4200<\/li>\n<li style='margin-bottom: 5px;'>Compatible con Hik-Connect P2P<\/li>\n<li style='margin-bottom: 5px;'>Soporta servicio Hik-connect Domain \/ DynDNS \/ NO-IP<\/li>\n<li style='margin-bottom: 5px;'>Soporta 8 canales TURBOHD \/ analogicos + 2 canal IP = 10 canales en total\n<ul style='margin-top: 5px; margin-bottom: 0; padding-left: 20px;'>\n<li style='margin-bottom: 5px;'><strong>NOTA:<\/strong> Permite apagar canales an\u00e1logos para agregar canales IP<\/li>\n<\/ul>\n<\/li>\n<\/ul><\/div>\n<div style='flex: 1 1 300px; min-width: 280px;'>\n<h3 style='font-size: 22px; border-bottom: 2px solid currentColor; padding-bottom: 5px; margin-top: 0; color: inherit; opacity: 0.8;'>Caracter\u00edsticas F\u00edsicas y El\u00e9ctricas<\/h3>\n<ul style='padding-left: 20px; font-size: 15px; color: inherit;'>\n<li style='margin-bottom: 5px;'><strong>Alimentaci\u00f3n:<\/strong> 12 Vcc<\/li>\n<li style='margin-bottom: 5px;'><strong>Consumo sin disco duro:<\/strong> 12 W<\/li>\n<li style='margin-bottom: 5px;'><strong>Temperatura de operaci\u00f3n:<\/strong> -10 \u00baC hasta 55 \u00baC<\/li>\n<li style='margin-bottom: 5px;'><strong>Dimensiones:<\/strong> 200 \u00d7 200 \u00d7 45 mm (W \u00d7 D \u00d7 H)<\/li>\n<li style='margin-bottom: 5px;'><strong>Peso:<\/strong> 0.8 Kg sin disco duro<\/li>\n<li style='margin-bottom: 5px;'><strong>Nota:<\/strong> No soporta canal cero<\/li>\n<li style='margin-bottom: 5px;'><strong>No es compatible con control remoto<\/strong><\/li>\n<\/ul>\n<p style='font-size: 14px; color: inherit; margin-top: 15px; background-color: rgba(32&comma; 33&comma; 36&comma; 0.04); padding: 10px; border-left: 3px solid #ff0000;'> Para conectar los canales IP requiere utilizar un switch\/switch poe (no incluido) <\/p>\n<\/p><\/div>\n<div style='flex: 1 1 300px; min-width: 280px;'>\n<h3 style='font-size: 22px; border-bottom: 2px solid currentColor; padding-bottom: 5px; margin-top: 0; color: inherit; opacity: 0.8;'>Interfaces Entradas \/ Salidas<\/h3>\n<ul style='padding-left: 20px; font-size: 15px; color: inherit;'>\n<li style='margin-bottom: 5px;'><strong>Entrada de video:<\/strong>\n<ul style='margin-top: 5px; margin-bottom: 0; padding-left: 20px;'>\n<li style='margin-bottom: 5px;'>8 canales (BNC&comma; 1.0Vp-p&comma; 75\u03a9)<\/li>\n<\/ul>\n<\/li>\n<li style='margin-bottom: 5px;'><strong>Salida de video:<\/strong>\n<ul style='margin-top: 5px; margin-bottom: 0; padding-left: 20px;'>\n<li style='margin-bottom: 5px;'>HDMI\/VGA: 1920\u00d71080&comma; 1280\u00d71024&comma; 1280\u00d7720&comma; 1024\u00d7768<\/li>\n<\/ul>\n<\/li>\n<li style='margin-bottom: 5px;'><strong>Entrada audio:<\/strong> 1 (RCA&comma; 2.0 Vp-p&comma; 1K\u03a9)<\/li>\n<li style='margin-bottom: 5px;'><strong>Salida audio:<\/strong> 1 (RCA&comma; 2.0 Vp-p&comma; 1K\u03a9)<\/li>\n<li style='margin-bottom: 5px;'><strong>Entrada alarma:<\/strong> N\/A<\/li>\n<li style='margin-bottom: 5px;'><strong>Salida alarma:<\/strong> N\/A<\/li>\n<li style='margin-bottom: 5px;'><strong>Interfaz USB:<\/strong> 2 puertos (2.0) trasero<\/li>\n<li style='margin-bottom: 5px;'><strong>Interfaz red:<\/strong> 1 puertos (RJ-45 10\/100 Mbps)<\/li>\n<li style='margin-bottom: 5px;'><strong>Capacidad HDD:<\/strong> 1 @ 6TB<\/li>\n<\/ul><\/div>\n<\/p><\/div>\n<hr style='border: 0; border-top: 1px solid rgba(150&comma; 150&comma; 150&comma; 0.3); margin: 30px 0;'>\n<div style='display: flex; flex-wrap: wrap; gap: 30px; margin-bottom: 30px;'>\n<div style='flex: 1 1 300px; min-width: 280px;'>\n<h3 style='font-size: 22px; border-bottom: 2px solid currentColor; padding-bottom: 5px; margin-top: 0; color: inherit; opacity: 0.8;'>Compresi\u00f3n y resoluci\u00f3n<\/h3>\n<ul style='padding-left: 20px; font-size: 15px; color: inherit;'>\n<li style='margin-bottom: 5px;'>H.264+ \/ H.264<\/li>\n<li style='margin-bottom: 5px;'>HD-TVI: 1080P Lite@30 IPS<\/li>\n<li style='margin-bottom: 5px;'>HD-CVI: 1080P Lite@30 IPS<\/li>\n<li style='margin-bottom: 5px;'>CVBS: WD1@30 IPS<\/li>\n<li style='margin-bottom: 5px;'>AHD: 1080P Lite@30IPS<\/li>\n<li style='margin-bottom: 5px;'>IP: 5 Megapixel<\/li>\n<\/ul><\/div>\n<\/p><\/div>\n<hr style='border: 0; border-top: 1px solid rgba(150&comma; 150&comma; 150&comma; 0.3); margin: 30px 0;'>\n<p style='text-align: center;'><img style='width: 100%; height: auto; border: 1px solid rgba(150&comma;150&comma;150&comma;0.3); border-radius: 8px;' src='http:\/\/ftp3.syscom.mx\/usuarios\/fotos\/DS7104HGHIF1\/N\/88609-baner.jpg' alt='Banner del producto'><\/p>\n<\/p><\/div>\n","protected":false},"excerpt":{"rendered":"<p>DVR 1080P Lite \/ 8 Canales TURBOHD + 2 Canales IP \/ 1 Bah\u00eda de Disco Duro \/ H.264+ \/ 1 Canal de Audio \/ Salida de v\u00eddeo Full HD<\/p>\n","protected":false},"featured_media":113844,"comment_status":"open","ping_status":"closed","template":"","meta":[],"product_brand":[],"product_cat":[2254],"product_tag":[2255,54,2256],"class_list":{"0":"post-113845","1":"product","2":"type-product","3":"status-publish","4":"has-post-thumbnail","6":"product_cat-videograbadoras-analogicas-turbohd-tvi-ahd-cvi","7":"product_tag-camaras-y-dvrs-hd-turbohd-ahd-hd-tvi","8":"product_tag-hikvision","9":"product_tag-videograbadoras-analogicas-turbohd-tvi-ahd-cvi","11":"first","12":"outofstock","13":"sale","14":"shipping-taxable","15":"purchasable","16":"product-type-simple"},"_links":{"self":[{"href":"https:\/\/soydeaqui.ddns.net\/pachuca\/index.php\/wp-json\/wp\/v2\/product\/113845","targetHints":{"allow":["GET"]}}],"collection":[{"href":"https:\/\/soydeaqui.ddns.net\/pachuca\/index.php\/wp-json\/wp\/v2\/product"}],"about":[{"href":"https:\/\/soydeaqui.ddns.net\/pachuca\/index.php\/wp-json\/wp\/v2\/types\/product"}],"replies":[{"embeddable":true,"href":"https:\/\/soydeaqui.ddns.net\/pachuca\/index.php\/wp-json\/wp\/v2\/comments?post=113845"}],"wp:featuredmedia":[{"embeddable":true,"href":"https:\/\/soydeaqui.ddns.net\/pachuca\/index.php\/wp-json\/wp\/v2\/media\/113844"}],"wp:attachment":[{"href":"https:\/\/soydeaqui.ddns.net\/pachuca\/index.php\/wp-json\/wp\/v2\/media?parent=113845"}],"wp:term":[{"taxonomy":"product_brand","embeddable":true,"href":"https:\/\/soydeaqui.ddns.net\/pachuca\/index.php\/wp-json\/wp\/v2\/product_brand?post=113845"},{"taxonomy":"product_cat","embeddable":true,"href":"https:\/\/soydeaqui.ddns.net\/pachuca\/index.php\/wp-json\/wp\/v2\/product_cat?post=113845"},{"taxonomy":"product_tag","embeddable":true,"href":"https:\/\/soydeaqui.ddns.net\/pachuca\/index.php\/wp-json\/wp\/v2\/product_tag?post=113845"}],"curies":[{"name":"wp","href":"https:\/\/api.w.org\/{rel}","templated":true}]}}