{"id":113831,"date":"2026-03-20T23:01:51","date_gmt":"2026-03-20T23:01:51","guid":{"rendered":"https:\/\/soydeaqui.ddns.net\/pachuca\/index.php\/producto\/protector-poe-contra-descargas-atmosfericas-con-tecnologia-hibrida-sasd-gdt\/"},"modified":"2026-03-20T23:01:52","modified_gmt":"2026-03-20T23:01:52","slug":"protector-poe-contra-descargas-atmosfericas-con-tecnologia-hibrida-sasd-gdt","status":"publish","type":"product","link":"https:\/\/soydeaqui.ddns.net\/pachuca\/index.php\/producto\/protector-poe-contra-descargas-atmosfericas-con-tecnologia-hibrida-sasd-gdt\/","title":{"rendered":"Protector POE Contra Descargas Atmosf\u00e9ricas Con Tecnolog\u00eda H\u00edbrida SASD-GDT"},"content":{"rendered":"<div style='width: 100%; max-width: 1200px; margin: 0 auto; font-family: sans-serif; line-height: 1.6; color: inherit; background-color: transparent;'> <!-- Logo del fabricante --> <\/p>\n<div style='width: 100%; text-align: center; margin: 20px 0;'> <img style='width: 100%; max-width: 300px; height: auto; border: 1px solid rgba(150&comma;150&comma;150&comma;0.3); border-radius: 8px;' src='https:\/\/ftp3.syscom.mx\/usuarios\/fotos\/ALPUF140\/80800-transtector_logo.jpg' alt='Logo de Transtector'> <\/div>\n<p> <!-- Descripci\u00f3n principal --> <\/p>\n<div style='margin: 30px 0; font-size: 15px;'>\n<p>El protector contra sobrecargas de datos (tambi\u00e9n conocido como SPD o protector contra rayos) DPR-F140 de Transtector es un SPD para interior que utiliza tecnolog\u00eda SASD \/ GDT de vanguardia para proteger equipos cr\u00edticos en redes de datos con protocolo PoE Gigabit Ethernet sin dejar de ser transparente al rendimiento de datos. Este protector contra descargas el\u00e9ctricas proporciona una protecci\u00f3n efectiva contra las descargas el\u00e9ctricas que se generan tanto por los eventos de rayos externos como por los eventos de conmutaci\u00f3n internos y apoya la confiabilidad del sistema a largo plazo al absorber altas cantidades de energ\u00eda transitoria mientras mantiene un voltaje de sujeci\u00f3n muy bajo.<\/p>\n<\/p><\/div>\n<p> <!-- Secci\u00f3n de caracter\u00edsticas&comma; beneficios y aplicaciones --> <\/p>\n<div style='display: flex; flex-wrap: wrap; gap: 30px; margin: 30px 0;'> <!-- Caracter\u00edsticas principales --> <\/p>\n<div style='flex: 1 1 300px; min-width: 280px;'>\n<div style='border: 1px solid rgba(150&comma;150&comma;150&comma;0.3); border-radius: 8px; overflow: hidden;'>\n<div style='padding: 15px; background-color: rgba(149&comma; 47&comma; 87&comma; 0.1); border-bottom: 1px solid rgba(150&comma;150&comma;150&comma;0.3); color: inherit;'> <strong style='font-size: 16px; color: inherit;'>Caracter\u00edsticas principales:<\/strong> <\/div>\n<div style='padding: 15px; color: inherit;'>\n<ul style='padding-left: 20px; margin: 0; font-size: 14px; list-style-type: disc; color: inherit;'>\n<li style='margin-bottom: 5px;'><span style='color: inherit;'>Puertos Gigabits.<\/span><\/li>\n<li style='margin-bottom: 5px;'><span style='color: inherit;'>RJ45 blindado.<\/span><\/li>\n<li style='margin-bottom: 5px;'><span style='color: inherit;'>Protecci\u00f3n hasta PoE++ (100W).<\/span><\/li>\n<li style='margin-bottom: 5px;'><span style='color: inherit;'>Impedancia: 100 \u03a9.<\/span><\/li>\n<li style='margin-bottom: 5px;'><span style='color: inherit;'>Tecnolog\u00eda: H\u00edbrida&comma; Diodo avalancha de silicio (SASD) y Tubo de gas (GDT).<\/span><\/li>\n<li style='margin-bottom: 5px;'><span style='color: inherit;'>Tiempo de respuesta de supresi\u00f3n < 5 ns.<\/span><\/li>\n<li style='margin-bottom: 5px;'><span style='color: inherit;'>Rango de temperatura: -40\u00b0 a 75\u00b0C.<\/span><\/li>\n<li style='margin-bottom: 5px;'><span style='color: inherit;'>Garant\u00eda 3 a\u00f1os.<\/span><\/li>\n<\/ul><\/div>\n<\/p><\/div>\n<\/p><\/div>\n<p> <!-- Beneficios --> <\/p>\n<div style='flex: 1 1 300px; min-width: 280px;'>\n<div style='border: 1px solid rgba(150&comma;150&comma;150&comma;0.3); border-radius: 8px; overflow: hidden;'>\n<div style='padding: 15px; background-color: rgba(149&comma; 47&comma; 87&comma; 0.1); border-bottom: 1px solid rgba(150&comma;150&comma;150&comma;0.3); color: inherit;'> <strong style='font-size: 16px; color: inherit;'>Beneficios:<\/strong> <\/div>\n<div style='padding: 15px; color: inherit;'>\n<ul style='padding-left: 20px; margin: 0; font-size: 14px; list-style-type: disc; color: inherit;'>\n<li style='margin-bottom: 5px;'><span style='color: inherit;'>F\u00e1cil instalaci\u00f3n.<\/span><\/li>\n<li style='margin-bottom: 5px;'><span style='color: inherit;'>Pines protegidos (1&comma;2)&comma; (3&comma;6)&comma; (4&comma;5)&comma; (7&comma;8).<\/span><\/li>\n<li style='margin-bottom: 5px;'><span style='color: inherit;'>Peso: 90.72 g.<\/span><\/li>\n<li style='margin-bottom: 5px;'><span style='color: inherit;'>Modos de protecci\u00f3n: L-G&comma; L-L&comma; S-G.<\/span><\/li>\n<li style='margin-bottom: 5px;'><span style='color: inherit;'>Montaje en DPR chasis&comma; riel DIN y pared.<\/span><\/li>\n<li style='margin-bottom: 5px;'><span style='color: inherit;'>Compatible Cat5&comma; Cat5e&comma; Cat6\/6A.<\/span><\/li>\n<\/ul><\/div>\n<\/p><\/div>\n<\/p><\/div>\n<p> <!-- Aplicaciones --> <\/p>\n<div style='flex: 1 1 300px; min-width: 280px;'>\n<div style='border: 1px solid rgba(150&comma;150&comma;150&comma;0.3); border-radius: 8px; overflow: hidden;'>\n<div style='padding: 15px; background-color: rgba(149&comma; 47&comma; 87&comma; 0.1); border-bottom: 1px solid rgba(150&comma;150&comma;150&comma;0.3); color: inherit;'> <strong style='font-size: 16px; color: inherit;'>Aplicaciones:<\/strong> <\/div>\n<div style='padding: 15px; color: inherit;'>\n<ul style='padding-left: 20px; margin: 0; font-size: 14px; list-style-type: disc; color: inherit;'>\n<li style='margin-bottom: 5px;'><span style='color: inherit;'>Enlaces inal\u00e1mbricos.<\/span><\/li>\n<li style='margin-bottom: 5px;'><span style='color: inherit;'>WISP\/ISP<\/span><\/li>\n<li style='margin-bottom: 5px;'><span style='color: inherit;'>Videovigilancia IP.<\/span><\/li>\n<li style='margin-bottom: 5px;'><span style='color: inherit;'>Centros de datos.<\/span><\/li>\n<\/ul><\/div>\n<\/p><\/div>\n<\/p><\/div>\n<\/p><\/div>\n<\/p><\/div>\n","protected":false},"excerpt":{"rendered":"<p>Protector POE Contra Descargas Atmosf\u00e9ricas Con Tecnolog\u00eda H\u00edbrida SASD-GDT<\/p>\n","protected":false},"featured_media":113830,"comment_status":"open","ping_status":"closed","template":"","meta":[],"product_brand":[],"product_cat":[953],"product_tag":[898,954,546],"class_list":{"0":"post-113831","1":"product","2":"type-product","3":"status-publish","4":"has-post-thumbnail","6":"product_cat-redes","7":"product_tag-proteccion-contra-descargas","8":"product_tag-redes","9":"product_tag-transtector","11":"first","12":"instock","13":"sale","14":"shipping-taxable","15":"purchasable","16":"product-type-simple"},"_links":{"self":[{"href":"https:\/\/soydeaqui.ddns.net\/pachuca\/index.php\/wp-json\/wp\/v2\/product\/113831","targetHints":{"allow":["GET"]}}],"collection":[{"href":"https:\/\/soydeaqui.ddns.net\/pachuca\/index.php\/wp-json\/wp\/v2\/product"}],"about":[{"href":"https:\/\/soydeaqui.ddns.net\/pachuca\/index.php\/wp-json\/wp\/v2\/types\/product"}],"replies":[{"embeddable":true,"href":"https:\/\/soydeaqui.ddns.net\/pachuca\/index.php\/wp-json\/wp\/v2\/comments?post=113831"}],"wp:featuredmedia":[{"embeddable":true,"href":"https:\/\/soydeaqui.ddns.net\/pachuca\/index.php\/wp-json\/wp\/v2\/media\/113830"}],"wp:attachment":[{"href":"https:\/\/soydeaqui.ddns.net\/pachuca\/index.php\/wp-json\/wp\/v2\/media?parent=113831"}],"wp:term":[{"taxonomy":"product_brand","embeddable":true,"href":"https:\/\/soydeaqui.ddns.net\/pachuca\/index.php\/wp-json\/wp\/v2\/product_brand?post=113831"},{"taxonomy":"product_cat","embeddable":true,"href":"https:\/\/soydeaqui.ddns.net\/pachuca\/index.php\/wp-json\/wp\/v2\/product_cat?post=113831"},{"taxonomy":"product_tag","embeddable":true,"href":"https:\/\/soydeaqui.ddns.net\/pachuca\/index.php\/wp-json\/wp\/v2\/product_tag?post=113831"}],"curies":[{"name":"wp","href":"https:\/\/api.w.org\/{rel}","templated":true}]}}