{"id":113813,"date":"2026-03-20T23:00:44","date_gmt":"2026-03-20T23:00:44","guid":{"rendered":"https:\/\/soydeaqui.ddns.net\/pachuca\/index.php\/producto\/estacion-de-carga-y-descarga-de-grabaciones-simultanea-para-8-camaras-bodycam-compatible-con-xmrx5-xmrt3s-xmrx5v2\/"},"modified":"2026-03-20T23:01:10","modified_gmt":"2026-03-20T23:01:10","slug":"estacion-de-carga-y-descarga-de-grabaciones-simultanea-para-8-camaras-bodycam-compatible-con-xmrx5-xmrt3s-xmrx5v2","status":"publish","type":"product","link":"https:\/\/soydeaqui.ddns.net\/pachuca\/index.php\/producto\/estacion-de-carga-y-descarga-de-grabaciones-simultanea-para-8-camaras-bodycam-compatible-con-xmrx5-xmrt3s-xmrx5v2\/","title":{"rendered":"Estaci\u00f3n de  Carga  y Descarga de Grabaciones  Simultanea para 8 C\u00e1maras BodyCam | Compatible con XMRX5, XMRT3S, XMRX5V2"},"content":{"rendered":"<div style='width: 100%; max-width: 1200px; margin: 0 auto; font-family: sans-serif; line-height: 1.6; color: inherit; background-color: transparent;'>\n<div style='width: 100%; max-width: 1200px; margin: 0 auto;'> <img style='width: 100%; height: auto; border: 1px solid rgba(150&comma;150&comma;150&comma;0.3); border-radius: 8px; display: block; margin: 0 auto;' src='https:\/\/ftp3.syscom.mx\/usuarios\/albamaria\/albamaria\/bodycams\/EPCOM-BODYCAMS.jpg' alt=''> <\/div>\n<div style='display: flex; flex-wrap: wrap; gap: 30px; margin-bottom: 30px;'>\n<div style='flex: 1 1 300px; min-width: 280px;'>\n<h3 style='font-size: 22px; border-bottom: 2px solid currentColor; padding-bottom: 5px; margin-top: 0; color: inherit; opacity: 0.8;'>Descripci\u00f3n<\/h3>\n<p style='font-size: 15px; color: inherit; text-align: justify;'> Estaci\u00f3n para BodyCam&comma; realiza la descarga de informaci\u00f3n y carga de bater\u00eda simult\u00e1neamente&comma; la estaci\u00f3n se conecta por Ethernet para la descarga de informaci\u00f3n a el servidor central dedicado (FTP). <\/p>\n<\/p><\/div>\n<\/p><\/div>\n<div style='display: flex; flex-wrap: wrap; gap: 20px; margin-bottom: 30px;'>\n<div style='flex: 1 1 250px; border: 1px solid rgba(150&comma; 150&comma; 150&comma; 0.4); border-radius: 8px; overflow: hidden; display: flex; flex-direction: column;'>\n<div style='padding: 15px; border-bottom: 1px solid rgba(150&comma; 150&comma; 150&comma; 0.2); font-weight: bold; font-size: 18px; color: inherit;'>Caracter\u00edsticas Principales<\/div>\n<div style='padding: 15px; color: inherit;'>\n<ul style='padding-left: 20px; margin: 0; font-size: 14px; list-style-type: disc;'>\n<li style='margin-bottom: 5px;'><strong>Pantalla:<\/strong> T\u00e1ctil de 12 pulgadas&comma; resoluci\u00f3n 1920\u00d71080<\/li>\n<li style='margin-bottom: 5px;'><strong>Memoria:<\/strong> RAM+ROM&comma; 8GB+128GB<\/li>\n<li style='margin-bottom: 5px;'><strong>Almacenamiento:<\/strong> Compatible con 3 discos (opciones de 2TB~12TB)<\/li>\n<li style='margin-bottom: 5px;'><strong>Interfaz de datos:<\/strong> Ranura de acoplamiento de 8 canales con conexi\u00f3n miniUSB.<\/li>\n<li style='margin-bottom: 5px;'><strong>Sistema Operativo:<\/strong> Android 12.0<\/li>\n<li style='margin-bottom: 5px;'><strong>Software de administraci\u00f3n:<\/strong> PMedia software<\/li>\n<li style='margin-bottom: 5px;'><strong>Pantalla de estado:<\/strong> Muestra informaci\u00f3n del dispositivo y almacenamiento<\/li>\n<li style='margin-bottom: 5px;'><strong>Carga de archivos:<\/strong> Env\u00edo autom\u00e1tico de videos al servidor central<\/li>\n<li style='margin-bottom: 5px;'><strong>Tiempo de respaldo:<\/strong> 16GB en 60 minutos (4-6 MB\/s)<\/li>\n<li style='margin-bottom: 5px;'><strong>Recarga:<\/strong> 8 c\u00e1maras en 4h45m (apagado) o 5h (encendido)<\/li>\n<li style='margin-bottom: 5px;'><strong>Registro del sistema:<\/strong> Guarda todos los eventos de operaci\u00f3n<\/li>\n<li style='margin-bottom: 5px;'><strong>Certificaciones:<\/strong> CE&comma; FCC&comma; RoHs<\/li>\n<\/ul><\/div>\n<\/p><\/div>\n<div style='flex: 1 1 250px; border: 1px solid rgba(150&comma; 150&comma; 150&comma; 0.4); border-radius: 8px; overflow: hidden; display: flex; flex-direction: column;'>\n<div style='padding: 15px; border-bottom: 1px solid rgba(150&comma; 150&comma; 150&comma; 0.2); font-weight: bold; font-size: 18px; color: inherit;'>Caracter\u00edsticas F\u00edsicas y El\u00e9ctricas<\/div>\n<div style='padding: 15px; color: inherit;'>\n<ul style='padding-left: 20px; margin: 0; font-size: 14px; list-style-type: disc;'>\n<li style='margin-bottom: 5px;'><strong>Temperatura de trabajo:<\/strong> -20\u2103 a 55\u2103<\/li>\n<li style='margin-bottom: 5px;'><strong>Tiempo de trabajo:<\/strong> 24\/7<\/li>\n<li style='margin-bottom: 5px;'><strong>Dimensiones:<\/strong> 420mm \u00d7 330mm \u00d7 220mm<\/li>\n<li style='margin-bottom: 5px;'><strong>Peso:<\/strong> 15.5 kg<\/li>\n<li style='margin-bottom: 5px;'><strong>Alimentaci\u00f3n:<\/strong> AC 100V-240V&comma; 50\/60Hz&comma; 330W<\/li>\n<li style='margin-bottom: 5px;'><strong>Red:<\/strong> Puerto RJ-45&comma; 100\/1000 Mbps<\/li>\n<li style='margin-bottom: 5px;'><strong>USB:<\/strong> 3 puertos USB 2.0<\/li>\n<\/ul><\/div>\n<\/p><\/div>\n<div style='flex: 1 1 250px; border: 1px solid rgba(150&comma; 150&comma; 150&comma; 0.4); border-radius: 8px; overflow: hidden; display: flex; flex-direction: column;'>\n<div style='padding: 15px; border-bottom: 1px solid rgba(150&comma; 150&comma; 150&comma; 0.2); font-weight: bold; font-size: 18px; color: inherit;'>Caracter\u00edsticas Destacadas<\/div>\n<div style='padding: 15px; color: inherit;'>\n<ul style='padding-left: 20px; margin: 0; font-size: 14px; list-style-type: disc;'>\n<li style='margin-bottom: 5px;'>Pantalla t\u00e1ctil de 12&#8242; Full HD<\/li>\n<li style='margin-bottom: 5px;'>Soporte para 8 c\u00e1maras en respaldo\/recarga<\/li>\n<li style='margin-bottom: 5px;'>Android 12.0 con puerto Ethernet 1GB<\/li>\n<li style='margin-bottom: 5px;'>Exportaci\u00f3n r\u00e1pida de datos y recarga<\/li>\n<li style='margin-bottom: 5px;'>Carga autom\u00e1tica a servidor FTP sin buffer<\/li>\n<li style='margin-bottom: 5px;'>Alarma de error de red integrada<\/li>\n<li style='margin-bottom: 5px;'>Soporte para 3 HDD de almacenamiento local<\/li>\n<li style='margin-bottom: 5px;'>B\u00fasqueda y reproducci\u00f3n local de archivos<\/li>\n<li style='margin-bottom: 5px;'>Dise\u00f1o industrial para operaci\u00f3n continua<\/li>\n<\/ul><\/div>\n<\/p><\/div>\n<\/p><\/div>\n<div style='display: flex; flex-wrap: wrap; gap: 30px; margin-bottom: 30px;'>\n<div style='flex: 1 1 300px; min-width: 280px;'>\n<h3 style='font-size: 22px; border-bottom: 2px solid currentColor; padding-bottom: 5px; margin-top: 0; color: inherit; opacity: 0.8;'>Consideraciones<\/h3>\n<ul style='padding-left: 20px; font-size: 15px; color: inherit;'>\n<li style='margin-bottom: 5px;'><strong>Tipo de conexi\u00f3n:<\/strong> Mini USB<\/li>\n<li style='margin-bottom: 5px;'>Si la Bodycam cuenta con conexi\u00f3n USB&comma; por ejemplo el modelo <strong>XMRX5V2&comma; XMRT3S<\/strong>&comma; considerar por estaci\u00f3n utilizar 8 conectores del modelo <strong style='color: #1d4e8f;'>XMRA8R3PLUG<\/strong><\/li>\n<li style='margin-bottom: 5px;'><strong style='color: #1d4e8f;'>El modelo XMRX5V2&comma; solo es compatible con estaciones adquiridas a partir de Febrero del 2025<\/strong><\/li>\n<\/ul><\/div>\n<\/p><\/div>\n<div style='position: relative; padding-bottom: 56.25%; height: 0; overflow: hidden; margin-bottom: 30px;'>   <\/div>\n<\/p><\/div>\n","protected":false},"excerpt":{"rendered":"<p>Estaci\u00f3n de  Carga  y Descarga de Grabaciones  Simultanea para 8 C\u00e1maras BodyCam | Compatible con XMRX5, XMRT3S, XMRX5V2<\/p>\n","protected":false},"featured_media":113812,"comment_status":"open","ping_status":"closed","template":"","meta":[],"product_brand":[],"product_cat":[1408,1406],"product_tag":[93,1409,935,1345],"class_list":{"0":"post-113813","1":"product","2":"type-product","3":"status-publish","4":"has-post-thumbnail","6":"product_cat-accesorios-dash-cams-y-body-cams","7":"product_cat-videograbadoras-moviles-videovigilancia","8":"product_tag-accesorios","9":"product_tag-dash-cams-y-body-cams","10":"product_tag-epcom","11":"product_tag-videograbadoras-moviles","13":"first","14":"instock","15":"sale","16":"shipping-taxable","17":"purchasable","18":"product-type-simple"},"_links":{"self":[{"href":"https:\/\/soydeaqui.ddns.net\/pachuca\/index.php\/wp-json\/wp\/v2\/product\/113813","targetHints":{"allow":["GET"]}}],"collection":[{"href":"https:\/\/soydeaqui.ddns.net\/pachuca\/index.php\/wp-json\/wp\/v2\/product"}],"about":[{"href":"https:\/\/soydeaqui.ddns.net\/pachuca\/index.php\/wp-json\/wp\/v2\/types\/product"}],"replies":[{"embeddable":true,"href":"https:\/\/soydeaqui.ddns.net\/pachuca\/index.php\/wp-json\/wp\/v2\/comments?post=113813"}],"wp:featuredmedia":[{"embeddable":true,"href":"https:\/\/soydeaqui.ddns.net\/pachuca\/index.php\/wp-json\/wp\/v2\/media\/113812"}],"wp:attachment":[{"href":"https:\/\/soydeaqui.ddns.net\/pachuca\/index.php\/wp-json\/wp\/v2\/media?parent=113813"}],"wp:term":[{"taxonomy":"product_brand","embeddable":true,"href":"https:\/\/soydeaqui.ddns.net\/pachuca\/index.php\/wp-json\/wp\/v2\/product_brand?post=113813"},{"taxonomy":"product_cat","embeddable":true,"href":"https:\/\/soydeaqui.ddns.net\/pachuca\/index.php\/wp-json\/wp\/v2\/product_cat?post=113813"},{"taxonomy":"product_tag","embeddable":true,"href":"https:\/\/soydeaqui.ddns.net\/pachuca\/index.php\/wp-json\/wp\/v2\/product_tag?post=113813"}],"curies":[{"name":"wp","href":"https:\/\/api.w.org\/{rel}","templated":true}]}}