{"id":113808,"date":"2026-03-20T23:00:25","date_gmt":"2026-03-20T23:00:25","guid":{"rendered":"https:\/\/soydeaqui.ddns.net\/pachuca\/index.php\/producto\/switch-no-administrable-8-puertos-10-100-poe-802-3af-at-135w-1-puerto-uplink-10-100-1000-y-1-sfp-100-1000-para-escritorio\/"},"modified":"2026-03-20T23:00:38","modified_gmt":"2026-03-20T23:00:38","slug":"switch-no-administrable-8-puertos-10-100-poe-802-3af-at-135w-1-puerto-uplink-10-100-1000-y-1-sfp-100-1000-para-escritorio","status":"publish","type":"product","link":"https:\/\/soydeaqui.ddns.net\/pachuca\/index.php\/producto\/switch-no-administrable-8-puertos-10-100-poe-802-3af-at-135w-1-puerto-uplink-10-100-1000-y-1-sfp-100-1000-para-escritorio\/","title":{"rendered":"Switch no Administrable 8 puertos 10\/100 PoE 802.3af\/at 135W, 1 puerto Uplink 10\/100\/1000 y 1 SFP 100\/1000 para escritorio"},"content":{"rendered":"<div style='width: 100%; max-width: 1200px; margin: 0 auto; font-family: sans-serif; line-height: 1.6; color: inherit;'>\n<div style='display: flex; flex-wrap: wrap; gap: 30px; margin-bottom: 30px;'>\n<div style='flex: 1 1 300px; min-width: 280px;'>\n<p style='font-size: 15px; color: inherit; margin-bottom: 15px;'>El FGSD-1011HP&comma; un nuevo miembro de la familia de switches PLANET 802.3at PoE Fast Ethernet&comma; proporciona 8 puertos 10\/100Mbps 802.3af\/at Power over Ethernet&comma; 1 puerto Gigabit y 1 Gigabit SFP con un total de 120 vatios de presupuesto PoE. Su presupuesto de potencia es m\u00e1s que suficiente para cualquier aplicaci\u00f3n de red con transmisi\u00f3n de velocidad Fast Ethernet.<\/p>\n<p style='font-size: 15px; color: inherit; margin-bottom: 15px;'>Los ocho puertos 802.3af\/at PoE cuentan con una funci\u00f3n de inyector de alimentaci\u00f3n PoE que es capaz de controlar 8 dispositivos con alimentaci\u00f3n IEEE 802.3at. El FGSD-1011HP tambi\u00e9n ofrece un rendimiento de velocidad de cable simple&comma; rentable y sin bloqueo. Viene con una carcasa compacta de metal de 9 pulgadas&comma; adecuada para la implementaci\u00f3n de escritorio en la oficina de SOHO o en la aplicaci\u00f3n de red del departamento.<\/p>\n<\/p><\/div>\n<\/p><\/div>\n<div style='display: flex; flex-wrap: wrap; gap: 20px; margin-bottom: 30px;'>\n<div style='flex: 1 1 250px; border: 1px solid rgba(150&comma; 150&comma; 150&comma; 0.4); border-radius: 8px; overflow: hidden; display: flex; flex-direction: column;'>\n<div style='padding: 15px; border-bottom: 1px solid rgba(150&comma; 150&comma; 150&comma; 0.2); font-weight: bold; font-size: 18px; color: inherit; background-color: rgba(0&comma; 0&comma; 255&comma; 0.1);'>Puertos F\u00edsicos<\/div>\n<div style='padding: 15px; color: inherit;'>\n<ul style='padding-left: 20px; margin: 0; font-size: 14px; list-style-type: disc; color: inherit;'>\n<li style='margin-bottom: 5px;'>8 puertos 10\/100Mbps Fast Ethernet<\/li>\n<li style='margin-bottom: 5px;'>1 puerto 10\/100\/1000BASE-T Gigabit Ethernet<\/li>\n<li style='margin-bottom: 5px;'>1 interface 1000BASE-X mini-GBIC SFP<\/li>\n<\/ul><\/div>\n<\/p><\/div>\n<div style='flex: 1 1 250px; border: 1px solid rgba(150&comma; 150&comma; 150&comma; 0.4); border-radius: 8px; overflow: hidden; display: flex; flex-direction: column;'>\n<div style='padding: 15px; border-bottom: 1px solid rgba(150&comma; 150&comma; 150&comma; 0.2); font-weight: bold; font-size: 18px; color: inherit; background-color: rgba(0&comma; 0&comma; 255&comma; 0.1);'>PoE (Power over Ethernet)<\/div>\n<div style='padding: 15px; color: inherit;'>\n<ul style='padding-left: 20px; margin: 0; font-size: 14px; list-style-type: disc; color: inherit;'>\n<li style='margin-bottom: 5px;'>Cumple con IEEE 802.3af\/at PoE (Power over Ethernet) end-span<\/li>\n<li style='margin-bottom: 5px;'>Hasta 8 dispositivos energizados IEEE 802.3af\/ IEEE 802.3at<\/li>\n<li style='margin-bottom: 5px;'>Soporta PoE alimenta hasta 30 watts por cada puerto PoE<\/li>\n<li style='margin-bottom: 5px;'>Presupuesto PoE de hasta 120-watt<\/li>\n<\/ul><\/div>\n<\/p><\/div>\n<div style='flex: 1 1 250px; border: 1px solid rgba(150&comma; 150&comma; 150&comma; 0.4); border-radius: 8px; overflow: hidden; display: flex; flex-direction: column;'>\n<div style='padding: 15px; border-bottom: 1px solid rgba(150&comma; 150&comma; 150&comma; 0.2); font-weight: bold; font-size: 18px; color: inherit; background-color: rgba(0&comma; 0&comma; 250&comma; 0.1);'>Especificaciones T\u00e9cnicas<\/div>\n<div style='padding: 15px; color: inherit;'>\n<ul style='padding-left: 20px; margin: 0; font-size: 14px; list-style-type: disc; color: inherit;'>\n<li style='margin-bottom: 5px;'><strong>Power Requirements:<\/strong> AC 100~240V&comma; 2.5A max.<\/li>\n<li style='margin-bottom: 5px;'><strong>Power Consumption:<\/strong> 135 watts&comma; 463.2 BTU<\/li>\n<li style='margin-bottom: 5px;'><strong>Dimensions (W x D x H):<\/strong> 220 x 150 x 44 mm<\/li>\n<li style='margin-bottom: 5px;'><strong>Weight:<\/strong> 1220g<\/li>\n<\/ul><\/div>\n<\/p><\/div>\n<\/p><\/div>\n<div style='display: flex; flex-wrap: wrap; gap: 20px; margin-bottom: 30px;'>\n<div style='flex: 1 1 300px; min-width: 280px;'> <img style='width: 100%; height: auto; border: 1px solid rgba(150&comma;150&comma;150&comma;0.3); border-radius: 8px;' src='http:\/\/planet.com.tw\/en\/product\/images\/49051\/edm_FGSD-1011HP_s.jpg' alt=''> <\/div>\n<div style='flex: 1 1 300px; min-width: 280px;'> <img style='width: 100%; height: auto; border: 1px solid rgba(150&comma;150&comma;150&comma;0.3); border-radius: 8px;' src='http:\/\/planet.com.tw\/en\/product\/images\/49051\/FGSD-1011HP_Front-Panel-Introducton_s.png' alt=''> <\/div>\n<\/p><\/div>\n<hr style='border: 0; border-top: 1px solid rgba(150&comma; 150&comma; 150&comma; 0.3); margin: 30px 0;'> <\/div>\n","protected":false},"excerpt":{"rendered":"<p>Switch no Administrable 8 puertos 10\/100 PoE 802.3af\/at 135W, 1 puerto Uplink 10\/100\/1000 y 1 SFP 100\/1000 para escritorio<\/p>\n","protected":false},"featured_media":113807,"comment_status":"open","ping_status":"closed","template":"","meta":[],"product_brand":[],"product_cat":[1986],"product_tag":[664,2033,1987],"class_list":{"0":"post-113808","1":"product","2":"type-product","3":"status-publish","4":"has-post-thumbnail","6":"product_cat-switches-poe","7":"product_tag-networking","8":"product_tag-planet","9":"product_tag-switches-poe","11":"first","12":"outofstock","13":"sale","14":"shipping-taxable","15":"purchasable","16":"product-type-simple"},"_links":{"self":[{"href":"https:\/\/soydeaqui.ddns.net\/pachuca\/index.php\/wp-json\/wp\/v2\/product\/113808","targetHints":{"allow":["GET"]}}],"collection":[{"href":"https:\/\/soydeaqui.ddns.net\/pachuca\/index.php\/wp-json\/wp\/v2\/product"}],"about":[{"href":"https:\/\/soydeaqui.ddns.net\/pachuca\/index.php\/wp-json\/wp\/v2\/types\/product"}],"replies":[{"embeddable":true,"href":"https:\/\/soydeaqui.ddns.net\/pachuca\/index.php\/wp-json\/wp\/v2\/comments?post=113808"}],"wp:featuredmedia":[{"embeddable":true,"href":"https:\/\/soydeaqui.ddns.net\/pachuca\/index.php\/wp-json\/wp\/v2\/media\/113807"}],"wp:attachment":[{"href":"https:\/\/soydeaqui.ddns.net\/pachuca\/index.php\/wp-json\/wp\/v2\/media?parent=113808"}],"wp:term":[{"taxonomy":"product_brand","embeddable":true,"href":"https:\/\/soydeaqui.ddns.net\/pachuca\/index.php\/wp-json\/wp\/v2\/product_brand?post=113808"},{"taxonomy":"product_cat","embeddable":true,"href":"https:\/\/soydeaqui.ddns.net\/pachuca\/index.php\/wp-json\/wp\/v2\/product_cat?post=113808"},{"taxonomy":"product_tag","embeddable":true,"href":"https:\/\/soydeaqui.ddns.net\/pachuca\/index.php\/wp-json\/wp\/v2\/product_tag?post=113808"}],"curies":[{"name":"wp","href":"https:\/\/api.w.org\/{rel}","templated":true}]}}