{"id":113803,"date":"2026-03-20T23:00:08","date_gmt":"2026-03-20T23:00:08","guid":{"rendered":"https:\/\/soydeaqui.ddns.net\/pachuca\/index.php\/producto\/servidor-nas-para-rack-de-12-bahias-expandible-a-36-bahias-hasta-432-tb-doble-fuente-de-poder\/"},"modified":"2026-03-20T23:00:21","modified_gmt":"2026-03-20T23:00:21","slug":"servidor-nas-para-rack-de-12-bahias-expandible-a-36-bahias-hasta-432-tb-doble-fuente-de-poder","status":"publish","type":"product","link":"https:\/\/soydeaqui.ddns.net\/pachuca\/index.php\/producto\/servidor-nas-para-rack-de-12-bahias-expandible-a-36-bahias-hasta-432-tb-doble-fuente-de-poder\/","title":{"rendered":"Servidor NAS para rack de 12 bah\u00edas \/ Expandible a 36 bah\u00edas \/ Hasta 432 TB \/ Doble fuente de poder"},"content":{"rendered":"<div style='width: 100%; max-width: 1200px; margin: 0 auto; font-family: sans-serif; line-height: 1.6; color: inherit; background-color: transparent;'> <!-- Imagen garant\u00eda --> <\/p>\n<div style='margin-bottom: 30px;'> <a href='https:\/\/ftp3.syscom.mx\/usuarios\/ftp\/2018\/10\/17\/be9cb\/PROCEDIMIENTO%20GARANTIA%20SYNOLOGY.pdf'> <img style='width: 100%; height: auto; border: 1px solid rgba(150&comma;150&comma;150&comma;0.3); border-radius: 8px;' src='https:\/\/ftp3.syscom.mx\/usuarios\/nortega\/synology\/imagenes\/cintillo%20garantia.jpg' alt=''> <\/a> <\/div>\n<p> <!-- Descripci\u00f3n general --> <\/p>\n<div style='margin-bottom: 30px;'>\n<p>NAS altamente ampliable dise\u00f1ado para la virtualizaci\u00f3n&comma; las aplicaciones de uso intensivo de datos y una continuidad de servicio para grandes empresas.<\/p>\n<\/p><\/div>\n<p> <!-- Rendimiento --> <\/p>\n<div style='margin-bottom: 30px;'>\n<h3 style='font-size: 22px; border-bottom: 2px solid currentColor; padding-bottom: 5px; margin-top: 0; color: inherit; opacity: 0.8;'>Rendimiento<\/h3>\n<p>RS3617RPXS ofrece una s\u00f3lida soluci\u00f3n de almacenamiento y gran rendimiento con m\u00e1s de 491&comma;000 IOPS de lectura secuencial y un rendimiento de lectura secuencial de 3900 MB\/s. La DDR4 ECC UDIMM garantiza precisi\u00f3n y rendimiento de datos para entornos de misi\u00f3n cr\u00edtica.<\/p>\n<\/p><\/div>\n<p> <!-- Conectividad --> <\/p>\n<div style='margin-bottom: 30px;'>\n<h3 style='font-size: 22px; border-bottom: 2px solid currentColor; padding-bottom: 5px; margin-top: 0; color: inherit; opacity: 0.8;'>Conectividad<\/h3>\n<p>Listo para 10 GbE y m\u00e1s. Las ranuras PCIe 3.0 permiten contar con opciones m\u00e1s r\u00e1pidas de red a medida que expande su infraestructura. Junto con los puertos Gigabit cu\u00e1druples integrados&comma; RS3617RPXS ofrece opciones integrales de conectividad para las configuraciones de Link Aggregation y conmutaci\u00f3n por error.<\/p>\n<p> <img style='width: 100%; height: auto; border: 1px solid rgba(150&comma;150&comma;150&comma;0.3); border-radius: 8px; margin: 20px 0;' src='https:\/\/ftp3.syscom.mx\/usuarios\/nortega\/synology\/imagenes\/VirtualManagement_72.png' alt=''> <\/div>\n<p> <!-- Virtualizaci\u00f3n --> <\/p>\n<div style='margin-bottom: 30px;'>\n<h3 style='font-size: 22px; border-bottom: 2px solid currentColor; padding-bottom: 5px; margin-top: 0; color: inherit; opacity: 0.8;'>Virtual Machine Manager<\/h3>\n<p>Con Virtual Machine Manager se abren muchas posibilidades. Puede configurar y ejecutar diversas m\u00e1quinas virtuales&comma; incluidas Windows&comma; Linux o Virtual DSM&comma; en un Synology NAS. Adem\u00e1s&comma; tambi\u00e9n puede probar una nueva versi\u00f3n del software en un entorno de prueba&comma; aislar los equipos de su cliente o aumentar la flexibilidad de su servidor.<\/p>\n<p><strong>Compatible con VMware vSphere&comma; Windows Server&comma; Citrix XenServer y OpenStack Cinder<\/strong><br \/>El almacenamiento Synology iSCSI es totalmente compatible con las principales soluciones de virtualizaci\u00f3n&comma; desde VMWare&comma; Windows&comma; Citrix y OpenStack Cinder. Simplifique su proceso de recuperaci\u00f3n con VMware Site Recovery Manager&comma; e inicie las recuperaciones de desastres a trav\u00e9s de VMware vCenter Server.<\/p>\n<p> <!-- Logos de compatibilidad --> <\/p>\n<div style='display: flex; flex-wrap: wrap; gap: 15px; margin: 20px 0;'> <img style='width: auto; height: 70px; border: 1px solid rgba(150&comma;150&comma;150&comma;0.3); border-radius: 8px;' src='https:\/\/ftp3.syscom.mx\/usuarios\/nortega\/synology\/imagenes\/fs3017\/VMware-ready.jpg' alt=''> <img style='width: auto; height: 70px; border: 1px solid rgba(150&comma;150&comma;150&comma;0.3); border-radius: 8px;' src='https:\/\/ftp3.syscom.mx\/usuarios\/nortega\/synology\/imagenes\/fs3017\/WS12.png' alt=''> <img style='width: auto; height: 70px; border: 1px solid rgba(150&comma;150&comma;150&comma;0.3); border-radius: 8px;' src='https:\/\/ftp3.syscom.mx\/usuarios\/nortega\/synology\/imagenes\/fs3017\/WS12R2.png' alt=''> <img style='width: auto; height: 70px; border: 1px solid rgba(150&comma;150&comma;150&comma;0.3); border-radius: 8px;' src='https:\/\/ftp3.syscom.mx\/usuarios\/nortega\/synology\/imagenes\/fs3017\/Citrix_Ready_badge_Medium.png' alt=''> <img style='width: auto; height: 70px; border: 1px solid rgba(150&comma;150&comma;150&comma;0.3); border-radius: 8px;' src='https:\/\/ftp3.syscom.mx\/usuarios\/nortega\/synology\/imagenes\/fs3017\/openstack.png' alt=''> <\/div>\n<\/p><\/div>\n<p> <!-- Especificaciones t\u00e9cnicas --> <\/p>\n<div style='display: flex; flex-wrap: wrap; gap: 20px; margin-bottom: 30px;'>\n<div style='flex: 1 1 250px; border: 1px solid rgba(150&comma; 150&comma; 150&comma; 0.4); border-radius: 8px; overflow: hidden; display: flex; flex-direction: column;'>\n<div style='padding: 15px; border-bottom: 1px solid rgba(150&comma; 150&comma; 150&comma; 0.2); font-weight: bold; font-size: 18px; color: inherit;'>Procesador<\/div>\n<div style='padding: 15px; color: inherit;'>\n<ul style='padding-left: 20px; margin: 0; font-size: 14px; list-style-type: disc;'>\n<li style='margin-bottom: 5px;'>Intel Xeon D-1521<\/li>\n<li style='margin-bottom: 5px;'>64-bit<\/li>\n<li style='margin-bottom: 5px;'>Quad Core 2.4 GHz<\/li>\n<li style='margin-bottom: 5px;'>Motor de cifrado de hardware AES-NI<\/li>\n<\/ul><\/div>\n<\/p><\/div>\n<div style='flex: 1 1 250px; border: 1px solid rgba(150&comma; 150&comma; 150&comma; 0.4); border-radius: 8px; overflow: hidden; display: flex; flex-direction: column;'>\n<div style='padding: 15px; border-bottom: 1px solid rgba(150&comma; 150&comma; 150&comma; 0.2); font-weight: bold; font-size: 18px; color: inherit;'>Memoria<\/div>\n<div style='padding: 15px; color: inherit;'>\n<ul style='padding-left: 20px; margin: 0; font-size: 14px; list-style-type: disc;'>\n<li style='margin-bottom: 5px;'>Memoria del sistema: 8 GB DDR4 ECC RDIMM<\/li>\n<li style='margin-bottom: 5px;'>M\u00f3dulo de memoria preinstalado: 8 GB x 1<\/li>\n<li style='margin-bottom: 5px;'>Ranuras de memorias totales: 4<\/li>\n<li style='margin-bottom: 5px;'>Memoria ampliable hasta 64 GB (16 GB x 4)<\/li>\n<\/ul><\/div>\n<\/p><\/div>\n<div style='flex: 1 1 250px; border: 1px solid rgba(150&comma; 150&comma; 150&comma; 0.4); border-radius: 8px; overflow: hidden; display: flex; flex-direction: column;'>\n<div style='padding: 15px; border-bottom: 1px solid rgba(150&comma; 150&comma; 150&comma; 0.2); font-weight: bold; font-size: 18px; color: inherit;'>Almacenamiento<\/div>\n<div style='padding: 15px; color: inherit;'>\n<ul style='padding-left: 20px; margin: 0; font-size: 14px; list-style-type: disc;'>\n<li style='margin-bottom: 5px;'>12 bah\u00edas para discos duros SATA HDD de 3.5&#8242; y SATA HDD\/SAS de 2.5\u201d (No incluidos)<\/li>\n<li style='margin-bottom: 5px;'>Capacidad hasta 144 TB internos (Usando 12 discos duros de 12 TB)&comma; m\u00e1ximo 432 TB (usando 2 unidades de expansi\u00f3n RX1217)<\/li>\n<\/ul><\/div>\n<\/p><\/div>\n<div style='flex: 1 1 250px; border: 1px solid rgba(150&comma; 150&comma; 150&comma; 0.4); border-radius: 8px; overflow: hidden; display: flex; flex-direction: column;'>\n<div style='padding: 15px; border-bottom: 1px solid rgba(150&comma; 150&comma; 150&comma; 0.2); font-weight: bold; font-size: 18px; color: inherit;'>Puertos<\/div>\n<div style='padding: 15px; color: inherit;'>\n<ul style='padding-left: 20px; margin: 0; font-size: 14px; list-style-type: disc;'>\n<li style='margin-bottom: 5px;'>2 Puertos USB 3.0<\/li>\n<li style='margin-bottom: 5px;'>4 Puertos RJ-45 1GbE LAN<\/li>\n<li style='margin-bottom: 5px;'>2 Puertos de expansi\u00f3n<\/li>\n<li style='margin-bottom: 5px;'>2 puerto PCIe x8 (amplie su capacidad de conexi\u00f3n de red con la tarjeta E10G17F2)<\/li>\n<\/ul><\/div>\n<\/p><\/div>\n<div style='flex: 1 1 250px; border: 1px solid rgba(150&comma; 150&comma; 150&comma; 0.4); border-radius: 8px; overflow: hidden; display: flex; flex-direction: column;'>\n<div style='padding: 15px; border-bottom: 1px solid rgba(150&comma; 150&comma; 150&comma; 0.2); font-weight: bold; font-size: 18px; color: inherit;'>Caracter\u00edsticas f\u00edsicas y el\u00e9ctricas<\/div>\n<div style='padding: 15px; color: inherit;'>\n<ul style='padding-left: 20px; margin: 0; font-size: 14px; list-style-type: disc;'>\n<li style='margin-bottom: 5px;'>Voltaje de entrada: 100V a 240V CA<\/li>\n<li style='margin-bottom: 5px;'>Temperatura de operaci\u00f3n: 5 a 40 \u00b0C<\/li>\n<li style='margin-bottom: 5px;'>Dimensiones: 88 X 430.5 X 692 mm<\/li>\n<li style='margin-bottom: 5px;'>Peso: 14.5Kg<\/li>\n<\/ul><\/div>\n<\/p><\/div>\n<\/p><\/div>\n<p> <!-- Garant\u00eda --> <\/p>\n<div style='margin-bottom: 30px;'>\n<h3 style='font-size: 22px; border-bottom: 2px solid currentColor; padding-bottom: 5px; margin-top: 0; color: inherit; opacity: 0.8;'>Garant\u00eda<\/h3>\n<p><strong>Garant\u00eda 5 a\u00f1os.<\/strong><\/p>\n<\/p><\/div>\n<p> <!-- Separador final --> <\/p>\n<hr style='border: 0; border-top: 1px solid rgba(150&comma; 150&comma; 150&comma; 0.3); margin: 30px 0;'> <\/div>\n","protected":false},"excerpt":{"rendered":"<p>Servidor NAS para rack de 12 bah\u00edas \/ Expandible a 36 bah\u00edas \/ Hasta 432 TB \/ Doble fuente de poder<\/p>\n","protected":false},"featured_media":113802,"comment_status":"open","ping_status":"closed","template":"","meta":[],"product_brand":[],"product_cat":[2064],"product_tag":[2066,2065,1976],"class_list":{"0":"post-113803","1":"product","2":"type-product","3":"status-publish","4":"has-post-thumbnail","6":"product_cat-almacenamiento-nas-san-esata","7":"product_tag-almacenamiento-nas-san-esata","8":"product_tag-servidores-almacenamiento","9":"product_tag-synology","11":"first","12":"outofstock","13":"sale","14":"shipping-taxable","15":"purchasable","16":"product-type-simple"},"_links":{"self":[{"href":"https:\/\/soydeaqui.ddns.net\/pachuca\/index.php\/wp-json\/wp\/v2\/product\/113803","targetHints":{"allow":["GET"]}}],"collection":[{"href":"https:\/\/soydeaqui.ddns.net\/pachuca\/index.php\/wp-json\/wp\/v2\/product"}],"about":[{"href":"https:\/\/soydeaqui.ddns.net\/pachuca\/index.php\/wp-json\/wp\/v2\/types\/product"}],"replies":[{"embeddable":true,"href":"https:\/\/soydeaqui.ddns.net\/pachuca\/index.php\/wp-json\/wp\/v2\/comments?post=113803"}],"wp:featuredmedia":[{"embeddable":true,"href":"https:\/\/soydeaqui.ddns.net\/pachuca\/index.php\/wp-json\/wp\/v2\/media\/113802"}],"wp:attachment":[{"href":"https:\/\/soydeaqui.ddns.net\/pachuca\/index.php\/wp-json\/wp\/v2\/media?parent=113803"}],"wp:term":[{"taxonomy":"product_brand","embeddable":true,"href":"https:\/\/soydeaqui.ddns.net\/pachuca\/index.php\/wp-json\/wp\/v2\/product_brand?post=113803"},{"taxonomy":"product_cat","embeddable":true,"href":"https:\/\/soydeaqui.ddns.net\/pachuca\/index.php\/wp-json\/wp\/v2\/product_cat?post=113803"},{"taxonomy":"product_tag","embeddable":true,"href":"https:\/\/soydeaqui.ddns.net\/pachuca\/index.php\/wp-json\/wp\/v2\/product_tag?post=113803"}],"curies":[{"name":"wp","href":"https:\/\/api.w.org\/{rel}","templated":true}]}}