{"id":113761,"date":"2026-03-20T22:57:43","date_gmt":"2026-03-20T22:57:43","guid":{"rendered":"https:\/\/soydeaqui.ddns.net\/pachuca\/index.php\/producto\/estacion-maestra-touch-para-guardias-en-soluciones-de-multiapartamento-ip-apertura-remota-de-puertas-comunicacion-de-guardia-con-residente-y-visitante\/"},"modified":"2026-03-20T22:57:55","modified_gmt":"2026-03-20T22:57:55","slug":"estacion-maestra-touch-para-guardias-en-soluciones-de-multiapartamento-ip-apertura-remota-de-puertas-comunicacion-de-guardia-con-residente-y-visitante","status":"publish","type":"product","link":"https:\/\/soydeaqui.ddns.net\/pachuca\/index.php\/producto\/estacion-maestra-touch-para-guardias-en-soluciones-de-multiapartamento-ip-apertura-remota-de-puertas-comunicacion-de-guardia-con-residente-y-visitante\/","title":{"rendered":"Estaci\u00f3n Maestra Touch para Guardias en Soluciones de Multiapartamento IP \/ Apertura Remota de Puertas \/ Comunicaci\u00f3n de Guardia con Residente y Visitante"},"content":{"rendered":"<div style='width: 100%; max-width: 1200px; margin: 0 auto; font-family: sans-serif; line-height: 1.6; color: inherit; background-color: transparent;'> <!-- Banner principal --> <\/p>\n<div style='margin-bottom: 30px;'> <a href='http:\/\/soporte.syscom.mx\/control-de-acceso#hikvision' target='_blank' rel='noopener' style='display: block; text-align: center;'> <img style='width: 100%; height: auto; border: 1px solid rgba(150&comma;150&comma;150&comma;0.3); border-radius: 8px; max-width: 100%;' src='https:\/\/ftp3.syscom.mx\/usuarios\/ftp\/web_img\/web_banners\/videoporteros.jpg' alt='Banner HIKVISION'> <\/a> <\/div>\n<p> <!-- Videos de YouTube --> <\/p>\n<div style='display: flex; flex-wrap: wrap; gap: 30px; margin-bottom: 30px;'>\n<div style='flex: 1 1 300px; min-width: 280px;'>\n<div style='position: relative; padding-bottom: 56.25%; height: 0; overflow: hidden;'>   <\/div>\n<\/p><\/div>\n<div style='flex: 1 1 300px; min-width: 280px;'>\n<div style='position: relative; padding-bottom: 56.25%; height: 0; overflow: hidden;'>   <\/div>\n<\/p><\/div>\n<div style='flex: 1 1 300px; min-width: 280px;'>\n<div style='position: relative; padding-bottom: 56.25%; height: 0; overflow: hidden;'>   <\/div>\n<\/p><\/div>\n<\/p><\/div>\n<p> <!-- Secci\u00f3n de caracter\u00edsticas --> <\/p>\n<div style='display: flex; flex-wrap: wrap; gap: 30px; margin-bottom: 30px;'>\n<div style='flex: 1 1 300px; min-width: 280px;'>\n<h3 style='font-size: 22px; border-bottom: 2px solid currentColor; padding-bottom: 5px; margin-top: 0; color: inherit; opacity: 0.8;'>Caracter\u00edsticas<\/h3>\n<ul style='padding-left: 20px; font-size: 15px; color: inherit;'>\n<li style='margin-bottom: 5px;'>Pantalla touch de 10.1&#8242;<\/li>\n<li style='margin-bottom: 5px;'>Sistema Operativo Android 7.1<\/li>\n<li style='margin-bottom: 5px;'>Resoluci\u00f3n de 1280 x 800<\/li>\n<li style='margin-bottom: 5px;'>Soporta hasta 128 c\u00e1maras<\/li>\n<li style='margin-bottom: 5px;'>Soporta hasta 10&comma;000 monitores<\/li>\n<li style='margin-bottom: 5px;'>Aplicaci\u00f3n: Solo interior<\/li>\n<li style='margin-bottom: 5px;'>Soporta 3 huellas de Administrador (1 solo usuario)<\/li>\n<\/ul><\/div>\n<div style='flex: 1 1 300px; min-width: 280px;'>\n<h3 style='font-size: 22px; border-bottom: 2px solid currentColor; padding-bottom: 5px; margin-top: 0; color: inherit; opacity: 0.8;'>Caracter\u00edsticas F\u00edsicas y El\u00e9ctricas<\/h3>\n<ul style='padding-left: 20px; font-size: 15px; color: inherit;'>\n<li style='margin-bottom: 5px;'>12 Vcc o PoE Est\u00e1ndar (Transformador incluido 12Vcc @ 2A)<\/li>\n<li style='margin-bottom: 5px;'>Micr\u00f3fono incluido<\/li>\n<li style='margin-bottom: 5px;'>Supresi\u00f3n de ruido y cancelaci\u00f3n de Eco<\/li>\n<li style='margin-bottom: 5px;'>3 botones touch<\/li>\n<li style='margin-bottom: 5px;'>Salida HDMI<\/li>\n<li style='margin-bottom: 5px;'>Dimensiones: 292 mm \u00d7 166 mm \u00d7 31 mm (11.5&#8242; \u00d7 6.5&#8242; \u00d7 1.2&#8242;)<\/li>\n<\/ul><\/div>\n<div style='flex: 1 1 300px; min-width: 280px;'>\n<h3 style='font-size: 22px; border-bottom: 2px solid currentColor; padding-bottom: 5px; margin-top: 0; color: inherit; opacity: 0.8;'>Caracter\u00edsticas Destacadas<\/h3>\n<ul style='padding-left: 20px; font-size: 15px; color: inherit;'>\n<li style='margin-bottom: 5px;'>El guardia puede llamar al residente<\/li>\n<li style='margin-bottom: 5px;'>El guardia puede recibir llamada del residente (monitor)&comma; del frente de calle o de otras estaciones de guardia<\/li>\n<li style='margin-bottom: 5px;'>Revisi\u00f3n de logs de llamadas<\/li>\n<li style='margin-bottom: 5px;'>Live view de c\u00e1maras y frentes de calle con apertura de puertas<\/li>\n<li style='margin-bottom: 5px;'>Captura de fotograf\u00edas durante la llamada<\/li>\n<li style='margin-bottom: 5px;'>Grabaci\u00f3n de llamadas (video y audio)<\/li>\n<li style='margin-bottom: 5px;'>Lector de huellas para que solo el guardia opere el dispositivo<\/li>\n<li style='margin-bottom: 5px;'>No compatible con DSKD8003IME1<\/li>\n<\/ul>\n<h4 style='font-size: 18px; margin-top: 20px; margin-bottom: 10px; color: inherit; opacity: 0.9;'>Monitores compatibles para llamada bidireccional:<\/h4>\n<ul style='padding-left: 20px; font-size: 14px; color: inherit;'>\n<li style='margin-bottom: 5px;'><a href='https:\/\/www.syscom.mx\/principal\/searchcont?route=DS-KH6220-LE1-HIKVISION-189752&#038;autodetect=dskh6220' target='_blank' rel='noopener' style='color: inherit; text-decoration: underline; font-weight: 600;'>DS-KH6220-LE1 <span style='font-weight: normal; color: inherit;'>(recibe llamada de la estaci\u00f3n&comma; pero no puede llamar a la misma)<\/span><\/a><\/li>\n<li style='margin-bottom: 5px;'><a href='https:\/\/www.syscom.mx\/principal\/searchcont?route=DS-KH6320-WTE1-HIKVISION-170761&#038;autodetect=DSKH6310' target='_blank' rel='noopener' style='color: inherit; text-decoration: underline; font-weight: 600;'>DS-KH6320-WTE1<\/a><\/li>\n<li style='margin-bottom: 5px;'><a href='https:\/\/www.syscom.mx\/principal\/searchcont?route=DS-KH8520-WTE1-HIKVISION-170927&#038;autodetect=DSKH' target='_blank' rel='noopener' style='color: inherit; text-decoration: underline; font-weight: 600;'>DS-KH8520-WTE1<\/a><\/li>\n<li style='margin-bottom: 5px;'><a href='https:\/\/www.syscom.mx\/principal\/searchcont?route=DS-KH9510-WTE1-HIKVISION-194544&#038;autodetect=dskh9' target='_blank' rel='noopener' style='color: inherit; text-decoration: underline; font-weight: 600;'>DS-KH9510-WTE1<\/a><\/li>\n<li style='margin-bottom: 5px;'><a href='https:\/\/www.syscom.mx\/principal\/searchcont?route=DS-KH9310-WTE1-HIKVISION-194536&#038;autodetect=dskh9' target='_blank' rel='noopener' style='color: inherit; text-decoration: underline; font-weight: 600;'>DS-KH9310-WTE1<\/a><\/li>\n<\/ul><\/div>\n<\/p><\/div>\n<p> <!-- Separador --> <\/p>\n<hr style='border: 0; border-top: 1px solid rgba(150&comma; 150&comma; 150&comma; 0.3); margin: 30px 0;'> <!-- Consideraciones --> <\/p>\n<div style='margin-bottom: 30px;'>\n<div style='border-left: 5px solid #ff0000; border-radius: 8px; padding: 15px; background-color: rgba(255&comma; 0&comma; 0&comma; 0.05); color: inherit;'> <strong style='font-size: 18px; display: block; margin-bottom: 10px; color: inherit;'>Consideraciones:<\/strong> <\/p>\n<ul style='padding-left: 20px; margin: 10px 0; font-size: 14px; color: inherit;'>\n<li style='margin-bottom: 5px;'>Este producto requiere configuraci\u00f3n t\u00e9cnica para su correcta operaci\u00f3n<\/li>\n<li style='margin-bottom: 5px;'>Se recomienda su instalaci\u00f3n por personal certificado<\/li>\n<li style='margin-bottom: 5px;'>Para integraciones complejas&comma; consultar directamente con el fabricante<\/li>\n<\/ul><\/div>\n<\/p><\/div>\n<p> <!-- Diagrama de conexi\u00f3n --> <\/p>\n<div style='margin-bottom: 30px;'> <img style='width: 100%; height: auto; border: 1px solid rgba(150&comma;150&comma;150&comma;0.3); border-radius: 8px; display: block; margin: 0 auto;' src='https:\/\/ftp3.syscom.mx\/usuarios\/fespinoza\/HIKVISION\/Dispositivos\/Videoporteros\/diagramas%20de%20conexion\/Diagrama%20Modular%203%20Mod.jpg' alt='Diagrama de conexi\u00f3n'> <\/p>\n<p style='text-align: center; margin-top: 10px; font-size: 14px; color: inherit; opacity: 0.8;'>* Diagrama de referencia \u00fanicamente&comma; algunos componentes pueden cambiar dependiendo de los modelos a considerar<\/p>\n<\/p><\/div>\n<p> <!-- Video adicional --> <\/p>\n<div style='margin-bottom: 30px;'>\n<div style='position: relative; padding-bottom: 56.25%; height: 0; overflow: hidden;'>   <\/div>\n<\/p><\/div>\n<p> <!-- Separador --> <\/p>\n<hr style='border: 0; border-top: 1px solid rgba(150&comma; 150&comma; 150&comma; 0.3); margin: 30px 0;'> <!-- Recursos --> <\/p>\n<h2 style='font-size: 24px; text-align: center; margin: 30px 0 20px; color: inherit; opacity: 0.9;'>Recursos<\/h2>\n<div style='display: flex; flex-wrap: wrap; gap: 20px; justify-content: center; margin-bottom: 30px;'>\n<div style='flex: 1 1 250px; min-width: 220px;'> <a href='https:\/\/www.hikvision.com\/es-la\/support\/download\/software\/ivms4200-series\/?q=serie%20ivms4200&#038;position=1' target='_blank' rel='noopener' style='display: block; text-align: center; text-decoration: none; color: inherit;'> <img style='width: 100%; height: auto; border: 1px solid rgba(150&comma;150&comma;150&comma;0.3); border-radius: 8px; margin-bottom: 10px;' src='https:\/\/ftp3.syscom.mx\/usuarios\/gmagos\/HIK\/IP\/IPC\/Imagenes%20pagina\/Descargas%20IVMS4200.jpg' alt='IVMS4200'> <span style='display: block; padding: 10px; background: rgba(0&comma;0&comma;0&comma;0.05); border-radius: 0 0 8px 8px; font-size: 14px;'>Descargar IVMS4200<\/span> <\/a> <\/div>\n<div style='flex: 1 1 250px; min-width: 220px;'> <a href='https:\/\/appstore.hikvision.com\/' target='_blank' rel='noopener' style='display: block; text-align: center; text-decoration: none; color: inherit;'> <img style='width: 100%; height: auto; border: 1px solid rgba(150&comma;150&comma;150&comma;0.3); border-radius: 8px; margin-bottom: 10px;' src='https:\/\/ftp3.syscom.mx\/usuarios\/gmagos\/HIK\/IP\/IPC\/Imagenes%20pagina\/Descargas%20de%20app.jpg' alt='App HIKVISION'> <span style='display: block; padding: 10px; background: rgba(0&comma;0&comma;0&comma;0.05); border-radius: 0 0 8px 8px; font-size: 14px;'>Descargar App HIKVISION<\/span> <\/a> <\/div>\n<div style='flex: 1 1 250px; min-width: 220px;'> <a href='https:\/\/ftp3.syscom.mx\/usuarios\/fespinoza\/HIKVISION\/Dispositivos\/Videoporteros\/DSKM9503\/DS-KM9503_Video%20Intercom%20Main%20Station_Datasheet_V1.0_20201116.pdf' target='_blank' rel='noopener' style='display: block; text-align: center; text-decoration: none; color: inherit;'> <img style='width: 100%; height: auto; border: 1px solid rgba(150&comma;150&comma;150&comma;0.3); border-radius: 8px; margin-bottom: 10px;' src='https:\/\/ftp3.syscom.mx\/usuarios\/gmagos\/HIK\/IP\/IPC\/Imagenes%20pagina\/Descarga%20de%20PDF.jpg' alt='Ficha t\u00e9cnica PDF'> <span style='display: block; padding: 10px; background: rgba(0&comma;0&comma;0&comma;0.05); border-radius: 0 0 8px 8px; font-size: 14px;'>Ficha t\u00e9cnica PDF<\/span> <\/a> <\/div>\n<\/p><\/div>\n<p> <!-- Imagen final --> <\/p>\n<div style='margin-top: 30px; text-align: center;'> <img style='width: 100%; max-width: 600px; height: auto; border: 1px solid rgba(150&comma;150&comma;150&comma;0.3); border-radius: 8px;' src='https:\/\/ftp3.syscom.mx\/usuarios\/fespinoza\/HIKVISION\/Dispositivos\/Videoporteros\/HIKVISION-VIDEOPORTEROS.png' alt='Sistema de videoporteros HIKVISION'> <\/div>\n<\/p><\/div>\n","protected":false},"excerpt":{"rendered":"<p>Estaci\u00f3n Maestra Touch para Guardias en Soluciones de Multiapartamento IP \/ Apertura Remota de Puertas \/ Comunicaci\u00f3n de Guardia con Residente y Visitante<\/p>\n","protected":false},"featured_media":113760,"comment_status":"open","ping_status":"closed","template":"","meta":[],"product_brand":[],"product_cat":[856],"product_tag":[54,557,857],"class_list":{"0":"post-113761","1":"product","2":"type-product","3":"status-publish","4":"has-post-thumbnail","6":"product_cat-videoporteros-ip","7":"product_tag-hikvision","8":"product_tag-videoporteros-e-interfonos","9":"product_tag-videoporteros-ip","11":"first","12":"instock","13":"sale","14":"shipping-taxable","15":"purchasable","16":"product-type-simple"},"_links":{"self":[{"href":"https:\/\/soydeaqui.ddns.net\/pachuca\/index.php\/wp-json\/wp\/v2\/product\/113761","targetHints":{"allow":["GET"]}}],"collection":[{"href":"https:\/\/soydeaqui.ddns.net\/pachuca\/index.php\/wp-json\/wp\/v2\/product"}],"about":[{"href":"https:\/\/soydeaqui.ddns.net\/pachuca\/index.php\/wp-json\/wp\/v2\/types\/product"}],"replies":[{"embeddable":true,"href":"https:\/\/soydeaqui.ddns.net\/pachuca\/index.php\/wp-json\/wp\/v2\/comments?post=113761"}],"wp:featuredmedia":[{"embeddable":true,"href":"https:\/\/soydeaqui.ddns.net\/pachuca\/index.php\/wp-json\/wp\/v2\/media\/113760"}],"wp:attachment":[{"href":"https:\/\/soydeaqui.ddns.net\/pachuca\/index.php\/wp-json\/wp\/v2\/media?parent=113761"}],"wp:term":[{"taxonomy":"product_brand","embeddable":true,"href":"https:\/\/soydeaqui.ddns.net\/pachuca\/index.php\/wp-json\/wp\/v2\/product_brand?post=113761"},{"taxonomy":"product_cat","embeddable":true,"href":"https:\/\/soydeaqui.ddns.net\/pachuca\/index.php\/wp-json\/wp\/v2\/product_cat?post=113761"},{"taxonomy":"product_tag","embeddable":true,"href":"https:\/\/soydeaqui.ddns.net\/pachuca\/index.php\/wp-json\/wp\/v2\/product_tag?post=113761"}],"curies":[{"name":"wp","href":"https:\/\/api.w.org\/{rel}","templated":true}]}}