{"id":113740,"date":"2026-03-20T22:56:25","date_gmt":"2026-03-20T22:56:25","guid":{"rendered":"https:\/\/soydeaqui.ddns.net\/pachuca\/index.php\/producto\/camara-ptz-ip-antivandalica-6mp-30x-zoom-optico-exterior-ip66-nema-4x-auto-tracking-h-265-wisestream\/"},"modified":"2026-03-20T22:56:34","modified_gmt":"2026-03-20T22:56:34","slug":"camara-ptz-ip-antivandalica-6mp-30x-zoom-optico-exterior-ip66-nema-4x-auto-tracking-h-265-wisestream","status":"publish","type":"product","link":"https:\/\/soydeaqui.ddns.net\/pachuca\/index.php\/producto\/camara-ptz-ip-antivandalica-6mp-30x-zoom-optico-exterior-ip66-nema-4x-auto-tracking-h-265-wisestream\/","title":{"rendered":"C\u00e1mara PTZ IP antivand\u00e1lica 6MP \/ 30x Zoom \u00d3ptico \/ Exterior IP66 \/ NEMA 4X \/ Auto tracking \/ H.265 &#038; WiseStream"},"content":{"rendered":"<div style='width: 100%; max-width: 1200px; margin: 0 auto; font-family: sans-serif; line-height: 1.6; color: inherit; background-color: transparent;'> <!-- Imagen principal --> <\/p>\n<p style='text-align: center; margin: 0;'><a href='https:\/\/syscom.mx\/principal\/consultarproductosazul?global_search=htasx&#038;ordenar=Relevancia&#038;pag=1' target='_blank' rel='noopener'><img style='width: 100%; max-width: 483px; height: auto; border: 1px solid rgba(150&comma;150&comma;150&comma;0.3); border-radius: 8px;' src='https:\/\/ftp3.syscom.mx\/usuarios\/gmagos\/Hanwha\/fotos\/wisenet-X%5B1%5D%201.png' alt=''><\/a><\/p>\n<p> <!-- Secci\u00f3n H.265 + WiseStream II --> <\/p>\n<div style='display: flex; flex-wrap: wrap; gap: 30px; margin: 30px 0;'>\n<div style='flex: 1 1 300px; min-width: 280px;'>\n<div style='display: flex; flex-direction: column; height: 100%;'> <img style='width: 100%; height: auto; border: 1px solid rgba(150&comma;150&comma;150&comma;0.3); border-radius: 8px;' src='https:\/\/ftp3.syscom.mx\/usuarios\/imendez\/Hanwha\/Serie%20X\/GIF\/WiseStream.gif' alt=''> <\/div>\n<\/p><\/div>\n<div style='flex: 1 1 300px; min-width: 280px;'>\n<h3 style='font-size: 22px; border-bottom: 2px solid currentColor; padding-bottom: 5px; margin-top: 0; color: inherit; opacity: 0.8;'>H.265 + <span style='color: #f37934;'>WiseStream II<\/span><\/h3>\n<p style='font-size: 15px; color: inherit; text-align: justify;'>Mediante WiseStream II&comma; la tecnolog\u00eda de compresi\u00f3n de v\u00eddeo de Hanwha Techwin&comma; la serie Wisenet X <span style='color: #f37934;'>reduce el almacenamiento de datos hasta un <strong>99%<\/strong><\/span> en comparaci\u00f3n con la actual tecnolog\u00eda H.264&comma; cuando se combina con la compresi\u00f3n H.265. Los costes del sistema se reducen enormemente sin comprometer la calidad de las im\u00e1genes.<\/p>\n<\/p><\/div>\n<\/p><\/div>\n<p> <!-- Secci\u00f3n WDR 150 dB --> <\/p>\n<div style='display: flex; flex-wrap: wrap; gap: 30px; margin: 30px 0;'>\n<div style='flex: 1 1 300px; min-width: 280px;'>\n<h3 style='font-size: 22px; border-bottom: 2px solid currentColor; padding-bottom: 5px; margin-top: 0; color: inherit; opacity: 0.8;'>WDR <span style='color: #f37934;'>150 dB<\/span><\/h3>\n<p style='font-size: 15px; color: inherit; text-align: justify;'>Una imagen de amplio rango din\u00e1mico se forma combinando 2 capturas con distintas exposiciones. La serie Wisenet X con un amplio rango din\u00e1mico de <span style='color: #f37934;'>150 dB<\/span> utiliza 4 capturas para crear im\u00e1genes m\u00e1s naturales. Las zonas borrosas son un punto d\u00e9bil cr\u00edtico asociado al amplio rango din\u00e1mico&comma; pero esta nueva tecnolog\u00eda elimina todo tipo de movimientos&comma; proporcionando im\u00e1genes vistosas y claras.<\/p>\n<p style='font-size: 15px; color: inherit; text-align: justify;'><strong>Las c\u00e1maras de la serie Wisenet X de 5MP y 6MP tienen WDR de 120dB.<\/strong><\/p>\n<\/p><\/div>\n<div style='flex: 1 1 300px; min-width: 280px;'>\n<div style='display: flex; flex-direction: column; height: 100%;'> <img style='width: 100%; height: auto; border: 1px solid rgba(150&comma;150&comma;150&comma;0.3); border-radius: 8px;' src='https:\/\/ftp3.syscom.mx\/usuarios\/imendez\/Hanwha\/Serie%20X\/GIF\/WDR%20150dB%20GIF.gif' alt=''> <\/div>\n<\/p><\/div>\n<\/p><\/div>\n<p> <!-- Secci\u00f3n Iluminaci\u00f3n a Color --> <\/p>\n<div style='display: flex; flex-wrap: wrap; gap: 30px; margin: 30px 0;'>\n<div style='flex: 1 1 300px; min-width: 280px;'>\n<div style='display: flex; flex-direction: column; height: 100%;'> <img style='width: 100%; height: auto; border: 1px solid rgba(150&comma;150&comma;150&comma;0.3); border-radius: 8px;' src='https:\/\/ftp3.syscom.mx\/usuarios\/imendez\/Hanwha\/Serie%20X\/GIF\/Luz%20GIF.gif' alt=''> <\/div>\n<\/p><\/div>\n<div style='flex: 1 1 300px; min-width: 280px;'>\n<h3 style='font-size: 22px; border-bottom: 2px solid currentColor; padding-bottom: 5px; margin-top: 0; color: inherit; opacity: 0.8;'>Iluminaci\u00f3n a Color<\/h3>\n<p style='font-size: 15px; color: inherit; text-align: justify;'>Con el potente nuevo chipset de la serie Wisenet X y la asombrosa tecnolog\u00eda de lentes de Hanwha Techwin&comma; se pueden supervisar im\u00e1genes en entornos de poca luz&comma; incluso en color sin utilizar LED IR. Ahora se pueden capturar im\u00e1genes vistosas con independencia de la zona y de la hora del d\u00eda.<\/p>\n<\/p><\/div>\n<\/p><\/div>\n<p> <!-- Separador --> <\/p>\n<hr style='border: 0; border-top: 1px solid rgba(150&comma; 150&comma; 150&comma; 0.3); margin: 30px 0;'> <!-- Caracter\u00edsticas t\u00e9cnicas --> <\/p>\n<div style='width: 100%; max-width: 1200px; margin: 0 auto;'>\n<h3 style='font-size: 20px; margin: 30px 0 20px; color: inherit; text-align: center;'>Caracter\u00edsticas t\u00e9cnicas<\/h3>\n<div style='display: flex; flex-wrap: wrap; gap: 20px;'> <!-- Video y Lente --> <\/p>\n<div style='flex: 1 1 300px; min-width: 280px;'>\n<div style='border-left: 5px solid #f37324; border-radius: 5px; overflow: hidden; box-shadow: 2px 2px 10px rgba(216&comma;216&comma;216&comma;0.4); -webkit-box-shadow: 2px 2px 10px rgba(216&comma;216&comma;216&comma;0.4);'>\n<div style='padding: 15px; background: rgba(243&comma;115&comma;36&comma;0.1); font-weight: bold; font-size: 16px; color: inherit;'>Video:<\/div>\n<div style='padding: 15px; color: inherit;'>\n<ul style='padding-left: 20px; margin: 0 0 15px 20px; font-size: 14px; list-style-type: disc;'>\n<li><strong>Compresi\u00f3n:<\/strong> H.265 &#038; WiseStream II <span style='color: #f37934;'>hasta 99%<\/span> de compresi\u00f3n \/ H.264 \/ High Profile \/ MJPEG<\/li>\n<li><strong>Resoluci\u00f3n m\u00e1xima:<\/strong> 6MP@<strong>30IPS<\/strong><\/li>\n<li>Dual Stream \/ Dual Codec Simult\u00e1neos con configuraciones diferentes<\/li>\n<\/ul><\/div>\n<\/p><\/div>\n<div style='margin-top: 20px; border-left: 5px solid #f37324; border-radius: 5px; overflow: hidden; box-shadow: 2px 2px 10px rgba(216&comma;216&comma;216&comma;0.4); -webkit-box-shadow: 2px 2px 10px rgba(216&comma;216&comma;216&comma;0.4);'>\n<div style='padding: 15px; background: rgba(243&comma;115&comma;36&comma;0.1); font-weight: bold; font-size: 16px; color: inherit;'>Lente:<\/div>\n<div style='padding: 15px; color: inherit;'>\n<ul style='padding-left: 20px; margin: 0 0 15px 20px; font-size: 14px; list-style-type: disc;'>\n<li><strong>Lente<\/strong> de 5 &#8211; 150 mm (30 x)<\/li>\n<\/ul><\/div>\n<\/p><\/div>\n<\/p><\/div>\n<p> <!-- Funciones --> <\/p>\n<div style='flex: 1 1 300px; min-width: 280px;'>\n<div style='border-left: 5px solid #f37324; border-radius: 5px; overflow: hidden; box-shadow: 2px 2px 10px rgba(216&comma;216&comma;216&comma;0.4); -webkit-box-shadow: 2px 2px 10px rgba(216&comma;216&comma;216&comma;0.4);'>\n<div style='padding: 15px; background: rgba(243&comma;115&comma;36&comma;0.1); font-weight: bold; font-size: 16px; color: inherit;'>Funciones:<\/div>\n<div style='padding: 15px; color: inherit;'>\n<ul style='padding-left: 20px; margin: 0 0 15px 20px; font-size: 14px; list-style-type: disc;'>\n<li>Compensaci\u00f3n de luz: WDR 120dB&comma; BLC&comma; HLC&comma; SSDR<\/li>\n<li>IR de <strong>200 m<\/strong><\/li>\n<\/ul><\/div>\n<\/p><\/div>\n<\/p><\/div>\n<p> <!-- Interfaces --> <\/p>\n<div style='flex: 1 1 300px; min-width: 280px;'>\n<div style='border-left: 5px solid #f37324; border-radius: 5px; overflow: hidden; box-shadow: 2px 2px 10px rgba(216&comma;216&comma;216&comma;0.4); -webkit-box-shadow: 2px 2px 10px rgba(216&comma;216&comma;216&comma;0.4);'>\n<div style='padding: 15px; background: rgba(243&comma;115&comma;36&comma;0.1); font-weight: bold; font-size: 16px; color: inherit;'>Interfaces:<\/div>\n<div style='padding: 15px; color: inherit;'>\n<ul style='padding-left: 20px; margin: 0 0 15px 20px; font-size: 14px; list-style-type: disc;'>\n<li>1 Puerto Ethernet RJ45 10\/100 Base-T<\/li>\n<li>2 Slots para tarjetas SD de hasta 512 GB cada uno<\/li>\n<li>4GB memoria RAM&comma; 512MB flash<\/li>\n<\/ul><\/div>\n<\/p><\/div>\n<\/p><\/div>\n<p> <!-- Caracter\u00edsticas F\u00edsicas y El\u00e9ctricas --> <\/p>\n<div style='flex: 1 1 300px; min-width: 280px;'>\n<div style='border-left: 5px solid #f37324; border-radius: 5px; overflow: hidden; box-shadow: 2px 2px 10px rgba(216&comma;216&comma;216&comma;0.4); -webkit-box-shadow: 2px 2px 10px rgba(216&comma;216&comma;216&comma;0.4);'>\n<div style='padding: 15px; background: rgba(243&comma;115&comma;36&comma;0.1); font-weight: bold; font-size: 16px; color: inherit;'>Caracter\u00edsticas F\u00edsicas y El\u00e9ctricas:<\/div>\n<div style='padding: 15px; color: inherit;'>\n<ul style='padding-left: 20px; margin: 0 0 15px 20px; font-size: 14px; list-style-type: disc;'>\n<li>Protecci\u00f3n: Interior\/Exterior&comma; IP66 \/ IK10 \/ NEMA 4X<\/li>\n<li>Temperatura de Operaci\u00f3n: -40\u00b0C ~ +55\u00b0C<\/li>\n<li>Alimentaci\u00f3n: HPOE (IEEE 802.3bt&comma; Class6&comma; type3)&comma; <strong>Inyector Incluido<\/strong><\/li>\n<li>Consumo: Max. 42 W (solo camara)<\/li>\n<li>Dimensiones: \u00d8184.9&#215;318.8mm (7.28 x 12.55&#8242;)<\/li>\n<li>Peso: 5.4 Kg (11.90 lb)<\/li>\n<\/ul><\/div>\n<\/p><\/div>\n<\/p><\/div>\n<p> <!-- Video Anal\u00edticos Avanzados --> <\/p>\n<div style='flex: 1 1 300px; min-width: 280px;'>\n<div style='border-left: 5px solid #f37324; border-radius: 5px; overflow: hidden; box-shadow: 2px 2px 10px rgba(216&comma;216&comma;216&comma;0.4); -webkit-box-shadow: 2px 2px 10px rgba(216&comma;216&comma;216&comma;0.4);'>\n<div style='padding: 15px; background: rgba(243&comma;115&comma;36&comma;0.1); font-weight: bold; font-size: 16px; color: inherit;'>Video Anal\u00edticos Avanzados:<\/div>\n<div style='padding: 15px; color: inherit;'>\n<ul style='padding-left: 20px; margin: 0; font-size: 14px; list-style-type: disc;'>\n<li>Manipulaci\u00f3n<\/li>\n<li>Merodeo<\/li>\n<li>Detecci\u00f3n de direcci\u00f3n<\/li>\n<li>Detecci\u00f3n de niebla<\/li>\n<li>Cruce de l\u00ednea<\/li>\n<li>Entrada \/ Salida<\/li>\n<li>Aparici\u00f3n \/ Desaparici\u00f3n<\/li>\n<li>Detecci\u00f3n de Rostros<\/li>\n<li>Detecci\u00f3n de Movimiento<\/li>\n<li>Linea virtual<\/li>\n<\/ul><\/div>\n<\/p><\/div>\n<\/p><\/div>\n<p> <!-- Accesorios Opcionales --> <\/p>\n<div style='flex: 1 1 300px; min-width: 280px;'>\n<div style='border-left: 5px solid #f37324; border-radius: 5px; overflow: hidden; box-shadow: 2px 2px 10px rgba(216&comma;216&comma;216&comma;0.4); -webkit-box-shadow: 2px 2px 10px rgba(216&comma;216&comma;216&comma;0.4);'>\n<div style='padding: 15px; background: rgba(243&comma;115&comma;36&comma;0.1); font-weight: bold; font-size: 16px; color: inherit;'>Accesorios Opcionales:<\/div>\n<div style='padding: 15px; color: inherit;'>\n<ul style='padding-left: 20px; margin: 0; font-size: 14px; list-style-type: disc;'>\n<li>Montaje de techo: <a href='https:\/\/www.syscom.mx\/producto\/SBP-156CMW-Hanwha-Techwin-Wisenet-192705.html' target='_blank' rel='noopener' style='color: #f37934; text-decoration: none;'>SBP-156CMW<\/a><\/li>\n<li>Montaje de pared: <a href='https:\/\/www.syscom.mx\/producto\/SBP-156WMW-Hanwha-Techwin-Wisenet-192703.html' target='_blank' rel='noopener' style='color: #f37934; text-decoration: none;'>SBP-156WMW<\/a><\/li>\n<li>Adaptador para colocar montajes adicionales: <a href='https:\/\/www.syscom.mx\/producto\/SBP-156HMW-Hanwha-Techwin-Wisenet-192704.html' target='_blank' rel='noopener' style='color: #f37934; text-decoration: none;'>SBP-156HMW<\/a><\/li>\n<li>Montaje de pared: <a href='https:\/\/www.syscom.mx\/producto\/SBP-300WMW1-Hanwha-Techwin-Wisenet-164078.html' target='_blank' rel='noopener' style='color: #f37934; text-decoration: none;'>SBP-300WMW1<\/a> Requiere adaptador SBP-156HMW<\/li>\n<li>Montaje de techo: <a href='https:\/\/www.syscom.mx\/producto\/SBP-300CMW-Hanwha-Techwin-Wisenet-164080.html' target='_blank' rel='noopener' style='color: #f37934; text-decoration: none;'>SBP-300CMW<\/a> Requiere adaptador SBP-156HMW<\/li>\n<\/ul><\/div>\n<\/p><\/div>\n<\/p><\/div>\n<\/p><\/div>\n<\/p><\/div>\n<p> <!-- Separador --> <\/p>\n<hr style='border: 0; border-top: 1px solid rgba(150&comma; 150&comma; 150&comma; 0.3); margin: 30px 0;'> <!-- Otras caracter\u00edsticas --> <\/p>\n<h3 style='font-size: 20px; margin: 30px 0; text-align: center; color: inherit; opacity: 0.8;'>Otras caracter\u00edsticas<\/h3>\n<div style='display: flex; flex-wrap: wrap; gap: 20px; margin-bottom: 30px;'>\n<div style='flex: 1 1 250px; border: 1px solid rgba(150&comma; 150&comma; 150&comma; 0.4); border-radius: 8px; overflow: hidden; display: flex; flex-direction: column;'>\n<div style='padding: 15px; border-bottom: 1px solid rgba(150&comma; 150&comma; 150&comma; 0.2); font-weight: bold; font-size: 18px; color: inherit;'>H.265 &#038; WiseStream II:<\/div>\n<\/p><\/div>\n<div style='flex: 1 1 250px; border: 1px solid rgba(150&comma; 150&comma; 150&comma; 0.4); border-radius: 8px; overflow: hidden; display: flex; flex-direction: column;'>\n<div style='padding: 15px; border-bottom: 1px solid rgba(150&comma; 150&comma; 150&comma; 0.2); font-weight: bold; font-size: 18px; color: inherit;'>Anal\u00edticos de Audio:<\/div>\n<\/p><\/div>\n<div style='flex: 1 1 250px; border: 1px solid rgba(150&comma; 150&comma; 150&comma; 0.4); border-radius: 8px; overflow: hidden; display: flex; flex-direction: column;'>\n<div style='padding: 15px; border-bottom: 1px solid rgba(150&comma; 150&comma; 150&comma; 0.2); font-weight: bold; font-size: 18px; color: inherit;'>Estabilizacion de Imagen<\/div>\n<\/p><\/div>\n<\/p><\/div>\n<p> <!-- Videos --> <\/p>\n<div style='display: flex; flex-wrap: wrap; gap: 20px; margin: 30px 0;'>\n<div style='flex: 1 1 280px; min-width: 280px;'>\n<div style='position: relative; padding-bottom: 56.25%; height: 0; overflow: hidden;'>   <\/div>\n<\/p><\/div>\n<div style='flex: 1 1 280px; min-width: 280px;'>\n<div style='position: relative; padding-bottom: 56.25%; height: 0; overflow: hidden;'>   <\/div>\n<\/p><\/div>\n<div style='flex: 1 1 280px; min-width: 280px;'>\n<div style='position: relative; padding-bottom: 56.25%; height: 0; overflow: hidden;'>   <\/div>\n<\/p><\/div>\n<\/p><\/div>\n<p> <!-- Demostraciones --> <\/p>\n<div style='display: flex; flex-wrap: wrap; gap: 20px; margin: 30px 0;'>\n<div style='flex: 1 1 250px; border: 1px solid rgba(150&comma; 150&comma; 150&comma; 0.4); border-radius: 8px; overflow: hidden; display: flex; flex-direction: column;'>\n<div style='padding: 15px; border-bottom: 1px solid rgba(150&comma; 150&comma; 150&comma; 0.2); font-weight: bold; font-size: 18px; color: inherit;'>Demostraci\u00f3n WDR 120dB:<\/div>\n<\/p><\/div>\n<div style='flex: 1 1 250px; border: 1px solid rgba(150&comma; 150&comma; 150&comma; 0.4); border-radius: 8px; overflow: hidden; display: flex; flex-direction: column;'>\n<div style='padding: 15px; border-bottom: 1px solid rgba(150&comma; 150&comma; 150&comma; 0.2); font-weight: bold; font-size: 18px; color: inherit;'>Detecci\u00f3n de Rostros:<\/div>\n<\/p><\/div>\n<div style='flex: 1 1 250px; border: 1px solid rgba(150&comma; 150&comma; 150&comma; 0.4); border-radius: 8px; overflow: hidden; display: flex; flex-direction: column;'>\n<div style='padding: 15px; border-bottom: 1px solid rgba(150&comma; 150&comma; 150&comma; 0.2); font-weight: bold; font-size: 18px; color: inherit;'>Funci\u00f3n Handover:<\/div>\n<\/p><\/div>\n<\/p><\/div>\n<p> <!-- Videos de demostraci\u00f3n --> <\/p>\n<div style='display: flex; flex-wrap: wrap; gap: 20px; margin: 30px 0;'>\n<div style='flex: 1 1 280px; min-width: 280px;'>\n<div style='position: relative; padding-bottom: 56.25%; height: 0; overflow: hidden;'>   <\/div>\n<\/p><\/div>\n<div style='flex: 1 1 280px; min-width: 280px;'>\n<div style='position: relative; padding-bottom: 56.25%; height: 0; overflow: hidden;'>   <\/div>\n<\/p><\/div>\n<div style='flex: 1 1 280px; min-width: 280px;'>\n<div style='position: relative; padding-bottom: 56.25%; height: 0; overflow: hidden;'>   <\/div>\n<\/p><\/div>\n<\/p><\/div>\n<p> <!-- Imagen final --> <\/p>\n<p style='text-align: center; margin: 30px 0 0 0;'><a href='http:\/\/soporte.syscom.mx\/videovigilancia\/hanwha-lista-de-tips-tecnicos' target='_blank' rel='noopener'><img style='width: 100%; max-width: 432px; height: auto; border: 1px solid rgba(150&comma;150&comma;150&comma;0.3); border-radius: 8px;' src='https:\/\/35.165.177.10\/usuarios\/gmagos\/Hanwha\/fotos\/basede1%20%281%29.png' alt=''><\/a><\/p>\n<p> <!-- Nota final --> <\/p>\n<div style='margin: 30px 0;'>\n<h3 style='color: #e74c3c; font-size: 18px; margin: 0 0 15px 0;'>Nota:<\/h3>\n<p style='margin: 0; font-size: 15px; color: inherit;'><a href='https:\/\/soporte.syscom.mx\/es\/articles\/3927012-hanwha-recomendaciones-y-partes-para-instalacion-adecuada-de-una-camara-ptz-en-exterior' target='_blank' rel='noopener' style='color: #f37934; text-decoration: none;'>Recomendaciones y partes para instalaci\u00f3n adecuada de una c\u00e1mara PTZ en exterior<\/a><\/p>\n<\/p><\/div>\n<\/p><\/div>\n","protected":false},"excerpt":{"rendered":"<p>C\u00e1mara PTZ IP antivand\u00e1lica 6MP \/ 30x Zoom \u00d3ptico \/ Exterior IP66 \/ NEMA 4X \/ Auto tracking \/ H.265 &#038; WiseStream<\/p>\n","protected":false},"featured_media":113739,"comment_status":"open","ping_status":"closed","template":"","meta":[],"product_brand":[],"product_cat":[1224],"product_tag":[122,1055,1225],"class_list":{"0":"post-113740","1":"product","2":"type-product","3":"status-publish","4":"has-post-thumbnail","6":"product_cat-ptz","7":"product_tag-camaras-ip-y-nvrs","8":"product_tag-hanwha-vision","9":"product_tag-ptz","11":"first","12":"outofstock","13":"sale","14":"shipping-taxable","15":"purchasable","16":"product-type-simple"},"_links":{"self":[{"href":"https:\/\/soydeaqui.ddns.net\/pachuca\/index.php\/wp-json\/wp\/v2\/product\/113740","targetHints":{"allow":["GET"]}}],"collection":[{"href":"https:\/\/soydeaqui.ddns.net\/pachuca\/index.php\/wp-json\/wp\/v2\/product"}],"about":[{"href":"https:\/\/soydeaqui.ddns.net\/pachuca\/index.php\/wp-json\/wp\/v2\/types\/product"}],"replies":[{"embeddable":true,"href":"https:\/\/soydeaqui.ddns.net\/pachuca\/index.php\/wp-json\/wp\/v2\/comments?post=113740"}],"wp:featuredmedia":[{"embeddable":true,"href":"https:\/\/soydeaqui.ddns.net\/pachuca\/index.php\/wp-json\/wp\/v2\/media\/113739"}],"wp:attachment":[{"href":"https:\/\/soydeaqui.ddns.net\/pachuca\/index.php\/wp-json\/wp\/v2\/media?parent=113740"}],"wp:term":[{"taxonomy":"product_brand","embeddable":true,"href":"https:\/\/soydeaqui.ddns.net\/pachuca\/index.php\/wp-json\/wp\/v2\/product_brand?post=113740"},{"taxonomy":"product_cat","embeddable":true,"href":"https:\/\/soydeaqui.ddns.net\/pachuca\/index.php\/wp-json\/wp\/v2\/product_cat?post=113740"},{"taxonomy":"product_tag","embeddable":true,"href":"https:\/\/soydeaqui.ddns.net\/pachuca\/index.php\/wp-json\/wp\/v2\/product_tag?post=113740"}],"curies":[{"name":"wp","href":"https:\/\/api.w.org\/{rel}","templated":true}]}}