{"id":113702,"date":"2026-03-20T22:54:03","date_gmt":"2026-03-20T22:54:03","guid":{"rendered":"https:\/\/soydeaqui.ddns.net\/pachuca\/index.php\/producto\/dvr-2-megapixel-1080p-lite-32-canales-turbohd-2-canales-ip-2-bahias-de-disco-duro-1-canal-de-audio-video-analisis\/"},"modified":"2026-03-20T22:54:09","modified_gmt":"2026-03-20T22:54:09","slug":"dvr-2-megapixel-1080p-lite-32-canales-turbohd-2-canales-ip-2-bahias-de-disco-duro-1-canal-de-audio-video-analisis","status":"publish","type":"product","link":"https:\/\/soydeaqui.ddns.net\/pachuca\/index.php\/producto\/dvr-2-megapixel-1080p-lite-32-canales-turbohd-2-canales-ip-2-bahias-de-disco-duro-1-canal-de-audio-video-analisis\/","title":{"rendered":"DVR 2 Megapixel (1080p) Lite \/ 32 Canales TURBOHD + 2 Canales IP \/ 2 Bah\u00edas de Disco Duro \/ 1 Canal de Audio \/ V\u00eddeo An\u00e1lisis"},"content":{"rendered":"<div style='width: 100%; max-width: 1200px; margin: 0 auto; font-family: sans-serif; line-height: 1.6; color: inherit; background-color: transparent;'>\n<p style='text-align: center; margin: 0; padding: 15px 0;'><img style='width: 45%; height: auto; border: 1px solid rgba(150&comma;150&comma;150&comma;0.3); border-radius: 8px;' src='https:\/\/ftp3.syscom.mx\/usuarios\/jsosa\/HIKVISION\/imagenes\/logo\/hikvision%20see%20far.png' alt='Hikvision Logo'><\/p>\n<div style='display: flex; flex-wrap: wrap; gap: 30px; margin: 30px 0;'>\n<div style='flex: 1 1 300px; min-width: 280px;'>\n<h3 style='font-size: 22px; border-bottom: 2px solid currentColor; padding-bottom: 5px; margin-top: 0; color: inherit; opacity: 0.8;'>Caracter\u00edsticas principales<\/h3>\n<ul style='padding-left: 20px; font-size: 15px; color: inherit;'>\n<li style='margin-bottom: 5px;'>Sistema Pentaibrido (TVI \/ AHD \/ CVI \/ Anal\u00f3gico CVBS \/ IP)<\/li>\n<li style='margin-bottom: 5px;'>Compresi\u00f3n: H.265+ \/ H.265 \/ H.264+ \/ H.264<\/li>\n<li style='margin-bottom: 5px;'>32 Canales de v\u00eddeo TURBOHD + 2 canales IP<\/li>\n<li style='margin-bottom: 5px; font-weight: bold;'>Permite apagar canales anal\u00f3gicos TURBOHD y poder generar canales IP&comma; podemos colocar hasta 18 canales IP en total. Por cada canal anal\u00f3gico TURBOHD que se apague se genera un canal IP adicional.<\/li>\n<li style='margin-bottom: 5px;'>1 Entradas de audio \/ 1 salida de audio<\/li>\n<li style='margin-bottom: 5px;'>1 Puertos de red gigabit<\/li>\n<li style='margin-bottom: 5px;'>Capacidad para 2 discos duros SATA de hasta 10 TB (20 TB en total)<\/li>\n<li style='margin-bottom: 5px;'>Salidas de v\u00eddeo (simult\u00e1neas):\n<ul style='padding-left: 25px; margin: 5px 0;'>\n<li style='margin-bottom: 5px;'>HDMI y VGA: 1920 x 1080 \/ 1280 x 1024 \/ 1280 x 720 \/ 1024 x 768<\/li>\n<\/ul>\n<\/li>\n<li style='margin-bottom: 5px;'>Salida de video BNC en resolucion 4 CIF independiente<\/li>\n<li style='margin-bottom: 5px;'>Soporta Hik-Connect (P2P)<\/li>\n<li style='margin-bottom: 5px;'>Soporta Hik-connect Domain \/ NO-IP \/ DynDNS<\/li>\n<li style='margin-bottom: 5px;'>Compatible con software cliente iVMS-4200 (Windows\/Mac) \/ Hik-Connect (Android&comma; iPhone&comma; iPad)<\/li>\n<li style='margin-bottom: 5px;'>Soporta COAXITRON para PTZ (no requiere cablear datos RS-485)<\/li>\n<\/ul><\/div>\n<div style='flex: 1 1 300px; min-width: 280px;'>\n<h3 style='font-size: 22px; border-bottom: 2px solid currentColor; padding-bottom: 5px; margin-top: 0; color: inherit; opacity: 0.8;'>Caracter\u00edsticas F\u00edsicas y El\u00e9ctricas<\/h3>\n<ul style='padding-left: 20px; font-size: 15px; color: inherit;'>\n<li style='margin-bottom: 5px;'>Alimentaci\u00f3n \/ Consumo: 12 Vcc \/ 18 Watts (sin discos duros)<\/li>\n<li style='margin-bottom: 5px;'>Temperatura de operaci\u00f3n: -10\u00b0 a 55\u00b0 C<\/li>\n<li style='margin-bottom: 5px;'>Dimensiones: 380 x 320 x 48 mm<\/li>\n<li style='margin-bottom: 5px;'>Peso: 2.2 Kgs<\/li>\n<\/ul><\/div>\n<div style='flex: 1 1 300px; min-width: 280px;'>\n<h3 style='font-size: 22px; border-bottom: 2px solid currentColor; padding-bottom: 5px; margin-top: 0; color: inherit; opacity: 0.8;'>Canales de v\u00eddeo<\/h3>\n<ul style='padding-left: 20px; font-size: 15px; color: inherit;'>\n<li style='margin-bottom: 5px;'>Tecnolog\u00eda TURBOHD (TVI): 1080p \/ 720p<\/li>\n<li style='margin-bottom: 5px;'>Tecnolog\u00eda AHD: 1080p \/ 720p<\/li>\n<li style='margin-bottom: 5px;'>Tecnolog\u00eda CVI: 1080p \/ 720p<\/li>\n<li style='margin-bottom: 5px;'>Tecnolog\u00eda anal\u00f3gica (CVBS): 800 TVL en adelante<\/li>\n<li style='margin-bottom: 5px;'>Tecnolog\u00eda IP: 5 Megapixel<\/li>\n<\/ul>\n<p style='margin: 15px 0 0 0; padding: 10px; border-left: 4px solid rgba(255&comma;0&comma;0&comma;0.5); background-color: rgba(32&comma;33&comma;36&comma;0.04); color: inherit; font-size: 14px;'>Para conectar los canales IP requiere utilizar un switch\/switch poe (no incluido)<\/p>\n<p style='text-align: center; margin: 15px 0 0 0;'><img style='width: 100%; height: auto; border: 1px solid rgba(150&comma;150&comma;150&comma;0.3); border-radius: 8px;' src='https:\/\/ftp3.syscom.mx\/usuarios\/fotos\/DS7208HQHIK1\/97560-pentahi.jpg' alt=''><\/p>\n<\/p><\/div>\n<\/p><\/div>\n<div style='margin: 30px 0;'>\n<h3 style='font-size: 22px; border-bottom: 2px solid currentColor; padding-bottom: 5px; margin-top: 0; color: inherit; opacity: 0.8;'>Consideraciones<\/h3>\n<p style='margin: 0;'>No hay consideraciones especificadas<\/p>\n<\/p><\/div>\n<hr style='border: 0; border-top: 1px solid rgba(150&comma; 150&comma; 150&comma; 0.3); margin: 30px 0;'>\n<div style='margin: 30px 0;'>\n<h3 style='font-size: 22px; text-align: center; border-bottom: 2px solid currentColor; padding-bottom: 5px; margin-top: 0; color: inherit; opacity: 0.8;'>Recursos<\/h3>\n<div style='display: flex; flex-wrap: wrap; justify-content: center; gap: 20px; margin-top: 20px;'>\n<div style='flex: 1 1 250px; min-width: 200px;'> <a href='https:\/\/www.hikvision.com\/es-la\/support\/download\/software\/ivms4200-series\/?q=serie%20ivms4200&#038;position=1' target='_blank' rel='noopener' style='text-decoration: none; color: inherit;'> <img style='width: 100%; height: auto; border: 1px solid rgba(150&comma;150&comma;150&comma;0.3); border-radius: 8px;' src='https:\/\/ftp3.syscom.mx\/usuarios\/gmagos\/HIK\/IP\/IPC\/Imagenes%20pagina\/Descargas%20IVMS4200.jpg' alt='iVMS-4200'> <\/a> <\/div>\n<div style='flex: 1 1 250px; min-width: 200px;'> <a href='https:\/\/appstore.hikvision.com\/' target='_blank' rel='noopener' style='text-decoration: none; color: inherit;'> <img style='width: 100%; height: auto; border: 1px solid rgba(150&comma;150&comma;150&comma;0.3); border-radius: 8px;' src='https:\/\/ftp3.syscom.mx\/usuarios\/gmagos\/HIK\/IP\/IPC\/Imagenes%20pagina\/Descargas%20de%20app.jpg' alt='App Store Hikvision'> <\/a> <\/div>\n<div style='flex: 1 1 250px; min-width: 200px;'> <a href='https:\/\/ftp3.syscom.mx\/usuarios\/jsosa\/HIKVISION\/specs\/DVR\/DS7232HGHIK2\/UD12132B%20Datasheet%20of%20DS-7200HGHI-K2%20V4.20.100%20201801105.pdf' target='_blank' rel='noopener' style='text-decoration: none; color: inherit;'> <img style='width: 100%; height: auto; border: 1px solid rgba(150&comma;150&comma;150&comma;0.3); border-radius: 8px;' src='https:\/\/ftp3.syscom.mx\/usuarios\/gmagos\/HIK\/IP\/IPC\/Imagenes%20pagina\/Descarga%20de%20PDF.jpg' alt='Datasheet PDF'> <\/a> <\/div>\n<\/p><\/div>\n<\/p><\/div>\n<p style='text-align: center; margin: 30px 0 0 0;'><img style='width: 100%; height: auto; border: 1px solid rgba(150&comma;150&comma;150&comma;0.3); border-radius: 8px;' src='https:\/\/ftp3.syscom.mx\/usuarios\/jsosa\/HIKVISION\/imagenes\/banners\/solution%20complete.png' alt='Solution Complete'><\/p>\n<\/p><\/div>\n","protected":false},"excerpt":{"rendered":"<p>DVR 2 Megapixel (1080p) Lite \/ 32 Canales TURBOHD + 2 Canales IP \/ 2 Bah\u00edas de Disco Duro \/ 1 Canal de Audio \/ V\u00eddeo An\u00e1lisis<\/p>\n","protected":false},"featured_media":113701,"comment_status":"open","ping_status":"closed","template":"","meta":[],"product_brand":[],"product_cat":[2254],"product_tag":[2255,54,2256],"class_list":{"0":"post-113702","1":"product","2":"type-product","3":"status-publish","4":"has-post-thumbnail","6":"product_cat-videograbadoras-analogicas-turbohd-tvi-ahd-cvi","7":"product_tag-camaras-y-dvrs-hd-turbohd-ahd-hd-tvi","8":"product_tag-hikvision","9":"product_tag-videograbadoras-analogicas-turbohd-tvi-ahd-cvi","11":"first","12":"outofstock","13":"sale","14":"shipping-taxable","15":"purchasable","16":"product-type-simple"},"_links":{"self":[{"href":"https:\/\/soydeaqui.ddns.net\/pachuca\/index.php\/wp-json\/wp\/v2\/product\/113702","targetHints":{"allow":["GET"]}}],"collection":[{"href":"https:\/\/soydeaqui.ddns.net\/pachuca\/index.php\/wp-json\/wp\/v2\/product"}],"about":[{"href":"https:\/\/soydeaqui.ddns.net\/pachuca\/index.php\/wp-json\/wp\/v2\/types\/product"}],"replies":[{"embeddable":true,"href":"https:\/\/soydeaqui.ddns.net\/pachuca\/index.php\/wp-json\/wp\/v2\/comments?post=113702"}],"wp:featuredmedia":[{"embeddable":true,"href":"https:\/\/soydeaqui.ddns.net\/pachuca\/index.php\/wp-json\/wp\/v2\/media\/113701"}],"wp:attachment":[{"href":"https:\/\/soydeaqui.ddns.net\/pachuca\/index.php\/wp-json\/wp\/v2\/media?parent=113702"}],"wp:term":[{"taxonomy":"product_brand","embeddable":true,"href":"https:\/\/soydeaqui.ddns.net\/pachuca\/index.php\/wp-json\/wp\/v2\/product_brand?post=113702"},{"taxonomy":"product_cat","embeddable":true,"href":"https:\/\/soydeaqui.ddns.net\/pachuca\/index.php\/wp-json\/wp\/v2\/product_cat?post=113702"},{"taxonomy":"product_tag","embeddable":true,"href":"https:\/\/soydeaqui.ddns.net\/pachuca\/index.php\/wp-json\/wp\/v2\/product_tag?post=113702"}],"curies":[{"name":"wp","href":"https:\/\/api.w.org\/{rel}","templated":true}]}}