{"id":113692,"date":"2026-03-20T22:53:27","date_gmt":"2026-03-20T22:53:27","guid":{"rendered":"https:\/\/soydeaqui.ddns.net\/pachuca\/index.php\/producto\/kit-extensor-kvm-hdmi-y-usb-40m-a-4k30hz-70m-a-1080p60hz-cat-6-6a-y-7-cero-latencia-hdr-salida-loop-salida-de-audio-de-3-5mm\/"},"modified":"2026-03-20T22:53:56","modified_gmt":"2026-03-20T22:53:56","slug":"kit-extensor-kvm-hdmi-y-usb-40m-a-4k30hz-70m-a-1080p60hz-cat-6-6a-y-7-cero-latencia-hdr-salida-loop-salida-de-audio-de-3-5mm","status":"publish","type":"product","link":"https:\/\/soydeaqui.ddns.net\/pachuca\/index.php\/producto\/kit-extensor-kvm-hdmi-y-usb-40m-a-4k30hz-70m-a-1080p60hz-cat-6-6a-y-7-cero-latencia-hdr-salida-loop-salida-de-audio-de-3-5mm\/","title":{"rendered":"Kit extensor KVM (HDMI y USB) | 40m a 4k@30Hz  | 70m a 1080P@60Hz | Cat 6, 6a y 7 | CERO LATENCIA | HDR | Salida Loop | Salida de audio de 3.5mm |"},"content":{"rendered":"<div style='width: 100%; max-width: 1200px; margin: 0 auto; font-family: sans-serif; line-height: 1.6; color: inherit; background-color: transparent;'>\n<div style='width: 100%; max-width: 1200px; margin: 0 auto; font-family: sans-serif; line-height: 1.6; color: inherit; background-color: transparent;'>\n<div style='display: flex; flex-direction: column; align-items: center; text-align: center; margin-bottom: 30px;'>\n<h1 style='font-size: 28px; color: inherit; margin: 0; padding: 0;'><strong>TT-223-KVM<\/strong><\/h1>\n<h3 style='color: inherit; opacity: 0.7; margin: 10px 0 15px 0; padding: 0; font-size: 18px;'>Kit extensor KVM (Teclado&comma; video&comma; Mouse)&comma; punto a punto 40 Metros&comma; 4k @30 Hz&comma; HDR&comma; Latencia Cero. CAT6\/6A\/7.<\/h3>\n<p style='font-size: 15px; margin: 0 70px; color: inherit;'>Este extensor HDMI incluye una unidad transmisora y una unidad receptora&comma; permite que la se\u00f1al HDMI se transmita hasta 70 metros a una resoluci\u00f3n de 1080p&comma; 40m en resoluci\u00f3n 4k utilizando un cable de red Cat6 \/ 6A \/ 7. Adopta una configuraci\u00f3n de conexi\u00f3n punto a punto.<\/p>\n<\/p><\/div>\n<div style='margin-bottom: 30px;'>\n<h3 style='font-size: 22px; border-bottom: 2px solid currentColor; padding-bottom: 5px; margin-top: 0; margin-bottom: 15px; color: inherit; opacity: 0.8;'>Caracter\u00edsticas<\/h3>\n<div style='display: flex; flex-wrap: wrap; gap: 30px;'>\n<div style='flex: 1 1 300px; min-width: 280px;'>\n<div style='border-left: 4px solid #439cc7; border-radius: 5px; padding: 15px; margin-bottom: 25px; background-color: rgba(67&comma; 156&comma; 199&comma; 0.05);'>\n<ul style='padding-left: 20px; font-size: 15px; color: inherit; list-style-type: disc;'>\n<li style='margin-bottom: 8px;'><strong>Se\u00f1al HDMI:<\/strong> 4k @30Hz se puede transmitir 40 metros a trav\u00e9s de un cable de red CAT6.<\/li>\n<li style='margin-bottom: 8px;'>1080P hasta 70m<\/li>\n<li style='margin-bottom: 8px;'>Admite la funci\u00f3n KVM (punto a punto).<\/li>\n<li style='margin-bottom: 8px;'>El Transmisor cuenta con salida HDMI Loop para una pantalla local.<\/li>\n<li style='margin-bottom: 8px;'>Protecci\u00f3n contra rayos&comma; sobretensiones&comma; protecci\u00f3n ESD&comma; Cubierta met\u00e1lica&comma; estable y duradera<\/li>\n<\/ul><\/div>\n<\/p><\/div>\n<div style='flex: 1 1 300px; min-width: 280px;'>\n<div style='border-left: 4px solid #439cc7; border-radius: 5px; padding: 15px; margin-bottom: 25px; background-color: rgba(67&comma; 156&comma; 199&comma; 0.05);'>\n<ul style='padding-left: 20px; font-size: 15px; color: inherit; list-style-type: disc;'>\n<li style='margin-bottom: 8px;'><strong>Alimentaci\u00f3n incluida de:<\/strong> 5 Vcc&comma; 1 A para Transmisor y Receptor<\/li>\n<li style='margin-bottom: 8px;'><strong>Potencia de consumo:<\/strong> TX \u2264 2&comma;5 W; RX \u2264 2&comma;5W<\/li>\n<li style='margin-bottom: 8px;'><strong>Peso:<\/strong> TX: 180 g&comma; RX: 180 g<\/li>\n<li style='margin-bottom: 8px;'><strong>Dimensiones:<\/strong> TX&comma; RX 75 mm (largo) x 85 mm (ancho) x 20 mm (alto)<\/li>\n<li style='margin-bottom: 8px;'><strong>Color:<\/strong> negro<\/li>\n<\/ul><\/div>\n<\/p><\/div>\n<div style='flex: 1 1 300px; min-width: 280px;'>\n<div style='border-left: 4px solid #439cc7; border-radius: 5px; padding: 15px; margin-bottom: 25px; background-color: rgba(67&comma; 156&comma; 199&comma; 0.05);'>\n<ul style='padding-left: 20px; font-size: 15px; color: inherit; list-style-type: disc;'>\n<li style='margin-bottom: 8px;'><strong>Longitud del cable de entrada:<\/strong> \u2264 8 m (cable HDMI AWG 24)<\/li>\n<li style='margin-bottom: 8px;'><strong>Longitud del cable de salida:<\/strong> \u2264 8 m (cable HDMI AWG 24)<\/li>\n<li style='margin-bottom: 8px;'><strong>Soporte:<\/strong> HDR<\/li>\n<li style='margin-bottom: 8px;'><strong>Conformidad HDMI:<\/strong> 1.3<\/li>\n<li style='margin-bottom: 8px;'><strong>Cumplimiento HDCP:<\/strong> 1.4<\/li>\n<li style='margin-bottom: 8px;'>Soporte PCM&comma; LPCM&comma; DST HD&comma; DST Audio<\/li>\n<\/ul><\/div>\n<\/p><\/div>\n<\/p><\/div>\n<\/p><\/div>\n<div style='margin: 40px 0;'> <img style='width: 100%; height: auto; border: 1px solid rgba(150&comma;150&comma;150&comma;0.3); border-radius: 8px;' src='http:\/\/ftp3.syscom.mx\/usuarios\/luis.vargas\/EpcomTitanium\/TT223KVM\/TT223KVM-Poster.jpg' alt=''> <\/div>\n<div style='position: relative; padding-bottom: 56.25%; height: 0; overflow: hidden; margin-bottom: 30px;'>   <\/div>\n<\/p><\/div>\n<\/p><\/div>\n","protected":false},"excerpt":{"rendered":"<p>Kit extensor KVM (HDMI y USB) | 40m a 4k@30Hz  | 70m a 1080P@60Hz | Cat 6, 6a y 7 | CERO LATENCIA | HDR | Salida Loop | Salida de audio de 3.5mm |<\/p>\n","protected":false},"featured_media":113691,"comment_status":"open","ping_status":"closed","template":"","meta":[],"product_brand":[],"product_cat":[2073,2074,2077,2075,2072,2076],"product_tag":[417,2079,2080,2083,507,2081,2078,2082],"class_list":{"0":"post-113692","1":"product","2":"type-product","3":"status-publish","4":"has-post-thumbnail","6":"product_cat-convertidores","7":"product_cat-divisores","8":"product_cat-dvi","9":"product_cat-hdmi","10":"product_cat-kits-extensores","11":"product_cat-vga","12":"product_tag-accesorios-generales","13":"product_tag-convertidores","14":"product_tag-divisores","15":"product_tag-dvi","16":"product_tag-epcom-titanium","17":"product_tag-hdmi","18":"product_tag-kits-extensores","19":"product_tag-vga","21":"first","22":"outofstock","23":"sale","24":"shipping-taxable","25":"purchasable","26":"product-type-simple"},"_links":{"self":[{"href":"https:\/\/soydeaqui.ddns.net\/pachuca\/index.php\/wp-json\/wp\/v2\/product\/113692","targetHints":{"allow":["GET"]}}],"collection":[{"href":"https:\/\/soydeaqui.ddns.net\/pachuca\/index.php\/wp-json\/wp\/v2\/product"}],"about":[{"href":"https:\/\/soydeaqui.ddns.net\/pachuca\/index.php\/wp-json\/wp\/v2\/types\/product"}],"replies":[{"embeddable":true,"href":"https:\/\/soydeaqui.ddns.net\/pachuca\/index.php\/wp-json\/wp\/v2\/comments?post=113692"}],"wp:featuredmedia":[{"embeddable":true,"href":"https:\/\/soydeaqui.ddns.net\/pachuca\/index.php\/wp-json\/wp\/v2\/media\/113691"}],"wp:attachment":[{"href":"https:\/\/soydeaqui.ddns.net\/pachuca\/index.php\/wp-json\/wp\/v2\/media?parent=113692"}],"wp:term":[{"taxonomy":"product_brand","embeddable":true,"href":"https:\/\/soydeaqui.ddns.net\/pachuca\/index.php\/wp-json\/wp\/v2\/product_brand?post=113692"},{"taxonomy":"product_cat","embeddable":true,"href":"https:\/\/soydeaqui.ddns.net\/pachuca\/index.php\/wp-json\/wp\/v2\/product_cat?post=113692"},{"taxonomy":"product_tag","embeddable":true,"href":"https:\/\/soydeaqui.ddns.net\/pachuca\/index.php\/wp-json\/wp\/v2\/product_tag?post=113692"}],"curies":[{"name":"wp","href":"https:\/\/api.w.org\/{rel}","templated":true}]}}