{"id":113685,"date":"2026-03-20T22:53:02","date_gmt":"2026-03-20T22:53:02","guid":{"rendered":"https:\/\/soydeaqui.ddns.net\/pachuca\/index.php\/producto\/kit-extensor-hdmi-para-distancias-de-70-metros-soporta-resoluciones-720-y-1080p-60-hz-cat-6-6a-y-7-cero-latencia-uso-24-7-hdr10-salida-loop-configuracion-edid-soporta-control-remot-2\/"},"modified":"2026-03-20T22:53:22","modified_gmt":"2026-03-20T22:53:22","slug":"kit-extensor-hdmi-para-distancias-de-70-metros-soporta-resoluciones-720-y-1080p-60-hz-cat-6-6a-y-7-cero-latencia-uso-24-7-hdr10-salida-loop-configuracion-edid-soporta-control-remot-2","status":"publish","type":"product","link":"https:\/\/soydeaqui.ddns.net\/pachuca\/index.php\/producto\/kit-extensor-hdmi-para-distancias-de-70-metros-soporta-resoluciones-720-y-1080p-60-hz-cat-6-6a-y-7-cero-latencia-uso-24-7-hdr10-salida-loop-configuracion-edid-soporta-control-remot-2\/","title":{"rendered":"Kit Extensor HDMI para distancias de 70 metros \/ Soporta resoluciones 720 y 1080P @ 60 Hz \/ Cat 6, 6a y 7 \/ Cero Latencia \/ Uso 24\/7 \/ HDR10 \/ Salida Loop \/  Configuraci\u00f3n EDID \/ Soporta control remoto del equipo fuente \/ Salida de audio de 3.5mm"},"content":{"rendered":"<div style='width: 100%; max-width: 1200px; margin: 0 auto; font-family: sans-serif; line-height: 1.6; color: inherit; background-color: transparent;'>\n<div style='text-align: center; margin: 30px 0;'>\n<h1 style='font-size: 28px; margin: 0; color: inherit;'><strong>TT223<\/strong><\/h1>\n<h3 style='color: inherit; opacity: 0.7; margin: 10px 0 20px 0; font-size: 18px;'>Kit extensor HDMI punto a punto 1080P @ 60 Hz&comma; HDR&comma; hasta 70 Metros con cable UTP CAT6 \/ 6A \/ 7&comma; Latencia Cero<\/h3>\n<p style='font-size: 15px; margin: 0 70px; color: inherit;'>Este kit extensor HDMI incluye una unidad transmisora y una receptora&comma; permite que la se\u00f1al HDMI se transmita hasta 70 metros de distancia a una resoluci\u00f3n de 1080P @ 60 Hz a trav\u00e9s de un solo cable CAT6\/6A\/7. Admite transferencia de infrarrojos para el control de su dispositivo fuente&comma; si este cuenta con control remoto. Cuenta con tecnolog\u00eda de \u00faltima generaci\u00f3n lo que le permite que la transmisi\u00f3n tenga cero latencia adem\u00e1s de una mayor calidad en video y mayor distancia con un precio m\u00e1s competitivo.<\/p>\n<\/p><\/div>\n<div style='display: flex; flex-wrap: wrap; gap: 30px; margin: 40px 0;'>\n<div style='flex: 1 1 300px; min-width: 280px;'>\n<div style='border: 1px solid rgba(150&comma;150&comma;150&comma;0.3); border-radius: 8px; overflow: hidden;'> <img style='width: 100%; height: auto; border: 1px solid rgba(150&comma;150&comma;150&comma;0.3); border-radius: 8px;' src='http:\/\/ftp3.syscom.mx\/usuarios\/hallende\/EPCOM%20Titanium\/TT-223\/TT223-AD-1.png' alt=''> <\/p>\n<div style='padding: 15px; border-top: 5px solid #165DF5;'>\n<h3 style='font-size: 20px; margin-top: 0; margin-bottom: 15px; color: inherit; opacity: 0.8;'>Caracter\u00edsticas Principales:<\/h3>\n<ul style='padding-left: 20px; font-size: 14px; color: inherit; list-style-position: inside;'>\n<li style='margin-bottom: 8px;'><strong>Resoluci\u00f3n 1080p @ 60Hz (1920 x 1080@24\/25\/30\/50\/60Hz)<\/strong><\/li>\n<li style='margin-bottom: 8px;'>HDR10 para un rango din\u00e1mico y una gama de colores m\u00e1s amplios<\/li>\n<li style='margin-bottom: 8px;'><strong>Extiende la se\u00f1al HDMI hasta 70m\/229 pies usando un solo cable de red<\/strong><\/li>\n<li style='margin-bottom: 8px;'>Compatible con cables de red UTP CAT6\/6A\/7.<\/li>\n<li style='margin-bottom: 8px;'>Soporta HDCP 1.4 \/ HDMI 1.3<\/li>\n<li style='margin-bottom: 8px;'>El receptor admite salida de audio de 3.5mm<\/li>\n<li style='margin-bottom: 8px;'>Longitud del cable HDMI de entrada \u22648m (24AWG)<\/li>\n<li style='margin-bottom: 8px;'>Longitud del cable HDMI de salida \u22648m (24AWG)<\/li>\n<\/ul><\/div>\n<\/p><\/div>\n<\/p><\/div>\n<div style='flex: 1 1 300px; min-width: 280px;'>\n<div style='border: 1px solid rgba(150&comma;150&comma;150&comma;0.3); border-radius: 8px; overflow: hidden;'> <img style='width: 100%; height: auto; border: 1px solid rgba(150&comma;150&comma;150&comma;0.3); border-radius: 8px;' src='http:\/\/ftp3.syscom.mx\/usuarios\/hallende\/EPCOM%20Titanium\/TT-223\/TT223-AD-2.png' alt=''> <\/p>\n<div style='padding: 15px; border-top: 5px solid #165DF5;'>\n<h3 style='font-size: 20px; margin-top: 0; margin-bottom: 15px; color: inherit; opacity: 0.8;'>Caracter\u00edsticas F\u00edsicas y El\u00e9ctricas:<\/h3>\n<ul style='padding-left: 20px; font-size: 14px; color: inherit; list-style-position: inside;'>\n<li style='margin-bottom: 8px;'><strong>Alimentaci\u00f3n incluida de 5 Vcc&comma; 0.5 A<\/strong> <span style='color: #165DF5; font-size: 13px;'>(Fuentes de alimentaci\u00f3n incluidas)<\/span><\/li>\n<li style='margin-bottom: 8px;'>Potencia de consumo TX:2.5 W RX:2.5 W<\/li>\n<li style='margin-bottom: 8px;'>Dimensiones TX;RX 75.0 (L) x 80.0 (W) x 18.0 (H) mm<\/li>\n<li style='margin-bottom: 8px;'>Peso TX : 160g ; RX : 160g<\/li>\n<li style='margin-bottom: 8px;'>Temperatura de operaci\u00f3n 0~60\u00b0<\/li>\n<li style='margin-bottom: 8px;'>Temperatura de almacenamiento -30~70\u00b0C<\/li>\n<li style='margin-bottom: 8px;'>Color Negro<\/li>\n<li style='margin-bottom: 8px;'><strong>1 A\u00f1o de Garant\u00eda por defectos de f\u00e1brica<\/strong><\/li>\n<\/ul><\/div>\n<\/p><\/div>\n<\/p><\/div>\n<div style='flex: 1 1 300px; min-width: 280px;'>\n<div style='border: 1px solid rgba(150&comma;150&comma;150&comma;0.3); border-radius: 8px; overflow: hidden;'> <img style='width: 100%; height: auto; border: 1px solid rgba(150&comma;150&comma;150&comma;0.3); border-radius: 8px;' src='http:\/\/ftp3.syscom.mx\/usuarios\/hallende\/EPCOM%20Titanium\/TT-223\/TT223-AD-3.png' alt=''> <\/p>\n<div style='padding: 15px; border-top: 5px solid #165DF5;'>\n<h3 style='font-size: 20px; margin-top: 0; margin-bottom: 15px; color: inherit; opacity: 0.8;'>Caracter\u00edsticas Destacadas:<\/h3>\n<ul style='padding-left: 20px; font-size: 14px; color: inherit; list-style-position: inside;'>\n<li style='margin-bottom: 8px;'>Admite formatos de audio PCM&comma; LPCM&comma; DST Hd&comma;DTS Audio<\/li>\n<li style='margin-bottom: 8px;'>Ajusta autom\u00e1ticamente los par\u00e1metros de video para lograr el mejor rendimiento de visualizaci\u00f3n.<\/li>\n<li style='margin-bottom: 8px;'>El transmisor admite una salida de bucle (Loop) HDMI.<\/li>\n<li style='margin-bottom: 8px;'>Admite la funci\u00f3n de transferencia de infrarrojos bidireccional (20 &#8211; 60 KHz).<\/li>\n<li style='margin-bottom: 8px;'>Uso 24\/7<\/li>\n<li style='margin-bottom: 8px;'>Dise\u00f1o de carcasa de aleaci\u00f3n de aluminio&comma; estable y duradero<\/li>\n<li style='margin-bottom: 8px;'>Protecci\u00f3n contra rayos&comma; protecci\u00f3n contra sobretensiones&comma; protecci\u00f3n ESD.<\/li>\n<\/ul><\/div>\n<\/p><\/div>\n<\/p><\/div>\n<\/p><\/div>\n<div style='margin: 40px 0;'> <img style='width: 100%; height: auto; border: 1px solid rgba(150&comma;150&comma;150&comma;0.3); border-radius: 8px;' src='http:\/\/ftp3.syscom.mx\/usuarios\/hallende\/EPCOM%20Titanium\/TT-223\/TT223%20Esp..jpg' alt=''> <\/div>\n<div style='position: relative; padding-bottom: 56.25%; height: 0; overflow: hidden; margin-bottom: 30px;'>   <\/div>\n<\/p><\/div>\n","protected":false},"excerpt":{"rendered":"<p>Kit Extensor HDMI para distancias de 70 metros \/ Soporta resoluciones 720 y 1080P @ 60 Hz \/ Cat 6, 6a y 7 \/ Cero Latencia \/ Uso 24\/7 \/ HDR10 \/ Salida Loop \/  Configuraci\u00f3n EDID \/ Soporta control remoto del equipo fuente \/ Salida de audio de 3.5mm<\/p>\n","protected":false},"featured_media":113684,"comment_status":"open","ping_status":"closed","template":"","meta":[],"product_brand":[],"product_cat":[2073,2074,2077,2075,2072,2076],"product_tag":[417,2079,2080,2083,507,2081,2078,2082],"class_list":{"0":"post-113685","1":"product","2":"type-product","3":"status-publish","4":"has-post-thumbnail","6":"product_cat-convertidores","7":"product_cat-divisores","8":"product_cat-dvi","9":"product_cat-hdmi","10":"product_cat-kits-extensores","11":"product_cat-vga","12":"product_tag-accesorios-generales","13":"product_tag-convertidores","14":"product_tag-divisores","15":"product_tag-dvi","16":"product_tag-epcom-titanium","17":"product_tag-hdmi","18":"product_tag-kits-extensores","19":"product_tag-vga","21":"first","22":"outofstock","23":"sale","24":"shipping-taxable","25":"purchasable","26":"product-type-simple"},"_links":{"self":[{"href":"https:\/\/soydeaqui.ddns.net\/pachuca\/index.php\/wp-json\/wp\/v2\/product\/113685","targetHints":{"allow":["GET"]}}],"collection":[{"href":"https:\/\/soydeaqui.ddns.net\/pachuca\/index.php\/wp-json\/wp\/v2\/product"}],"about":[{"href":"https:\/\/soydeaqui.ddns.net\/pachuca\/index.php\/wp-json\/wp\/v2\/types\/product"}],"replies":[{"embeddable":true,"href":"https:\/\/soydeaqui.ddns.net\/pachuca\/index.php\/wp-json\/wp\/v2\/comments?post=113685"}],"wp:featuredmedia":[{"embeddable":true,"href":"https:\/\/soydeaqui.ddns.net\/pachuca\/index.php\/wp-json\/wp\/v2\/media\/113684"}],"wp:attachment":[{"href":"https:\/\/soydeaqui.ddns.net\/pachuca\/index.php\/wp-json\/wp\/v2\/media?parent=113685"}],"wp:term":[{"taxonomy":"product_brand","embeddable":true,"href":"https:\/\/soydeaqui.ddns.net\/pachuca\/index.php\/wp-json\/wp\/v2\/product_brand?post=113685"},{"taxonomy":"product_cat","embeddable":true,"href":"https:\/\/soydeaqui.ddns.net\/pachuca\/index.php\/wp-json\/wp\/v2\/product_cat?post=113685"},{"taxonomy":"product_tag","embeddable":true,"href":"https:\/\/soydeaqui.ddns.net\/pachuca\/index.php\/wp-json\/wp\/v2\/product_tag?post=113685"}],"curies":[{"name":"wp","href":"https:\/\/api.w.org\/{rel}","templated":true}]}}