{"id":113615,"date":"2026-03-20T22:49:00","date_gmt":"2026-03-20T22:49:00","guid":{"rendered":"https:\/\/soydeaqui.ddns.net\/pachuca\/index.php\/producto\/bateria-12v-154ah-para-respaldo-tecnologias-agm-vrla-10-12-anos-vida-util-terminales-t11-reconocida-ul-ideal-para-sistemas-fotovoltaicos\/"},"modified":"2026-03-20T22:49:02","modified_gmt":"2026-03-20T22:49:02","slug":"bateria-12v-154ah-para-respaldo-tecnologias-agm-vrla-10-12-anos-vida-util-terminales-t11-reconocida-ul-ideal-para-sistemas-fotovoltaicos","status":"publish","type":"product","link":"https:\/\/soydeaqui.ddns.net\/pachuca\/index.php\/producto\/bateria-12v-154ah-para-respaldo-tecnologias-agm-vrla-10-12-anos-vida-util-terminales-t11-reconocida-ul-ideal-para-sistemas-fotovoltaicos\/","title":{"rendered":"Bater\u00eda 12V, 154AH, Para Respaldo, Tecnolog\u00edas AGM\/VRLA, 10-12 A\u00f1os Vida \u00datil, Terminales T11, Reconocida UL, Ideal para Sistemas Fotovolt\u00e1icos"},"content":{"rendered":"<div style='width: 100%; max-width: 1200px; margin: 0 auto; font-family: sans-serif; line-height: 1.6; color: inherit; background-color: transparent;'> <!-- Secci\u00f3n de caracter\u00edsticas --> <\/p>\n<div style='display: flex; flex-wrap: wrap; gap: 30px; margin-bottom: 30px;'>\n<div style='flex: 1 1 300px; min-width: 280px;'>\n<h3 style='font-size: 22px; border-bottom: 2px solid currentColor; padding-bottom: 5px; margin-top: 0; color: inherit; opacity: 0.8;'>Caracter\u00edsticas Generales Serie PG<\/h3>\n<ul style='padding-left: 20px; font-size: 15px; color: inherit;'>\n<li style='margin-bottom: 5px;'>Dise\u00f1o de <strong>10 a 12 a\u00f1os de vida \u00fatil<\/strong><\/li>\n<li style='margin-bottom: 5px;'>Reconocida <strong>UL<\/strong><\/li>\n<li style='margin-bottom: 5px;'>Tecnolog\u00eda <strong>VRLA<\/strong> (Valve Regulated Lead Acid) para larga vida \u00fatil<\/li>\n<li style='margin-bottom: 5px;'>Tecnolog\u00eda <strong>AGM<\/strong> (Absorbent Glass Mat) para garantizar un rendimiento y una fiabilidad superiores<\/li>\n<li style='margin-bottom: 5px;'>Relaci\u00f3n de potencia y volumen que produce una densidad de energ\u00eda inigualable<\/li>\n<li style='margin-bottom: 5px;'><strong>Libre de mantenimiento<\/strong><\/li>\n<li style='margin-bottom: 5px;'>Construcci\u00f3n a <strong>prueba de derrames<\/strong> regulada por v\u00e1lvula permite una operaci\u00f3n segura en cualquier orientaci\u00f3n (excepto el uso continuo invertido)<\/li>\n<li style='margin-bottom: 5px;'>Caja de <strong>ABS resistente a impactos<\/strong> y cubierta <strong>retardante de llama<\/strong> seg\u00fan <strong>UL94:HB<\/strong> y <strong>UL94:V0<\/strong><\/li>\n<li style='margin-bottom: 5px;'>Baja tasa de descarga para una larga vida \u00fatil<\/li>\n<li style='margin-bottom: 5px;'>Certificado <strong>ISO 9001:2015<\/strong><\/li>\n<\/ul><\/div>\n<div style='flex: 1 1 300px; min-width: 280px;'>\n<h3 style='font-size: 22px; border-bottom: 2px solid currentColor; padding-bottom: 5px; margin-top: 0; color: inherit; opacity: 0.8;'>Caracter\u00edsticas PG-12V150-FR<\/h3>\n<ul style='padding-left: 20px; font-size: 15px; color: inherit;'>\n<li style='margin-bottom: 5px;'>Dise\u00f1o de <strong>10 a 12 a\u00f1os de vida \u00fatil<\/strong><\/li>\n<li style='margin-bottom: 5px;'>Reconocida <strong>UL<\/strong><\/li>\n<li style='margin-bottom: 5px;'><strong>Tipo de terminal:<\/strong> T11<\/li>\n<li style='margin-bottom: 5px;'><strong>Voltaje Nominal:<\/strong> 12V<\/li>\n<li style='margin-bottom: 5px;'><strong>Capacidad @20HR:<\/strong> 154 AH<\/li>\n<li style='margin-bottom: 5px;'><strong>Capacidad @10HR:<\/strong> 144 AH<\/li>\n<li style='margin-bottom: 5px;'><strong>Peso:<\/strong> 44.9 kg\/99 lbs<\/li>\n<li style='margin-bottom: 5px;'><strong>Dimensiones:<\/strong> 13.50\u201d\/343 mm Longitud x 6.73\u201d\/171 mm Ancho x 10.79\u201d\/274 mm Altura<\/li>\n<li style='margin-bottom: 5px;'><strong>Cargador recomendado:<\/strong> Consultar con el fabricante<\/li>\n<\/ul><\/div>\n<\/p><\/div>\n<p> <!-- Secci\u00f3n de aplicaciones --> <\/p>\n<div style='display: flex; flex-wrap: wrap; gap: 30px; margin-bottom: 30px;'>\n<div style='flex: 1 1 300px; min-width: 280px;'>\n<h3 style='font-size: 22px; border-bottom: 2px solid currentColor; padding-bottom: 5px; margin-top: 0; color: inherit; opacity: 0.8;'>Aplicaciones<\/h3>\n<ul style='padding-left: 20px; font-size: 15px; color: inherit;'>\n<li style='margin-bottom: 5px;'>Sistemas de seguridad y emergencia<\/li>\n<li style='margin-bottom: 5px;'>Sistemas de control de acceso<\/li>\n<li style='margin-bottom: 5px;'>Sistemas de alarma<\/li>\n<li style='margin-bottom: 5px;'>Sistemas de detecci\u00f3n de incendio<\/li>\n<li style='margin-bottom: 5px;'>Sistemas de videovigilancia<\/li>\n<li style='margin-bottom: 5px;'>Muchas aplicaciones m\u00e1s&#8230;<\/li>\n<\/ul><\/div>\n<\/p><\/div>\n<p> <!-- Separador --> <\/p>\n<hr style='border: 0; border-top: 1px solid rgba(150&comma; 150&comma; 150&comma; 0.3); margin: 30px 0;'> <\/div>\n","protected":false},"excerpt":{"rendered":"<p>Bater\u00eda 12V, 154AH, Para Respaldo, Tecnolog\u00edas AGM\/VRLA, 10-12 A\u00f1os Vida \u00datil, Terminales T11, Reconocida UL, Ideal para Sistemas Fotovolt\u00e1icos<\/p>\n","protected":false},"featured_media":113614,"comment_status":"open","ping_status":"closed","template":"","meta":[],"product_brand":[],"product_cat":[141],"product_tag":[143,142,236],"class_list":{"0":"post-113615","1":"product","2":"type-product","3":"status-publish","4":"has-post-thumbnail","6":"product_cat-baterias","7":"product_tag-baterias","8":"product_tag-energia","9":"product_tag-power-sonic","11":"first","12":"outofstock","13":"sale","14":"shipping-taxable","15":"purchasable","16":"product-type-simple"},"_links":{"self":[{"href":"https:\/\/soydeaqui.ddns.net\/pachuca\/index.php\/wp-json\/wp\/v2\/product\/113615","targetHints":{"allow":["GET"]}}],"collection":[{"href":"https:\/\/soydeaqui.ddns.net\/pachuca\/index.php\/wp-json\/wp\/v2\/product"}],"about":[{"href":"https:\/\/soydeaqui.ddns.net\/pachuca\/index.php\/wp-json\/wp\/v2\/types\/product"}],"replies":[{"embeddable":true,"href":"https:\/\/soydeaqui.ddns.net\/pachuca\/index.php\/wp-json\/wp\/v2\/comments?post=113615"}],"wp:featuredmedia":[{"embeddable":true,"href":"https:\/\/soydeaqui.ddns.net\/pachuca\/index.php\/wp-json\/wp\/v2\/media\/113614"}],"wp:attachment":[{"href":"https:\/\/soydeaqui.ddns.net\/pachuca\/index.php\/wp-json\/wp\/v2\/media?parent=113615"}],"wp:term":[{"taxonomy":"product_brand","embeddable":true,"href":"https:\/\/soydeaqui.ddns.net\/pachuca\/index.php\/wp-json\/wp\/v2\/product_brand?post=113615"},{"taxonomy":"product_cat","embeddable":true,"href":"https:\/\/soydeaqui.ddns.net\/pachuca\/index.php\/wp-json\/wp\/v2\/product_cat?post=113615"},{"taxonomy":"product_tag","embeddable":true,"href":"https:\/\/soydeaqui.ddns.net\/pachuca\/index.php\/wp-json\/wp\/v2\/product_tag?post=113615"}],"curies":[{"name":"wp","href":"https:\/\/api.w.org\/{rel}","templated":true}]}}