{"id":113589,"date":"2026-03-20T22:47:33","date_gmt":"2026-03-20T22:47:33","guid":{"rendered":"https:\/\/soydeaqui.ddns.net\/pachuca\/index.php\/producto\/fuente-de-luz-estabilizada-para-fibra-ptica-monomodo-1310-1550-nm\/"},"modified":"2026-03-20T22:47:36","modified_gmt":"2026-03-20T22:47:36","slug":"fuente-de-luz-estabilizada-para-fibra-ptica-monomodo-1310-1550-nm","status":"publish","type":"product","link":"https:\/\/soydeaqui.ddns.net\/pachuca\/index.php\/producto\/fuente-de-luz-estabilizada-para-fibra-ptica-monomodo-1310-1550-nm\/","title":{"rendered":"Fuente de Luz Estabilizada para Fibra ?ptica Monomodo, 1310\/1550 nm"},"content":{"rendered":"<div style='width: 100%; max-width: 1200px; margin: 0 auto; font-family: sans-serif; line-height: 1.6; color: inherit; background-color: transparent;'>\n<div style='display: flex; flex-direction: column; align-items: center; margin-bottom: 30px;'> <img style='width: 100%; max-width: 270px; height: auto; border: 1px solid rgba(150&comma;150&comma;150&comma;0.3); border-radius: 8px;' src='https:\/\/ftp3.syscom.mx\/usuarios\/orobles\/GREENLEE\/TEMPO-COMMUNICATIONS-lg.jpg' alt=''> <\/div>\n<div style='margin-bottom: 30px;'>\n<p style='font-size: 14px; margin: 15px 0; color: inherit;'> Las fuentes de luz estabilizada para fibra \u00f3ptica de Tempo Communications (SLS520&comma; SLS525&comma; SLS530&comma; SLS535&comma; SLS536) est\u00e1n disponibles en l\u00e1seres de longitud de onda doble&comma; triple y LED de longitud de onda doble. Es posible realizar mediciones precisas de la p\u00e9rdida de inserci\u00f3n cuando se utiliza junto con los medidores de potencia \u00f3ptica Tempo Communications. Al colocar tonos en la fibra&comma; el medidor de potencia \u00f3ptica Tempo Communications identificar\u00e1 r\u00e1pidamente la fibra. <\/p>\n<p style='font-size: 14px; margin: 15px 0; color: inherit;'> La funda de goma act\u00faa como protector y cumple con IP54&comma; brindando confianza cuando se prueban redes de fibra \u00f3ptica. <\/p>\n<\/p><\/div>\n<div style='margin-bottom: 30px;'>\n<h3 style='font-size: 22px; border-bottom: 2px solid currentColor; padding-bottom: 5px; margin-top: 0; margin-bottom: 15px; color: inherit; opacity: 0.8;'>Caracter\u00edsticas<\/h3>\n<ul style='padding-left: 20px; font-size: 14px; color: inherit;'>\n<li style='margin-bottom: 8px;'><strong>Longitudes de onda:<\/strong> 1310\/1550 nm<\/li>\n<li style='margin-bottom: 8px;'><strong>Mediciones precisas de p\u00e9rdida de inserci\u00f3n<\/strong><\/li>\n<li style='margin-bottom: 8px;'><strong>Redes de fibra de tono y sonda a 270 Hz&comma; 1 kHz y 2 kHz<\/strong><\/li>\n<li style='margin-bottom: 8px;'><strong>Entrada para conector SC\/UPC<\/strong> (Adaptadores disponibles LC&comma; FC y ST por separado)<\/li>\n<li style='margin-bottom: 8px;'><strong>Funda reforzada<\/strong>&comma; cumple con IP54<\/li>\n<li style='margin-bottom: 8px;'><strong>Compatible con redes monomodo<\/strong><\/li>\n<li style='margin-bottom: 8px;'><strong>Operaci\u00f3n de apagado autom\u00e1tico o encendido continuo<\/strong><\/li>\n<li style='margin-bottom: 8px;'><strong>Funcionamiento con bater\u00eda 9Vcc o 120\/240 Vca<\/strong><\/li>\n<li style='margin-bottom: 8px;'><strong>Resistentes&comma; adaptables y estables<\/strong><\/li>\n<\/ul><\/div>\n<div style='margin-bottom: 30px;'>\n<div style='position: relative; padding-bottom: 56.25%; height: 0; overflow: hidden; margin-bottom: 30px;'>   <\/div>\n<div style='position: relative; padding-bottom: 56.25%; height: 0; overflow: hidden; margin-bottom: 30px;'>   <\/div>\n<\/p><\/div>\n<hr style='border: 0; border-top: 1px solid rgba(150&comma; 150&comma; 150&comma; 0.3); margin: 30px 0;'> <\/div>\n","protected":false},"excerpt":{"rendered":"<p>Fuente de Luz Estabilizada para Fibra ?ptica Monomodo, 1310\/1550 nm<\/p>\n","protected":false},"featured_media":113588,"comment_status":"open","ping_status":"closed","template":"","meta":[],"product_brand":[],"product_cat":[636],"product_tag":[611,25,658],"class_list":{"0":"post-113589","1":"product","2":"type-product","3":"status-publish","4":"has-post-thumbnail","6":"product_cat-herramientas-fibra-optica","7":"product_tag-fibra-optica","8":"product_tag-herramientas","9":"product_tag-tempo","11":"first","12":"outofstock","13":"sale","14":"shipping-taxable","15":"purchasable","16":"product-type-simple"},"_links":{"self":[{"href":"https:\/\/soydeaqui.ddns.net\/pachuca\/index.php\/wp-json\/wp\/v2\/product\/113589","targetHints":{"allow":["GET"]}}],"collection":[{"href":"https:\/\/soydeaqui.ddns.net\/pachuca\/index.php\/wp-json\/wp\/v2\/product"}],"about":[{"href":"https:\/\/soydeaqui.ddns.net\/pachuca\/index.php\/wp-json\/wp\/v2\/types\/product"}],"replies":[{"embeddable":true,"href":"https:\/\/soydeaqui.ddns.net\/pachuca\/index.php\/wp-json\/wp\/v2\/comments?post=113589"}],"wp:featuredmedia":[{"embeddable":true,"href":"https:\/\/soydeaqui.ddns.net\/pachuca\/index.php\/wp-json\/wp\/v2\/media\/113588"}],"wp:attachment":[{"href":"https:\/\/soydeaqui.ddns.net\/pachuca\/index.php\/wp-json\/wp\/v2\/media?parent=113589"}],"wp:term":[{"taxonomy":"product_brand","embeddable":true,"href":"https:\/\/soydeaqui.ddns.net\/pachuca\/index.php\/wp-json\/wp\/v2\/product_brand?post=113589"},{"taxonomy":"product_cat","embeddable":true,"href":"https:\/\/soydeaqui.ddns.net\/pachuca\/index.php\/wp-json\/wp\/v2\/product_cat?post=113589"},{"taxonomy":"product_tag","embeddable":true,"href":"https:\/\/soydeaqui.ddns.net\/pachuca\/index.php\/wp-json\/wp\/v2\/product_tag?post=113589"}],"curies":[{"name":"wp","href":"https:\/\/api.w.org\/{rel}","templated":true}]}}