{"id":113584,"date":"2026-03-20T22:47:15","date_gmt":"2026-03-20T22:47:15","guid":{"rendered":"https:\/\/soydeaqui.ddns.net\/pachuca\/index.php\/producto\/fuente-de-luz-estabilizada-para-fibra-ptica-monomodo-1310-1550-1625-nm\/"},"modified":"2026-03-20T22:47:28","modified_gmt":"2026-03-20T22:47:28","slug":"fuente-de-luz-estabilizada-para-fibra-ptica-monomodo-1310-1550-1625-nm","status":"publish","type":"product","link":"https:\/\/soydeaqui.ddns.net\/pachuca\/index.php\/producto\/fuente-de-luz-estabilizada-para-fibra-ptica-monomodo-1310-1550-1625-nm\/","title":{"rendered":"Fuente de Luz Estabilizada para Fibra ?ptica Monomodo 1310\/1550\/1625 nm"},"content":{"rendered":"<div style='width: 100%; max-width: 1200px; margin: 0 auto; font-family: sans-serif; line-height: 1.6; color: inherit; background-color: transparent;'>\n<div style='display: flex; flex-direction: column; align-items: center; margin-bottom: 30px;'> <img style='width: 100%; max-width: 270px; height: auto; border: 1px solid rgba(150&comma;150&comma;150&comma;0.3); border-radius: 8px;' src='https:\/\/ftp3.syscom.mx\/usuarios\/orobles\/GREENLEE\/TEMPO-COMMUNICATIONS-lg.jpg' alt=''> <\/div>\n<div style='display: flex; flex-wrap: wrap; gap: 30px; margin-bottom: 30px;'>\n<div style='flex: 1 1 300px; min-width: 280px;'>\n<h3 style='font-size: 22px; border-bottom: 2px solid currentColor; padding-bottom: 5px; margin-top: 0; color: inherit; opacity: 0.8;'>Descripci\u00f3n<\/h3>\n<p style='font-size: 15px; color: inherit; margin-bottom: 15px;'>Las fuentes de luz estabilizada para fibra \u00f3ptica de Tempo Communications (SLS520&comma; SLS525&comma; SLS530&comma; SLS535&comma; SLS536) est\u00e1n disponibles en l\u00e1seres de longitud de onda doble&comma; triple y LED de longitud de onda doble. Es posible realizar mediciones precisas de la p\u00e9rdida de inserci\u00f3n cuando se utiliza junto con los medidores de potencia \u00f3ptica Tempo Communications. Al colocar tonos en la fibra&comma; el medidor de potencia \u00f3ptica Tempo Communications identificar\u00e1 r\u00e1pidamente la fibra.<\/p>\n<p style='font-size: 15px; color: inherit; margin-bottom: 15px;'>La funda de goma act\u00faa como protector y cumple con IP54&comma; brindando confianza cuando se prueban redes de fibra \u00f3ptica.<\/p>\n<\/p><\/div>\n<\/p><\/div>\n<div style='display: flex; flex-wrap: wrap; gap: 20px; margin-bottom: 30px;'>\n<div style='flex: 1 1 250px; border: 1px solid rgba(150&comma; 150&comma; 150&comma; 0.4); border-radius: 8px; overflow: hidden; display: flex; flex-direction: column;'>\n<div style='padding: 15px; border-bottom: 1px solid rgba(150&comma; 150&comma; 150&comma; 0.2); font-weight: bold; font-size: 18px; color: inherit;'>Caracter\u00edsticas<\/div>\n<div style='padding: 15px; color: inherit;'>\n<ul style='padding-left: 20px; margin: 0; font-size: 14px; list-style-type: disc;'>\n<li style='margin-bottom: 5px;'><strong style='color: inherit;'>Longitudes de onda:<\/strong> 1310\/1550\/1625 nm<\/li>\n<li style='margin-bottom: 5px;'><strong style='color: inherit;'>Mediciones:<\/strong> Precisas de p\u00e9rdida de inserci\u00f3n<\/li>\n<li style='margin-bottom: 5px;'><strong style='color: inherit;'>Redes de fibra:<\/strong> Tono y sonda a 270 Hz&comma; 1 kHz y 2 kHz<\/li>\n<li style='margin-bottom: 5px;'><strong style='color: inherit;'>Conector:<\/strong> SC\/UPC (Adaptadores disponibles LC&comma; FC y ST por separado)<\/li>\n<li style='margin-bottom: 5px;'><strong style='color: inherit;'>Protecci\u00f3n:<\/strong> Funda reforzada&comma; cumple con IP54<\/li>\n<li style='margin-bottom: 5px;'><strong style='color: inherit;'>Compatibilidad:<\/strong> Redes monomodo<\/li>\n<li style='margin-bottom: 5px;'><strong style='color: inherit;'>Operaci\u00f3n:<\/strong> Apagado autom\u00e1tico o encendido continuo<\/li>\n<li style='margin-bottom: 5px;'><strong style='color: inherit;'>Alimentaci\u00f3n:<\/strong> Bater\u00eda 9Vcc o 120\/240 Vca<\/li>\n<li style='margin-bottom: 5px;'><strong style='color: inherit;'>Caracter\u00edsticas:<\/strong> Resistentes&comma; adaptables y estables<\/li>\n<\/ul><\/div>\n<\/p><\/div>\n<\/p><\/div>\n<div style='display: flex; flex-wrap: wrap; gap: 20px; margin-bottom: 30px;'>\n<div style='flex: 1 1 100%; min-width: 300px;'>\n<h3 style='font-size: 22px; border-bottom: 2px solid currentColor; padding-bottom: 5px; margin-top: 0; color: inherit; opacity: 0.8;'>V\u00eddeos<\/h3>\n<div style='display: flex; flex-wrap: wrap; gap: 20px;'>\n<div style='flex: 1 1 45%; min-width: 300px;'>\n<div style='position: relative; padding-bottom: 56.25%; height: 0; overflow: hidden; margin-bottom: 30px;'>   <\/div>\n<\/p><\/div>\n<div style='flex: 1 1 45%; min-width: 300px;'>\n<div style='position: relative; padding-bottom: 56.25%; height: 0; overflow: hidden; margin-bottom: 30px;'>   <\/div>\n<\/p><\/div>\n<div style='flex: 1 1 45%; min-width: 300px;'>\n<div style='position: relative; padding-bottom: 56.25%; height: 0; overflow: hidden; margin-bottom: 30px;'>   <\/div>\n<\/p><\/div>\n<\/p><\/div>\n<\/p><\/div>\n<\/p><\/div>\n<\/p><\/div>\n","protected":false},"excerpt":{"rendered":"<p>Fuente de Luz Estabilizada para Fibra ?ptica Monomodo 1310\/1550\/1625 nm<\/p>\n","protected":false},"featured_media":113583,"comment_status":"open","ping_status":"closed","template":"","meta":[],"product_brand":[],"product_cat":[636],"product_tag":[611,25,658],"class_list":{"0":"post-113584","1":"product","2":"type-product","3":"status-publish","4":"has-post-thumbnail","6":"product_cat-herramientas-fibra-optica","7":"product_tag-fibra-optica","8":"product_tag-herramientas","9":"product_tag-tempo","11":"first","12":"outofstock","13":"sale","14":"shipping-taxable","15":"purchasable","16":"product-type-simple"},"_links":{"self":[{"href":"https:\/\/soydeaqui.ddns.net\/pachuca\/index.php\/wp-json\/wp\/v2\/product\/113584","targetHints":{"allow":["GET"]}}],"collection":[{"href":"https:\/\/soydeaqui.ddns.net\/pachuca\/index.php\/wp-json\/wp\/v2\/product"}],"about":[{"href":"https:\/\/soydeaqui.ddns.net\/pachuca\/index.php\/wp-json\/wp\/v2\/types\/product"}],"replies":[{"embeddable":true,"href":"https:\/\/soydeaqui.ddns.net\/pachuca\/index.php\/wp-json\/wp\/v2\/comments?post=113584"}],"wp:featuredmedia":[{"embeddable":true,"href":"https:\/\/soydeaqui.ddns.net\/pachuca\/index.php\/wp-json\/wp\/v2\/media\/113583"}],"wp:attachment":[{"href":"https:\/\/soydeaqui.ddns.net\/pachuca\/index.php\/wp-json\/wp\/v2\/media?parent=113584"}],"wp:term":[{"taxonomy":"product_brand","embeddable":true,"href":"https:\/\/soydeaqui.ddns.net\/pachuca\/index.php\/wp-json\/wp\/v2\/product_brand?post=113584"},{"taxonomy":"product_cat","embeddable":true,"href":"https:\/\/soydeaqui.ddns.net\/pachuca\/index.php\/wp-json\/wp\/v2\/product_cat?post=113584"},{"taxonomy":"product_tag","embeddable":true,"href":"https:\/\/soydeaqui.ddns.net\/pachuca\/index.php\/wp-json\/wp\/v2\/product_tag?post=113584"}],"curies":[{"name":"wp","href":"https:\/\/api.w.org\/{rel}","templated":true}]}}